{"id":177,"date":"2014-07-07T13:51:28","date_gmt":"2014-07-07T11:51:28","guid":{"rendered":"http:\/\/www.fidesco-international.org\/be\/?page_id=177"},"modified":"2024-05-31T11:44:39","modified_gmt":"2024-05-31T09:44:39","slug":"qui-sommes-nous","status":"publish","type":"page","link":"https:\/\/www.fidesco-international.org\/be\/qui-sommes-nous\/","title":{"rendered":"Qui sommes-nous ?"},"content":{"rendered":"<p style=\"text-align: justify\"><span style=\"color: #000000\"><div class=\"su-spoiler su-spoiler-style-fancy su-spoiler-icon-plus su-spoiler-closed\" data-scroll-offset=\"0\" data-anchor-in-url=\"no\"><div class=\"su-spoiler-title\" tabindex=\"0\" role=\"button\"><span class=\"su-spoiler-icon\"><\/span>Pr\u00e9sentation Fidesco<\/div><div class=\"su-spoiler-content su-u-clearfix su-u-trim\"><\/span><\/p>\n<h4 style=\"text-align: justify\"><span style=\"color: #993300\"> Qu&rsquo;est-ce qu&rsquo;est Fidesco ?<\/span><\/h4>\n<p style=\"text-align: justify\">Fidesco est une ONG internationale cr\u00e9\u00e9e en 1981par <a href=\"http:\/\/www.emmanuel.info\/\" target=\"_blank\" rel=\"noopener\">la Communaut\u00e9 de l\u2019Emmanuel<\/a> \u00e0 la demande d\u2019\u00e9v\u00eaques africains, qui envoie dans le monde entier des volontaires qui mettent leurs comp\u00e9tences professionnelles au service de projets de d\u00e9veloppement int\u00e9gral ou d\u2019actions humanitaires.<br \/>\nAujourd\u2019hui, Fidesco agit dans 28 pays avec 170 volontaires sur le terrain.<\/p>\n<p style=\"text-align: justify\">Fidesco a ses bureaux centraux en France et de nombreuses antennes se sont d\u00e9velopp\u00e9es dans divers pays, dont la Belgique, les Pays-Bas, l\u2019Autriche, l\u2019Allemagne, la Pologne, le Portugal, l\u2019Australie, les \u00c9tats-Unis et le Rwanda.<\/p>\n<p style=\"text-align: justify\">Fidesco-Belgique asbl, antenne belge de Fidesco International, poursuit les m\u00eames objectifs depuis sa cr\u00e9ation en 1986. Organisation de Solidarit\u00e9 et de Volontariat, elle est habilit\u00e9e \u00e0 recevoir des dons et legs et dispose de l\u2019agr\u00e9ation fiscale. Depuis sa cr\u00e9ation Fidesco asbl a envoy\u00e9 plus de 90 volontaires belges en mission.<\/p>\n<p style=\"text-align: justify\">Fidesco pilote et g\u00e8re \u00e9galement une dizaine de projets de d\u00e9veloppement, \u00e0 la demande de ses partenaires. C\u2019est le cas notamment du dispensaire de Matoto en Guin\u00e9e, du centre des enfants des rues \u00e0 Kigali au Rwanda et de l\u2019\u00e9cole professionnelle \u00e0 Port-au-Prince en Ha\u00efti<span style=\"color: #000000\">.<\/span><\/p>\n<p style=\"text-align: justify\"><span style=\"color: #000000\"><\/div><\/div><\/span><\/p>\n<p style=\"text-align: justify\"><div class=\"su-spoiler su-spoiler-style-fancy su-spoiler-icon-plus su-spoiler-closed\" data-scroll-offset=\"0\" data-anchor-in-url=\"no\"><div class=\"su-spoiler-title\" tabindex=\"0\" role=\"button\"><span class=\"su-spoiler-icon\"><\/span>Nos valeurs<\/div><div class=\"su-spoiler-content su-u-clearfix su-u-trim\">\n<h4 style=\"text-align: justify\"><span style=\"color: #993300\">D\u00e9veloppement<\/span><\/h4>\n<p style=\"text-align: justify\">\u2022 Acteur de d\u00e9veloppement reconnu par son exp\u00e9rience, Fidesco \u0153uvre concr\u00e8tement au d\u00e9veloppement des pays du Sud par l\u2019envoi de Volontaires de Solidarit\u00e9 Internationale. Ils partent mettre leurs comp\u00e9tences de fa\u00e7on d\u00e9sint\u00e9ress\u00e9e au service d\u2019une population qui en a exprim\u00e9 le besoin.<br \/>\n\u2022 Fidesco ne travaille pas sur des programmes d\u00e9finis en France mais soutient des projets locaux issus et mis en \u0153uvre par des populations locales elles-m\u00eames.<br \/>\n\u2022 Les projets dans lesquels les volontaires sont envoy\u00e9s r\u00e9pondent aux besoins identifi\u00e9s d\u2019une population donn\u00e9e. Le volontaire est envoy\u00e9 si la comp\u00e9tence n\u2019existe pas localement. Fidesco ne se substitue pas aux personnes locales.<br \/>\n\u2022 Les projets servis par Fidesco sont tous mis en \u0153uvre par l\u2019\u00c9glise Catholique locale (dioc\u00e8se, paroisse, congr\u00e9gation, la\u00efc mandat\u00e9 par l\u2019Ordinaire du lieu).<\/p>\n<h4 style=\"text-align: justify\"><span style=\"color: #993300\">Foi<\/span><\/h4>\n<p style=\"text-align: justify\">\u2022 Les volontaires partent dans une d\u00e9marche de foi se mettre au service d\u2019autres hommes, sans distinction de race, de culture ou de religion.<\/p>\n<p style=\"text-align: justify\">\u2022 Dans l\u2019exercice de leur mission, ils apportent aide et assistance en vivant la sp\u00e9cificit\u00e9 chr\u00e9tienne du d\u00e9veloppement :<\/p>\n<p style=\"text-align: justify\">&#8211; Prendre en compte le bien des personnes dans leur int\u00e9gralit\u00e9 (biens mat\u00e9riels, humains et spirituels),<\/p>\n<p style=\"text-align: justify\">&#8211; Appliquer la doctrine sociale de l\u2019\u00c9glise : agir dans le sens du Bien Commun, respecter et favoriser la mise en \u0153uvre du principe de subsidiarit\u00e9, prise en compte de l\u2019option pr\u00e9f\u00e9rentielle des pauvres dans ce qui est entrepris,<\/p>\n<p style=\"text-align: justify\">&#8211; Montrer \u00e0 l\u2019autre toute sa dignit\u00e9 dans une rencontre de \u00ab c\u0153ur \u00bb \u00e0 \u00ab c\u0153ur \u00bb sans laquelle la r\u00e9ciprocit\u00e9 de l\u2019\u00e9change ne peut \u00eatre v\u00e9ritablement v\u00e9cue.<\/p>\n<h4 style=\"text-align: justify\"><span style=\"color: #993300\">\u00c9cole de vie<\/span><\/h4>\n<p style=\"text-align: justify\">\u2022 Le volontaire s\u2019inscrit dans une d\u00e9marche d\u2019abandon. La mission n\u2019est pas choisie, mais re\u00e7ue.<br \/>\n\u2022 Les conditions de vie localement sont modestes mais justes.<br \/>\n\u2022 Le volontaire entre avec souplesse et patience dans l\u2019histoire d\u2019autres hommes, d\u2019autres cultures pour les servir de mani\u00e8re adapt\u00e9e.<br \/>\n\u2022 Le volontaire reste sur place tout le temps de la mission (un ou deux ans).<\/p>\n<p style=\"text-align: justify\">\u00a0 <\/div><\/div>\n<div class=\"su-spoiler su-spoiler-style-fancy su-spoiler-icon-plus su-spoiler-closed\" data-scroll-offset=\"0\" data-anchor-in-url=\"no\"><div class=\"su-spoiler-title\" tabindex=\"0\" role=\"button\"><span class=\"su-spoiler-icon\"><\/span>L'\u00e9quipe Fidesco<\/div><div class=\"su-spoiler-content su-u-clearfix su-u-trim\">\n<h4 style=\"text-align: justify\"><span style=\"color: #993300\">L&rsquo;\u00e9quipe Fidesco Belgique<\/span><\/h4>\n<p style=\"text-align: justify\">Une \u00e9quipe de 3 b\u00e9n\u00e9voles et un salari\u00e9 g\u00e8re toutes les activit\u00e9s en relation avec le recrutement de volontaires, la formation et la recherche de fonds.<\/p>\n<h4 style=\"text-align: justify\"><span style=\"color: #993300\">L&rsquo;\u00e9quipe Fidesco Belgique travaille en coordination avec l&rsquo;\u00e9quipe fran\u00e7aise et internationale, qui se compose:<a href=\"https:\/\/www.fidesco-international.org\/be\/wp-content\/uploads\/sites\/4\/2014\/07\/foto-equipe-fidesco.jpg\"><img loading=\"lazy\" decoding=\"async\" class=\"alignright wp-image-204\" src=\"https:\/\/www.fidesco-international.org\/be\/wp-content\/uploads\/sites\/4\/2014\/07\/foto-equipe-fidesco-300x214.jpg\" alt=\"foto equipe fidesco\" width=\"193\" height=\"138\" srcset=\"https:\/\/www.fidesco-international.org\/be\/wp-content\/uploads\/sites\/4\/2014\/07\/foto-equipe-fidesco-300x214.jpg 300w, https:\/\/www.fidesco-international.org\/be\/wp-content\/uploads\/sites\/4\/2014\/07\/foto-equipe-fidesco-1024x730.jpg 1024w, https:\/\/www.fidesco-international.org\/be\/wp-content\/uploads\/sites\/4\/2014\/07\/foto-equipe-fidesco-952x680.jpg 952w, https:\/\/www.fidesco-international.org\/be\/wp-content\/uploads\/sites\/4\/2014\/07\/foto-equipe-fidesco-100x71.jpg 100w\" sizes=\"auto, (max-width: 193px) 100vw, 193px\" \/><\/a><\/span><\/h4>\n<p style=\"text-align: justify\">D&rsquo;une \u00e9quipe de 16 employ\u00e9s au si\u00e8ge de Fidesco \u00e0 Paris, qui coordonne les activit\u00e9s internationales et effectue une surveillance des probl\u00e8mes de s\u00e9curit\u00e9 dans les pays en d\u00e9veloppement; gr\u00e2ce \u00e0 un num\u00e9ro d&rsquo;urgence, les volontaires peuvent joindre un membre de l&rsquo;\u00e9quipe 24h\/24 et 7J\/7.<br \/>\nD&rsquo;un comit\u00e9 central qui supervise les comit\u00e9s nationaux en conformit\u00e9 avec la Charte Fidesco.<br \/>\nDe correspondants de pays qui supervisent et restent en contacts avec les volontaires et les partenaires locaux du pays dont ils ont la charge; ils visitent les missions au moins une fois par an pour une \u00e9valuation, plus r\u00e9guli\u00e8rement si n\u00e9cessaire.<br \/>\nDe directeurs de projets qui \u00e9tablissent des rapports sur les projets directement g\u00e9r\u00e9s par Fidesco.<br \/>\nDe formateurs et autres professionnels qui aident Fidesco durant les sessions de formation (avant le d\u00e9part) et au retour.<\/p>\n<p style=\"text-align: justify\">Pour chaque projet, nous \u00e9tablissons toujours une consultation avec les partenaires locaux, les ambassades, les autorit\u00e9s gouvernementales et les autres ONG, dans le but d&rsquo;\u00e9valuer pr\u00e9cis\u00e9ment les objectifs, les opportunit\u00e9s et les obstacles potentiels. C&rsquo;est \u00e0 partir de ces informations que nous d\u00e9cidons ou envoyer des volontaires et si nous pouvons lancer de nouveaux projets.<\/p>\n<p style=\"text-align: justify\">Nous tenons \u00e0 rappeler enfin qu&rsquo;aucune des activit\u00e9s de Fidesco Belgique ne serait possible sans le g\u00e9n\u00e9reux soutien financier de nos 2300 donateurs (plus de 12 000 pour Fidesco International).<\/p>\n<p style=\"text-align: justify\">\u00a0 <\/div><\/div>\n<div class=\"su-spoiler su-spoiler-style-fancy su-spoiler-icon-plus su-spoiler-closed\" data-scroll-offset=\"0\" data-anchor-in-url=\"no\"><div class=\"su-spoiler-title\" tabindex=\"0\" role=\"button\"><span class=\"su-spoiler-icon\"><\/span>Nos partenaires<\/div><div class=\"su-spoiler-content su-u-clearfix su-u-trim\">\nFidesco est avant tout au service des populations locales. Soucieux de r\u00e9pondre \u00e0 un besoin r\u00e9el, c\u2019est en r\u00e9ponse \u00e0 une sollicitation et apr\u00e8s une validation par le si\u00e8ge que Fidesco ouvre une nouvelle mission et y envoie des volontaires. Fidesco ne travaille pas sur des programmes d\u00e9finis en France mais soutient des projets locaux issus et mis en \u0153uvre par l\u2019Eglise catholique des pays.<\/p>\n<h4 style=\"text-align: justify\"><span style=\"color: #993300\">Qui sont les partenaires de Fidesco ?<\/span><\/h4>\n<h5 style=\"text-align: justify\"><span style=\"color: #993300\">Interviews de nos partenaires :<\/span><\/h5>\n<p style=\"text-align: justify\"><strong>Monseigneur You, \u00e9v\u00eaque de Sant\u00edssima Concei\u00e7\u00e3o do Araguaia au Br\u00e9sil, fait appel aux volontaires Fidesco depuis 17 ans. Monseigneur You:<\/strong><\/p>\n<p style=\"text-align: justify\">\u00ab J\u2019ai fait venir les premiers volontaires quand je suis devenu cur\u00e9 de la paroisse des \u00ab mar\u00e9cages \u00bb, Notre-Dame des Alagados, \u00e0 Salvador de Bahia. Pourquoi Fidesco ? Parce que des volontaires qui se donnent \u00e0 100 % forment et entra\u00eenent d\u2019autres volontaires, locaux cette fois-ci. Parce que \u2013 lorsque la structure familiale est tr\u00e8s ab\u00eem\u00e9e (violence, promiscuit\u00e9, prostitution) \u2013 les volontaires sont des \u201cmod\u00e8les\u201d r\u00e9els et accessibles ! Parce que les gens ont besoin de Dieu ! Ils ont besoin de saints qui se donnent et t\u00e9moignent par le concret de leur vie. Ce n\u2019est pas simplement pour donner un coup de main, c\u2019est pour servir et faire grandir. \u00bb<\/p>\n<p style=\"text-align: justify\"><strong>P\u00e8re Zocco, Procurateur du dioc\u00e8se de Fianarantsoa depuis pr\u00e8s d\u2019un demi-si\u00e8cle, r\u00e9put\u00e9 \u00e0 Madagascar pour son engagement missionnaire. Comme dit une de nos volontaires : On ne peut passer dans le dioc\u00e8se de Fianarantsoa sans entendre parler du p\u00e8re Zocco. Grande figure locale, il est connu de tous aussi bien dans l\u2019\u00c9glise qu\u2019en dehors !<\/strong><\/p>\n<p style=\"text-align: justify\">\u00ab Notre dioc\u00e8se de Fianarantsoa est tr\u00e8s heureux de cette pr\u00e9sence de volontaires qui participent avec efficacit\u00e9 \u00e0 nos activit\u00e9s sociales \u00e0 la Ferme \u00c9cole, au Pr\u00e9ventorium pour enfants rachitiques, au Vozama, au Centre Dioc\u00e9sain de la Sant\u00e9, \u00e0 l\u2019Enseignement des jeunes s\u00e9minaristes ou \u00e0 Ankajobe, \u00e0 la L\u00e9proserie de Marana. Ils ne sont pas des volontaires comme les autres ! Il y a une motivation sp\u00e9ciale dans leur mani\u00e8re de travailler. La charit\u00e9 c\u2019est le secret de la r\u00e9ussite des volontaires FIDESCO dans leur mission, c\u2019est dans la pri\u00e8re qu\u2019ils trouvent le courage pour la g\u00e9n\u00e9rosit\u00e9 dans le service. \u00bb<\/p>\n<p style=\"text-align: justify\"><strong>P\u00e8re Ferrington Rayen, pr\u00eatre sal\u00e9sien \u00e0 Moshi en Tanzanie :<\/strong><\/p>\n<p style=\"text-align: justify\">\u00ab Nous avons eu la chance de recevoir des volontaires Fidesco quand le Centre de formation technique Don Bosco \u00e0 Moshi \u00e9tait \u00e0 ses d\u00e9buts. Ils lui ont fait prendre forme gr\u00e2ce \u00e0 leurs capacit\u00e9s d\u2019organisation et de management. Les volontaires Fidesco ont un grand d\u00e9sir de grandir. Leur volont\u00e9 de partager et d\u2019apprendre au travers d\u2019autres cultures est un point tr\u00e8s positif. \u00bb<\/p>\n<p style=\"text-align: justify\"><\/div><\/div>\n<p>&nbsp;<\/p>\n","protected":false},"excerpt":{"rendered":"<p>&nbsp;<\/p>\n","protected":false},"author":11,"featured_media":153,"parent":0,"menu_order":0,"comment_status":"closed","ping_status":"closed","template":"","meta":{"footnotes":""},"class_list":["post-177","page","type-page","status-publish","has-post-thumbnail","hentry"],"acf":[],"_links":{"self":[{"href":"https:\/\/www.fidesco-international.org\/be\/wp-json\/wp\/v2\/pages\/177","targetHints":{"allow":["GET"]}}],"collection":[{"href":"https:\/\/www.fidesco-international.org\/be\/wp-json\/wp\/v2\/pages"}],"about":[{"href":"https:\/\/www.fidesco-international.org\/be\/wp-json\/wp\/v2\/types\/page"}],"author":[{"embeddable":true,"href":"https:\/\/www.fidesco-international.org\/be\/wp-json\/wp\/v2\/users\/11"}],"replies":[{"embeddable":true,"href":"https:\/\/www.fidesco-international.org\/be\/wp-json\/wp\/v2\/comments?post=177"}],"version-history":[{"count":20,"href":"https:\/\/www.fidesco-international.org\/be\/wp-json\/wp\/v2\/pages\/177\/revisions"}],"predecessor-version":[{"id":2429,"href":"https:\/\/www.fidesco-international.org\/be\/wp-json\/wp\/v2\/pages\/177\/revisions\/2429"}],"wp:featuredmedia":[{"embeddable":true,"href":"https:\/\/www.fidesco-international.org\/be\/wp-json\/wp\/v2\/media\/153"}],"wp:attachment":[{"href":"https:\/\/www.fidesco-international.org\/be\/wp-json\/wp\/v2\/media?parent=177"}],"curies":[{"name":"wp","href":"https:\/\/api.w.org\/{rel}","templated":true}]}}