{"id":266,"date":"2014-07-09T14:32:43","date_gmt":"2014-07-09T12:32:43","guid":{"rendered":"http:\/\/www.fidesco-international.org\/be\/?page_id=266"},"modified":"2024-05-31T11:38:56","modified_gmt":"2024-05-31T09:38:56","slug":"presentation-fidesco","status":"publish","type":"page","link":"https:\/\/www.fidesco-international.org\/be\/presentation-fidesco\/","title":{"rendered":"PR\u00c9SENTATION FIDESCO"},"content":{"rendered":"<h1><strong><span style=\"color: #ffffff\"><span style=\"color: #993300\">FIDESCO<\/span><\/span> <\/strong><\/h1>\n<pre><a href=\"https:\/\/www.fidesco-international.org\/be\/wp-content\/uploads\/sites\/4\/2014\/07\/16-Fidesco-Accueil.jpg\"><img loading=\"lazy\" decoding=\"async\" class=\"alignnone wp-image-170\" src=\"https:\/\/www.fidesco-international.org\/be\/wp-content\/uploads\/sites\/4\/2014\/07\/16-Fidesco-Accueil-300x101.jpg\" alt=\"16-Fidesco-Accueil\" width=\"246\" height=\"83\" srcset=\"https:\/\/www.fidesco-international.org\/be\/wp-content\/uploads\/sites\/4\/2014\/07\/16-Fidesco-Accueil-300x101.jpg 300w, https:\/\/www.fidesco-international.org\/be\/wp-content\/uploads\/sites\/4\/2014\/07\/16-Fidesco-Accueil-1024x347.jpg 1024w, https:\/\/www.fidesco-international.org\/be\/wp-content\/uploads\/sites\/4\/2014\/07\/16-Fidesco-Accueil-2000x679.jpg 2000w, https:\/\/www.fidesco-international.org\/be\/wp-content\/uploads\/sites\/4\/2014\/07\/16-Fidesco-Accueil-100x33.jpg 100w, https:\/\/www.fidesco-international.org\/be\/wp-content\/uploads\/sites\/4\/2014\/07\/16-Fidesco-Accueil.jpg 2001w\" sizes=\"auto, (max-width: 246px) 100vw, 246px\" \/><\/a><a href=\"https:\/\/www.fidesco-international.org\/be\/wp-content\/uploads\/sites\/4\/2014\/07\/9-Fidesco-Accueil.jpg\"><img loading=\"lazy\" decoding=\"async\" class=\"alignnone wp-image-163\" src=\"https:\/\/www.fidesco-international.org\/be\/wp-content\/uploads\/sites\/4\/2014\/07\/9-Fidesco-Accueil-300x101.jpg\" alt=\"9-Fidesco-Accueil\" width=\"246\" height=\"83\" srcset=\"https:\/\/www.fidesco-international.org\/be\/wp-content\/uploads\/sites\/4\/2014\/07\/9-Fidesco-Accueil-300x101.jpg 300w, https:\/\/www.fidesco-international.org\/be\/wp-content\/uploads\/sites\/4\/2014\/07\/9-Fidesco-Accueil-1024x347.jpg 1024w, https:\/\/www.fidesco-international.org\/be\/wp-content\/uploads\/sites\/4\/2014\/07\/9-Fidesco-Accueil-2000x679.jpg 2000w, https:\/\/www.fidesco-international.org\/be\/wp-content\/uploads\/sites\/4\/2014\/07\/9-Fidesco-Accueil-100x33.jpg 100w, https:\/\/www.fidesco-international.org\/be\/wp-content\/uploads\/sites\/4\/2014\/07\/9-Fidesco-Accueil.jpg 2001w\" sizes=\"auto, (max-width: 246px) 100vw, 246px\" \/><\/a><a href=\"https:\/\/www.fidesco-international.org\/be\/wp-content\/uploads\/sites\/4\/2014\/07\/4-Fidesco-Accueil.jpg\"><img loading=\"lazy\" decoding=\"async\" class=\"alignnone wp-image-158\" src=\"https:\/\/www.fidesco-international.org\/be\/wp-content\/uploads\/sites\/4\/2014\/07\/4-Fidesco-Accueil-300x102.jpg\" alt=\"4-Fidesco-Accueil\" width=\"244\" height=\"83\" srcset=\"https:\/\/www.fidesco-international.org\/be\/wp-content\/uploads\/sites\/4\/2014\/07\/4-Fidesco-Accueil-300x102.jpg 300w, https:\/\/www.fidesco-international.org\/be\/wp-content\/uploads\/sites\/4\/2014\/07\/4-Fidesco-Accueil-1024x348.jpg 1024w, https:\/\/www.fidesco-international.org\/be\/wp-content\/uploads\/sites\/4\/2014\/07\/4-Fidesco-Accueil-100x34.jpg 100w, https:\/\/www.fidesco-international.org\/be\/wp-content\/uploads\/sites\/4\/2014\/07\/4-Fidesco-Accueil.jpg 2000w\" sizes=\"auto, (max-width: 244px) 100vw, 244px\" \/><\/a><\/pre>\n<p style=\"text-align: justify\">Fidesco est une ONG internationale cr\u00e9\u00e9e en 1981 par <a href=\"http:\/\/www.emmanuel.info\/\" target=\"_blank\" rel=\"noopener\">la Communaut\u00e9 de l\u2019Emmanuel<\/a> \u00e0 la demande d\u2019\u00e9v\u00eaques africains, qui envoie dans le monde entier des volontaires qui mettent leurs comp\u00e9tences professionnelles au service de projets de d\u00e9veloppement int\u00e9gral ou d\u2019actions humanitaires.<br \/>\nAujourd\u2019hui, Fidesco agit dans 28 pays avec 170 volontaires sur le terrain.<\/p>\n<p style=\"text-align: justify\">Fidesco a ses bureaux centraux en France et de nombreuses antennes se sont d\u00e9velopp\u00e9es dans divers pays, dont <strong>la Belgique<\/strong>, les Pays-Bas, l\u2019Allemagne, la Pologne, le Portugal et les Etats-Unis.<\/p>\n<p style=\"text-align: justify\"><strong>Fidesco-Belgique asbl<\/strong>, antenne belge de Fidesco International, poursuit les m\u00eames objectifs depuis <strong>sa cr\u00e9ation en 1986<\/strong>. Organisation de Solidarit\u00e9 et de Volontariat, elle est habilit\u00e9e \u00e0 recevoir des dons et legs et dispose de l\u2019agregation fiscale. Depuis sa cr\u00e9ation Fidesco asbl a envoy\u00e9 plus de 100 volontaires belges en mission.<\/p>\n<p style=\"text-align: justify\">Fidesco pilote et g\u00e8re \u00e9galement une dizaine de projets de d\u00e9veloppement, \u00e0 la demande de ses partenaires. C\u2019est le cas notamment du dispensaire de Matoto en Guin\u00e9e, du centre des enfants des rues \u00e0 Kigali au Rwanda et de l\u2019\u00e9cole professionnelle \u00e0 Port-au-Prince en Ha\u00efti.<\/p>\n<p>&nbsp;<\/p>\n<h1><span style=\"color: #993300\">LE CHOIX DE MISSIONS<\/span><\/h1>\n<pre><a href=\"https:\/\/www.fidesco-international.org\/be\/wp-content\/uploads\/sites\/4\/2014\/07\/15-Fidesco-Accueil.jpg\"><img loading=\"lazy\" decoding=\"async\" class=\"alignnone wp-image-169\" src=\"https:\/\/www.fidesco-international.org\/be\/wp-content\/uploads\/sites\/4\/2014\/07\/15-Fidesco-Accueil-300x101.jpg\" alt=\"15-Fidesco-Accueil\" width=\"244\" height=\"83\" srcset=\"https:\/\/www.fidesco-international.org\/be\/wp-content\/uploads\/sites\/4\/2014\/07\/15-Fidesco-Accueil-300x101.jpg 300w, https:\/\/www.fidesco-international.org\/be\/wp-content\/uploads\/sites\/4\/2014\/07\/15-Fidesco-Accueil-1024x347.jpg 1024w, https:\/\/www.fidesco-international.org\/be\/wp-content\/uploads\/sites\/4\/2014\/07\/15-Fidesco-Accueil-2000x679.jpg 2000w, https:\/\/www.fidesco-international.org\/be\/wp-content\/uploads\/sites\/4\/2014\/07\/15-Fidesco-Accueil-100x33.jpg 100w, https:\/\/www.fidesco-international.org\/be\/wp-content\/uploads\/sites\/4\/2014\/07\/15-Fidesco-Accueil.jpg 2001w\" sizes=\"auto, (max-width: 244px) 100vw, 244px\" \/><\/a><a href=\"https:\/\/www.fidesco-international.org\/be\/wp-content\/uploads\/sites\/4\/2014\/07\/13-Fidesco-Accueil.jpg\"><img loading=\"lazy\" decoding=\"async\" class=\"alignnone wp-image-167\" src=\"https:\/\/www.fidesco-international.org\/be\/wp-content\/uploads\/sites\/4\/2014\/07\/13-Fidesco-Accueil-300x101.jpg\" alt=\"13-Fidesco-Accueil\" width=\"244\" height=\"83\" srcset=\"https:\/\/www.fidesco-international.org\/be\/wp-content\/uploads\/sites\/4\/2014\/07\/13-Fidesco-Accueil-300x101.jpg 300w, https:\/\/www.fidesco-international.org\/be\/wp-content\/uploads\/sites\/4\/2014\/07\/13-Fidesco-Accueil-1024x347.jpg 1024w, https:\/\/www.fidesco-international.org\/be\/wp-content\/uploads\/sites\/4\/2014\/07\/13-Fidesco-Accueil-2000x679.jpg 2000w, https:\/\/www.fidesco-international.org\/be\/wp-content\/uploads\/sites\/4\/2014\/07\/13-Fidesco-Accueil-100x33.jpg 100w, https:\/\/www.fidesco-international.org\/be\/wp-content\/uploads\/sites\/4\/2014\/07\/13-Fidesco-Accueil.jpg 2001w\" sizes=\"auto, (max-width: 244px) 100vw, 244px\" \/><\/a><a href=\"https:\/\/www.fidesco-international.org\/be\/wp-content\/uploads\/sites\/4\/2014\/07\/12-Fidesco-Accueil.jpg\"><img loading=\"lazy\" decoding=\"async\" class=\"alignnone wp-image-166\" src=\"https:\/\/www.fidesco-international.org\/be\/wp-content\/uploads\/sites\/4\/2014\/07\/12-Fidesco-Accueil-300x102.jpg\" alt=\"12-Fidesco-Accueil\" width=\"244\" height=\"83\" srcset=\"https:\/\/www.fidesco-international.org\/be\/wp-content\/uploads\/sites\/4\/2014\/07\/12-Fidesco-Accueil-300x102.jpg 300w, https:\/\/www.fidesco-international.org\/be\/wp-content\/uploads\/sites\/4\/2014\/07\/12-Fidesco-Accueil-1024x348.jpg 1024w, https:\/\/www.fidesco-international.org\/be\/wp-content\/uploads\/sites\/4\/2014\/07\/12-Fidesco-Accueil-100x34.jpg 100w, https:\/\/www.fidesco-international.org\/be\/wp-content\/uploads\/sites\/4\/2014\/07\/12-Fidesco-Accueil.jpg 1999w\" sizes=\"auto, (max-width: 244px) 100vw, 244px\" \/><\/a><\/pre>\n<p style=\"text-align: justify\">Fidesco travaille essentiellement au service des \u0153uvres sociales de partenaires locaux de l\u2019\u00c9glise catholique (maternit\u00e9, ferme-\u00e9cole, dispensaire, orphelinat, camp de r\u00e9fugi\u00e9s, \u00e9cole, centre de formation, construction\u2026).<\/p>\n<p>&nbsp;<\/p>\n<h1><span style=\"color: #993300\">HISTORIQUE<\/span><\/h1>\n<pre><a href=\"https:\/\/www.fidesco-international.org\/be\/wp-content\/uploads\/sites\/4\/2014\/07\/11-Fidesco-Accueil.jpg\"><img loading=\"lazy\" decoding=\"async\" class=\"alignnone wp-image-165\" src=\"https:\/\/www.fidesco-international.org\/be\/wp-content\/uploads\/sites\/4\/2014\/07\/11-Fidesco-Accueil-300x101.jpg\" alt=\"OLYMPUS DIGITAL CAMERA\" width=\"244\" height=\"83\" srcset=\"https:\/\/www.fidesco-international.org\/be\/wp-content\/uploads\/sites\/4\/2014\/07\/11-Fidesco-Accueil-300x101.jpg 300w, https:\/\/www.fidesco-international.org\/be\/wp-content\/uploads\/sites\/4\/2014\/07\/11-Fidesco-Accueil-1024x347.jpg 1024w, https:\/\/www.fidesco-international.org\/be\/wp-content\/uploads\/sites\/4\/2014\/07\/11-Fidesco-Accueil-2000x679.jpg 2000w, https:\/\/www.fidesco-international.org\/be\/wp-content\/uploads\/sites\/4\/2014\/07\/11-Fidesco-Accueil-100x33.jpg 100w, https:\/\/www.fidesco-international.org\/be\/wp-content\/uploads\/sites\/4\/2014\/07\/11-Fidesco-Accueil.jpg 2001w\" sizes=\"auto, (max-width: 244px) 100vw, 244px\" \/><\/a><a href=\"https:\/\/www.fidesco-international.org\/be\/wp-content\/uploads\/sites\/4\/2014\/07\/10-Fidesco-Accueil.jpg\"><img loading=\"lazy\" decoding=\"async\" class=\"alignnone wp-image-164\" src=\"https:\/\/www.fidesco-international.org\/be\/wp-content\/uploads\/sites\/4\/2014\/07\/10-Fidesco-Accueil-300x102.jpg\" alt=\"10-Fidesco-Accueil\" width=\"244\" height=\"83\" srcset=\"https:\/\/www.fidesco-international.org\/be\/wp-content\/uploads\/sites\/4\/2014\/07\/10-Fidesco-Accueil-300x102.jpg 300w, https:\/\/www.fidesco-international.org\/be\/wp-content\/uploads\/sites\/4\/2014\/07\/10-Fidesco-Accueil-1024x348.jpg 1024w, https:\/\/www.fidesco-international.org\/be\/wp-content\/uploads\/sites\/4\/2014\/07\/10-Fidesco-Accueil-100x34.jpg 100w, https:\/\/www.fidesco-international.org\/be\/wp-content\/uploads\/sites\/4\/2014\/07\/10-Fidesco-Accueil.jpg 2000w\" sizes=\"auto, (max-width: 244px) 100vw, 244px\" \/><\/a><a href=\"https:\/\/www.fidesco-international.org\/be\/wp-content\/uploads\/sites\/4\/2014\/07\/1-Fidesco-Accueil.jpg\"><img loading=\"lazy\" decoding=\"async\" class=\"alignnone wp-image-155\" src=\"https:\/\/www.fidesco-international.org\/be\/wp-content\/uploads\/sites\/4\/2014\/07\/1-Fidesco-Accueil-300x102.jpg\" alt=\"1-Fidesco-Accueil\" width=\"244\" height=\"83\" srcset=\"https:\/\/www.fidesco-international.org\/be\/wp-content\/uploads\/sites\/4\/2014\/07\/1-Fidesco-Accueil-300x102.jpg 300w, https:\/\/www.fidesco-international.org\/be\/wp-content\/uploads\/sites\/4\/2014\/07\/1-Fidesco-Accueil-1024x348.jpg 1024w, https:\/\/www.fidesco-international.org\/be\/wp-content\/uploads\/sites\/4\/2014\/07\/1-Fidesco-Accueil-100x34.jpg 100w, https:\/\/www.fidesco-international.org\/be\/wp-content\/uploads\/sites\/4\/2014\/07\/1-Fidesco-Accueil.jpg 2000w\" sizes=\"auto, (max-width: 244px) 100vw, 244px\" \/><\/a><\/pre>\n<p style=\"text-align: justify\">L&rsquo;histoire de Fidesco en bref<\/p>\n<p style=\"text-align: justify\">En 1980, au cours du Synode des \u00e9v\u00eaques sur la famille \u00e0 Rome, des \u00e9v\u00eaques d\u2019Afrique de l\u2019ouest formulent une demande d\u2019envoi de volontaires la\u00efcs afin de collaborer \u00e0 des projets de d\u00e9veloppement tout en donnant un t\u00e9moignage de vie.<br \/>\nEn 1980, une famille est ainsi envoy\u00e9e dans l\u2019ex Za\u00efre (RDC) pour une mission m\u00e9dicale.<br \/>\nEn 1981 : Fidesco est cr\u00e9\u00e9e et une premi\u00e8re promotion de volontaires est envoy\u00e9e.<br \/>\nEn 1986 : Fidesco d\u00e9marre en Belgique.<br \/>\nEn 2006, Fidesco est agr\u00e9\u00e9e par le minist\u00e8re de l\u2019Europe et des Affaires \u00e9trang\u00e8res pour \u00eatre organisme d\u2019envoi de volontaires de solidarit\u00e9 internationale.<\/p>\n<p style=\"text-align: justify\">En 2020, Fidesco obtient l\u2019agr\u00e9ment Service Civique du minist\u00e8re de l\u2019\u00c9ducation Nationale, de la Jeunesse et des Sports. L\u2019action de Fidesco se d\u00e9ploie et se diversifie avec la cr\u00e9ation du Parcours Retrait\u00e9s et de la mission Sud-Nord.<\/p>\n<p style=\"text-align: justify\">\n<strong>Aujourd&rsquo;hui pr\u00e8s de 170 volontaires actuellement sur le terrain, plus de 150 projets b\u00e9n\u00e9ficiaires dans le monde,plus de 1300 anciens volontaires (plus de 100 volontaires belges), 150 b\u00e9n\u00e9voles et plus de 40 ans d\u2019exp\u00e9rience.<\/strong><\/p>\n<p>&nbsp;<\/p>\n<p>&nbsp;<\/p>\n","protected":false},"excerpt":{"rendered":"<p>FIDESCO Fidesco est une ONG internationale cr\u00e9\u00e9e en 1981 par la Communaut\u00e9 de l\u2019Emmanuel \u00e0 la demande d\u2019\u00e9v\u00eaques africains, qui envoie dans le monde entier des volontaires qui mettent leurs comp\u00e9tences professionnelles au service de projets de d\u00e9veloppement int\u00e9gral ou d\u2019actions humanitaires. Aujourd\u2019hui, Fidesco agit dans 28 pays avec 170 volontaires sur le terrain. Fidesco [&hellip;]<\/p>\n","protected":false},"author":11,"featured_media":0,"parent":0,"menu_order":0,"comment_status":"closed","ping_status":"open","template":"","meta":{"footnotes":""},"class_list":["post-266","page","type-page","status-publish","hentry"],"acf":[],"_links":{"self":[{"href":"https:\/\/www.fidesco-international.org\/be\/wp-json\/wp\/v2\/pages\/266","targetHints":{"allow":["GET"]}}],"collection":[{"href":"https:\/\/www.fidesco-international.org\/be\/wp-json\/wp\/v2\/pages"}],"about":[{"href":"https:\/\/www.fidesco-international.org\/be\/wp-json\/wp\/v2\/types\/page"}],"author":[{"embeddable":true,"href":"https:\/\/www.fidesco-international.org\/be\/wp-json\/wp\/v2\/users\/11"}],"replies":[{"embeddable":true,"href":"https:\/\/www.fidesco-international.org\/be\/wp-json\/wp\/v2\/comments?post=266"}],"version-history":[{"count":30,"href":"https:\/\/www.fidesco-international.org\/be\/wp-json\/wp\/v2\/pages\/266\/revisions"}],"predecessor-version":[{"id":2426,"href":"https:\/\/www.fidesco-international.org\/be\/wp-json\/wp\/v2\/pages\/266\/revisions\/2426"}],"wp:attachment":[{"href":"https:\/\/www.fidesco-international.org\/be\/wp-json\/wp\/v2\/media?parent=266"}],"curies":[{"name":"wp","href":"https:\/\/api.w.org\/{rel}","templated":true}]}}