{"id":293,"date":"2014-07-09T15:01:39","date_gmt":"2014-07-09T13:01:39","guid":{"rendered":"http:\/\/www.fidesco-international.org\/be\/?page_id=293"},"modified":"2014-11-06T22:16:25","modified_gmt":"2014-11-06T20:16:25","slug":"nos-valeurs","status":"publish","type":"page","link":"https:\/\/www.fidesco-international.org\/be\/nos-valeurs\/","title":{"rendered":"NOS VALEURS"},"content":{"rendered":"<h1><span style=\"color: #993300\">D\u00c9VELOPPEMENT<\/span><\/h1>\n<pre><a href=\"https:\/\/www.fidesco-international.org\/be\/wp-content\/uploads\/sites\/4\/2014\/07\/8-Fidesco-Accueil.jpg\"><img loading=\"lazy\" decoding=\"async\" class=\"alignnone wp-image-162\" src=\"https:\/\/www.fidesco-international.org\/be\/wp-content\/uploads\/sites\/4\/2014\/07\/8-Fidesco-Accueil-300x102.jpg\" alt=\"8-Fidesco-Accueil\" width=\"244\" height=\"83\" srcset=\"https:\/\/www.fidesco-international.org\/be\/wp-content\/uploads\/sites\/4\/2014\/07\/8-Fidesco-Accueil-300x102.jpg 300w, https:\/\/www.fidesco-international.org\/be\/wp-content\/uploads\/sites\/4\/2014\/07\/8-Fidesco-Accueil-1024x348.jpg 1024w, https:\/\/www.fidesco-international.org\/be\/wp-content\/uploads\/sites\/4\/2014\/07\/8-Fidesco-Accueil-100x34.jpg 100w, https:\/\/www.fidesco-international.org\/be\/wp-content\/uploads\/sites\/4\/2014\/07\/8-Fidesco-Accueil.jpg 2000w\" sizes=\"auto, (max-width: 244px) 100vw, 244px\" \/><\/a><a href=\"https:\/\/www.fidesco-international.org\/be\/wp-content\/uploads\/sites\/4\/2014\/07\/4-Fidesco-Accueil.jpg\"><img loading=\"lazy\" decoding=\"async\" class=\"alignnone wp-image-158\" src=\"https:\/\/www.fidesco-international.org\/be\/wp-content\/uploads\/sites\/4\/2014\/07\/4-Fidesco-Accueil-300x102.jpg\" alt=\"4-Fidesco-Accueil\" width=\"244\" height=\"83\" srcset=\"https:\/\/www.fidesco-international.org\/be\/wp-content\/uploads\/sites\/4\/2014\/07\/4-Fidesco-Accueil-300x102.jpg 300w, https:\/\/www.fidesco-international.org\/be\/wp-content\/uploads\/sites\/4\/2014\/07\/4-Fidesco-Accueil-1024x348.jpg 1024w, https:\/\/www.fidesco-international.org\/be\/wp-content\/uploads\/sites\/4\/2014\/07\/4-Fidesco-Accueil-100x34.jpg 100w, https:\/\/www.fidesco-international.org\/be\/wp-content\/uploads\/sites\/4\/2014\/07\/4-Fidesco-Accueil.jpg 2000w\" sizes=\"auto, (max-width: 244px) 100vw, 244px\" \/><\/a><a href=\"https:\/\/www.fidesco-international.org\/be\/wp-content\/uploads\/sites\/4\/2014\/07\/7-Fidesco-Accueil.jpg\"><img loading=\"lazy\" decoding=\"async\" class=\"alignnone wp-image-161\" src=\"https:\/\/www.fidesco-international.org\/be\/wp-content\/uploads\/sites\/4\/2014\/07\/7-Fidesco-Accueil-300x101.jpg\" alt=\"7-Fidesco-Accueil\" width=\"245\" height=\"83\" srcset=\"https:\/\/www.fidesco-international.org\/be\/wp-content\/uploads\/sites\/4\/2014\/07\/7-Fidesco-Accueil-300x101.jpg 300w, https:\/\/www.fidesco-international.org\/be\/wp-content\/uploads\/sites\/4\/2014\/07\/7-Fidesco-Accueil-1024x347.jpg 1024w, https:\/\/www.fidesco-international.org\/be\/wp-content\/uploads\/sites\/4\/2014\/07\/7-Fidesco-Accueil-2000x679.jpg 2000w, https:\/\/www.fidesco-international.org\/be\/wp-content\/uploads\/sites\/4\/2014\/07\/7-Fidesco-Accueil-100x33.jpg 100w, https:\/\/www.fidesco-international.org\/be\/wp-content\/uploads\/sites\/4\/2014\/07\/7-Fidesco-Accueil.jpg 2001w\" sizes=\"auto, (max-width: 245px) 100vw, 245px\" \/><\/a><\/pre>\n<ul>\n<li style=\"text-align: justify\">Acteur de <strong>d\u00e9veloppement reconnu pour son exp\u00e9rience<\/strong>, Fidesco \u0153uvre concr\u00e8tement au d\u00e9veloppement des pays du Sud par l\u2019envoi de Volontaires de Solidarit\u00e9 Internationale. Ils partent mettre leurs <strong>comp\u00e9tences<\/strong> de fa\u00e7on d\u00e9sint\u00e9ress\u00e9e <strong>au service d\u2019une population qui en a exprim\u00e9 le besoin<\/strong>.<\/li>\n<li style=\"text-align: justify\">\u00a0Fidesco ne travaille pas sur des programmes d\u00e9finis en France mais soutient des <strong>projets locaux<\/strong> issus et mis en \u0153uvre par des populations locales elles-m\u00eames.<\/li>\n<li style=\"text-align: justify\">\u00a0Les projets dans lesquels les volontaires sont envoy\u00e9s r\u00e9pondent aux besoins identifi\u00e9s d\u2019une population donn\u00e9e. <strong>Le volontaire est envoy\u00e9 si la comp\u00e9tence n\u2019existe pas localement<\/strong>. Fidesco ne se substitue pas aux personnes locales.<\/li>\n<li style=\"text-align: justify\">\u00a0Les projets servis par Fidesco sont tous mis en \u0153uvre par l\u2019\u00c9glise Catholique locale (dioc\u00e8se, paroisse, congr\u00e9gation, la\u00efc mandat\u00e9 par l\u2019Ordinaire du lieu).<\/li>\n<\/ul>\n<h1><span style=\"color: #993300\">FOI<\/span><\/h1>\n<pre><a href=\"https:\/\/www.fidesco-international.org\/be\/wp-content\/uploads\/sites\/4\/2014\/07\/6-Fidesco-Accueil.jpg\"><img loading=\"lazy\" decoding=\"async\" class=\"alignnone wp-image-160\" src=\"https:\/\/www.fidesco-international.org\/be\/wp-content\/uploads\/sites\/4\/2014\/07\/6-Fidesco-Accueil-300x101.jpg\" alt=\"6-Fidesco-Accueil\" width=\"244\" height=\"83\" srcset=\"https:\/\/www.fidesco-international.org\/be\/wp-content\/uploads\/sites\/4\/2014\/07\/6-Fidesco-Accueil-300x101.jpg 300w, https:\/\/www.fidesco-international.org\/be\/wp-content\/uploads\/sites\/4\/2014\/07\/6-Fidesco-Accueil-1024x347.jpg 1024w, https:\/\/www.fidesco-international.org\/be\/wp-content\/uploads\/sites\/4\/2014\/07\/6-Fidesco-Accueil-2000x679.jpg 2000w, https:\/\/www.fidesco-international.org\/be\/wp-content\/uploads\/sites\/4\/2014\/07\/6-Fidesco-Accueil-100x33.jpg 100w, https:\/\/www.fidesco-international.org\/be\/wp-content\/uploads\/sites\/4\/2014\/07\/6-Fidesco-Accueil.jpg 2001w\" sizes=\"auto, (max-width: 244px) 100vw, 244px\" \/><\/a><a href=\"https:\/\/www.fidesco-international.org\/be\/wp-content\/uploads\/sites\/4\/2014\/07\/5-Fidesco-Accueil.jpg\"><img loading=\"lazy\" decoding=\"async\" class=\"alignnone wp-image-159\" src=\"https:\/\/www.fidesco-international.org\/be\/wp-content\/uploads\/sites\/4\/2014\/07\/5-Fidesco-Accueil-300x101.jpg\" alt=\"5-Fidesco-Accueil\" width=\"244\" height=\"83\" srcset=\"https:\/\/www.fidesco-international.org\/be\/wp-content\/uploads\/sites\/4\/2014\/07\/5-Fidesco-Accueil-300x101.jpg 300w, https:\/\/www.fidesco-international.org\/be\/wp-content\/uploads\/sites\/4\/2014\/07\/5-Fidesco-Accueil-1024x347.jpg 1024w, https:\/\/www.fidesco-international.org\/be\/wp-content\/uploads\/sites\/4\/2014\/07\/5-Fidesco-Accueil-2000x679.jpg 2000w, https:\/\/www.fidesco-international.org\/be\/wp-content\/uploads\/sites\/4\/2014\/07\/5-Fidesco-Accueil-100x33.jpg 100w, https:\/\/www.fidesco-international.org\/be\/wp-content\/uploads\/sites\/4\/2014\/07\/5-Fidesco-Accueil.jpg 2001w\" sizes=\"auto, (max-width: 244px) 100vw, 244px\" \/><\/a><a href=\"https:\/\/www.fidesco-international.org\/be\/wp-content\/uploads\/sites\/4\/2014\/07\/3-Fidesco-Accueil.jpg\"><img loading=\"lazy\" decoding=\"async\" class=\"alignnone wp-image-157\" src=\"https:\/\/www.fidesco-international.org\/be\/wp-content\/uploads\/sites\/4\/2014\/07\/3-Fidesco-Accueil-300x102.jpg\" alt=\"3-Fidesco-Accueil\" width=\"244\" height=\"83\" srcset=\"https:\/\/www.fidesco-international.org\/be\/wp-content\/uploads\/sites\/4\/2014\/07\/3-Fidesco-Accueil-300x102.jpg 300w, https:\/\/www.fidesco-international.org\/be\/wp-content\/uploads\/sites\/4\/2014\/07\/3-Fidesco-Accueil-1024x348.jpg 1024w, https:\/\/www.fidesco-international.org\/be\/wp-content\/uploads\/sites\/4\/2014\/07\/3-Fidesco-Accueil-100x34.jpg 100w, https:\/\/www.fidesco-international.org\/be\/wp-content\/uploads\/sites\/4\/2014\/07\/3-Fidesco-Accueil.jpg 1999w\" sizes=\"auto, (max-width: 244px) 100vw, 244px\" \/><\/a><\/pre>\n<ul>\n<li style=\"text-align: justify\">Les volontaires partent dans une d\u00e9marche de foi se mettre <strong>au service d\u2019autres hommes<\/strong>, sans distinction de race, de culture ou de religion.<\/li>\n<li style=\"text-align: justify\">Dans l\u2019exercice de leur mission, <strong>ils apportent aide et assistance en vivant la sp\u00e9cificit\u00e9 chr\u00e9tienne du d\u00e9veloppement<\/strong> :<\/li>\n<\/ul>\n<p style=\"padding-left: 30px;text-align: justify\">&#8211; Prendre en compte le bien des personnes <strong>dans leur int\u00e9gralit\u00e9<\/strong> (biens mat\u00e9riels, humains et spirituels),<br \/>\n&#8211; Appliquer <strong>la doctrine sociale de l\u2019\u00c9glise<\/strong> : agir dans le sens du Bien Commun, respecter et favoriser la mise en \u0153uvre du principe de subsidiarit\u00e9, prise en compte de l\u2019option pr\u00e9f\u00e9rentielle des pauvres dans ce qui est entrepris,<br \/>\n&#8211; <strong>Montrer \u00e0 l\u2019autre toute sa dignit\u00e9<\/strong> dans une rencontre de \u00ab c\u0153ur \u00bb \u00e0 \u00ab c\u0153ur \u00bb sans laquelle la r\u00e9ciprocit\u00e9 de l\u2019\u00e9change ne peut \u00eatre v\u00e9ritablement v\u00e9cue.<\/p>\n<h1><span style=\"color: #993300\">\u00c9COLE DE VIE<\/span><\/h1>\n<pre><a href=\"https:\/\/www.fidesco-international.org\/be\/wp-content\/uploads\/sites\/4\/2014\/07\/1-Fidesco-Accueil.jpg\"><img loading=\"lazy\" decoding=\"async\" class=\"alignnone wp-image-155\" src=\"https:\/\/www.fidesco-international.org\/be\/wp-content\/uploads\/sites\/4\/2014\/07\/1-Fidesco-Accueil-300x102.jpg\" alt=\"1-Fidesco-Accueil\" width=\"244\" height=\"83\" srcset=\"https:\/\/www.fidesco-international.org\/be\/wp-content\/uploads\/sites\/4\/2014\/07\/1-Fidesco-Accueil-300x102.jpg 300w, https:\/\/www.fidesco-international.org\/be\/wp-content\/uploads\/sites\/4\/2014\/07\/1-Fidesco-Accueil-1024x348.jpg 1024w, https:\/\/www.fidesco-international.org\/be\/wp-content\/uploads\/sites\/4\/2014\/07\/1-Fidesco-Accueil-100x34.jpg 100w, https:\/\/www.fidesco-international.org\/be\/wp-content\/uploads\/sites\/4\/2014\/07\/1-Fidesco-Accueil.jpg 2000w\" sizes=\"auto, (max-width: 244px) 100vw, 244px\" \/><\/a><a href=\"https:\/\/www.fidesco-international.org\/be\/wp-content\/uploads\/sites\/4\/2014\/07\/12-Fidesco-Accueil.jpg\"><img loading=\"lazy\" decoding=\"async\" class=\"alignnone wp-image-166\" src=\"https:\/\/www.fidesco-international.org\/be\/wp-content\/uploads\/sites\/4\/2014\/07\/12-Fidesco-Accueil-300x102.jpg\" alt=\"12-Fidesco-Accueil\" width=\"244\" height=\"83\" srcset=\"https:\/\/www.fidesco-international.org\/be\/wp-content\/uploads\/sites\/4\/2014\/07\/12-Fidesco-Accueil-300x102.jpg 300w, https:\/\/www.fidesco-international.org\/be\/wp-content\/uploads\/sites\/4\/2014\/07\/12-Fidesco-Accueil-1024x348.jpg 1024w, https:\/\/www.fidesco-international.org\/be\/wp-content\/uploads\/sites\/4\/2014\/07\/12-Fidesco-Accueil-100x34.jpg 100w, https:\/\/www.fidesco-international.org\/be\/wp-content\/uploads\/sites\/4\/2014\/07\/12-Fidesco-Accueil.jpg 1999w\" sizes=\"auto, (max-width: 244px) 100vw, 244px\" \/><\/a><a href=\"https:\/\/www.fidesco-international.org\/be\/wp-content\/uploads\/sites\/4\/2014\/07\/10-Fidesco-Accueil.jpg\"><img loading=\"lazy\" decoding=\"async\" class=\"alignnone wp-image-164\" src=\"https:\/\/www.fidesco-international.org\/be\/wp-content\/uploads\/sites\/4\/2014\/07\/10-Fidesco-Accueil-300x102.jpg\" alt=\"10-Fidesco-Accueil\" width=\"244\" height=\"83\" srcset=\"https:\/\/www.fidesco-international.org\/be\/wp-content\/uploads\/sites\/4\/2014\/07\/10-Fidesco-Accueil-300x102.jpg 300w, https:\/\/www.fidesco-international.org\/be\/wp-content\/uploads\/sites\/4\/2014\/07\/10-Fidesco-Accueil-1024x348.jpg 1024w, https:\/\/www.fidesco-international.org\/be\/wp-content\/uploads\/sites\/4\/2014\/07\/10-Fidesco-Accueil-100x34.jpg 100w, https:\/\/www.fidesco-international.org\/be\/wp-content\/uploads\/sites\/4\/2014\/07\/10-Fidesco-Accueil.jpg 2000w\" sizes=\"auto, (max-width: 244px) 100vw, 244px\" \/><\/a><\/pre>\n<ul>\n<li style=\"text-align: justify\">Le volontaire s\u2019inscrit dans une d\u00e9marche d\u2019abandon. <strong>La mission n\u2019est pas choisie, mais re\u00e7ue<\/strong>.<\/li>\n<li style=\"text-align: justify\">Les conditions de vie localement sont <strong>modestes mais justes<\/strong>.<\/li>\n<li style=\"text-align: justify\">Le volontaire entre avec souplesse et patience dans l\u2019histoire d\u2019autres hommes, d\u2019autres cultures pour les <strong>servir de mani\u00e8re adapt\u00e9e<\/strong>.<\/li>\n<li style=\"text-align: justify\">Le volontaire reste sur place tout le temps de la mission (un ou deux ans).<\/li>\n<\/ul>\n<p>&nbsp;<\/p>\n","protected":false},"excerpt":{"rendered":"<p>D\u00c9VELOPPEMENT Acteur de d\u00e9veloppement reconnu pour son exp\u00e9rience, Fidesco \u0153uvre concr\u00e8tement au d\u00e9veloppement des pays du Sud par l\u2019envoi de Volontaires de Solidarit\u00e9 Internationale. Ils partent mettre leurs comp\u00e9tences de fa\u00e7on d\u00e9sint\u00e9ress\u00e9e au service d\u2019une population qui en a exprim\u00e9 le besoin. \u00a0Fidesco ne travaille pas sur des programmes d\u00e9finis en France mais soutient des [&hellip;]<\/p>\n","protected":false},"author":11,"featured_media":0,"parent":0,"menu_order":0,"comment_status":"closed","ping_status":"open","template":"","meta":{"footnotes":""},"class_list":["post-293","page","type-page","status-publish","hentry"],"acf":[],"_links":{"self":[{"href":"https:\/\/www.fidesco-international.org\/be\/wp-json\/wp\/v2\/pages\/293","targetHints":{"allow":["GET"]}}],"collection":[{"href":"https:\/\/www.fidesco-international.org\/be\/wp-json\/wp\/v2\/pages"}],"about":[{"href":"https:\/\/www.fidesco-international.org\/be\/wp-json\/wp\/v2\/types\/page"}],"author":[{"embeddable":true,"href":"https:\/\/www.fidesco-international.org\/be\/wp-json\/wp\/v2\/users\/11"}],"replies":[{"embeddable":true,"href":"https:\/\/www.fidesco-international.org\/be\/wp-json\/wp\/v2\/comments?post=293"}],"version-history":[{"count":6,"href":"https:\/\/www.fidesco-international.org\/be\/wp-json\/wp\/v2\/pages\/293\/revisions"}],"predecessor-version":[{"id":300,"href":"https:\/\/www.fidesco-international.org\/be\/wp-json\/wp\/v2\/pages\/293\/revisions\/300"}],"wp:attachment":[{"href":"https:\/\/www.fidesco-international.org\/be\/wp-json\/wp\/v2\/media?parent=293"}],"curies":[{"name":"wp","href":"https:\/\/api.w.org\/{rel}","templated":true}]}}