{"id":343,"date":"2014-07-11T10:27:25","date_gmt":"2014-07-11T08:27:25","guid":{"rendered":"http:\/\/www.fidesco-international.org\/be\/?page_id=343"},"modified":"2024-11-29T12:01:52","modified_gmt":"2024-11-29T10:01:52","slug":"lequipe-fidesco-belgique-3","status":"publish","type":"page","link":"https:\/\/www.fidesco-international.org\/be\/lequipe-fidesco-belgique-3\/","title":{"rendered":"L&rsquo;\u00c9QUIPE FIDESCO BELGIQUE"},"content":{"rendered":"<p>&nbsp;<\/p>\n<p style=\"text-align: justify\"><strong>Une \u00e9quipe de 3 b\u00e9n\u00e9voles et un salari\u00e9<\/strong>\u00a0g\u00e8re toutes les activit\u00e9s en relation avec le recrutement de volontaires, la formation et la recherche de fonds.<br \/>\n<strong>L\u2019\u00e9quipe Fidesco Belgique travaille en coordination avec l\u2019\u00e9quipe fran\u00e7aise et internationale.<\/strong><\/p>\n<div class=\"su-row\"><div class=\"su-column su-column-size-1-3\"><div class=\"su-column-inner su-u-clearfix su-u-trim\"><div class=\"su-box su-box-style-default\" id=\"\" style=\"border-color:#660000;border-radius:3px\"><div class=\"su-box-title\" style=\"background-color:#930;color:#FFFFFF;border-top-left-radius:1px;border-top-right-radius:1px\">Fidesco Belgique<\/div><div class=\"su-box-content su-u-clearfix su-u-trim\" style=\"border-bottom-left-radius:1px;border-bottom-right-radius:1px\">\n<p><a href=\"https:\/\/www.fidesco-international.org\/be\/wp-content\/uploads\/sites\/4\/2024\/11\/Photo-PhC-Ginkgo.jpg\"><img loading=\"lazy\" decoding=\"async\" class=\"alignnone wp-image-2449 \" src=\"https:\/\/www.fidesco-international.org\/be\/wp-content\/uploads\/sites\/4\/2024\/11\/Photo-PhC-Ginkgo-300x272.jpg\" alt=\"\" width=\"208\" height=\"189\" srcset=\"https:\/\/www.fidesco-international.org\/be\/wp-content\/uploads\/sites\/4\/2024\/11\/Photo-PhC-Ginkgo-300x272.jpg 300w, https:\/\/www.fidesco-international.org\/be\/wp-content\/uploads\/sites\/4\/2024\/11\/Photo-PhC-Ginkgo-1024x927.jpg 1024w, https:\/\/www.fidesco-international.org\/be\/wp-content\/uploads\/sites\/4\/2024\/11\/Photo-PhC-Ginkgo-768x695.jpg 768w, https:\/\/www.fidesco-international.org\/be\/wp-content\/uploads\/sites\/4\/2024\/11\/Photo-PhC-Ginkgo-751x680.jpg 751w, https:\/\/www.fidesco-international.org\/be\/wp-content\/uploads\/sites\/4\/2024\/11\/Photo-PhC-Ginkgo-100x91.jpg 100w, https:\/\/www.fidesco-international.org\/be\/wp-content\/uploads\/sites\/4\/2024\/11\/Photo-PhC-Ginkgo.jpg 1200w\" sizes=\"auto, (max-width: 208px) 100vw, 208px\" \/><\/a><\/p>\n<p>Philippe Cuelenaere<\/p>\n<p><span style=\"color: #993300\"><strong>Pr\u00e9sident Fidesco-Belgique<\/strong><\/span><\/p>\n<\/div><\/div><\/div><\/div> <div class=\"su-column su-column-size-1-3\"><div class=\"su-column-inner su-u-clearfix su-u-trim\"><div class=\"su-box su-box-style-default\" id=\"\" style=\"border-color:#660000;border-radius:3px\"><div class=\"su-box-title\" style=\"background-color:#930;color:#FFFFFF;border-top-left-radius:1px;border-top-right-radius:1px\">Fidesco International<\/div><div class=\"su-box-content su-u-clearfix su-u-trim\" style=\"border-bottom-left-radius:1px;border-bottom-right-radius:1px\"><span style=\"color: #993300\"><strong><a href=\"https:\/\/www.fidesco-international.org\/be\/wp-content\/uploads\/sites\/4\/2024\/05\/2024-Equipe-Francesco-MARTIALIS-Projets-Plaidoyer-Innovation-International-qmg36rkh41oncd88dd6uj5f2nkyt4wz0ivjyr1n7l4.png\"><img loading=\"lazy\" decoding=\"async\" class=\"wp-image-2421 aligncenter\" src=\"https:\/\/www.fidesco-international.org\/be\/wp-content\/uploads\/sites\/4\/2024\/05\/2024-Equipe-Francesco-MARTIALIS-Projets-Plaidoyer-Innovation-International-qmg36rkh41oncd88dd6uj5f2nkyt4wz0ivjyr1n7l4.png\" alt=\"\" width=\"185\" height=\"185\" srcset=\"https:\/\/www.fidesco-international.org\/be\/wp-content\/uploads\/sites\/4\/2024\/05\/2024-Equipe-Francesco-MARTIALIS-Projets-Plaidoyer-Innovation-International-qmg36rkh41oncd88dd6uj5f2nkyt4wz0ivjyr1n7l4.png 260w, https:\/\/www.fidesco-international.org\/be\/wp-content\/uploads\/sites\/4\/2024\/05\/2024-Equipe-Francesco-MARTIALIS-Projets-Plaidoyer-Innovation-International-qmg36rkh41oncd88dd6uj5f2nkyt4wz0ivjyr1n7l4-150x150.png 150w, https:\/\/www.fidesco-international.org\/be\/wp-content\/uploads\/sites\/4\/2024\/05\/2024-Equipe-Francesco-MARTIALIS-Projets-Plaidoyer-Innovation-International-qmg36rkh41oncd88dd6uj5f2nkyt4wz0ivjyr1n7l4-100x100.png 100w\" sizes=\"auto, (max-width: 185px) 100vw, 185px\" \/><\/a><\/strong><\/span><\/p>\n<p>Francesco Martialis<\/p>\n<p><span style=\"color: #993300\"><strong>Coordinateur International<\/strong><\/span><\/p>\n<\/div><\/div><\/div><\/div> <div class=\"su-column su-column-size-1-3\"><div class=\"su-column-inner su-u-clearfix su-u-trim\"><div class=\"su-box su-box-style-default\" id=\"\" style=\"border-color:#660000;border-radius:3px\"><div class=\"su-box-title\" style=\"background-color:#930;color:#FFFFFF;border-top-left-radius:1px;border-top-right-radius:1px\">Direction G\u00e9n\u00e9rale<\/div><div class=\"su-box-content su-u-clearfix su-u-trim\" style=\"border-bottom-left-radius:1px;border-bottom-right-radius:1px\">\n<p><span style=\"color: #993300\"><strong><a href=\"https:\/\/www.fidesco-international.org\/be\/wp-content\/uploads\/sites\/4\/2024\/05\/2024-Equipe-Hubert-LAURENT-direction-21ycougp54ekid5gbodzilo0l6c5jma0df5razbrfwrs.png\"><img loading=\"lazy\" decoding=\"async\" class=\"wp-image-2422 aligncenter\" src=\"https:\/\/www.fidesco-international.org\/be\/wp-content\/uploads\/sites\/4\/2024\/05\/2024-Equipe-Hubert-LAURENT-direction-21ycougp54ekid5gbodzilo0l6c5jma0df5razbrfwrs-300x300.png\" alt=\"\" width=\"185\" height=\"185\" srcset=\"https:\/\/www.fidesco-international.org\/be\/wp-content\/uploads\/sites\/4\/2024\/05\/2024-Equipe-Hubert-LAURENT-direction-21ycougp54ekid5gbodzilo0l6c5jma0df5razbrfwrs-300x300.png 300w, https:\/\/www.fidesco-international.org\/be\/wp-content\/uploads\/sites\/4\/2024\/05\/2024-Equipe-Hubert-LAURENT-direction-21ycougp54ekid5gbodzilo0l6c5jma0df5razbrfwrs-150x150.png 150w, https:\/\/www.fidesco-international.org\/be\/wp-content\/uploads\/sites\/4\/2024\/05\/2024-Equipe-Hubert-LAURENT-direction-21ycougp54ekid5gbodzilo0l6c5jma0df5razbrfwrs-270x270.png 270w, https:\/\/www.fidesco-international.org\/be\/wp-content\/uploads\/sites\/4\/2024\/05\/2024-Equipe-Hubert-LAURENT-direction-21ycougp54ekid5gbodzilo0l6c5jma0df5razbrfwrs-100x100.png 100w, https:\/\/www.fidesco-international.org\/be\/wp-content\/uploads\/sites\/4\/2024\/05\/2024-Equipe-Hubert-LAURENT-direction-21ycougp54ekid5gbodzilo0l6c5jma0df5razbrfwrs.png 452w\" sizes=\"auto, (max-width: 185px) 100vw, 185px\" \/><\/a><\/strong><\/span>Hubert Laurent<\/p>\n<p><strong><span style=\"color: #993300\">Directeur G\u00e9n\u00e9ral (FR)<br \/>\n<\/span><\/strong><\/p>\n<\/div><\/div><\/div><\/div><\/div>\n<p>&nbsp;<\/p>\n<div class=\"su-column su-column-size-1-3\"><div class=\"su-column-inner su-u-clearfix su-u-trim\"><div class=\"su-box su-box-style-default\" id=\"\" style=\"border-color:#660000;border-radius:3px\"><div class=\"su-box-title\" style=\"background-color:#930;color:#FFFFFF;border-top-left-radius:1px;border-top-right-radius:1px\">Fidesco Belgique<\/div><div class=\"su-box-content su-u-clearfix su-u-trim\" style=\"border-bottom-left-radius:1px;border-bottom-right-radius:1px\"><a href=\"https:\/\/www.fidesco-international.org\/be\/wp-content\/uploads\/sites\/4\/2021\/11\/Retour-de-mission-en-Colombie-2015-2017-13.jpg\"><img loading=\"lazy\" decoding=\"async\" class=\"wp-image-2211 alignleft\" src=\"https:\/\/www.fidesco-international.org\/be\/wp-content\/uploads\/sites\/4\/2021\/11\/Retour-de-mission-en-Colombie-2015-2017-13-265x300.jpg\" alt=\"\" width=\"162\" height=\"183\" srcset=\"https:\/\/www.fidesco-international.org\/be\/wp-content\/uploads\/sites\/4\/2021\/11\/Retour-de-mission-en-Colombie-2015-2017-13-265x300.jpg 265w, https:\/\/www.fidesco-international.org\/be\/wp-content\/uploads\/sites\/4\/2021\/11\/Retour-de-mission-en-Colombie-2015-2017-13-905x1024.jpg 905w, https:\/\/www.fidesco-international.org\/be\/wp-content\/uploads\/sites\/4\/2021\/11\/Retour-de-mission-en-Colombie-2015-2017-13-768x869.jpg 768w, https:\/\/www.fidesco-international.org\/be\/wp-content\/uploads\/sites\/4\/2021\/11\/Retour-de-mission-en-Colombie-2015-2017-13-1358x1536.jpg 1358w, https:\/\/www.fidesco-international.org\/be\/wp-content\/uploads\/sites\/4\/2021\/11\/Retour-de-mission-en-Colombie-2015-2017-13-1811x2048.jpg 1811w, https:\/\/www.fidesco-international.org\/be\/wp-content\/uploads\/sites\/4\/2021\/11\/Retour-de-mission-en-Colombie-2015-2017-13-601x680.jpg 601w, https:\/\/www.fidesco-international.org\/be\/wp-content\/uploads\/sites\/4\/2021\/11\/Retour-de-mission-en-Colombie-2015-2017-13-88x100.jpg 88w\" sizes=\"auto, (max-width: 162px) 100vw, 162px\" \/><\/a><\/p>\n<p>&nbsp;<\/p>\n<p>Isaline de Changy<\/p>\n<p><strong><span style=\"color: #993300\">Suivi administratif<br \/>\n<\/span><\/strong><strong><span style=\"color: #993300\">Animation &amp;\u00a0<\/span><\/strong><strong><span style=\"color: #993300\">Recrutement<\/span><\/strong><\/p>\n<\/div><\/div><\/div><\/div>\n<p>D\u2019une <strong>\u00e9quipe d&rsquo;une quinzaine d&#8217;employ\u00e9s au si\u00e8ge de Fidesco \u00e0 Paris<\/strong>, qui coordonne les activit\u00e9s internationales et effectue une surveillance des probl\u00e8mes de s\u00e9curit\u00e9 dans les pays en d\u00e9veloppement; gr\u00e2ce \u00e0 un num\u00e9ro d\u2019urgence, les volontaires peuvent joindre un membre de l\u2019\u00e9quipe 24h\/24 et 7J\/7.<\/p>\n<p style=\"text-align: justify\">D\u2019un<strong> comit\u00e9 central<\/strong> qui supervise les comit\u00e9s nationaux en conformit\u00e9 avec la Charte Fidesco.<br \/>\nDe <strong>correspondants de pays<\/strong> qui supervisent et restent en contacts avec les volontaires et les partenaires locaux du pays dont ils ont la charge; ils visitent les missions au moins une fois par an pour une \u00e9valuation, plus r\u00e9guli\u00e8rement si n\u00e9cessaire.<br \/>\nDe<strong> directeurs de projets<\/strong> qui \u00e9tablissent des rapports sur les projets directement g\u00e9r\u00e9s par Fidesco.<br \/>\nDe<strong> formateurs<\/strong> et autres professionnels qui aident Fidesco durant les sessions de formation (avant le d\u00e9part) et au retour.<\/p>\n<p style=\"text-align: justify\">Pour chaque projet, nous \u00e9tablissons toujours une consultation avec les partenaires locaux, les ambassades, les autorit\u00e9s gouvernementales et les autres ONG, dans le but d\u2019\u00e9valuer pr\u00e9cis\u00e9ment les objectifs, les opportunit\u00e9s et les obstacles potentiels. C\u2019est \u00e0 partir de ces informations que nous d\u00e9cidons ou envoyer des volontaires et si nous pouvons lancer de nouveaux projets.<\/p>\n<p style=\"text-align: justify\"><strong>Nous tenons \u00e0 rappeler enfin qu\u2019aucune des activit\u00e9s de Fidesco Belgique ne serait possible sans le g\u00e9n\u00e9reux soutien financier de nos 2300 donateurs (plus de 12 000 pour Fidesco International)<\/strong><\/p>\n<p>&nbsp;<\/p>\n","protected":false},"excerpt":{"rendered":"<p>&nbsp; Une \u00e9quipe de 3 b\u00e9n\u00e9voles et un salari\u00e9\u00a0g\u00e8re toutes les activit\u00e9s en relation avec le recrutement de volontaires, la formation et la recherche de fonds. L\u2019\u00e9quipe Fidesco Belgique travaille en coordination avec l\u2019\u00e9quipe fran\u00e7aise et internationale. &nbsp; D\u2019une \u00e9quipe d&rsquo;une quinzaine d&#8217;employ\u00e9s au si\u00e8ge de Fidesco \u00e0 Paris, qui coordonne les activit\u00e9s internationales et [&hellip;]<\/p>\n","protected":false},"author":11,"featured_media":0,"parent":0,"menu_order":0,"comment_status":"closed","ping_status":"open","template":"","meta":{"footnotes":""},"class_list":["post-343","page","type-page","status-publish","hentry"],"acf":[],"_links":{"self":[{"href":"https:\/\/www.fidesco-international.org\/be\/wp-json\/wp\/v2\/pages\/343","targetHints":{"allow":["GET"]}}],"collection":[{"href":"https:\/\/www.fidesco-international.org\/be\/wp-json\/wp\/v2\/pages"}],"about":[{"href":"https:\/\/www.fidesco-international.org\/be\/wp-json\/wp\/v2\/types\/page"}],"author":[{"embeddable":true,"href":"https:\/\/www.fidesco-international.org\/be\/wp-json\/wp\/v2\/users\/11"}],"replies":[{"embeddable":true,"href":"https:\/\/www.fidesco-international.org\/be\/wp-json\/wp\/v2\/comments?post=343"}],"version-history":[{"count":58,"href":"https:\/\/www.fidesco-international.org\/be\/wp-json\/wp\/v2\/pages\/343\/revisions"}],"predecessor-version":[{"id":2450,"href":"https:\/\/www.fidesco-international.org\/be\/wp-json\/wp\/v2\/pages\/343\/revisions\/2450"}],"wp:attachment":[{"href":"https:\/\/www.fidesco-international.org\/be\/wp-json\/wp\/v2\/media?parent=343"}],"curies":[{"name":"wp","href":"https:\/\/api.w.org\/{rel}","templated":true}]}}