{"id":387,"date":"2014-07-11T11:01:42","date_gmt":"2014-07-11T09:01:42","guid":{"rendered":"http:\/\/www.fidesco-international.org\/be\/?page_id=387"},"modified":"2014-11-06T22:55:04","modified_gmt":"2014-11-06T20:55:04","slug":"nos-partenaires","status":"publish","type":"page","link":"https:\/\/www.fidesco-international.org\/be\/nos-partenaires\/","title":{"rendered":"NOS PARTENAIRES"},"content":{"rendered":"<pre><a href=\"https:\/\/www.fidesco-international.org\/be\/wp-content\/uploads\/sites\/4\/2014\/07\/12-Fidesco-Accueil.jpg\"><img loading=\"lazy\" decoding=\"async\" class=\"alignnone wp-image-166\" src=\"https:\/\/www.fidesco-international.org\/be\/wp-content\/uploads\/sites\/4\/2014\/07\/12-Fidesco-Accueil-300x102.jpg\" alt=\"12-Fidesco-Accueil\" width=\"244\" height=\"83\" srcset=\"https:\/\/www.fidesco-international.org\/be\/wp-content\/uploads\/sites\/4\/2014\/07\/12-Fidesco-Accueil-300x102.jpg 300w, https:\/\/www.fidesco-international.org\/be\/wp-content\/uploads\/sites\/4\/2014\/07\/12-Fidesco-Accueil-1024x348.jpg 1024w, https:\/\/www.fidesco-international.org\/be\/wp-content\/uploads\/sites\/4\/2014\/07\/12-Fidesco-Accueil-100x34.jpg 100w, https:\/\/www.fidesco-international.org\/be\/wp-content\/uploads\/sites\/4\/2014\/07\/12-Fidesco-Accueil.jpg 1999w\" sizes=\"auto, (max-width: 244px) 100vw, 244px\" \/><\/a><a href=\"https:\/\/www.fidesco-international.org\/be\/wp-content\/uploads\/sites\/4\/2014\/07\/9-Fidesco-Accueil.jpg\"><img loading=\"lazy\" decoding=\"async\" class=\"alignnone wp-image-163\" src=\"https:\/\/www.fidesco-international.org\/be\/wp-content\/uploads\/sites\/4\/2014\/07\/9-Fidesco-Accueil-300x101.jpg\" alt=\"9-Fidesco-Accueil\" width=\"245\" height=\"83\" srcset=\"https:\/\/www.fidesco-international.org\/be\/wp-content\/uploads\/sites\/4\/2014\/07\/9-Fidesco-Accueil-300x101.jpg 300w, https:\/\/www.fidesco-international.org\/be\/wp-content\/uploads\/sites\/4\/2014\/07\/9-Fidesco-Accueil-1024x347.jpg 1024w, https:\/\/www.fidesco-international.org\/be\/wp-content\/uploads\/sites\/4\/2014\/07\/9-Fidesco-Accueil-2000x679.jpg 2000w, https:\/\/www.fidesco-international.org\/be\/wp-content\/uploads\/sites\/4\/2014\/07\/9-Fidesco-Accueil-100x33.jpg 100w, https:\/\/www.fidesco-international.org\/be\/wp-content\/uploads\/sites\/4\/2014\/07\/9-Fidesco-Accueil.jpg 2001w\" sizes=\"auto, (max-width: 245px) 100vw, 245px\" \/><\/a><a href=\"https:\/\/www.fidesco-international.org\/be\/wp-content\/uploads\/sites\/4\/2014\/07\/4-Fidesco-Accueil.jpg\"><img loading=\"lazy\" decoding=\"async\" class=\"alignnone wp-image-158\" src=\"https:\/\/www.fidesco-international.org\/be\/wp-content\/uploads\/sites\/4\/2014\/07\/4-Fidesco-Accueil-300x102.jpg\" alt=\"4-Fidesco-Accueil\" width=\"245\" height=\"83\" srcset=\"https:\/\/www.fidesco-international.org\/be\/wp-content\/uploads\/sites\/4\/2014\/07\/4-Fidesco-Accueil-300x102.jpg 300w, https:\/\/www.fidesco-international.org\/be\/wp-content\/uploads\/sites\/4\/2014\/07\/4-Fidesco-Accueil-1024x348.jpg 1024w, https:\/\/www.fidesco-international.org\/be\/wp-content\/uploads\/sites\/4\/2014\/07\/4-Fidesco-Accueil-100x34.jpg 100w, https:\/\/www.fidesco-international.org\/be\/wp-content\/uploads\/sites\/4\/2014\/07\/4-Fidesco-Accueil.jpg 2000w\" sizes=\"auto, (max-width: 245px) 100vw, 245px\" \/><\/a><\/pre>\n<p style=\"text-align: justify\">Fidesco est avant tout au service des populations locales. Soucieux de r\u00e9pondre \u00e0 un besoin r\u00e9el, c\u2019est en r\u00e9ponse \u00e0 une sollicitation et apr\u00e8s une validation par le si\u00e8ge que Fidesco ouvre une nouvelle mission et y envoie des volontaires. Fidesco ne travaille pas sur des programmes d\u00e9finis en France mais soutient des projets locaux issus et mis en \u0153uvre par l\u2019Eglise Catholique des pays.<\/p>\n<h1 style=\"text-align: justify\"><span style=\"color: #993300\">Qui sont les partenaires de Fidesco ?<\/span><\/h1>\n<p style=\"text-align: justify\"><a href=\"https:\/\/www.fidesco-international.org\/be\/wp-content\/uploads\/sites\/4\/2014\/07\/foto-partenaires.jpg\"><img loading=\"lazy\" decoding=\"async\" class=\"aligncenter wp-image-391\" src=\"https:\/\/www.fidesco-international.org\/be\/wp-content\/uploads\/sites\/4\/2014\/07\/foto-partenaires.jpg\" alt=\"foto partenaires\" width=\"350\" height=\"229\" srcset=\"https:\/\/www.fidesco-international.org\/be\/wp-content\/uploads\/sites\/4\/2014\/07\/foto-partenaires.jpg 293w, https:\/\/www.fidesco-international.org\/be\/wp-content\/uploads\/sites\/4\/2014\/07\/foto-partenaires-100x65.jpg 100w\" sizes=\"auto, (max-width: 350px) 100vw, 350px\" \/><\/a>Une particularit\u00e9 de Fidesco est de soutenir des projets initi\u00e9s par des acteurs de l\u2019\u00c9glise locale qui sont partenaires. Ces personnes pr\u00e9sentes sur place depuis toujours pour les locaux ou depuis des ann\u00e9es pour les missionnaires sont notre socle et notre force. Par leur connaissance du pays, des langues et des personnes et par leur pr\u00e9sence permanente, ils apportent la garantie de la coh\u00e9rence et du bien-fond\u00e9 de l\u2019action port\u00e9e et entreprise par Fidesco. Nous sommes heureux d\u2019avoir ainsi ouvert, en 2012, 33 nouvelles missions en Papouasie, Tha\u00eflande, Colombie, Afrique du Sud, Ha\u00efti, Chili, et Cuba. Les volontaires Fidesco, forts de ce qu\u2019ils sont et de la formation que nous leur donnons, arm\u00e9s de leurs comp\u00e9tences, de leur foi et de leur g\u00e9n\u00e9rosit\u00e9, \u00e9paulent de leur mieux ces partenaires et participent jour apr\u00e8s jour \u00e0 l\u2019\u00e9volution de ces projets.<\/p>\n<h1 style=\"text-align: justify\"><span style=\"color: #993300\">Interviews de quelques partenaires :<\/span><\/h1>\n<p>&nbsp;<\/p>\n<p style=\"text-align: justify\"><strong>Monseigneur You, \u00e9v\u00eaque de Sant\u00edssima Concei\u00e7\u00e3o do Araguaia au Br\u00e9sil, fait appel aux volontaires Fidesco depuis 17 ans. Monseigneur You<a href=\"https:\/\/www.fidesco-international.org\/be\/wp-content\/uploads\/sites\/4\/2014\/09\/Monseigneur-You.jpg\"><img loading=\"lazy\" decoding=\"async\" class=\"alignleft wp-image-684 size-full\" src=\"https:\/\/www.fidesco-international.org\/be\/wp-content\/uploads\/sites\/4\/2014\/09\/Monseigneur-You.jpg\" alt=\"Monseigneur You\" width=\"199\" height=\"150\" srcset=\"https:\/\/www.fidesco-international.org\/be\/wp-content\/uploads\/sites\/4\/2014\/09\/Monseigneur-You.jpg 199w, https:\/\/www.fidesco-international.org\/be\/wp-content\/uploads\/sites\/4\/2014\/09\/Monseigneur-You-100x75.jpg 100w\" sizes=\"auto, (max-width: 199px) 100vw, 199px\" \/><\/a><\/strong>:<\/p>\n<p style=\"text-align: justify\">\u00ab J\u2019ai fait venir les premiers volontaires quand je suis devenu cur\u00e9 de la paroisse des \u00ab mar\u00e9cages \u00bb, Notre-Dame des Alagados, \u00e0 Salvador de Bahia. Pourquoi Fidesco ? Parce que des volontaires qui se donnent \u00e0 100 % forment et entra\u00eenent d\u2019autres volontaires, locaux cette fois-ci. Parce que \u2013 lorsque la structure familiale est tr\u00e8s ab\u00eem\u00e9e (violence, promiscuit\u00e9, prostitution) \u2013 les volontaires sont des \u201cmod\u00e8les\u201d r\u00e9els et accessibles ! Parce que les gens ont besoin de Dieu ! Ils ont besoin de saints qui se donnent et t\u00e9moignent par le concret de leur vie. Ce n\u2019est pas simplement pour donner un coup de main, c\u2019est pour servir et faire grandir. \u00bb<\/p>\n<p style=\"text-align: justify\"><strong>P\u00e8re Zocco, Procurateur du dioc\u00e8se de Fianarantsoa depuis pr\u00e8s d\u2019un demi-si\u00e8cle, r\u00e9put\u00e9 \u00e0 Madagascar pour son engagement missionnaire. Comme dit une de nos volontaires : On ne peut passer dans le dioc\u00e8se de Fianarantsoa sans entendre parler du p\u00e8re Zocco. Grande figure locale, il est connu de tous aussi bien dans l\u2019\u00c9glise qu\u2019en dehors !<img loading=\"lazy\" decoding=\"async\" class=\"alignright wp-image-685\" src=\"https:\/\/www.fidesco-international.org\/be\/wp-content\/uploads\/sites\/4\/2014\/09\/pere-Zocco.jpg\" alt=\"p\u00e8re Zocco\" width=\"184\" height=\"177\" srcset=\"https:\/\/www.fidesco-international.org\/be\/wp-content\/uploads\/sites\/4\/2014\/09\/pere-Zocco.jpg 129w, https:\/\/www.fidesco-international.org\/be\/wp-content\/uploads\/sites\/4\/2014\/09\/pere-Zocco-100x96.jpg 100w\" sizes=\"auto, (max-width: 184px) 100vw, 184px\" \/><\/strong><\/p>\n<p style=\"text-align: justify\">\u00ab Notre dioc\u00e8se de Fianarantsoa est tr\u00e8s heureux de cette pr\u00e9sence de volontaires qui participent avec efficacit\u00e9 \u00e0 nos activit\u00e9s sociales \u00e0 la Ferme \u00c9cole, au Pr\u00e9ventorium pour enfants rachitiques, au Vozama, au Centre Dioc\u00e9sain de la Sant\u00e9, \u00e0 l\u2019Enseignement des jeunes s\u00e9minaristes ou \u00e0 Ankajobe, \u00e0 la L\u00e9proserie de Marana. Ils ne sont pas des volontaires comme les autres ! Il y a une motivation sp\u00e9ciale dans leur mani\u00e8re de travailler. La charit\u00e9, c\u2019est le secret de la r\u00e9ussite des volontaires FIDESCO dans leur mission, c\u2019est dans la pri\u00e8re qu\u2019ils trouvent le courage pour la g\u00e9n\u00e9rosit\u00e9 dans le service. \u00bb<\/p>\n<p style=\"text-align: justify\"><strong>P\u00e8re Ferrington Rayen, pr\u00eatre sal\u00e9sien \u00e0 Moshi en Tanzanie :<\/strong><\/p>\n<p style=\"text-align: justify\">\u00ab Nous avons eu la chance de recevoir des volontaires Fidesco quand le Centre de formation technique Don Bosco \u00e0 Moshi \u00e9tait \u00e0 ses d\u00e9buts. Ils lui ont fait prendre forme gr\u00e2ce \u00e0 leurs capacit\u00e9s d\u2019organisation et de management. Les volontaires Fidesco ont un grand d\u00e9sir de grandir. Leur volont\u00e9 de partager et d\u2019apprendre au travers d\u2019autres cultures est un point tr\u00e8s positif. \u00bb<\/p>\n<p style=\"text-align: justify\">\n","protected":false},"excerpt":{"rendered":"<p>Fidesco est avant tout au service des populations locales. Soucieux de r\u00e9pondre \u00e0 un besoin r\u00e9el, c\u2019est en r\u00e9ponse \u00e0 une sollicitation et apr\u00e8s une validation par le si\u00e8ge que Fidesco ouvre une nouvelle mission et y envoie des volontaires. Fidesco ne travaille pas sur des programmes d\u00e9finis en France mais soutient des projets locaux [&hellip;]<\/p>\n","protected":false},"author":11,"featured_media":0,"parent":0,"menu_order":0,"comment_status":"closed","ping_status":"open","template":"","meta":{"footnotes":""},"class_list":["post-387","page","type-page","status-publish","hentry"],"acf":[],"_links":{"self":[{"href":"https:\/\/www.fidesco-international.org\/be\/wp-json\/wp\/v2\/pages\/387","targetHints":{"allow":["GET"]}}],"collection":[{"href":"https:\/\/www.fidesco-international.org\/be\/wp-json\/wp\/v2\/pages"}],"about":[{"href":"https:\/\/www.fidesco-international.org\/be\/wp-json\/wp\/v2\/types\/page"}],"author":[{"embeddable":true,"href":"https:\/\/www.fidesco-international.org\/be\/wp-json\/wp\/v2\/users\/11"}],"replies":[{"embeddable":true,"href":"https:\/\/www.fidesco-international.org\/be\/wp-json\/wp\/v2\/comments?post=387"}],"version-history":[{"count":10,"href":"https:\/\/www.fidesco-international.org\/be\/wp-json\/wp\/v2\/pages\/387\/revisions"}],"predecessor-version":[{"id":918,"href":"https:\/\/www.fidesco-international.org\/be\/wp-json\/wp\/v2\/pages\/387\/revisions\/918"}],"wp:attachment":[{"href":"https:\/\/www.fidesco-international.org\/be\/wp-json\/wp\/v2\/media?parent=387"}],"curies":[{"name":"wp","href":"https:\/\/api.w.org\/{rel}","templated":true}]}}