{"id":397,"date":"2014-07-11T12:09:38","date_gmt":"2014-07-11T10:09:38","guid":{"rendered":"http:\/\/www.fidesco-international.org\/be\/?page_id=397"},"modified":"2024-05-31T11:40:06","modified_gmt":"2024-05-31T09:40:06","slug":"historique","status":"publish","type":"page","link":"https:\/\/www.fidesco-international.org\/be\/historique\/","title":{"rendered":"HISTORIQUE"},"content":{"rendered":"<ul>\n<li><strong>1980<\/strong>\u00a0 Au cours du Synode sur la famille \u00e0 Rome, des \u00e9v\u00eaques d\u2019Afrique demandent \u00e0 la Communaut\u00e9 de l\u2019Emmanuel d\u2019envoyer des volontaires la\u00efcs afin de collaborer \u00e0 leurs projets de d\u00e9veloppement et participer \u00e0 la mission universelle de l\u2019\u00c9glise. Une famille et un c\u00e9libataire sont ainsi envoy\u00e9s par la Communaut\u00e9 de l\u2019Emmanuel dans l\u2019ex-Za\u00efre<\/li>\n<li><strong>1981<\/strong>\u00a0 <strong>Cr\u00e9ation de Fidesco<\/strong> &#8211; 1 200 volontaires envoy\u00e9s sur le terrain depuis 1981<\/li>\n<li><strong>1982<\/strong>\u00a0 Envoi des premiers volontaires en Inde, en RDC, au Cameroun, au Rwanda<\/li>\n<li><strong>1986<\/strong>\u00a0 Cr\u00e9ation du <strong>dispensaire Saint-Gabrie<\/strong>l \u00e0 Conakry \u00e0 la demande conjointe de l\u2019Etat guin\u00e9enet de l\u2019archev\u00eaque, monseigneur Sarah, et envoi de 4 volontaires sur le terrain<\/li>\n<li><strong>1987<\/strong>\u00a0 Jean-Loup Dherse, vice-pr\u00e9sident de la Banque mondiale, devient pr\u00e9sident de Fidesco<\/li>\n<\/ul>\n<p><strong>Cr\u00e9ation de Fidesco Allemagne<\/strong> &#8211; 18 volontaires envoy\u00e9s depuis 1987<br \/>\n<span style=\"color: #993300\"><strong>Cr\u00e9ation de Fidesco Belgique<\/strong><\/span> &#8211; plus de 100 volontaires envoy\u00e9s depuis 1987<\/p>\n<ul>\n<li><strong>1991<\/strong>\u00a0 Fidesco obtient le statut d\u2019association de bienfaisance en France. Fidesco a 10 ans et envoie 22 volontaires par an<\/li>\n<\/ul>\n<p><strong>Cr\u00e9ation de Fidesco Pays-Bas<\/strong> &#8211; 15 volontaires envoy\u00e9s depuis 1991<\/p>\n<ul>\n<li><strong>1993<\/strong>\u00a0 <strong>Cr\u00e9ation de Fidesco Autriche<\/strong> &#8211; 13 volontaires envoy\u00e9s depuis 1993<\/li>\n<li><strong>1995<\/strong>\u00a0 45 volontaires partent en mission dans 12 pays<\/li>\n<li><strong>2001<\/strong>\u00a0 Fidesco a 20 ans et envoie 90 volontaires<\/li>\n<li><strong>2003<\/strong>\u00a0 Envoi des premiers volontaires retrait\u00e9s<\/li>\n<li><strong>2004<\/strong>\u00a0 <strong>Cr\u00e9ation de Fidesco Pologne<\/strong> &#8211; 12 volontaires envoy\u00e9s depuis 2004<\/li>\n<li><strong>2005<\/strong>\u00a0 Ouverture d\u2019une mission aux \u00c9tats-Unis, \u00e0 Atlanta<\/li>\n<li><strong>2006<\/strong>\u00a0 Fidesco obtient l\u2019agr\u00e9ment par le minist\u00e8re des Affaires \u00e9trang\u00e8res pour l\u2019envoi de volontaires de solidarit\u00e9 internationale (VSI)<\/li>\n<li><strong>2007<\/strong>\u00a0 Fidesco envoie deux promotions de volontaires (f\u00e9vrier et septembre)<\/li>\n<\/ul>\n<p style=\"text-align: left\">Jean-Luc Moens, pr\u00e9sident de Fidesco International, repr\u00e9sente<strong> Fidesco au conseil<\/strong>\u00a0 <strong>Cor Unum au Vatican<\/strong><br \/>\n<strong>Cr\u00e9ation de Fidesco USA<\/strong> &#8211; 6 volontaires envoy\u00e9s depuis 2007<br \/>\n<strong>Cr\u00e9ation de Fidesco Portugal<\/strong> &#8211; 6 volontaires envoy\u00e9s depuis 2007<\/p>\n<ul>\n<li><strong>2008\u00a0 Cr\u00e9ation de Fidesco Australie<\/strong> &#8211; 1 volontaire envoy\u00e9 depuis 2008<\/li>\n<li><strong>2012<\/strong>\u00a0 Cr\u00e9ation de la Fondation Fidesco sous l\u2019\u00e9gide de la Fondation Caritas France. En Ha\u00efti, inauguration de <strong>l\u2019\u00e9cole Saint-Joseph-Artisan<\/strong>.<\/li>\n<li><strong>En 2020<\/strong>, Fidesco obtient l\u2019agr\u00e9ment Service Civique du minist\u00e8re de l\u2019\u00c9ducation Nationale, de la Jeunesse et des Sports. L\u2019action de Fidesco se d\u00e9ploie et se diversifie avec la cr\u00e9ation du Parcours Retrait\u00e9s et de la mission Sud-Nord.<\/li>\n<\/ul>\n<p style=\"text-align: justify\"><strong>Aujourd\u2019hui pr\u00e8s de 150 volontaires actuellement sur le terrain, plus de 150 projets b\u00e9n\u00e9ficiaires dans le monde, plus de 1300 anciens volontaires (plus de 100 volontaires belges), 150 b\u00e9n\u00e9voles et plus de 40 ans d\u2019exp\u00e9rience.<\/strong><\/p>\n","protected":false},"excerpt":{"rendered":"<p>1980\u00a0 Au cours du Synode sur la famille \u00e0 Rome, des \u00e9v\u00eaques d\u2019Afrique demandent \u00e0 la Communaut\u00e9 de l\u2019Emmanuel d\u2019envoyer des volontaires la\u00efcs afin de collaborer \u00e0 leurs projets de d\u00e9veloppement et participer \u00e0 la mission universelle de l\u2019\u00c9glise. Une famille et un c\u00e9libataire sont ainsi envoy\u00e9s par la Communaut\u00e9 de l\u2019Emmanuel dans l\u2019ex-Za\u00efre 1981\u00a0 [&hellip;]<\/p>\n","protected":false},"author":11,"featured_media":423,"parent":0,"menu_order":0,"comment_status":"closed","ping_status":"open","template":"","meta":{"footnotes":""},"class_list":["post-397","page","type-page","status-publish","has-post-thumbnail","hentry"],"acf":[],"_links":{"self":[{"href":"https:\/\/www.fidesco-international.org\/be\/wp-json\/wp\/v2\/pages\/397","targetHints":{"allow":["GET"]}}],"collection":[{"href":"https:\/\/www.fidesco-international.org\/be\/wp-json\/wp\/v2\/pages"}],"about":[{"href":"https:\/\/www.fidesco-international.org\/be\/wp-json\/wp\/v2\/types\/page"}],"author":[{"embeddable":true,"href":"https:\/\/www.fidesco-international.org\/be\/wp-json\/wp\/v2\/users\/11"}],"replies":[{"embeddable":true,"href":"https:\/\/www.fidesco-international.org\/be\/wp-json\/wp\/v2\/comments?post=397"}],"version-history":[{"count":13,"href":"https:\/\/www.fidesco-international.org\/be\/wp-json\/wp\/v2\/pages\/397\/revisions"}],"predecessor-version":[{"id":2427,"href":"https:\/\/www.fidesco-international.org\/be\/wp-json\/wp\/v2\/pages\/397\/revisions\/2427"}],"wp:featuredmedia":[{"embeddable":true,"href":"https:\/\/www.fidesco-international.org\/be\/wp-json\/wp\/v2\/media\/423"}],"wp:attachment":[{"href":"https:\/\/www.fidesco-international.org\/be\/wp-json\/wp\/v2\/media?parent=397"}],"curies":[{"name":"wp","href":"https:\/\/api.w.org\/{rel}","templated":true}]}}