{"id":443,"date":"2014-07-11T13:34:33","date_gmt":"2014-07-11T11:34:33","guid":{"rendered":"http:\/\/www.fidesco-international.org\/be\/?page_id=443"},"modified":"2018-04-20T10:50:12","modified_gmt":"2018-04-20T08:50:12","slug":"devenir-volontaire","status":"publish","type":"page","link":"https:\/\/www.fidesco-international.org\/be\/devenir-volontaire\/","title":{"rendered":"DEVENIR VOLONTAIRE"},"content":{"rendered":"<p style=\"text-align: justify\">Vous souhaitez partir ? Participez \u00e0 la prochaine journ\u00e9e d\u00e9couverte ! Pour cela, consultez\u00a0<a href=\"https:\/\/www.fidesco-international.org\/be\/actualite\/journee-decouverte\/\">notre agenda<\/a><\/p>\n<p style=\"text-align: justify\">Pour devenir volontaire Fidesco, <a title=\"Formulaire de candidature\" href=\"https:\/\/www.fidesco-international.org\/be\/formulaire-de-candidature\/\">remplissez le formulaire<\/a> en y joignant votre CV et votre lettre de motivation. Si vous \u00eates s\u00e9lectionn\u00e9s comme candidat, vous recevrez une invitation \u00e0 une journ\u00e9e d\u00e9couverte, lors de laquelle vous recevrez les informations n\u00e9cessaires qui vous aideront \u00e0 mieux cerner votre envie de partir. Lors d\u2019un entretien, nous parlerons avec vous de vos talents, formation, exp\u00e9riences, motivations, et attentes.<\/p>\n<p style=\"text-align: justify\"><div class=\"su-accordion su-u-trim\">\n<div class=\"su-spoiler su-spoiler-style-fancy su-spoiler-icon-plus su-spoiler-closed\" data-scroll-offset=\"0\" data-anchor-in-url=\"no\"><div class=\"su-spoiler-title\" tabindex=\"0\" role=\"button\"><span class=\"su-spoiler-icon\"><\/span>Conditions pour partir<\/div><div class=\"su-spoiler-content su-u-clearfix su-u-trim\">\n<div class=\"su-note\"  style=\"border-color:#7f1900;border-radius:3px;-moz-border-radius:3px;-webkit-border-radius:3px;\"><div class=\"su-note-inner su-u-clearfix su-u-trim\" style=\"background-color:#930;border-color:#ffffcc;color:#FFFFFF;border-radius:3px;-moz-border-radius:3px;-webkit-border-radius:3px;\">Pour \u00eatre volontaire Fidesco, il faut :<\/div><\/div>\n<p style=\"text-align: justify\"><a href=\"https:\/\/www.fidesco-international.org\/be\/wp-content\/uploads\/sites\/4\/2014\/07\/Madagascar-Fleur-3.jpg\"><img loading=\"lazy\" decoding=\"async\" class=\"alignright wp-image-421 \" src=\"https:\/\/www.fidesco-international.org\/be\/wp-content\/uploads\/sites\/4\/2014\/07\/Madagascar-Fleur-3-225x300.jpg\" alt=\"OLYMPUS DIGITAL CAMERA\" width=\"261\" height=\"348\" srcset=\"https:\/\/www.fidesco-international.org\/be\/wp-content\/uploads\/sites\/4\/2014\/07\/Madagascar-Fleur-3-225x300.jpg 225w, https:\/\/www.fidesco-international.org\/be\/wp-content\/uploads\/sites\/4\/2014\/07\/Madagascar-Fleur-3-768x1024.jpg 768w, https:\/\/www.fidesco-international.org\/be\/wp-content\/uploads\/sites\/4\/2014\/07\/Madagascar-Fleur-3-510x680.jpg 510w, https:\/\/www.fidesco-international.org\/be\/wp-content\/uploads\/sites\/4\/2014\/07\/Madagascar-Fleur-3-75x100.jpg 75w, https:\/\/www.fidesco-international.org\/be\/wp-content\/uploads\/sites\/4\/2014\/07\/Madagascar-Fleur-3.jpg 1200w\" sizes=\"auto, (max-width: 261px) 100vw, 261px\" \/><\/a><\/p>\n<ul>\n<li>Avoir plus de 21 ans<\/li>\n<li>\u00catre en bonne sant\u00e9<\/li>\n<li>\u00catre disponible pour une mission\u00a0de deux ans (et un an pour le cas d\u2019une c\u00e9sure \u00e9tudiante)<\/li>\n<li>\u00catre c\u00e9libataire, mari\u00e9 (avec ou sans enfant) ou jeune retrait\u00e9<\/li>\n<li>Vouloir t\u00e9moigner de l\u2019Esp\u00e9rance<\/li>\n<li>Vouloir servir un projet de d\u00e9veloppement initi\u00e9 par l\u2019\u00c9glise catholique<\/li>\n<li>Suivre la formation Fidesco<\/li>\n<\/ul>\n<p><strong>\u00catre volontaire Fidesco, c\u2019est :<\/strong><\/p>\n<ul>\n<li>Accepter de travailler sous la responsabilit\u00e9 des employeurs locaux dans le cadre d\u2019un projet de d\u00e9veloppement<\/li>\n<li>Accepter de se former et de partir pour une dur\u00e9e de 1 \u00e0 2 ans afin de mieux comprendre le pays et ses habitants, et de travailler \u00e0 une mission qui porte r\u00e9ellement ses fruits<\/li>\n<li>Donner priorit\u00e9 \u00e0 la mission et en cons\u00e9quence organiser sa vie sur le terrain dans le sens de la plus grande disponibilit\u00e9 au service des pauvres.<\/li>\n<\/ul>\n<blockquote>\n<p style=\"text-align: center\">Les volontaires partis pour donner, reviennent riches d\u2019avoir v\u00e9cu d\u2019autres r\u00e9alit\u00e9s aupr\u00e8s de personnes d\u2019autres cultures.<\/p>\n<\/blockquote>\n<p style=\"text-align: justify\">Il y a plusieurs \u00e9tapes importantes et n\u00e9cessaires pour partir en mission avec Fidesco :<\/p>\n<p style=\"text-align: justify\"><strong>La premi\u00e8re \u00e9tape<\/strong> est d\u2019exprimer votre d\u00e9sir de partir pour un ou deux ans en envoyant une lettre de motivation \u00e0 Fidesco, dans laquelle vous expliquez les raisons qui vous poussent \u00e0 partir. A cette lettre vous devez joindre un CV. Vous pouvez envoyer votre CV et lettre de motivation \u00e0 Fidesco maximum d\u00e9but mars (pour un d\u00e9part entre ao\u00fbt et novembre).<\/p>\n<p style=\"text-align: justify\"><strong>La deuxi\u00e8me \u00e9tape<\/strong> est l\u2019\u00e9tude de votre dossier. Si vous \u00eates s\u00e9lectionn\u00e9s comme candidat, vous recevrez une invitation \u00e0 une journ\u00e9e d\u00e9couverte, lors de laquelle vous recevrez les informations n\u00e9cessaires qui vous aideront \u00e0 mieux cerner votre envie de partir. Lors d\u2019un entretien, nous parlerons avec vous de vos talents, formation, exp\u00e9riences, motivations, et attentes.<\/p>\n<p style=\"text-align: justify\"><a title=\"JOURN\u00c9E D\u00c9COUVERTE\" href=\"https:\/\/www.fidesco-international.org\/be\/actualite\/journee-decouverte\/\"><span style=\"color: #993300\">Voir les dates des prochaines journ\u00e9es d\u00e9couverte<\/span><\/a><\/p>\n<p><strong>La derni\u00e8re \u00e9tape<\/strong> est de rejoindre le programme de formation. Si vous d\u00e9cidez finalement de partir avec Fidesco, et que nous acceptons votre candidature, vous rejoindrez une formation de deux semaines + un week-end (\u00e9tal\u00e9e sur 5 \u00e0 9 mois) durant laquelle vous recevrez des cours sur l\u2019aspect pratique, technique, social et spirituel de votre mission.<\/p>\n<p>N\u2019h\u00e9sitez pas \u00e0 consulter notre Foire Aux Questions,<span style=\"color: #993300\"><a title=\"FAQ\" href=\"https:\/\/www.fidesco-international.org\/be\/faq\/\"> en cliquant ici<\/a>.<\/span><\/p>\n<p style=\"text-align: justify\"><\/div><\/div>\n<div class=\"su-spoiler su-spoiler-style-fancy su-spoiler-icon-plus su-spoiler-closed\" data-scroll-offset=\"0\" data-anchor-in-url=\"no\"><div class=\"su-spoiler-title\" tabindex=\"0\" role=\"button\"><span class=\"su-spoiler-icon\"><\/span>Formation Fidesco<\/div><div class=\"su-spoiler-content su-u-clearfix su-u-trim\">\n<h3><strong>Quatre rendez-vous obligatoires pour vous pr\u00e9parer au d\u00e9part<br \/>\n<\/strong><\/h3>\n<ol>\n<li>Une journ\u00e9e<strong>\u00a0d\u00e9couverte<\/strong><\/li>\n<li>Une session de <strong>discernement<\/strong> de 4,5 jours<\/li>\n<li>Un week-end de <strong>pr\u00e9paratio<\/strong>n au d\u00e9part<\/li>\n<li>Une session d\u2019<strong>envoi<\/strong> de 6 jours, \u00e0 l\u2019issue de laquelle vous serez officiellement envoy\u00e9 en mission<\/li>\n<\/ol>\n<p>Ces sessions vous permettent d\u2019acqu\u00e9rir une formation humaine, culturelle, spirituelle, professionnelle et mat\u00e9rielle adapt\u00e9e aux r\u00e9alit\u00e9s du terrain.<\/p>\n<h3 class=\"full\">Les axes de la formation<\/h3>\n<ul>\n<li>Probl\u00e9matique du volontariat<\/li>\n<li>Connaissance de soi<\/li>\n<li>Causes du sous-d\u00e9veloppement<\/li>\n<li>Connaissance du pays de mission et de sa culture<\/li>\n<li>Gestion de projet<\/li>\n<li>Formation pratique<\/li>\n<li>D\u00e9marches administratives et statut du volontaire<\/li>\n<li>Formation m\u00e9dicale<\/li>\n<li>formation spirituelle<\/li>\n<li>Sp\u00e9cialisation professionnelle selon les missions (m\u00e9decine tropicale, agriculture\u2026)<\/li>\n<\/ul>\n<p style=\"text-align: justify\"><\/div><\/div>\n<div class=\"su-spoiler su-spoiler-style-fancy su-spoiler-icon-plus su-spoiler-closed\" data-scroll-offset=\"0\" data-anchor-in-url=\"no\"><div class=\"su-spoiler-title\" tabindex=\"0\" role=\"button\"><span class=\"su-spoiler-icon\"><\/span>Faire une demande de volontariat<\/div><div class=\"su-spoiler-content su-u-clearfix su-u-trim\">\n<p style=\"text-align: justify\">\u00a0\n<div class=\"wpcf7 no-js\" id=\"wpcf7-f100-o1\" lang=\"fr-FR\" dir=\"ltr\" data-wpcf7-id=\"100\">\n<div class=\"screen-reader-response\"><p role=\"status\" aria-live=\"polite\" aria-atomic=\"true\"><\/p> <ul><\/ul><\/div>\n<form action=\"\/be\/wp-json\/wp\/v2\/pages\/443#wpcf7-f100-o1\" method=\"post\" class=\"wpcf7-form init\" aria-label=\"Formulaire de contact\" enctype=\"multipart\/form-data\" novalidate=\"novalidate\" data-status=\"init\">\n<div style=\"display: none;\">\n<input type=\"hidden\" name=\"_wpcf7\" value=\"100\" \/>\n<input type=\"hidden\" name=\"_wpcf7_version\" value=\"6.0.1\" \/>\n<input type=\"hidden\" name=\"_wpcf7_locale\" value=\"fr_FR\" \/>\n<input type=\"hidden\" name=\"_wpcf7_unit_tag\" value=\"wpcf7-f100-o1\" \/>\n<input type=\"hidden\" name=\"_wpcf7_container_post\" value=\"0\" \/>\n<input type=\"hidden\" name=\"_wpcf7_posted_data_hash\" value=\"\" \/>\n<input type=\"hidden\" name=\"_wpcf7dtx_version\" value=\"5.0.2\" \/>\n<\/div>\n<p>Votre nom (obligatoire)\n<\/p>\n<p><span class=\"wpcf7-form-control-wrap\" data-name=\"your-name\"><input size=\"40\" maxlength=\"400\" class=\"wpcf7-form-control wpcf7-text wpcf7-validates-as-required\" aria-required=\"true\" aria-invalid=\"false\" value=\"\" type=\"text\" name=\"your-name\" \/><\/span>\n<\/p>\n<p>Votre email (obligatoire)\n<\/p>\n<p><span class=\"wpcf7-form-control-wrap\" data-name=\"your-email\"><input size=\"40\" maxlength=\"400\" class=\"wpcf7-form-control wpcf7-email wpcf7-validates-as-required wpcf7-text wpcf7-validates-as-email\" aria-required=\"true\" aria-invalid=\"false\" value=\"\" type=\"email\" name=\"your-email\" \/><\/span>\n<\/p>\n<p>Votre num\u00e9ro de t\u00e9l\u00e9phone (obligatoire)\n<\/p>\n<p><span class=\"wpcf7-form-control-wrap\" data-name=\"tel-426\"><input size=\"40\" maxlength=\"400\" class=\"wpcf7-form-control wpcf7-tel wpcf7-validates-as-required wpcf7-text wpcf7-validates-as-tel\" aria-required=\"true\" aria-invalid=\"false\" value=\"\" type=\"tel\" name=\"tel-426\" \/><\/span>\n<\/p>\n<p>Sujet\n<\/p>\n<p><span class=\"wpcf7-form-control-wrap\" data-name=\"your-subject\"><input size=\"40\" maxlength=\"400\" class=\"wpcf7-form-control wpcf7-text\" aria-invalid=\"false\" value=\"\" type=\"text\" name=\"your-subject\" \/><\/span>\n<\/p>\n<p>Votre message\n<\/p>\n<p><span class=\"wpcf7-form-control-wrap\" data-name=\"your-message\"><textarea cols=\"40\" rows=\"10\" maxlength=\"2000\" class=\"wpcf7-form-control wpcf7-textarea\" aria-invalid=\"false\" name=\"your-message\"><\/textarea><\/span>\n<\/p>\n<p>Votre lettre de motivation\n<\/p>\n<p><span class=\"wpcf7-form-control-wrap\" data-name=\"file-253\"><input size=\"40\" class=\"wpcf7-form-control wpcf7-file wpcf7-validates-as-required\" accept=\"audio\/*,video\/*,image\/*\" aria-required=\"true\" aria-invalid=\"false\" type=\"file\" name=\"file-253\" \/><\/span>\n<\/p>\n<p>Votre Curriculum vitae\n<\/p>\n<p><span class=\"wpcf7-form-control-wrap\" data-name=\"file-578\"><input size=\"40\" class=\"wpcf7-form-control wpcf7-file\" accept=\"audio\/*,video\/*,image\/*\" aria-invalid=\"false\" type=\"file\" name=\"file-578\" \/><\/span>\n<\/p>\n<p><input class=\"wpcf7-form-control wpcf7-submit has-spinner\" type=\"submit\" value=\"Envoyer\" \/>\n<\/p><div class=\"wpcf7-response-output\" aria-hidden=\"true\"><\/div>\n<\/form>\n<\/div>\n<\/div><\/div>\n<\/div>\n","protected":false},"excerpt":{"rendered":"<p>Vous souhaitez partir ? Participez \u00e0 la prochaine journ\u00e9e d\u00e9couverte ! Pour cela, consultez\u00a0notre agenda Pour devenir volontaire Fidesco, remplissez le formulaire en y joignant votre CV et votre lettre de motivation. Si vous \u00eates s\u00e9lectionn\u00e9s comme candidat, vous recevrez une invitation \u00e0 une journ\u00e9e d\u00e9couverte, lors de laquelle vous recevrez les informations n\u00e9cessaires qui [&hellip;]<\/p>\n","protected":false},"author":11,"featured_media":1583,"parent":0,"menu_order":0,"comment_status":"closed","ping_status":"open","template":"","meta":{"footnotes":""},"class_list":["post-443","page","type-page","status-publish","has-post-thumbnail","hentry"],"acf":[],"_links":{"self":[{"href":"https:\/\/www.fidesco-international.org\/be\/wp-json\/wp\/v2\/pages\/443","targetHints":{"allow":["GET"]}}],"collection":[{"href":"https:\/\/www.fidesco-international.org\/be\/wp-json\/wp\/v2\/pages"}],"about":[{"href":"https:\/\/www.fidesco-international.org\/be\/wp-json\/wp\/v2\/types\/page"}],"author":[{"embeddable":true,"href":"https:\/\/www.fidesco-international.org\/be\/wp-json\/wp\/v2\/users\/11"}],"replies":[{"embeddable":true,"href":"https:\/\/www.fidesco-international.org\/be\/wp-json\/wp\/v2\/comments?post=443"}],"version-history":[{"count":21,"href":"https:\/\/www.fidesco-international.org\/be\/wp-json\/wp\/v2\/pages\/443\/revisions"}],"predecessor-version":[{"id":1267,"href":"https:\/\/www.fidesco-international.org\/be\/wp-json\/wp\/v2\/pages\/443\/revisions\/1267"}],"wp:featuredmedia":[{"embeddable":true,"href":"https:\/\/www.fidesco-international.org\/be\/wp-json\/wp\/v2\/media\/1583"}],"wp:attachment":[{"href":"https:\/\/www.fidesco-international.org\/be\/wp-json\/wp\/v2\/media?parent=443"}],"curies":[{"name":"wp","href":"https:\/\/api.w.org\/{rel}","templated":true}]}}