{"id":537,"date":"2014-07-13T17:31:53","date_gmt":"2014-07-13T15:31:53","guid":{"rendered":"http:\/\/www.fidesco-international.org\/be\/?page_id=537"},"modified":"2024-05-31T11:40:45","modified_gmt":"2024-05-31T09:40:45","slug":"faire-un-don","status":"publish","type":"page","link":"https:\/\/www.fidesco-international.org\/be\/faire-un-don\/","title":{"rendered":"Faire un don"},"content":{"rendered":"<h4 style=\"text-align: center\"><strong><span style=\"color: #000000\">Vous pouvez faire un don \u00e0 Fidesco-Belgique asbl sur le num\u00e9ro de compte suivant :<\/span><\/strong><\/h4>\n<h1 style=\"text-align: center\"><span style=\"color: #993300\">FIDESCO-Belgique asbl<\/span><br \/>\n<span style=\"color: #993300\">IBAN : BE76310065020095<\/span><br \/>\n<span style=\"color: #993300\">BIC : BBRUBEBB<\/span><\/h1>\n<p style=\"text-align: center\"><strong>Communication:<\/strong><\/p>\n<p style=\"text-align: center\">soit <strong>don g\u00e9n\u00e9ral<\/strong> pour Fidesco (r\u00e9gulier ou ponctuel), soit <strong>nom du coop\u00e9rant<\/strong>, soit <strong>nom du projet + num\u00e9ro de registre national<\/strong><\/p>\n<h2 style=\"text-align: center\">Exon\u00e9ration fiscale pour tout don cumul\u00e9 sup\u00e9rieur \u00e0 40\u20ac par an<\/h2>\n<p style=\"text-align: center\"><a href=\"https:\/\/www.fidesco-international.org\/be\/wp-content\/uploads\/sites\/4\/2014\/07\/Rwanda-enfts-ecole.jpg\"><img loading=\"lazy\" decoding=\"async\" class=\"alignnone wp-image-529\" src=\"https:\/\/www.fidesco-international.org\/be\/wp-content\/uploads\/sites\/4\/2014\/07\/Rwanda-enfts-ecole-300x199.jpg\" alt=\"Rwanda - enfts \u00e9cole\" width=\"100\" height=\"66\" srcset=\"https:\/\/www.fidesco-international.org\/be\/wp-content\/uploads\/sites\/4\/2014\/07\/Rwanda-enfts-ecole-300x199.jpg 300w, https:\/\/www.fidesco-international.org\/be\/wp-content\/uploads\/sites\/4\/2014\/07\/Rwanda-enfts-ecole-100x66.jpg 100w, https:\/\/www.fidesco-international.org\/be\/wp-content\/uploads\/sites\/4\/2014\/07\/Rwanda-enfts-ecole.jpg 770w\" sizes=\"auto, (max-width: 100px) 100vw, 100px\" \/><\/a><a href=\"https:\/\/www.fidesco-international.org\/be\/wp-content\/uploads\/sites\/4\/2014\/07\/Guinee-Matoto-6.jpg\"><img loading=\"lazy\" decoding=\"async\" class=\"alignnone wp-image-524\" src=\"https:\/\/www.fidesco-international.org\/be\/wp-content\/uploads\/sites\/4\/2014\/07\/Guinee-Matoto-6-300x200.jpg\" alt=\"Guin\u00e9e - Matoto 6\" width=\"100\" height=\"67\" srcset=\"https:\/\/www.fidesco-international.org\/be\/wp-content\/uploads\/sites\/4\/2014\/07\/Guinee-Matoto-6-300x200.jpg 300w, https:\/\/www.fidesco-international.org\/be\/wp-content\/uploads\/sites\/4\/2014\/07\/Guinee-Matoto-6-100x66.jpg 100w, https:\/\/www.fidesco-international.org\/be\/wp-content\/uploads\/sites\/4\/2014\/07\/Guinee-Matoto-6.jpg 770w\" sizes=\"auto, (max-width: 100px) 100vw, 100px\" \/><\/a><a href=\"https:\/\/www.fidesco-international.org\/be\/wp-content\/uploads\/sites\/4\/2014\/07\/Rwanda-enfts-5.jpg\"><img loading=\"lazy\" decoding=\"async\" class=\"alignnone wp-image-528\" src=\"https:\/\/www.fidesco-international.org\/be\/wp-content\/uploads\/sites\/4\/2014\/07\/Rwanda-enfts-5-300x199.jpg\" alt=\"Rwanda - enfts 5\" width=\"100\" height=\"66\" srcset=\"https:\/\/www.fidesco-international.org\/be\/wp-content\/uploads\/sites\/4\/2014\/07\/Rwanda-enfts-5-300x199.jpg 300w, https:\/\/www.fidesco-international.org\/be\/wp-content\/uploads\/sites\/4\/2014\/07\/Rwanda-enfts-5-100x66.jpg 100w, https:\/\/www.fidesco-international.org\/be\/wp-content\/uploads\/sites\/4\/2014\/07\/Rwanda-enfts-5.jpg 770w\" sizes=\"auto, (max-width: 100px) 100vw, 100px\" \/><\/a><a href=\"https:\/\/www.fidesco-international.org\/be\/wp-content\/uploads\/sites\/4\/2014\/07\/Bresil-Beatrice.jpg\"><img loading=\"lazy\" decoding=\"async\" class=\"alignnone wp-image-515\" src=\"https:\/\/www.fidesco-international.org\/be\/wp-content\/uploads\/sites\/4\/2014\/07\/Bresil-Beatrice-300x200.jpg\" alt=\"Br\u00e9sil - B\u00e9atrice\" width=\"100\" height=\"67\" srcset=\"https:\/\/www.fidesco-international.org\/be\/wp-content\/uploads\/sites\/4\/2014\/07\/Bresil-Beatrice-300x200.jpg 300w, https:\/\/www.fidesco-international.org\/be\/wp-content\/uploads\/sites\/4\/2014\/07\/Bresil-Beatrice-100x66.jpg 100w, https:\/\/www.fidesco-international.org\/be\/wp-content\/uploads\/sites\/4\/2014\/07\/Bresil-Beatrice.jpg 770w\" sizes=\"auto, (max-width: 100px) 100vw, 100px\" \/><\/a><a href=\"https:\/\/www.fidesco-international.org\/be\/wp-content\/uploads\/sites\/4\/2014\/07\/Guinee-Fred.jpg\"><img loading=\"lazy\" decoding=\"async\" class=\"alignnone wp-image-523\" src=\"https:\/\/www.fidesco-international.org\/be\/wp-content\/uploads\/sites\/4\/2014\/07\/Guinee-Fred-300x198.jpg\" alt=\"Guin\u00e9e - Fred\" width=\"100\" height=\"66\" srcset=\"https:\/\/www.fidesco-international.org\/be\/wp-content\/uploads\/sites\/4\/2014\/07\/Guinee-Fred-300x198.jpg 300w, https:\/\/www.fidesco-international.org\/be\/wp-content\/uploads\/sites\/4\/2014\/07\/Guinee-Fred-100x66.jpg 100w, https:\/\/www.fidesco-international.org\/be\/wp-content\/uploads\/sites\/4\/2014\/07\/Guinee-Fred.jpg 770w\" sizes=\"auto, (max-width: 100px) 100vw, 100px\" \/><\/a><a href=\"https:\/\/www.fidesco-international.org\/be\/wp-content\/uploads\/sites\/4\/2014\/07\/BRESIL-coordi-projet-social-copyright-FIDESCO.jpg\"><img loading=\"lazy\" decoding=\"async\" class=\"alignnone wp-image-519\" src=\"https:\/\/www.fidesco-international.org\/be\/wp-content\/uploads\/sites\/4\/2014\/07\/BRESIL-coordi-projet-social-copyright-FIDESCO-300x200.jpg\" alt=\"BRESIL coordi projet social - copyright FIDESCO\" width=\"100\" height=\"67\" srcset=\"https:\/\/www.fidesco-international.org\/be\/wp-content\/uploads\/sites\/4\/2014\/07\/BRESIL-coordi-projet-social-copyright-FIDESCO-300x200.jpg 300w, https:\/\/www.fidesco-international.org\/be\/wp-content\/uploads\/sites\/4\/2014\/07\/BRESIL-coordi-projet-social-copyright-FIDESCO-100x66.jpg 100w, https:\/\/www.fidesco-international.org\/be\/wp-content\/uploads\/sites\/4\/2014\/07\/BRESIL-coordi-projet-social-copyright-FIDESCO.jpg 770w\" sizes=\"auto, (max-width: 100px) 100vw, 100px\" \/><\/a><a href=\"https:\/\/www.fidesco-international.org\/be\/wp-content\/uploads\/sites\/4\/2014\/07\/Guinee-Infirmere-3.jpg\"><img loading=\"lazy\" decoding=\"async\" class=\"alignnone wp-image-520\" src=\"https:\/\/www.fidesco-international.org\/be\/wp-content\/uploads\/sites\/4\/2014\/07\/Guinee-Infirmere-3-300x199.jpg\" alt=\"Guin\u00e9e - Infirm\u00e8re 3\" width=\"100\" height=\"66\" srcset=\"https:\/\/www.fidesco-international.org\/be\/wp-content\/uploads\/sites\/4\/2014\/07\/Guinee-Infirmere-3-300x199.jpg 300w, https:\/\/www.fidesco-international.org\/be\/wp-content\/uploads\/sites\/4\/2014\/07\/Guinee-Infirmere-3-100x66.jpg 100w, https:\/\/www.fidesco-international.org\/be\/wp-content\/uploads\/sites\/4\/2014\/07\/Guinee-Infirmere-3.jpg 770w\" sizes=\"auto, (max-width: 100px) 100vw, 100px\" \/><\/a><\/p>\n","protected":false},"excerpt":{"rendered":"<p>Vous pouvez faire un don \u00e0 Fidesco-Belgique asbl sur le num\u00e9ro de compte suivant : FIDESCO-Belgique asbl IBAN : BE76310065020095 BIC : BBRUBEBB Communication: soit don g\u00e9n\u00e9ral pour Fidesco (r\u00e9gulier ou ponctuel), soit nom du coop\u00e9rant, soit nom du projet + num\u00e9ro de registre national Exon\u00e9ration fiscale pour tout don cumul\u00e9 sup\u00e9rieur \u00e0 40\u20ac par [&hellip;]<\/p>\n","protected":false},"author":11,"featured_media":0,"parent":0,"menu_order":0,"comment_status":"closed","ping_status":"open","template":"","meta":{"footnotes":""},"class_list":["post-537","page","type-page","status-publish","hentry"],"acf":[],"_links":{"self":[{"href":"https:\/\/www.fidesco-international.org\/be\/wp-json\/wp\/v2\/pages\/537","targetHints":{"allow":["GET"]}}],"collection":[{"href":"https:\/\/www.fidesco-international.org\/be\/wp-json\/wp\/v2\/pages"}],"about":[{"href":"https:\/\/www.fidesco-international.org\/be\/wp-json\/wp\/v2\/types\/page"}],"author":[{"embeddable":true,"href":"https:\/\/www.fidesco-international.org\/be\/wp-json\/wp\/v2\/users\/11"}],"replies":[{"embeddable":true,"href":"https:\/\/www.fidesco-international.org\/be\/wp-json\/wp\/v2\/comments?post=537"}],"version-history":[{"count":5,"href":"https:\/\/www.fidesco-international.org\/be\/wp-json\/wp\/v2\/pages\/537\/revisions"}],"predecessor-version":[{"id":2428,"href":"https:\/\/www.fidesco-international.org\/be\/wp-json\/wp\/v2\/pages\/537\/revisions\/2428"}],"wp:attachment":[{"href":"https:\/\/www.fidesco-international.org\/be\/wp-json\/wp\/v2\/media?parent=537"}],"curies":[{"name":"wp","href":"https:\/\/api.w.org\/{rel}","templated":true}]}}