{"id":641,"date":"2014-09-05T09:55:39","date_gmt":"2014-09-05T07:55:39","guid":{"rendered":"http:\/\/www.fidesco-international.org\/be\/?page_id=641"},"modified":"2021-05-21T14:30:32","modified_gmt":"2021-05-21T12:30:32","slug":"les-volontaires-sur-le-terrain","status":"publish","type":"page","link":"https:\/\/www.fidesco-international.org\/be\/volontaires-en-mission\/les-volontaires-sur-le-terrain\/","title":{"rendered":"VOLONTAIRES SUR LE TERRAIN"},"content":{"rendered":"<div class=\"su-note\"  style=\"border-color:#7f1900;border-radius:3px;-moz-border-radius:3px;-webkit-border-radius:3px;\"><div class=\"su-note-inner su-u-clearfix su-u-trim\" style=\"background-color:#930;border-color:#ffffcc;color:#FFFFFF;border-radius:3px;-moz-border-radius:3px;-webkit-border-radius:3px;\">NOS VOLONTAIRES<\/div><\/div>\n<p>Aujourd\u2019hui pr\u00e8s de<strong> 170 volontaires sont r\u00e9partis dans 23 pays.<\/strong><br \/>\nLa majorit\u00e9 des volontaires sont des c\u00e9libataires, mais il y a \u00e9galement des couples et des familles. Ils ont entre 21 et 68 ans, et sont \u00e0 tous les stades de leur vie : depuis l\u2019ann\u00e9e de c\u00e9sure \u00e9tudiante jusqu\u2019\u00e0 la retraite. Leur moyenne d\u2019\u00e2ge est de 32 ans. Ils sont majoritairement fran\u00e7ais, mais viennent aussi d\u2019autres pays (Belgique, Pays-Bas, Portugal, Pologne, Allemagne, \u00c9tats-Unis\u2026).<\/p>\n<p><strong>Actuellement 4 volontaires belges sont sur le terrain<\/strong><\/p>\n<p>Sur cette page vous trouverez tous<strong> les volontaires belges<\/strong> qui sont maintenant sur le terrain, <strong>les volontaires qui sont partis avec Fidesco-Belgique<\/strong>, plus <strong>les volontaires soutenus par des donateurs belges.<\/strong><\/p>\n","protected":false},"excerpt":{"rendered":"<p>Aujourd\u2019hui pr\u00e8s de 170 volontaires sont r\u00e9partis dans 23 pays. La majorit\u00e9 des volontaires sont des c\u00e9libataires, mais il y a \u00e9galement des couples et des familles. Ils ont entre 21 et 68 ans, et sont \u00e0 tous les stades de leur vie : depuis l\u2019ann\u00e9e de c\u00e9sure \u00e9tudiante jusqu\u2019\u00e0 la retraite. Leur moyenne d\u2019\u00e2ge [&hellip;]<\/p>\n","protected":false},"author":11,"featured_media":0,"parent":48,"menu_order":0,"comment_status":"closed","ping_status":"open","template":"page-templates\/page-vol.php","meta":{"footnotes":""},"class_list":["post-641","page","type-page","status-publish","hentry"],"acf":[],"_links":{"self":[{"href":"https:\/\/www.fidesco-international.org\/be\/wp-json\/wp\/v2\/pages\/641","targetHints":{"allow":["GET"]}}],"collection":[{"href":"https:\/\/www.fidesco-international.org\/be\/wp-json\/wp\/v2\/pages"}],"about":[{"href":"https:\/\/www.fidesco-international.org\/be\/wp-json\/wp\/v2\/types\/page"}],"author":[{"embeddable":true,"href":"https:\/\/www.fidesco-international.org\/be\/wp-json\/wp\/v2\/users\/11"}],"replies":[{"embeddable":true,"href":"https:\/\/www.fidesco-international.org\/be\/wp-json\/wp\/v2\/comments?post=641"}],"version-history":[{"count":7,"href":"https:\/\/www.fidesco-international.org\/be\/wp-json\/wp\/v2\/pages\/641\/revisions"}],"predecessor-version":[{"id":2114,"href":"https:\/\/www.fidesco-international.org\/be\/wp-json\/wp\/v2\/pages\/641\/revisions\/2114"}],"up":[{"embeddable":true,"href":"https:\/\/www.fidesco-international.org\/be\/wp-json\/wp\/v2\/pages\/48"}],"wp:attachment":[{"href":"https:\/\/www.fidesco-international.org\/be\/wp-json\/wp\/v2\/media?parent=641"}],"curies":[{"name":"wp","href":"https:\/\/api.w.org\/{rel}","templated":true}]}}