{"id":695,"date":"2014-09-11T11:00:42","date_gmt":"2014-09-11T09:00:42","guid":{"rendered":"http:\/\/www.fidesco-international.org\/be\/?page_id=695"},"modified":"2020-06-05T10:16:39","modified_gmt":"2020-06-05T08:16:39","slug":"journee-decouverte","status":"publish","type":"page","link":"https:\/\/www.fidesco-international.org\/be\/actualite\/journee-decouverte\/","title":{"rendered":"JOURN\u00c9ES D\u00c9COUVERTES"},"content":{"rendered":"<p style=\"text-align: center\"><strong><span class=\"su-highlight\" style=\"background:#fdf97a;color:#000000\">&nbsp; La prochaine journ\u00e9e d\u00e9couverte en Belgique se d\u00e9roulera en 2021 : Inscrivez-vous pour y participer et d\u00e9couvrir la mission Fidesco \ud83d\ude42 &nbsp;<\/span>\n<\/strong><\/p>\n<hr \/>\n<div id=\"primary\" class=\"left-side-content span8\">\n<article id=\"post-1683\" class=\"post-1683 event type-event status-publish has-post-thumbnail hentry event-venue-maison-de-la-providence\">\n<div class=\"content\">\n<div class=\"eventorganiser-event-meta\">Intrigu\u00e9 par la mission Fidesco? Vous souhaiteriez en savoir plus?<\/div>\n<p>Rejoignez-nous lors d\u2019une journ\u00e9e d\u00e9couverte!<\/p>\n<ul>\n<li>Vivre un moment de convivialit\u00e9 et d\u2019\u00e9changes<\/li>\n<li>Rencontrer l\u2019\u00e9quipe Fidesco<\/li>\n<li>Rencontrer les anciens volontaires et d\u00e9couvrir leurs t\u00e9moignages<\/li>\n<li>Recevoir les premiers \u00e9l\u00e9ments de la formation Fidesco<\/li>\n<li>Recevoir des outils de discernement pour nourrir sa r\u00e9flexion<\/li>\n<li>Poser tout ses questions<\/li>\n<\/ul>\n<p>Cela concerne qui?\u00a0 Jeunes, retrait\u00e9s, familles, c\u00e9libataires, jeunes mari\u00e9s,\u2026\u00a0Toute personne d\u00e9sireuse d\u2019en savoir plus sur Fidesco!<\/p>\n<p>N\u2019h\u00e9sitez pas \u00e0 vous\u2019inscrire\u00a0<a href=\"https:\/\/www.fidesco-international.org\/be\/formulaire-de-contact\/\"><strong>ICI!<\/strong><\/a>\u00a0 en pr\u00e9cisant \u00e0 quelle journ\u00e9e d\u00e9couverte vous souhaitez participer!<\/p>\n<p><strong>Prochaines dates:<\/strong><\/p>\n<p><strong>Louvain-La-Neuve\u00a0<\/strong><\/p>\n<ul>\n<li>A venir en 2021<\/li>\n<\/ul>\n<p><strong>\u00a0PARIS<\/strong><\/p>\n<ul>\n<li>A venir en 2021<\/li>\n<\/ul>\n<p><strong>VOORHOUT<\/strong>\u00a0(NL)<\/p>\n<ul>\n<li>A venir en 2021<\/li>\n<\/ul>\n<\/div>\n<\/article>\n<\/div>\n<p>&nbsp;<\/p>\n<p>&nbsp;<\/p>\n","protected":false},"excerpt":{"rendered":"<p>Intrigu\u00e9 par la mission Fidesco? Vous souhaiteriez en savoir plus? Rejoignez-nous lors d\u2019une journ\u00e9e d\u00e9couverte! Vivre un moment de convivialit\u00e9 et d\u2019\u00e9changes Rencontrer l\u2019\u00e9quipe Fidesco Rencontrer les anciens volontaires et d\u00e9couvrir leurs t\u00e9moignages Recevoir les premiers \u00e9l\u00e9ments de la formation Fidesco Recevoir des outils de discernement pour nourrir sa r\u00e9flexion Poser tout ses questions Cela [&hellip;]<\/p>\n","protected":false},"author":11,"featured_media":1297,"parent":80,"menu_order":0,"comment_status":"closed","ping_status":"closed","template":"","meta":{"footnotes":""},"class_list":["post-695","page","type-page","status-publish","has-post-thumbnail","hentry"],"acf":[],"_links":{"self":[{"href":"https:\/\/www.fidesco-international.org\/be\/wp-json\/wp\/v2\/pages\/695","targetHints":{"allow":["GET"]}}],"collection":[{"href":"https:\/\/www.fidesco-international.org\/be\/wp-json\/wp\/v2\/pages"}],"about":[{"href":"https:\/\/www.fidesco-international.org\/be\/wp-json\/wp\/v2\/types\/page"}],"author":[{"embeddable":true,"href":"https:\/\/www.fidesco-international.org\/be\/wp-json\/wp\/v2\/users\/11"}],"replies":[{"embeddable":true,"href":"https:\/\/www.fidesco-international.org\/be\/wp-json\/wp\/v2\/comments?post=695"}],"version-history":[{"count":52,"href":"https:\/\/www.fidesco-international.org\/be\/wp-json\/wp\/v2\/pages\/695\/revisions"}],"predecessor-version":[{"id":1962,"href":"https:\/\/www.fidesco-international.org\/be\/wp-json\/wp\/v2\/pages\/695\/revisions\/1962"}],"up":[{"embeddable":true,"href":"https:\/\/www.fidesco-international.org\/be\/wp-json\/wp\/v2\/pages\/80"}],"wp:featuredmedia":[{"embeddable":true,"href":"https:\/\/www.fidesco-international.org\/be\/wp-json\/wp\/v2\/media\/1297"}],"wp:attachment":[{"href":"https:\/\/www.fidesco-international.org\/be\/wp-json\/wp\/v2\/media?parent=695"}],"curies":[{"name":"wp","href":"https:\/\/api.w.org\/{rel}","templated":true}]}}