{"id":737,"date":"2014-09-11T12:55:57","date_gmt":"2014-09-11T10:55:57","guid":{"rendered":"http:\/\/www.fidesco-international.org\/be\/?page_id=737"},"modified":"2014-11-06T23:28:04","modified_gmt":"2014-11-06T21:28:04","slug":"un-prix-pour-lecole-saint-joseph-artisan","status":"publish","type":"page","link":"https:\/\/www.fidesco-international.org\/be\/un-prix-pour-lecole-saint-joseph-artisan\/","title":{"rendered":"Un prix pour l\u2019\u00e9cole Saint Joseph Artisan"},"content":{"rendered":"<div class=\"su-row\">\n<div class=\"su-column su-column-size-1-3\">\n<div class=\"su-column-inner su-clearfix\">\n<p style=\"text-align: justify\"><strong>Ce jeudi 5 juin, l\u2019\u00e9cole Saint Joseph Artisan d\u2019Ha\u00efti a remport\u00e9 la deuxi\u00e8me place du concours scientifique \u00ab\u00a0la science au service de l\u2019environnement et de la communaut\u00e9\u00a0\u00bb, propos\u00e9 par l\u2019ONG DEFI en lien avec le Minist\u00e8re de l\u2019Environnement Ha\u00eftien.<\/strong><\/p>\n<p>&nbsp;<\/p>\n<p style=\"text-align: justify\">L\u2019\u00e9cole, inaugur\u00e9e en 2012, accueille depuis janvier 2013 une cinquantaine\u00a0d\u2019\u00e9l\u00e8ves r\u00e9partis dans trois formations en \u00e9lectricit\u00e9, en informatique ou en plomberie. Il y a quelques temps, le professeur d\u2019\u00e9lectricit\u00e9 et volontaire Fidesco Jonathan Willems a lanc\u00e9 un projet\u00a0de cr\u00e9ation de lampes rechargeables \u00e0 partir de mat\u00e9riaux de r\u00e9cup\u00e9ration. Soutenu par toute l\u2019\u00e9quipe de direction, il a travaill\u00e9 \u00e0 la production de cette lampe originale avec ses \u00e9l\u00e8ves.<\/p>\n<p style=\"text-align: justify\">\n<\/div>\n<\/div>\n<div class=\"su-column su-column-size-1-3\">\n<div class=\"su-column-inner su-clearfix\">\n<p style=\"text-align: justify\">Dans le m\u00eame temps, l\u2019ONG DEFI, en lien avec le minist\u00e8re de l\u2019environnement, a propos\u00e9 un concours scientifique national \u00ab\u00a0La science au service de l\u2019environnement et de la communaut\u00e9\u00a0\u00bb. Les projets devaient \u00eatre au service de la protection de l\u2019environnement et du d\u00e9veloppement communautaire, avoir une composante scientifique, \u00eatre de moindre co\u00fbt et \u00e0 caract\u00e8re innovant.<a href=\"http:\/\/www.fidesco.fr\/wp-content\/uploads\/2014\/06\/illustration-lunion-fait-la-force1.png\" rel=\"nofollow noopener\" target=\"_blank\"><img loading=\"lazy\" decoding=\"async\" class=\"alignright wp-image-1275 size-medium\" src=\"http:\/\/www.fidesco.fr\/wp-content\/uploads\/2014\/06\/illustration-lunion-fait-la-force1-227x300.png\" alt=\"illustration l'union fait la force\" width=\"227\" height=\"300\" \/><\/a><\/p>\n<\/div>\n<\/div>\n<div class=\"su-column su-column-size-1-3\">\n<div class=\"su-column-inner su-clearfix\">\n<p style=\"text-align: justify\">Le projet initi\u00e9 par Jonathan a \u00e9t\u00e9 pr\u00e9sent\u00e9 par Stanley et Jean-Edler, deux \u00e9l\u00e8ves particuli\u00e8rement motiv\u00e9s, au nom de l\u2019\u00e9cole Saint Joseph. A l\u2019issue de la premi\u00e8re s\u00e9lection, seul cinq projets ont \u00e9t\u00e9 retenus, dont celui-ci. La deuxi\u00e8me partie du concours \u00e9valuait la capacit\u00e9 \u00e0 d\u00e9fendre le projet et a mobilis\u00e9 toute l\u2019\u00e9cole \u00e0 travers des s\u00e9ances de r\u00e9p\u00e9tition et de critiques constructives, les \u00e9l\u00e8ves comme les professeurs \u00e9tant transform\u00e9s en supporters-managers de leurs 2 camarades.<\/p>\n<p style=\"text-align: justify\">La finale a eu lieu jeudi 5 juin, lors de la journ\u00e9e mondiale de l\u2019environnement. A la grande joie de toute l\u2019\u00e9cole, le projet a obtenu la deuxi\u00e8me place apr\u00e8s un projet de reboisement de la fondation Martelli. Stanley et Jean-Edler ont remport\u00e9 une bourse d\u2019\u00e9tude d\u2019une valeur de 3\u00a0000 US$ et divers autres cadeaux dont un home cin\u00e9ma pour l\u2019\u00e9cole. Ce f\u00fbt une tr\u00e8s grande joie pour eux et une grande satisfaction pour toute l\u2019\u00e9quipe de direction\u00a0!<\/p>\n<p>&nbsp;<\/p>\n<\/div>\n<\/div>\n<\/div>\n","protected":false},"excerpt":{"rendered":"<p>Ce jeudi 5 juin, l\u2019\u00e9cole Saint Joseph Artisan d\u2019Ha\u00efti a remport\u00e9 la deuxi\u00e8me place du concours scientifique \u00ab\u00a0la science au service de l\u2019environnement et de la communaut\u00e9\u00a0\u00bb, propos\u00e9 par l\u2019ONG DEFI en lien avec le Minist\u00e8re de l\u2019Environnement Ha\u00eftien. &nbsp; L\u2019\u00e9cole, inaugur\u00e9e en 2012, accueille depuis janvier 2013 une cinquantaine\u00a0d\u2019\u00e9l\u00e8ves r\u00e9partis dans trois formations en [&hellip;]<\/p>\n","protected":false},"author":11,"featured_media":729,"parent":0,"menu_order":0,"comment_status":"closed","ping_status":"open","template":"","meta":{"footnotes":""},"class_list":["post-737","page","type-page","status-publish","has-post-thumbnail","hentry"],"acf":[],"_links":{"self":[{"href":"https:\/\/www.fidesco-international.org\/be\/wp-json\/wp\/v2\/pages\/737","targetHints":{"allow":["GET"]}}],"collection":[{"href":"https:\/\/www.fidesco-international.org\/be\/wp-json\/wp\/v2\/pages"}],"about":[{"href":"https:\/\/www.fidesco-international.org\/be\/wp-json\/wp\/v2\/types\/page"}],"author":[{"embeddable":true,"href":"https:\/\/www.fidesco-international.org\/be\/wp-json\/wp\/v2\/users\/11"}],"replies":[{"embeddable":true,"href":"https:\/\/www.fidesco-international.org\/be\/wp-json\/wp\/v2\/comments?post=737"}],"version-history":[{"count":5,"href":"https:\/\/www.fidesco-international.org\/be\/wp-json\/wp\/v2\/pages\/737\/revisions"}],"predecessor-version":[{"id":2289,"href":"https:\/\/www.fidesco-international.org\/be\/wp-json\/wp\/v2\/pages\/737\/revisions\/2289"}],"wp:featuredmedia":[{"embeddable":true,"href":"https:\/\/www.fidesco-international.org\/be\/wp-json\/wp\/v2\/media\/729"}],"wp:attachment":[{"href":"https:\/\/www.fidesco-international.org\/be\/wp-json\/wp\/v2\/media?parent=737"}],"curies":[{"name":"wp","href":"https:\/\/api.w.org\/{rel}","templated":true}]}}