{"id":761,"date":"2014-09-12T11:26:21","date_gmt":"2014-09-12T09:26:21","guid":{"rendered":"http:\/\/www.fidesco-international.org\/be\/?page_id=761"},"modified":"2024-05-31T11:23:26","modified_gmt":"2024-05-31T09:23:26","slug":"attestation-fiscale","status":"publish","type":"page","link":"https:\/\/www.fidesco-international.org\/be\/attestation-fiscale\/","title":{"rendered":"Attestation Fiscale"},"content":{"rendered":"<h1><span style=\"color: #ff0000\">Attention, nouvelle r\u00e8gle depuis janvier 2024<\/span>: le num\u00e9ro de registre national DOIT \u00eatre renseign\u00e9 pour avoir droit \u00e0 la d\u00e9ductibilit\u00e9 fiscale!<\/h1>\n<h2><strong>1. Quel est le montant minimal pour lequel je peux obtenir une attestation fiscale ?\u00a0<\/strong><\/h2>\n<p>Si le montant total de votre don \u00e0 une m\u00eame organisation, sur l\u2019ann\u00e9e enti\u00e8re, est de plus de 40 Euro, vous avez droit \u00e0 une attestation fiscale. Une attestation fiscale vous permet de d\u00e9duire le montant de votre don de votre revenu imposable brut.<\/p>\n<h2><strong>2. Que dois-je faire des attestations fiscales re\u00e7ues ?<\/strong><\/h2>\n<p>Vous pouvez joindre les attestations fiscales \u00e0 votre d\u00e9claration fiscale. Si vous utilisez Tax on Web, il suffit de les conserver.<\/p>\n<h2><strong>3. Quand est-ce que je re\u00e7ois mon attestation ?<\/strong><\/h2>\n<p>L\u2019attestation est envoy\u00e9e l\u2019ann\u00e9e APRES le(s) don(s), fin f\u00e9vrier ou d\u00e9but mars. Au m\u00eame moment, l\u2019organisation introduit l\u2019attestation par voie \u00e9lectronique, de sorte qu\u2019elle sera propos\u00e9e dans votre d\u00e9claration fiscale.<\/p>\n<h2><strong>4. Qui est-ce qui re\u00e7oit une attestation fiscale ?<\/strong><\/h2>\n<p>L\u2019attestation fiscale est envoy\u00e9e par l\u2019organisme agr\u00e9\u00e9e \u00e0 l\u2019adresse postale de la personne qui a fait le don..<\/p>\n<h2><strong>5. Comment l\u2019organisme a-t-il obtenu mon adresse ?<\/strong><\/h2>\n<p>Dans le cas d\u2019un virement, vos coordonn\u00e9es ont \u00e9t\u00e9 communiqu\u00e9es par votre banque. Dans le cas d\u2019un don en esp\u00e8ces, l\u2019information vous est demand\u00e9e directement.<\/p>\n<h2><strong>6. De qui puis-je recevoir une attestation fiscale pour un don ?<\/strong><\/h2>\n<p>Seules les institutions agr\u00e9\u00e9es par le Minist\u00e8re des Finances ou d\u00e9sign\u00e9es dans la loi ont le droit d\u2019\u00e9mettre des attestations fiscales.<\/p>\n<h5>FIDESCO-BELGIQUE est habilit\u00e9 par le Minist\u00e8re des Finances \u00e0 d\u00e9livrer des attestations fiscales<\/h5>\n<p>&nbsp;<\/p>\n<h2><strong>7. Pourquoi certaines institutions peuvent-elles \u00e9mettre des attestations fiscales est d\u2019autres non ?<\/strong><\/h2>\n<p>Elles ont \u00e9t\u00e9 agr\u00e9\u00e9es par le Minist\u00e8re des Finances.<\/p>\n","protected":false},"excerpt":{"rendered":"<p>Attention, nouvelle r\u00e8gle depuis janvier 2024: le num\u00e9ro de registre national DOIT \u00eatre renseign\u00e9 pour avoir droit \u00e0 la d\u00e9ductibilit\u00e9 fiscale! 1. Quel est le montant minimal pour lequel je peux obtenir une attestation fiscale ?\u00a0 Si le montant total de votre don \u00e0 une m\u00eame organisation, sur l\u2019ann\u00e9e enti\u00e8re, est de plus de 40 [&hellip;]<\/p>\n","protected":false},"author":11,"featured_media":0,"parent":0,"menu_order":0,"comment_status":"closed","ping_status":"open","template":"","meta":{"footnotes":""},"class_list":["post-761","page","type-page","status-publish","hentry"],"acf":[],"_links":{"self":[{"href":"https:\/\/www.fidesco-international.org\/be\/wp-json\/wp\/v2\/pages\/761","targetHints":{"allow":["GET"]}}],"collection":[{"href":"https:\/\/www.fidesco-international.org\/be\/wp-json\/wp\/v2\/pages"}],"about":[{"href":"https:\/\/www.fidesco-international.org\/be\/wp-json\/wp\/v2\/types\/page"}],"author":[{"embeddable":true,"href":"https:\/\/www.fidesco-international.org\/be\/wp-json\/wp\/v2\/users\/11"}],"replies":[{"embeddable":true,"href":"https:\/\/www.fidesco-international.org\/be\/wp-json\/wp\/v2\/comments?post=761"}],"version-history":[{"count":8,"href":"https:\/\/www.fidesco-international.org\/be\/wp-json\/wp\/v2\/pages\/761\/revisions"}],"predecessor-version":[{"id":2420,"href":"https:\/\/www.fidesco-international.org\/be\/wp-json\/wp\/v2\/pages\/761\/revisions\/2420"}],"wp:attachment":[{"href":"https:\/\/www.fidesco-international.org\/be\/wp-json\/wp\/v2\/media?parent=761"}],"curies":[{"name":"wp","href":"https:\/\/api.w.org\/{rel}","templated":true}]}}