{"id":778,"date":"2014-09-12T12:33:14","date_gmt":"2014-09-12T10:33:14","guid":{"rendered":"http:\/\/www.fidesco-international.org\/be\/?page_id=778"},"modified":"2024-05-31T11:17:01","modified_gmt":"2024-05-31T09:17:01","slug":"nous-soutenir","status":"publish","type":"page","link":"https:\/\/www.fidesco-international.org\/be\/nous-soutenir\/","title":{"rendered":"Nous soutenir"},"content":{"rendered":"<h1><strong>Fidesco vit essentiellement de votre don<br \/>\n<\/strong><\/h1>\n<p>C\u2019est gr\u00e2ce \u00e0 votre soutien que Fidesco existe et continue d\u2019exister. Nos donateurs nous permettent de financer le recrutement, la formation et l\u2019appui aux volontaires Fidesco. Ils nous permettent aussi de financer les activit\u00e9s et les projets propres de Fidesco sur le terrain.La pr\u00e9sence et l\u2019engagement des volontaires Fidesco aupr\u00e8s des populations les plus pauvres d\u00e9pendent directement de vous. Les volontaires mettent leurs comp\u00e9tences au service du bien de nos fr\u00e8res d\u00e9munis. Aussi, les demandes de volontaires de la part de nos partenaires affluent, mais cela ne se fera pas sans vous\u00a0!\u00a0<strong>Votre g\u00e9n\u00e9rosit\u00e9 compte autant que la leur\u00a0!\u00a0<\/strong>Une r\u00e9ponse concr\u00e8te \u00e0 la pauvret\u00e9 ? \u2026 votre don\u00a0!<\/p>\n<p>&nbsp;<\/p>\n<h1><strong>Comment nous aider\u00a0?<\/strong><\/h1>\n<p>Faites un don \u00e0 Fidesco et recevez\u00a0 un bulletin semestriel \u00ab\u00a0le Courrier des missions\u00a0\u00bb qui vous donne des nouvelles des autres missions, des projets de Fidesco et des volontaires belges.<\/p>\n<h4 style=\"text-align: left\"><strong><span style=\"color: #000000\">Vous pouvez faire un don \u00e0 Fidesco-Belgique asbl sur le num\u00e9ro de compte suivant (en pr\u00e9cisant votre num\u00e9ro de registre national!) :<\/span><\/strong><\/h4>\n<p style=\"text-align: left\"><strong>FIDESCO-Belgique<\/strong><br \/>\n<strong>IBAN : BE76310065020095<\/strong><br \/>\n<strong>BIC : BBRUBEBB<\/strong><\/p>\n<p>&nbsp;<\/p>\n<h1><strong>Parrainez les volontaires<\/strong><\/h1>\n<p style=\"text-align: justify\"><strong>140 volontaires Fidesco dont 6 volontaires belges<\/strong>\u00a0 agissent en ce moment partout dans le monde. Ils mettent leurs comp\u00e9tences au sein de projets de d\u00e9veloppement au service des populations locales. Ces projets sont toujours port\u00e9s par un partenaire local \u00e0 l\u2019initiative de l\u2019Eglise Catholique du pays.<\/p>\n<p style=\"text-align: justify\">Chacun selon son talent, ils servent comme enseignants, m\u00e9decins, \u00e9ducateurs, conseillers agricoles etc \u2026 au Br\u00e9sil, en Isra\u00ebl, au Cameroun, en Indon\u00e9sie\u00a0et bien d\u2019autres\u2026<\/p>\n<p style=\"text-align: justify\"><strong>En parrainant les volontaires, vous participez vous aussi\u00a0au d\u00e9veloppement :<\/strong> conseiller, accompagner, former, transmettre, soigner. Vos dons permettent cette solidarit\u00e9 pour r\u00e9conforter ceux qui peinent.<\/p>\n<p>&nbsp;<\/p>\n<h1><strong>Comment parrainer un volontaire Fidesco?<\/strong><\/h1>\n<ol>\n<li>T\u00e9l\u00e9chargez votre <strong>bulletin de soutien<\/strong>\u00a0en\u00a0<strong><a href=\"https:\/\/www.fidesco-international.org\/be\/wp-content\/uploads\/sites\/4\/2021\/10\/Bulletin-de-don-Belgique-2021.pdf\" target=\"_blank\" rel=\"noopener noreferrer\">cliquant ici.<\/a><\/strong><\/li>\n<li>Envoyez-le compl\u00e9t\u00e9 \u00e0 l&rsquo;adresse\u00a0<strong><em style=\"letter-spacing: 0.3px\">contact@fidescobelgium.be<\/em><\/strong><span style=\"letter-spacing: 0.3px\">\u00a0pour commencer \u00e0 parrainer un volontaire.\u00a0<\/span><\/li>\n<li>Faites votre don via votre banque \u00e0 :<\/li>\n<\/ol>\n<p style=\"text-align: left\"><strong>FIDESCO-Belgique<\/strong><br \/>\n<strong>IBAN : BE76310065020095<\/strong><br \/>\n<strong>BIC : BBRUBEBB<\/strong><br \/>\n<strong>Communication: nom du volontaire + votre num\u00e9ro de registre national<\/strong><\/p>\n<p>&nbsp;<\/p>\n<h1>Soutenez un projet<\/h1>\n<p>Fidesco s\u2019engage sur de nombreux projets : orphelinats, \u00e9coles, reconstruction, accueil, \u00e9coute\u2026 \u00a0Faute de ressources, c\u2019est toujours pour nous un d\u00e9chirement de refuser la demande d\u2019un partenaire local.<\/p>\n<p>Votre soutien r\u00e9gulier nous permet de mettre en place des actions \u00e0 long terme en faveur des populations locales.<\/p>\n<p>D\u00e9couvrez nos projets en <strong><a href=\"https:\/\/www.fidesco-international.org\/be\/projets\/\">cliquant ici.\u00a0<\/a><\/strong><\/p>\n<p>Pour soutenir un projet:<\/p>\n<ol>\n<li>T\u00e9l\u00e9chargez votre <strong>bulletin de soutien<\/strong>\u00a0en\u00a0<a href=\"https:\/\/www.fidesco-international.org\/be\/wp-content\/uploads\/sites\/4\/2018\/04\/Bulletin-de-soutien-Projets-1.pdf\" target=\"_blank\" rel=\"noopener noreferrer\"><strong>cliquant ici.<\/strong><\/a><\/li>\n<li>Envoyez-le compl\u00e9t\u00e9 \u00e0 l&rsquo;adresse\u00a0<strong><em style=\"letter-spacing: 0.3px\">contact@fidescobelgium.be<\/em><\/strong><span style=\"letter-spacing: 0.3px\">\u00a0pour commencer \u00e0 soutenir un projet.\u00a0<\/span><\/li>\n<li>Faites votre don via votre banque \u00e0 :<\/li>\n<\/ol>\n<p style=\"text-align: left\"><strong>FIDESCO-Belgique<\/strong><br \/>\n<strong>IBAN : BE76310065020095<\/strong><br \/>\n<strong>BIC : BBRUBEBB<\/strong><br \/>\n<strong>Communication: nom du projet<\/strong><\/p>\n<p>&nbsp;<\/p>\n<h1>Vos avantages fiscaux<\/h1>\n<p>Vous recevez automatiquement votre attestation fiscale dans le courant du mois de mars si le total de vos dons vers\u00e9s l\u2019ann\u00e9e pr\u00e9c\u00e9dente \u00e0 une m\u00eame ASBL est \u00e9gal ou sup\u00e9rieur \u00e0 40\u20ac. Vous avez ainsi droit \u00e0 une r\u00e9duction forfaitaire d\u2019imp\u00f4ts de 45% du montant total de vos dons. Si vous avez des questions, n\u2019h\u00e9sitez pas \u00e0 nous contacter.<\/p>\n<p><a title=\"Attestation Fiscale\" href=\"https:\/\/www.fidesco-international.org\/be\/attestation-fiscale\/\">En savoir plus sur les attestations Fiscales<\/a><\/p>\n<h1><\/h1>\n<h1><strong>Vous avez une question concernant votre parrainage\u00a0?<\/strong><\/h1>\n<p><strong><br \/>\n<\/strong>Vous changez d\u2019\u00e9tablissement bancaire, vous d\u00e9m\u00e9nagez\u2026 Communiquez-nous vos nouvelles coordonn\u00e9es !<br \/>\nVous n\u2019avez pas obtenu votre re\u00e7u fiscal ?<br \/>\nPour toutes questions concernant votre soutien financier \u00e0 Fidesco, contactez nous par mail, t\u00e9l\u00e9phone ou via notre\u00a0<a title=\"Formulaire de contact\" href=\"https:\/\/www.fidesco-international.org\/be\/formulaire-de-contact\/\">Formulaire de contact<\/a>.<\/p>\n<p>&nbsp;<\/p>\n","protected":false},"excerpt":{"rendered":"<p>Fidesco vit essentiellement de votre don C\u2019est gr\u00e2ce \u00e0 votre soutien que Fidesco existe et continue d\u2019exister. Nos donateurs nous permettent de financer le recrutement, la formation et l\u2019appui aux volontaires Fidesco. Ils nous permettent aussi de financer les activit\u00e9s et les projets propres de Fidesco sur le terrain.La pr\u00e9sence et l\u2019engagement des volontaires Fidesco [&hellip;]<\/p>\n","protected":false},"author":11,"featured_media":1560,"parent":0,"menu_order":0,"comment_status":"closed","ping_status":"open","template":"","meta":{"footnotes":""},"class_list":["post-778","page","type-page","status-publish","has-post-thumbnail","hentry"],"acf":[],"_links":{"self":[{"href":"https:\/\/www.fidesco-international.org\/be\/wp-json\/wp\/v2\/pages\/778","targetHints":{"allow":["GET"]}}],"collection":[{"href":"https:\/\/www.fidesco-international.org\/be\/wp-json\/wp\/v2\/pages"}],"about":[{"href":"https:\/\/www.fidesco-international.org\/be\/wp-json\/wp\/v2\/types\/page"}],"author":[{"embeddable":true,"href":"https:\/\/www.fidesco-international.org\/be\/wp-json\/wp\/v2\/users\/11"}],"replies":[{"embeddable":true,"href":"https:\/\/www.fidesco-international.org\/be\/wp-json\/wp\/v2\/comments?post=778"}],"version-history":[{"count":24,"href":"https:\/\/www.fidesco-international.org\/be\/wp-json\/wp\/v2\/pages\/778\/revisions"}],"predecessor-version":[{"id":2418,"href":"https:\/\/www.fidesco-international.org\/be\/wp-json\/wp\/v2\/pages\/778\/revisions\/2418"}],"wp:featuredmedia":[{"embeddable":true,"href":"https:\/\/www.fidesco-international.org\/be\/wp-json\/wp\/v2\/media\/1560"}],"wp:attachment":[{"href":"https:\/\/www.fidesco-international.org\/be\/wp-json\/wp\/v2\/media?parent=778"}],"curies":[{"name":"wp","href":"https:\/\/api.w.org\/{rel}","templated":true}]}}