{"id":793,"date":"2014-09-16T11:07:55","date_gmt":"2014-09-16T09:07:55","guid":{"rendered":"http:\/\/www.fidesco-international.org\/be\/?page_id=793"},"modified":"2021-01-29T10:51:57","modified_gmt":"2021-01-29T08:51:57","slug":"parrainer-un-volontaire-2","status":"publish","type":"page","link":"https:\/\/www.fidesco-international.org\/be\/parrainer-un-volontaire-2\/","title":{"rendered":"PARRAINER UN VOLONTAIRE"},"content":{"rendered":"<p>&nbsp;<\/p>\n<p>&nbsp;<\/p>\n<p><a href=\"https:\/\/www.fidesco-international.org\/be\/wp-content\/uploads\/sites\/4\/2020\/12\/DE-MAUPEOU-130.jpg\"><img loading=\"lazy\" decoding=\"async\" class=\"alignnone wp-image-2068\" src=\"https:\/\/www.fidesco-international.org\/be\/wp-content\/uploads\/sites\/4\/2020\/12\/DE-MAUPEOU-130-300x300.jpg\" alt=\"\" width=\"182\" height=\"182\" srcset=\"https:\/\/www.fidesco-international.org\/be\/wp-content\/uploads\/sites\/4\/2020\/12\/DE-MAUPEOU-130-300x300.jpg 300w, https:\/\/www.fidesco-international.org\/be\/wp-content\/uploads\/sites\/4\/2020\/12\/DE-MAUPEOU-130-150x150.jpg 150w, https:\/\/www.fidesco-international.org\/be\/wp-content\/uploads\/sites\/4\/2020\/12\/DE-MAUPEOU-130-270x270.jpg 270w, https:\/\/www.fidesco-international.org\/be\/wp-content\/uploads\/sites\/4\/2020\/12\/DE-MAUPEOU-130-100x100.jpg 100w, https:\/\/www.fidesco-international.org\/be\/wp-content\/uploads\/sites\/4\/2020\/12\/DE-MAUPEOU-130.jpg 369w\" sizes=\"auto, (max-width: 182px) 100vw, 182px\" \/><\/a> <a href=\"https:\/\/www.fidesco-international.org\/be\/wp-content\/uploads\/sites\/4\/2020\/12\/VERCOUILLIE-_Therese_130x130-2.jpg\"><img loading=\"lazy\" decoding=\"async\" class=\"alignnone wp-image-2070\" src=\"https:\/\/www.fidesco-international.org\/be\/wp-content\/uploads\/sites\/4\/2020\/12\/VERCOUILLIE-_Therese_130x130-2-300x300.jpg\" alt=\"\" width=\"182\" height=\"182\" srcset=\"https:\/\/www.fidesco-international.org\/be\/wp-content\/uploads\/sites\/4\/2020\/12\/VERCOUILLIE-_Therese_130x130-2-300x300.jpg 300w, https:\/\/www.fidesco-international.org\/be\/wp-content\/uploads\/sites\/4\/2020\/12\/VERCOUILLIE-_Therese_130x130-2-150x150.jpg 150w, https:\/\/www.fidesco-international.org\/be\/wp-content\/uploads\/sites\/4\/2020\/12\/VERCOUILLIE-_Therese_130x130-2-270x270.jpg 270w, https:\/\/www.fidesco-international.org\/be\/wp-content\/uploads\/sites\/4\/2020\/12\/VERCOUILLIE-_Therese_130x130-2-100x100.jpg 100w, https:\/\/www.fidesco-international.org\/be\/wp-content\/uploads\/sites\/4\/2020\/12\/VERCOUILLIE-_Therese_130x130-2.jpg 455w\" sizes=\"auto, (max-width: 182px) 100vw, 182px\" \/><\/a><a href=\"https:\/\/www.fidesco-international.org\/be\/wp-content\/uploads\/sites\/4\/2020\/12\/Claudia_et_Christophe_DESLOOVER_10-2-scaled.jpg\">\u00a0<img loading=\"lazy\" decoding=\"async\" class=\"alignnone wp-image-2067\" src=\"https:\/\/www.fidesco-international.org\/be\/wp-content\/uploads\/sites\/4\/2020\/12\/Claudia_et_Christophe_DESLOOVER_10-2-300x300.jpg\" alt=\"\" width=\"183\" height=\"183\" srcset=\"https:\/\/www.fidesco-international.org\/be\/wp-content\/uploads\/sites\/4\/2020\/12\/Claudia_et_Christophe_DESLOOVER_10-2-300x300.jpg 300w, https:\/\/www.fidesco-international.org\/be\/wp-content\/uploads\/sites\/4\/2020\/12\/Claudia_et_Christophe_DESLOOVER_10-2-1024x1024.jpg 1024w, https:\/\/www.fidesco-international.org\/be\/wp-content\/uploads\/sites\/4\/2020\/12\/Claudia_et_Christophe_DESLOOVER_10-2-150x150.jpg 150w, https:\/\/www.fidesco-international.org\/be\/wp-content\/uploads\/sites\/4\/2020\/12\/Claudia_et_Christophe_DESLOOVER_10-2-768x768.jpg 768w, https:\/\/www.fidesco-international.org\/be\/wp-content\/uploads\/sites\/4\/2020\/12\/Claudia_et_Christophe_DESLOOVER_10-2-1536x1536.jpg 1536w, https:\/\/www.fidesco-international.org\/be\/wp-content\/uploads\/sites\/4\/2020\/12\/Claudia_et_Christophe_DESLOOVER_10-2-2048x2048.jpg 2048w, https:\/\/www.fidesco-international.org\/be\/wp-content\/uploads\/sites\/4\/2020\/12\/Claudia_et_Christophe_DESLOOVER_10-2-270x270.jpg 270w, https:\/\/www.fidesco-international.org\/be\/wp-content\/uploads\/sites\/4\/2020\/12\/Claudia_et_Christophe_DESLOOVER_10-2-680x680.jpg 680w, https:\/\/www.fidesco-international.org\/be\/wp-content\/uploads\/sites\/4\/2020\/12\/Claudia_et_Christophe_DESLOOVER_10-2-100x100.jpg 100w\" sizes=\"auto, (max-width: 183px) 100vw, 183px\" \/><\/a> <a href=\"https:\/\/www.fidesco-international.org\/be\/wp-content\/uploads\/sites\/4\/2020\/12\/Therese_VAN_EYKEN_04-2-scaled.jpg\"><img loading=\"lazy\" decoding=\"async\" class=\"alignnone wp-image-2069\" src=\"https:\/\/www.fidesco-international.org\/be\/wp-content\/uploads\/sites\/4\/2020\/12\/Therese_VAN_EYKEN_04-2-300x300.jpg\" alt=\"\" width=\"182\" height=\"182\" srcset=\"https:\/\/www.fidesco-international.org\/be\/wp-content\/uploads\/sites\/4\/2020\/12\/Therese_VAN_EYKEN_04-2-300x300.jpg 300w, https:\/\/www.fidesco-international.org\/be\/wp-content\/uploads\/sites\/4\/2020\/12\/Therese_VAN_EYKEN_04-2-1024x1024.jpg 1024w, https:\/\/www.fidesco-international.org\/be\/wp-content\/uploads\/sites\/4\/2020\/12\/Therese_VAN_EYKEN_04-2-150x150.jpg 150w, https:\/\/www.fidesco-international.org\/be\/wp-content\/uploads\/sites\/4\/2020\/12\/Therese_VAN_EYKEN_04-2-768x768.jpg 768w, https:\/\/www.fidesco-international.org\/be\/wp-content\/uploads\/sites\/4\/2020\/12\/Therese_VAN_EYKEN_04-2-1536x1536.jpg 1536w, https:\/\/www.fidesco-international.org\/be\/wp-content\/uploads\/sites\/4\/2020\/12\/Therese_VAN_EYKEN_04-2-2048x2048.jpg 2048w, https:\/\/www.fidesco-international.org\/be\/wp-content\/uploads\/sites\/4\/2020\/12\/Therese_VAN_EYKEN_04-2-270x270.jpg 270w, https:\/\/www.fidesco-international.org\/be\/wp-content\/uploads\/sites\/4\/2020\/12\/Therese_VAN_EYKEN_04-2-680x680.jpg 680w, https:\/\/www.fidesco-international.org\/be\/wp-content\/uploads\/sites\/4\/2020\/12\/Therese_VAN_EYKEN_04-2-100x100.jpg 100w\" sizes=\"auto, (max-width: 182px) 100vw, 182px\" \/><\/a><\/p>\n<h2><strong>Parrainez les volontaires !<\/strong><\/h2>\n<p style=\"text-align: justify\"><strong>140 volontaires Fidesco dont 6 volontaires belges<\/strong> agissent en ce moment partout dans le monde. Ils mettent leurs comp\u00e9tences au sein de projets de d\u00e9veloppement au service des populations locales. Ces projets sont toujours port\u00e9s par un partenaire local \u00e0 l\u2019initiative de l\u2019Eglise Catholique du pays.<\/p>\n<p style=\"text-align: justify\">Chacun selon son talent, ils servent comme enseignants, m\u00e9decins, \u00e9ducateurs, conseillers agricoles etc \u2026 au Br\u00e9sil, en Isra\u00ebl, au Cameroun, en Indon\u00e9sie\u00a0et bien d\u2019autres\u2026<\/p>\n<p style=\"text-align: justify\"><strong>En parrainant les volontaires, vous participez vous aussi\u00a0au d\u00e9veloppement :<\/strong> conseiller, accompagner, former, transmettre, soigner. Vos dons permettent cette solidarit\u00e9 pour r\u00e9conforter ceux qui peinent.<\/p>\n<p>&nbsp;<\/p>\n<h2><strong>Comment parrainer un volontaire Fidesco?<\/strong><\/h2>\n<ol>\n<li>T\u00e9l\u00e9chargez votre <strong>bulletin de soutien<\/strong> en cliquant <strong><a href=\"https:\/\/www.fidesco-international.org\/be\/wp-content\/uploads\/sites\/4\/2018\/04\/Bulletin-de-soutien-web.pdf\">ICI.<\/a>\u00a0<\/strong><\/li>\n<li>Envoyez-le compl\u00e9t\u00e9 \u00e0 l&rsquo;adresse\u00a0<strong><em style=\"letter-spacing: 0.3px\">contact@fidescobelgium.be<\/em><\/strong><span style=\"letter-spacing: 0.3px\">\u00a0pour commencer \u00e0 parrainer un volontaire.\u00a0<\/span><\/li>\n<li>Faites votre don via votre banque \u00e0 :<\/li>\n<\/ol>\n<p style=\"text-align: left\"><strong>FIDESCO-Belgique<\/strong><br \/>\n<strong>IBAN : BE76310065020095<\/strong><br \/>\n<strong>BIC : BBRUBEBB<\/strong><br \/>\n<strong>Communication: nom du volontaire<\/strong><\/p>\n<h2><strong>Vos avantages fiscaux\u00a0<\/strong><\/h2>\n<p>Tout don \u00e9gal ou sup\u00e9rieur \u00e0 40 euros sur l&rsquo;ann\u00e9e vous donne droit \u00e0 une r\u00e9duction forfaitaire d\u2019imp\u00f4ts de 45% du montant total de vos dons.<\/p>\n<h2>Devenez donateur ou parrain du volontaire que vous soutenez!<\/h2>\n<ul>\n<li><strong> Devenez PARRAIN !<\/strong><br \/>\nEtre parrain c\u2019est vouloir suivre le coop\u00e9rant pendant ses deux ann\u00e9es de mission et le soutenir par la pens\u00e9e et la pri\u00e8re. Vous recevez alors tous les 3 mois, le rapport de mission de votre filleul\u00a0; vrai carnet de bord o\u00f9 il raconte l\u2019avanc\u00e9e de sa mission, ses joies, ses d\u00e9couvertes, ses rencontres\u2026 Parrainez un volontaire et partez ainsi en mission avec lui\u00a0!Pour cela, le don doit \u00eatre de minimum 15\u20ac par mois ou de 375\u20ac en don ponctuel.Si la dur\u00e9e de mission de votre filleul est d\u2019un an, ce montant est de 180\u20ac.<\/li>\n<li><strong>Devenez DONATEUR!<\/strong> Quel que soit votre don, vous recevrez le \u00ab Courrier des missions \u00bb de Fidesco-Belgique, 2 fois par an, qui vous donne des nouvelles des autres missions, des projets de Fidesco et des volontaires belges.<\/li>\n<\/ul>\n","protected":false},"excerpt":{"rendered":"<p>&nbsp; &nbsp; \u00a0 Parrainez les volontaires ! 140 volontaires Fidesco dont 6 volontaires belges agissent en ce moment partout dans le monde. Ils mettent leurs comp\u00e9tences au sein de projets de d\u00e9veloppement au service des populations locales. Ces projets sont toujours port\u00e9s par un partenaire local \u00e0 l\u2019initiative de l\u2019Eglise Catholique du pays. Chacun selon [&hellip;]<\/p>\n","protected":false},"author":11,"featured_media":0,"parent":0,"menu_order":0,"comment_status":"closed","ping_status":"open","template":"","meta":{"footnotes":""},"class_list":["post-793","page","type-page","status-publish","hentry"],"acf":[],"_links":{"self":[{"href":"https:\/\/www.fidesco-international.org\/be\/wp-json\/wp\/v2\/pages\/793","targetHints":{"allow":["GET"]}}],"collection":[{"href":"https:\/\/www.fidesco-international.org\/be\/wp-json\/wp\/v2\/pages"}],"about":[{"href":"https:\/\/www.fidesco-international.org\/be\/wp-json\/wp\/v2\/types\/page"}],"author":[{"embeddable":true,"href":"https:\/\/www.fidesco-international.org\/be\/wp-json\/wp\/v2\/users\/11"}],"replies":[{"embeddable":true,"href":"https:\/\/www.fidesco-international.org\/be\/wp-json\/wp\/v2\/comments?post=793"}],"version-history":[{"count":18,"href":"https:\/\/www.fidesco-international.org\/be\/wp-json\/wp\/v2\/pages\/793\/revisions"}],"predecessor-version":[{"id":2094,"href":"https:\/\/www.fidesco-international.org\/be\/wp-json\/wp\/v2\/pages\/793\/revisions\/2094"}],"wp:attachment":[{"href":"https:\/\/www.fidesco-international.org\/be\/wp-json\/wp\/v2\/media?parent=793"}],"curies":[{"name":"wp","href":"https:\/\/api.w.org\/{rel}","templated":true}]}}