{"id":823,"date":"2014-09-16T12:19:51","date_gmt":"2014-09-16T10:19:51","guid":{"rendered":"http:\/\/www.fidesco-international.org\/be\/?page_id=823"},"modified":"2014-11-06T22:43:20","modified_gmt":"2014-11-06T20:43:20","slug":"faq","status":"publish","type":"page","link":"https:\/\/www.fidesco-international.org\/be\/faq\/","title":{"rendered":"FAQ"},"content":{"rendered":"<h2><strong>Questions\/R\u00e9ponses<\/strong><\/h2>\n<p>&nbsp;<\/p>\n<p><strong>&#8211; Je n\u2019ai pas d\u2019exp\u00e9rience professionnelle, est ce probl\u00e9matique ?<br \/>\n<\/strong>Non. L\u2019exp\u00e9rience montre que la p\u00e9riode juste apr\u00e8s les \u00e9tudes et avant l\u2019entr\u00e9e dans la vie professionnelle peut \u00eatre un temps favorable pour une exp\u00e9rience de volontariat. Pour certains postes, une exp\u00e9rience professionnelle peut \u00eatre demand\u00e9e.<\/p>\n<p>&nbsp;<\/p>\n<p><strong>&#8211; Je n\u2019ai pas fini mes \u00e9tudes, mais je d\u00e9sire faire un \u00ab\u00a0break\u00a0\u00bb pendant un ou deux ans et les reprendre apr\u00e8s, est-ce possible ? <\/strong><br \/>\nIl est possible de partir en ann\u00e9e de c\u00e9sure (12 mois), pendant un cursus \u00e9tudiant. Pour postuler, contacter Fidesco au plus tard en mars de l\u2019ann\u00e9e suppos\u00e9e de votre d\u00e9part.<\/p>\n<p>&nbsp;<\/p>\n<p><strong>&#8211; Une ou deux ann\u00e9es, c\u2019est trop long, est-ce possible de ne partir que quelques mois ? <\/strong><br \/>\nLes missions Fidesco s\u2019inscrivent dans la dur\u00e9e. Les volontaires sont envoy\u00e9s pour une p\u00e9riode d\u2019une ou deux ann\u00e9es afin qu\u2019ils aient vraiment le temps de s\u2019ins\u00e9rer dans un pays, de parler la langue, de s\u2019investir et d\u2019exercer au mieux l\u2019activit\u00e9 professionnelle qui leur est demand\u00e9e.<\/p>\n<p>&nbsp;<\/p>\n<p><strong>&#8211; Nous sommes une famille, pouvons-nous partir ?<\/strong><br \/>\nFidesco envoie des familles en mission depuis plus de 30 ans. Sous certaines conditions, il est possible donc de partir en famille avec une certaine exp\u00e9rience professionnelle, pour une dur\u00e9e de 2 ans.<\/p>\n<p>&nbsp;<\/p>\n<p><strong>&#8211; La mission va-t-elle vraiment m\u2019apporter un plus au niveau professionnel ? <\/strong><br \/>\nLe volontariat est une exp\u00e9rience formatrice, qui n\u00e9cessite des comp\u00e9tences de d\u00e9part et conduit souvent les volontaires \u00e0 assumer des responsabilit\u00e9s importantes sur le terrain.<br \/>\nA leur retour, les volontaires ont souvent gagn\u00e9 de l\u2019adaptabilit\u00e9, de nouvelles comp\u00e9tences techniques et manag\u00e9riales. Le volontariat est souvent consid\u00e9r\u00e9 comme une r\u00e9elle exp\u00e9rience professionnelle.<\/p>\n<p><strong>Vous avez une question plus personnelle\u00a0?<\/strong> <a title=\"Formulaire de contact\" href=\"https:\/\/www.fidesco-international.org\/be\/formulaire-de-contact\/\">contactez-nous<\/a><\/p>\n","protected":false},"excerpt":{"rendered":"<p>Questions\/R\u00e9ponses &nbsp; &#8211; Je n\u2019ai pas d\u2019exp\u00e9rience professionnelle, est ce probl\u00e9matique ? Non. L\u2019exp\u00e9rience montre que la p\u00e9riode juste apr\u00e8s les \u00e9tudes et avant l\u2019entr\u00e9e dans la vie professionnelle peut \u00eatre un temps favorable pour une exp\u00e9rience de volontariat. Pour certains postes, une exp\u00e9rience professionnelle peut \u00eatre demand\u00e9e. &nbsp; &#8211; Je n\u2019ai pas fini mes [&hellip;]<\/p>\n","protected":false},"author":11,"featured_media":0,"parent":0,"menu_order":0,"comment_status":"closed","ping_status":"open","template":"","meta":{"footnotes":""},"class_list":["post-823","page","type-page","status-publish","hentry"],"acf":[],"_links":{"self":[{"href":"https:\/\/www.fidesco-international.org\/be\/wp-json\/wp\/v2\/pages\/823","targetHints":{"allow":["GET"]}}],"collection":[{"href":"https:\/\/www.fidesco-international.org\/be\/wp-json\/wp\/v2\/pages"}],"about":[{"href":"https:\/\/www.fidesco-international.org\/be\/wp-json\/wp\/v2\/types\/page"}],"author":[{"embeddable":true,"href":"https:\/\/www.fidesco-international.org\/be\/wp-json\/wp\/v2\/users\/11"}],"replies":[{"embeddable":true,"href":"https:\/\/www.fidesco-international.org\/be\/wp-json\/wp\/v2\/comments?post=823"}],"version-history":[{"count":4,"href":"https:\/\/www.fidesco-international.org\/be\/wp-json\/wp\/v2\/pages\/823\/revisions"}],"predecessor-version":[{"id":915,"href":"https:\/\/www.fidesco-international.org\/be\/wp-json\/wp\/v2\/pages\/823\/revisions\/915"}],"wp:attachment":[{"href":"https:\/\/www.fidesco-international.org\/be\/wp-json\/wp\/v2\/media?parent=823"}],"curies":[{"name":"wp","href":"https:\/\/api.w.org\/{rel}","templated":true}]}}