{"id":1277,"date":"2015-09-16T12:21:08","date_gmt":"2015-09-16T11:21:08","guid":{"rendered":"http:\/\/www.fidesco-international.org\/de\/?page_id=1277"},"modified":"2022-01-18T10:24:44","modified_gmt":"2022-01-18T09:24:44","slug":"newsletter-abonnieren","status":"publish","type":"page","link":"https:\/\/www.fidesco-international.org\/de\/newsletter-abonnieren\/","title":{"rendered":"Fidesco-Newsmail abonnieren"},"content":{"rendered":"<p>Die Fidesco- Newsmail erscheint etwa drei Mal im Jahr als E-Mail. Gelegentlich erscheinen Sondernummern von den Auslandsreisen unserer Mitarbeiter nach Ruanda, Guinea oder in sonstige L\u00e4nder, in denen wir arbeitet.<\/p>\n<p><a href=\"http:\/\/eepurl.com\/vOGKf\" target=\"_blank\" rel=\"noopener noreferrer\">Melden Sie sich hier zur Newsmail an!<\/a><\/p>\n<p>Alles Wissenswerte zum Datenschutz ist <a href=\"https:\/\/www.fidesco-international.org\/de\/datenschutzerklaerung\/\" target=\"_blank\" rel=\"noopener\">hier<\/a> verlinkt.<\/p>\n<p>Sie m\u00f6chten sich gerne noch ausf\u00fchrlicher informieren? Dann ist unser gedruckter Fidesco-Brief sicher etwas f\u00fcr Sie. Er erscheint jeweils in der Advents- und in der Fastenzeit und wird per Post an Sie geschickt.<\/p>\n<p><a href=\"https:\/\/www.fidesco-international.org\/de\/anmeldung-zum-fidesco-brief\/\" target=\"_blank\" rel=\"noopener noreferrer\">Melden Sie sich einfach hier an!<\/a><\/p>\n<p>&nbsp;<\/p>\n<p>&nbsp;<\/p>\n","protected":false},"excerpt":{"rendered":"<p>Die Fidesco- Newsmail erscheint etwa drei Mal im Jahr als E-Mail. Gelegentlich erscheinen Sondernummern von den Auslandsreisen unserer Mitarbeiter nach Ruanda, Guinea oder in sonstige L\u00e4nder, in denen wir arbeitet. Melden Sie sich hier zur Newsmail an! Alles Wissenswerte zum Datenschutz ist hier verlinkt. Sie m\u00f6chten sich gerne noch ausf\u00fchrlicher informieren? Dann ist unser gedruckter [&hellip;]<\/p>\n","protected":false},"author":9,"featured_media":0,"parent":0,"menu_order":0,"comment_status":"closed","ping_status":"open","template":"","meta":{"footnotes":""},"class_list":["post-1277","page","type-page","status-publish","hentry"],"acf":[],"_links":{"self":[{"href":"https:\/\/www.fidesco-international.org\/de\/wp-json\/wp\/v2\/pages\/1277","targetHints":{"allow":["GET"]}}],"collection":[{"href":"https:\/\/www.fidesco-international.org\/de\/wp-json\/wp\/v2\/pages"}],"about":[{"href":"https:\/\/www.fidesco-international.org\/de\/wp-json\/wp\/v2\/types\/page"}],"author":[{"embeddable":true,"href":"https:\/\/www.fidesco-international.org\/de\/wp-json\/wp\/v2\/users\/9"}],"replies":[{"embeddable":true,"href":"https:\/\/www.fidesco-international.org\/de\/wp-json\/wp\/v2\/comments?post=1277"}],"version-history":[{"count":14,"href":"https:\/\/www.fidesco-international.org\/de\/wp-json\/wp\/v2\/pages\/1277\/revisions"}],"predecessor-version":[{"id":6096,"href":"https:\/\/www.fidesco-international.org\/de\/wp-json\/wp\/v2\/pages\/1277\/revisions\/6096"}],"wp:attachment":[{"href":"https:\/\/www.fidesco-international.org\/de\/wp-json\/wp\/v2\/media?parent=1277"}],"curies":[{"name":"wp","href":"https:\/\/api.w.org\/{rel}","templated":true}]}}