{"id":1714,"date":"2015-12-21T10:02:01","date_gmt":"2015-12-21T09:02:01","guid":{"rendered":"http:\/\/www.fidesco-international.org\/de\/?page_id=1714"},"modified":"2023-11-28T10:28:19","modified_gmt":"2023-11-28T09:28:19","slug":"spenden-an-fidesco","status":"publish","type":"page","link":"https:\/\/www.fidesco-international.org\/de\/spenden-an-fidesco\/","title":{"rendered":"Spenden an Fidesco e.V."},"content":{"rendered":"<h1>Spenden an Fidesco e.V. k\u00f6nnen Sie \u00fcber unsere Bankverbindung:<\/h1>\n<h5><span style=\"color: #ff0000\">SozialBank<\/span><br \/>\n<span style=\"color: #ff0000\">IBAN: DE25 3702 0500 0008 6321 00<\/span><\/h5>\n<h5><span style=\"color: #ff0000\">BIC: BFSWDE33XXX<br \/>\n<\/span><\/h5>\n<h5><span style=\"color: #ff0000\"><a style=\"color: #ff0000\" href=\"https:\/\/secure.spendenbank.de\/form\/1226?langid=1\" target=\"_blank\" rel=\"noopener\"><span style=\"text-decoration: underline\">Onlinespenden sind ebenso m\u00f6glich.<\/span> <\/a><\/span><\/h5>\n<p><span style=\"color: #000000\">Die H\u00f6he Ihrer Onlinespende ist seitens der Bank auf maximal 5000 \u20ac pro Tag begrenzt.<\/span><\/p>\n<p>&nbsp;<\/p>\n<p>Spenden an Fidesco e.V. sind steuerlich absetzbar. Bis 200 \u20ac gen\u00fcgt Ihr Bankbeleg. Falls Ihr Finanzamt den aktuellen Freistellungsbescheid anfordert finden Sie diesen <a href=\"https:\/\/www.fidesco-international.org\/de\/wp-content\/uploads\/sites\/2\/2022\/10\/Freistellungsbescheid-September-22.pdf\" target=\"_blank\" rel=\"noopener\">hier<\/a>.<\/p>\n<p>Ab 30 \u20ac stellen wir Ihnen aber gerne auch eine Spendenbescheinigung aus. Geben Sie uns daf\u00fcr bitte Ihre komplette Anschrift an.<\/p>\n<p>Wir senden Ihre Bescheinigung auch gerne als Mailanhang zu. Bitte nutzen Sie diese M\u00f6glichkeit und helfen uns Porto zu sparen. Senden Sie uns eine kurze <a href=\"mailto:info@fidesco.de\" target=\"_blank\" rel=\"noopener noreferrer\">Mail<\/a> zu, wenn Sie sich f\u00fcr diesen Weg entscheiden.<\/p>\n<p>Oder, z\u00fccken Sie Ihr Smartphone und scannen Sie den QR-Code<\/p>\n<p><a href=\"https:\/\/secure.spendenbank.de\/form\/1226\/\" target=\"_blank\" rel=\"noopener\"><img loading=\"lazy\" decoding=\"async\" class=\"alignnone wp-image-5313\" src=\"https:\/\/www.fidesco-international.org\/de\/wp-content\/uploads\/sites\/2\/2020\/12\/qr.png\" alt=\"\" width=\"216\" height=\"237\" srcset=\"https:\/\/www.fidesco-international.org\/de\/wp-content\/uploads\/sites\/2\/2020\/12\/qr.png 820w, https:\/\/www.fidesco-international.org\/de\/wp-content\/uploads\/sites\/2\/2020\/12\/qr-273x300.png 273w, https:\/\/www.fidesco-international.org\/de\/wp-content\/uploads\/sites\/2\/2020\/12\/qr-768x843.png 768w, https:\/\/www.fidesco-international.org\/de\/wp-content\/uploads\/sites\/2\/2020\/12\/qr-620x680.png 620w, https:\/\/www.fidesco-international.org\/de\/wp-content\/uploads\/sites\/2\/2020\/12\/qr-91x100.png 91w\" sizes=\"auto, (max-width: 216px) 100vw, 216px\" \/><\/a><\/p>\n<p>&nbsp;<\/p>\n<h4>DZI-Siegel, was ist das und was bringt mir als Spender dieses Siegel?<\/h4>\n<p>&nbsp;<\/p>\n<p><a href=\"https:\/\/www.fidesco-international.org\/de\/wp-content\/uploads\/sites\/2\/2014\/07\/Spenden-Siegel-2011-farb-Web.jpg\"><img loading=\"lazy\" decoding=\"async\" class=\"alignnone wp-image-543\" src=\"https:\/\/www.fidesco-international.org\/de\/wp-content\/uploads\/sites\/2\/2014\/07\/Spenden-Siegel-2011-farb-Web.jpg\" alt=\"\" width=\"209\" height=\"318\" \/><\/a><\/p>\n<p>Auch in diesem Jahr wurde Fidesco e.V. wieder das Spendensiegel des \u201eDeutschen Zentralinstituts f\u00fcr soziale Fragen\u201c nach intensiver Pr\u00fcfung zuerkannt. Das DZI-Spendensiegel ist das G\u00fctesiegel f\u00fcr seri\u00f6se Spendenorganisationen. Es belegt, dass wir mit den uns anvertrauten Geldern sorgf\u00e4ltig und verantwortungsvoll umgehen.<!--more--><\/p>\n<div class=\"su-expand su-expand-collapsed su-expand-link-style-default\" data-height=\"100\">\n<div class=\"su-expand-content su-u-trim\">Mehr noch: Siegel-Organisationen verpflichten sich freiwillig, die DZI-Standards zu erf\u00fcllen und damit h\u00f6chsten Qualit\u00e4tsanspr\u00fcchen gerecht zu werden. Sie sind leistungsf\u00e4hig, arbeiten transparent, wirtschaften sparsam, informieren sachlich und wahrhaftig und haben wirksame Kontroll- und Aufsichtsstrukturen. Auf diese Weise gew\u00e4hrleisten sie, dass die ihnen zuflie\u00dfenden Spenden den gemeinn\u00fctzigen Zweck erf\u00fcllen. Das DZI Spenden-Siegel genie\u00dft deshalb gro\u00dfes Ansehen, sowohl in der Bev\u00f6lkerung als auch bei Beh\u00f6rden, den Medien und den Spendenorganisationen selbst. Und es wird zum wesentlichen Kriterium, wenn ein besonderes Ma\u00df an Sicherheit gefordert ist. So arbeiten viele Printmedien, TV- und Rundfunkanstalten bei Spendenaktionen nur mit Organisationen zusammen, die das DZI Spenden-Siegel tragen. Auch das Bundesministerium f\u00fcr wirtschaftliche Zusammenarbeit und Entwicklung (BMZ) und das Ausw\u00e4rtige Amt st\u00fctzen sich bei ihren Zuwendungsentscheidungen in besonderem Ma\u00dfe auf das Spenden-Siegel. Rund 230 Organisationen tragen zurzeit das DZI Spenden-Siegel. Im Durchschnitt sind rund 30 Prozent der Erstantr\u00e4ge nicht erfolgreich. Die Siegel-Organisationen setzen j\u00e4hrlich ein Geldspendenvolumen von 1,2 Mrd. Euro ein und damit rund ein Viertel des Spendenaufkommens in Deutschland. Daher ist das DZI Spenden-Siegel das wichtigste Vertrauenszeichen im Spendenwesen. Seine Bedeutung wird ihm auch von der Stiftung Warentest bescheinigt. Sie beurteilte in ihrer Zeitschrift Finanztest das Spenden-Siegel als \u201eechtes Qualit\u00e4tssiegel f\u00fcr Spendensammler\u201c.<\/div>\n<\/div>\n","protected":false},"excerpt":{"rendered":"<p>Spenden an Fidesco e.V. k\u00f6nnen Sie \u00fcber unsere Bankverbindung: SozialBank IBAN: DE25 3702 0500 0008 6321 00 BIC: BFSWDE33XXX Onlinespenden sind ebenso m\u00f6glich. Die H\u00f6he Ihrer Onlinespende ist seitens der Bank auf maximal 5000 \u20ac pro Tag begrenzt. &nbsp; Spenden an Fidesco e.V. sind steuerlich absetzbar. Bis 200 \u20ac gen\u00fcgt Ihr Bankbeleg. Falls Ihr Finanzamt [&hellip;]<\/p>\n","protected":false},"author":9,"featured_media":1971,"parent":0,"menu_order":0,"comment_status":"closed","ping_status":"open","template":"","meta":{"footnotes":""},"class_list":["post-1714","page","type-page","status-publish","has-post-thumbnail","hentry"],"acf":[],"_links":{"self":[{"href":"https:\/\/www.fidesco-international.org\/de\/wp-json\/wp\/v2\/pages\/1714","targetHints":{"allow":["GET"]}}],"collection":[{"href":"https:\/\/www.fidesco-international.org\/de\/wp-json\/wp\/v2\/pages"}],"about":[{"href":"https:\/\/www.fidesco-international.org\/de\/wp-json\/wp\/v2\/types\/page"}],"author":[{"embeddable":true,"href":"https:\/\/www.fidesco-international.org\/de\/wp-json\/wp\/v2\/users\/9"}],"replies":[{"embeddable":true,"href":"https:\/\/www.fidesco-international.org\/de\/wp-json\/wp\/v2\/comments?post=1714"}],"version-history":[{"count":15,"href":"https:\/\/www.fidesco-international.org\/de\/wp-json\/wp\/v2\/pages\/1714\/revisions"}],"predecessor-version":[{"id":7401,"href":"https:\/\/www.fidesco-international.org\/de\/wp-json\/wp\/v2\/pages\/1714\/revisions\/7401"}],"wp:featuredmedia":[{"embeddable":true,"href":"https:\/\/www.fidesco-international.org\/de\/wp-json\/wp\/v2\/media\/1971"}],"wp:attachment":[{"href":"https:\/\/www.fidesco-international.org\/de\/wp-json\/wp\/v2\/media?parent=1714"}],"curies":[{"name":"wp","href":"https:\/\/api.w.org\/{rel}","templated":true}]}}