{"id":2247,"date":"2016-07-21T09:20:58","date_gmt":"2016-07-21T08:20:58","guid":{"rendered":"http:\/\/www.fidesco-international.org\/de\/?page_id=2247"},"modified":"2026-01-08T08:00:56","modified_gmt":"2026-01-08T07:00:56","slug":"faq-2","status":"publish","type":"page","link":"https:\/\/www.fidesco-international.org\/de\/faq-2\/","title":{"rendered":"FAQ"},"content":{"rendered":"<h1>FAQ &#8211; Fragen, die immer wieder gestellt werden<\/h1>\n<p>haben wir hier gesammelt und beantwortet:<\/p>\n<p>Individuelle Fragen beantworten wir gerne, bitte nehmen Sie <strong><a href=\"https:\/\/www.fidesco-international.org\/de\/nehmen-sie-kontakt-mit-uns-auf\/\" target=\"_blank\" rel=\"noopener noreferrer\">Kontakt<\/a><\/strong> mit uns auf.<\/p>\n<p>&nbsp;<\/p>\n<div class=\"su-accordion su-u-trim\">\n<div class=\"su-spoiler su-spoiler-style-fancy su-spoiler-icon-plus su-spoiler-closed\" data-scroll-offset=\"0\" data-anchor-in-url=\"no\"><div class=\"su-spoiler-title\" tabindex=\"0\" role=\"button\"><span class=\"su-spoiler-icon\"><\/span><strong>Ich habe noch keine Berufserfahrung, ist das ein Problem?<\/strong><\/div><div class=\"su-spoiler-content su-u-clearfix su-u-trim\">\n<p>Meistens nein. Unsere Erfahrung zeigt, dass gerade die Zeit unmittelbar nach dem Studium oder der Ausbildung am Beginn der beruflichen Laufbahn, eine g\u00fcnstige Zeit f\u00fcr eine Ausreise ist. W\u00e4hrend der Mission sammeln Sie eine Menge Erfahrungen, die Sie sp\u00e4ter im Beruf gut nutzen k\u00f6nnen und Sie als Bewerber f\u00fcr Firmen interessant machen. Einige spezialisierte Einsatzpl\u00e4tze erfordern jedoch berufliche Erfahrung.<\/p>\n<\/div><\/div>\n<div class=\"su-spoiler su-spoiler-style-fancy su-spoiler-icon-plus su-spoiler-closed\" data-scroll-offset=\"0\" data-anchor-in-url=\"no\"><div class=\"su-spoiler-title\" tabindex=\"0\" role=\"button\"><span class=\"su-spoiler-icon\"><\/span><strong>Ich habe mein Studium noch nicht beendet, aber ich will f\u00fcr ein, zwei Jahre pausieren, mit Fidesco auf Mission gehen und dann mein Studium wiederaufnehmen. Ist das m\u00f6glich?<\/strong><\/div><div class=\"su-spoiler-content su-u-clearfix su-u-trim\"> Fidesco sendet nur Freiwillige, die ihre Berufsausbildung abgeschlossen haben. Eine Mission zwischen dem Bachelorabschluss und einem Masterstudium ist m\u00f6glich. <\/div><\/div>\n<div class=\"su-spoiler su-spoiler-style-fancy su-spoiler-icon-plus su-spoiler-closed\" data-scroll-offset=\"0\" data-anchor-in-url=\"no\"><div class=\"su-spoiler-title\" tabindex=\"0\" role=\"button\"><span class=\"su-spoiler-icon\"><\/span><strong>Offen sein f\u00fcr katholische Werte, was hei\u00dft das?<\/strong><\/div><div class=\"su-spoiler-content su-u-clearfix su-u-trim\">\n<p>Die Projekte, die wir unterst\u00fctzen, bewegen sich im katholischen Umfeld, entwickelt von Di\u00f6zesen, katholischen Gemeinden oder Organisationen.<\/p>\n<p>Die Praxis hat gezeigt, dass es f\u00fcr unsere Volont\u00e4re eine gro\u00dfe Hilfe ist, wenn sie miteinander beten und sich austauschen k\u00f6nnen. Wir laden unsere Volont\u00e4re auch ein, sich nach M\u00f6glichkeit in den \u00f6rtlichen Pfarreien zu engagieren und am Gemeindeleben teilzunehmen.<\/p>\n<p>W\u00e4hrend den Vorbereitungskursen gibt es t\u00e4gliche Gebetszeiten. Da Fidesco spirituell Teil der katholischen Gemeinschaft Emmanuel ist, haben wir die Formen der Gemeinschaft \u00fcbernommen: Messe, freudiger Lobpreis, Eucharistische Anbetung, usw.<\/p>\n<p>Teil der Vorbereitungskurse sind auch Vortr\u00e4ge \u00fcber die Lehre der katholischen Kirche und wie man diese auf Mission leben kann. Hier geht es weniger um die Verk\u00fcndigung mit Worten, sondern vor allem um das Vorleben durch den gesamten Lebensstil, die Haltung bei der Arbeit und in der Begegnung mit den Menschen vor Ort, die unabh\u00e4ngig von Ihrer Religion oder Konfession die gleiche Hilfe bekommen.<\/p>\n<p>Wir haben die Erfahrung gemacht, dass Menschen, die sich mit diesen katholischen Formen und der Lehre der katholischen Kirche schwer tun, sich in der Regel bei Fidesco nicht wohl f\u00fchlen und sich nicht mit ganzem Herzen auf die Fidesco-Mission einlassen k\u00f6nnen.<\/p>\n<\/div><\/div><div class=\"su-spoiler su-spoiler-style-fancy su-spoiler-icon-plus su-spoiler-closed\" data-scroll-offset=\"0\" data-anchor-in-url=\"no\"><div class=\"su-spoiler-title\" tabindex=\"0\" role=\"button\"><span class=\"su-spoiler-icon\"><\/span><strong>Ich w\u00fcrde erst w\u00e4hrend der Mission 21 Jahre alt? Kann ich trotzdem schon ausreisen?<\/strong><\/div><div class=\"su-spoiler-content su-u-clearfix su-u-trim\">\n<p>Leider nein. Fidesco sendet nur Freiwillige aus, die bereits 21 Jahre alt sind.<\/p>\n<\/div><\/div><div class=\"su-spoiler su-spoiler-style-fancy su-spoiler-icon-plus su-spoiler-closed\" data-scroll-offset=\"0\" data-anchor-in-url=\"no\"><div class=\"su-spoiler-title\" tabindex=\"0\" role=\"button\"><span class=\"su-spoiler-icon\"><\/span><strong>Ein oder zwei Jahre sind sehr lang, ist es m\u00f6glich, nur ein paar Monate auf Mission zu gehen?<\/strong><\/div><div class=\"su-spoiler-content su-u-clearfix su-u-trim\">\n<p>Nein, das ist mit Fidesco nicht m\u00f6glich. Unsere Projektpartner haben es meistens sogar lieber, wenn Volont\u00e4re f\u00fcr zwei Jahre im Projekt arbeiten. Die Anpassung an die fremde Kultur, die neue Aufgabe, eine ungewohnte Sprache &#8211; diese und viele andere Herausforderungen lassen sich nicht in ein paar Wochen meistern.<\/p>\n<\/div><\/div><div class=\"su-spoiler su-spoiler-style-fancy su-spoiler-icon-plus su-spoiler-closed\" data-scroll-offset=\"0\" data-anchor-in-url=\"no\"><div class=\"su-spoiler-title\" tabindex=\"0\" role=\"button\"><span class=\"su-spoiler-icon\"><\/span><strong>Wir sind ein Paar, aber nicht verheiratet. K\u00f6nnen wir zusammen auf Mission gehen?<\/strong><\/div><div class=\"su-spoiler-content su-u-clearfix su-u-trim\">\n<p>Fidesco sendet nur verheiratete Paare aus.<\/p>\n<\/div><\/div><div class=\"su-spoiler su-spoiler-style-fancy su-spoiler-icon-plus su-spoiler-closed\" data-scroll-offset=\"0\" data-anchor-in-url=\"no\"><div class=\"su-spoiler-title\" tabindex=\"0\" role=\"button\"><span class=\"su-spoiler-icon\"><\/span><strong>Wir sind eine Familie, k\u00f6nnen wir auf Mission gehen?<\/strong><\/div><div class=\"su-spoiler-content su-u-clearfix su-u-trim\"> Fidesco sendet seit 45 Jahren auch Familien auf Mission. Die ganze Familie muss f\u00fcr einen Zeitraum von zwei Jahren zur Verf\u00fcgung stehen und beide Ehepartner arbeiten in Projekten. Das \u00e4lteste Kind, der maximal f\u00fcnf Kinder, darf bei der Ausreise nicht \u00e4lter als zehn Jahre sein.<\/p>\n<\/div><\/div>\n<div class=\"su-spoiler su-spoiler-style-fancy su-spoiler-icon-plus su-spoiler-closed\" data-scroll-offset=\"0\" data-anchor-in-url=\"no\"><div class=\"su-spoiler-title\" tabindex=\"0\" role=\"button\"><span class=\"su-spoiler-icon\"><\/span><strong>Wie und wo kann ich Fidesco n\u00e4her kennenlernen?<\/strong><\/div><div class=\"su-spoiler-content su-u-clearfix su-u-trim\"> Fidesco veranstaltet regelm\u00e4\u00dfig Infotage oder Infowebinare. Mehr Informationen und Termine finden Sie <a href=\"https:\/\/www.fidesco-international.org\/de\/evt\/testevent-2\/\" target=\"_blank\" rel=\"noopener noreferrer\">hier<\/a>.<\/p>\n<\/div><\/div>\n<div class=\"su-spoiler su-spoiler-style-fancy su-spoiler-icon-plus su-spoiler-closed\" data-scroll-offset=\"0\" data-anchor-in-url=\"no\"><div class=\"su-spoiler-title\" tabindex=\"0\" role=\"button\"><span class=\"su-spoiler-icon\"><\/span><strong>Wie sind meine Chancen wieder einen Arbeitsplatz zu finden, wenn ich zur\u00fcck komme?<\/strong><\/div><div class=\"su-spoiler-content su-u-clearfix su-u-trim\"> Als Freiwilliger von Fidesco k\u00f6nnen Sie auf eine F\u00fclle von Erfahrungen zur\u00fcckgreifen. Sie haben in einer fremden Kultur gelebt und eine andere Sprache gesprochen. Sie mussten oft mit weit weniger Ressourcen arbeiten, als dies in Europa m\u00f6glich w\u00e4re. Sie haben daf\u00fcr Improvisationstalent und Flexibilit\u00e4t ben\u00f6tigt. Diese F\u00e4higkeiten und Ihre Erfahrungen machen Sie f\u00fcr einen zuk\u00fcnftigen Arbeitgeber sehr interessant. Nat\u00fcrlich reagiert jeder Arbeitgeber anders. Unsere deutschen Volont\u00e4re konnten im Durchschnitt bereits nach sechs Wochen wieder in ihren Beruf einsteigen. <\/div><\/div>\n<\/div>\n","protected":false},"excerpt":{"rendered":"<p>FAQ &#8211; Fragen, die immer wieder gestellt werden haben wir hier gesammelt und beantwortet: Individuelle Fragen beantworten wir gerne, bitte nehmen Sie Kontakt mit uns auf. &nbsp;<\/p>\n","protected":false},"author":9,"featured_media":32,"parent":0,"menu_order":0,"comment_status":"closed","ping_status":"open","template":"","meta":{"footnotes":""},"class_list":["post-2247","page","type-page","status-publish","has-post-thumbnail","hentry"],"acf":[],"_links":{"self":[{"href":"https:\/\/www.fidesco-international.org\/de\/wp-json\/wp\/v2\/pages\/2247","targetHints":{"allow":["GET"]}}],"collection":[{"href":"https:\/\/www.fidesco-international.org\/de\/wp-json\/wp\/v2\/pages"}],"about":[{"href":"https:\/\/www.fidesco-international.org\/de\/wp-json\/wp\/v2\/types\/page"}],"author":[{"embeddable":true,"href":"https:\/\/www.fidesco-international.org\/de\/wp-json\/wp\/v2\/users\/9"}],"replies":[{"embeddable":true,"href":"https:\/\/www.fidesco-international.org\/de\/wp-json\/wp\/v2\/comments?post=2247"}],"version-history":[{"count":31,"href":"https:\/\/www.fidesco-international.org\/de\/wp-json\/wp\/v2\/pages\/2247\/revisions"}],"predecessor-version":[{"id":8109,"href":"https:\/\/www.fidesco-international.org\/de\/wp-json\/wp\/v2\/pages\/2247\/revisions\/8109"}],"wp:featuredmedia":[{"embeddable":true,"href":"https:\/\/www.fidesco-international.org\/de\/wp-json\/wp\/v2\/media\/32"}],"wp:attachment":[{"href":"https:\/\/www.fidesco-international.org\/de\/wp-json\/wp\/v2\/media?parent=2247"}],"curies":[{"name":"wp","href":"https:\/\/api.w.org\/{rel}","templated":true}]}}