{"id":2272,"date":"2016-07-22T09:44:23","date_gmt":"2016-07-22T08:44:23","guid":{"rendered":"http:\/\/www.fidesco-international.org\/de\/?page_id=2272"},"modified":"2023-02-10T11:47:01","modified_gmt":"2023-02-10T10:47:01","slug":"links","status":"publish","type":"page","link":"https:\/\/www.fidesco-international.org\/de\/links\/","title":{"rendered":"Links"},"content":{"rendered":"<p>Auf dieser Seite finden Sie einige Links von Organisationen und Gemeinschaften, mit denen wir zusammenarbeiten oder denen wir nahe stehen:<\/p>\n<p><strong>Gemeinschaften:<\/strong><\/p>\n<p><a href=\"http:\/\/www.emmanuel-info.de\/\" target=\"_blank\" rel=\"noopener noreferrer\">Gemeinschaft Emmanuel<\/a><\/p>\n<p><a href=\"http:\/\/www.jugend2000.org\/\" target=\"_blank\" rel=\"noopener noreferrer\">Jugend 2000<\/a><\/p>\n<p>&nbsp;<\/p>\n<p><strong>Medien:<\/strong><\/p>\n<p><a href=\"http:\/\/www.horeb.org\" target=\"_blank\" rel=\"noopener noreferrer\">Radio Horeb<\/a><\/p>\n<p>&nbsp;<\/p>\n<p><strong>Organisationen:<\/strong><\/p>\n<p id=\"yui_3_10_0_1_1469179040276_68\"><a href=\"https:\/\/www.dzi.de\/organisation\/fidesco-e-v\/\" target=\"_blank\" rel=\"noopener noreferrer\">DZI &#8211; Deutsches Zentralinstitut f\u00fcr soziale Fragen<\/a><\/p>\n<p><a href=\"https:\/\/www.transparency.de\/\" target=\"_blank\" rel=\"noopener noreferrer\">Tranparency International Deutschland e.V.<\/a><\/p>\n<p><a href=\"https:\/\/www.agiamondo.de\/\" target=\"_blank\" rel=\"noopener noreferrer\">AGIAMONDO <\/a><\/p>\n<p><a href=\"https:\/\/welt-weit-freiwillig.de\/\" target=\"_blank\" rel=\"noopener\">Katholischer Verbund Internationale Freiwilligendienste<\/a><\/p>\n<p>&nbsp;<\/p>\n<p><strong>Spendenportale<\/strong><\/p>\n<p><a href=\"https:\/\/www.helpdirect.org\/spenden-organisationen\/details\/fidesco-e-v\/\" target=\"_blank\" rel=\"noopener noreferrer\">HelpDirect<\/a><\/p>\n<p>&nbsp;<\/p>\n<p><strong>Weitere Links:<\/strong><\/p>\n<p>Andrea unterst\u00fctzt Fidesco indem sie Kleidungsst\u00fccke \u00fcber die Plattform Vinted verkauft und den Erl\u00f6s spendet. Schauen Sie doch mal dort vorbei, vielleicht finden Sie ja etwas Passendes.<\/p>\n<p><a href=\"https:\/\/www.vinted.de\/member\/44427458-sistera\" target=\"_blank\" rel=\"noopener\">Andrea auf Vinted<\/a><\/p>\n<p>&nbsp;<\/p>\n<p><b>Hinweise zu Links<\/b><\/p>\n<p><b><br \/>\n<\/b>Unser Angebot umfasst Verweise (Links) zu anderen Angeboten im Internet. Die auf den gelinkten Seiten wiedergegebenen Tatsachenbehauptungen und Meinungs\u00e4u\u00dferungen liegen in der alleinigen Verantwortung der jeweiligen Autoren und geben nicht zwingend unsere Meinung wieder.<br \/>\nDie verlinkten Seiten wurden zum Zeitpunkt der Verlinkung auf m\u00f6gliche Rechtsverst\u00f6\u00dfe \u00fcberpr\u00fcft. Rechtswidrige Inhalte waren zum Zeitpunkt der Verlinkung nicht erkennbar. Eine permanente inhaltliche Kontrolle der verlinkten Seiten ist jedoch ohne konkrete Anhaltspunkte einer Rechtsverletzung nicht zumutbar.Bei Bekanntwerden von Rechtsverletzungen werden wir derartige Links umgehend entfernen. Fidesco e.V. distanziert sich hiermit ausdr\u00fccklich von allen Inhalten s\u00e4mtlicher gelinkter Seiten auf <a href=\"http:\/\/www.fidesco.de\" target=\"_blank\" rel=\"noopener noreferrer\">www.fidesco.de<\/a> und verweisen darauf, dass sie weder Einfluss auf Gestaltung und Inhalte der gelinkten Seiten haben, noch sich diese Inhalte zu eigen machen.<\/p>\n<p>Unsere Datenschutzerkl\u00e4rung finden Sie <a href=\"https:\/\/www.fidesco-international.org\/de\/datenschutzerklaerung\/\" target=\"_blank\" rel=\"noopener\">hier<\/a><\/p>\n<p>&nbsp;<\/p>\n","protected":false},"excerpt":{"rendered":"<p>Auf dieser Seite finden Sie einige Links von Organisationen und Gemeinschaften, mit denen wir zusammenarbeiten oder denen wir nahe stehen: Gemeinschaften: Gemeinschaft Emmanuel Jugend 2000 &nbsp; Medien: Radio Horeb &nbsp; Organisationen: DZI &#8211; Deutsches Zentralinstitut f\u00fcr soziale Fragen Tranparency International Deutschland e.V. AGIAMONDO Katholischer Verbund Internationale Freiwilligendienste &nbsp; Spendenportale HelpDirect &nbsp; Weitere Links: Andrea unterst\u00fctzt [&hellip;]<\/p>\n","protected":false},"author":9,"featured_media":0,"parent":0,"menu_order":0,"comment_status":"closed","ping_status":"open","template":"","meta":{"footnotes":""},"class_list":["post-2272","page","type-page","status-publish","hentry"],"acf":[],"_links":{"self":[{"href":"https:\/\/www.fidesco-international.org\/de\/wp-json\/wp\/v2\/pages\/2272","targetHints":{"allow":["GET"]}}],"collection":[{"href":"https:\/\/www.fidesco-international.org\/de\/wp-json\/wp\/v2\/pages"}],"about":[{"href":"https:\/\/www.fidesco-international.org\/de\/wp-json\/wp\/v2\/types\/page"}],"author":[{"embeddable":true,"href":"https:\/\/www.fidesco-international.org\/de\/wp-json\/wp\/v2\/users\/9"}],"replies":[{"embeddable":true,"href":"https:\/\/www.fidesco-international.org\/de\/wp-json\/wp\/v2\/comments?post=2272"}],"version-history":[{"count":23,"href":"https:\/\/www.fidesco-international.org\/de\/wp-json\/wp\/v2\/pages\/2272\/revisions"}],"predecessor-version":[{"id":6806,"href":"https:\/\/www.fidesco-international.org\/de\/wp-json\/wp\/v2\/pages\/2272\/revisions\/6806"}],"wp:attachment":[{"href":"https:\/\/www.fidesco-international.org\/de\/wp-json\/wp\/v2\/media?parent=2272"}],"curies":[{"name":"wp","href":"https:\/\/api.w.org\/{rel}","templated":true}]}}