{"id":232,"date":"2014-06-17T13:08:59","date_gmt":"2014-06-17T12:08:59","guid":{"rendered":"http:\/\/www.fidesco-international.org\/de\/?page_id=232"},"modified":"2021-03-10T09:21:44","modified_gmt":"2021-03-10T08:21:44","slug":"wir-ueber-uns","status":"publish","type":"page","link":"https:\/\/www.fidesco-international.org\/de\/wir-ueber-uns\/","title":{"rendered":"Wir \u00fcber uns"},"content":{"rendered":"<h1>MISSION UND ZIEL VON FIDESCO<\/h1>\n<p>Fidesco ist eine internationale, katholische Hilfsorganisation. Unser Name Fidesco wurde aus den W\u00f6rtern fides (lat. Glaube) und cooperatio (lat. Zusammenarbeit) gebildet. Fidesco ist Name und Programm zugleich: Zusammenarbeit im Glauben und aus dem Glauben heraus.<\/p>\n<p>Fidesco sucht Volont\u00e4re, also freiwillige Helfer. Nach einer fundierten Ausbildung senden wir sie zu Entwicklungsprojekten in alle Erdteile. Ein oder mehr Jahre lang arbeiten sie in den Projekten mit und bringen sich und ihr berufliches K\u00f6nnen ein. Fidesco hat das Ziel, vielen Menschen die Chance zu geben, sich in jeder Hinsicht so gut wie m\u00f6glich zu entwickeln. Es spielt keine Rolle f\u00fcr uns, ob es sich dabei um einen Christen oder Hindu, einen Afrikaner oder Europ\u00e4er, einen St\u00e4dter oder Landbewohner handelt.<\/p>\n","protected":false},"excerpt":{"rendered":"<p>MISSION UND ZIEL VON FIDESCO Fidesco ist eine internationale, katholische Hilfsorganisation. Unser Name Fidesco wurde aus den W\u00f6rtern fides (lat. Glaube) und cooperatio (lat. Zusammenarbeit) gebildet. Fidesco ist Name und Programm zugleich: Zusammenarbeit im Glauben und aus dem Glauben heraus. Fidesco sucht Volont\u00e4re, also freiwillige Helfer. Nach einer fundierten Ausbildung senden wir sie zu Entwicklungsprojekten [&hellip;]<\/p>\n","protected":false},"author":9,"featured_media":5389,"parent":0,"menu_order":0,"comment_status":"closed","ping_status":"open","template":"","meta":{"footnotes":""},"class_list":["post-232","page","type-page","status-publish","has-post-thumbnail","hentry"],"acf":[],"_links":{"self":[{"href":"https:\/\/www.fidesco-international.org\/de\/wp-json\/wp\/v2\/pages\/232","targetHints":{"allow":["GET"]}}],"collection":[{"href":"https:\/\/www.fidesco-international.org\/de\/wp-json\/wp\/v2\/pages"}],"about":[{"href":"https:\/\/www.fidesco-international.org\/de\/wp-json\/wp\/v2\/types\/page"}],"author":[{"embeddable":true,"href":"https:\/\/www.fidesco-international.org\/de\/wp-json\/wp\/v2\/users\/9"}],"replies":[{"embeddable":true,"href":"https:\/\/www.fidesco-international.org\/de\/wp-json\/wp\/v2\/comments?post=232"}],"version-history":[{"count":7,"href":"https:\/\/www.fidesco-international.org\/de\/wp-json\/wp\/v2\/pages\/232\/revisions"}],"predecessor-version":[{"id":5308,"href":"https:\/\/www.fidesco-international.org\/de\/wp-json\/wp\/v2\/pages\/232\/revisions\/5308"}],"wp:featuredmedia":[{"embeddable":true,"href":"https:\/\/www.fidesco-international.org\/de\/wp-json\/wp\/v2\/media\/5389"}],"wp:attachment":[{"href":"https:\/\/www.fidesco-international.org\/de\/wp-json\/wp\/v2\/media?parent=232"}],"curies":[{"name":"wp","href":"https:\/\/api.w.org\/{rel}","templated":true}]}}