{"id":236,"date":"2014-06-17T13:11:58","date_gmt":"2014-06-17T12:11:58","guid":{"rendered":"http:\/\/www.fidesco-international.org\/de\/?page_id=236"},"modified":"2022-09-19T09:50:55","modified_gmt":"2022-09-19T08:50:55","slug":"mission-und-ziel-von-fidesco","status":"publish","type":"page","link":"https:\/\/www.fidesco-international.org\/de\/mission-und-ziel-von-fidesco\/","title":{"rendered":"Mission und Ziel von Fidesco"},"content":{"rendered":"<p>Fidesco ist eine internationale, katholische Hilfsorganisation. Unser Name Fidesco wurde aus den W\u00f6rtern &#8222;<strong>fides<\/strong>&#8220; (lat. Glaube) und &#8222;<strong>co<\/strong>operatio&#8220; (lat. Zusammenarbeit) gebildet. Fidesco ist Name und Programm zugleich: Zusammenarbeit im Glauben und aus dem Glauben heraus.<\/p>\n<p>Fidesco sucht Volont\u00e4re, also freiwillige Helfer. Nach einer fundierten Ausbildung senden wir sie zu Entwicklungsprojekten in alle Erdteile. Zwei (oder ausnahmsweise ein Jahr) lang arbeiten sie in den Projekten mit und bringen sich und ihr berufliches K\u00f6nnen ein. Fidesco hat das Ziel, vielen Menschen die Chance zu geben, sich in jeder Hinsicht an Leib, Seele und Geist so gut wie m\u00f6glich zu entwickeln. Es spielt keine Rolle f\u00fcr uns, ob es sich dabei um einen Christen oder Hindu, einen Afrikaner oder Europ\u00e4er, einen St\u00e4dter oder Landbewohner handelt.<\/p>\n","protected":false},"excerpt":{"rendered":"<p>Fidesco ist eine internationale, katholische Hilfsorganisation. Unser Name Fidesco wurde aus den W\u00f6rtern &#8222;fides&#8220; (lat. Glaube) und &#8222;cooperatio&#8220; (lat. Zusammenarbeit) gebildet. Fidesco ist Name und Programm zugleich: Zusammenarbeit im Glauben und aus dem Glauben heraus. Fidesco sucht Volont\u00e4re, also freiwillige Helfer. Nach einer fundierten Ausbildung senden wir sie zu Entwicklungsprojekten in alle Erdteile. Zwei (oder [&hellip;]<\/p>\n","protected":false},"author":9,"featured_media":5390,"parent":0,"menu_order":0,"comment_status":"closed","ping_status":"open","template":"","meta":{"footnotes":""},"class_list":["post-236","page","type-page","status-publish","has-post-thumbnail","hentry"],"acf":[],"_links":{"self":[{"href":"https:\/\/www.fidesco-international.org\/de\/wp-json\/wp\/v2\/pages\/236","targetHints":{"allow":["GET"]}}],"collection":[{"href":"https:\/\/www.fidesco-international.org\/de\/wp-json\/wp\/v2\/pages"}],"about":[{"href":"https:\/\/www.fidesco-international.org\/de\/wp-json\/wp\/v2\/types\/page"}],"author":[{"embeddable":true,"href":"https:\/\/www.fidesco-international.org\/de\/wp-json\/wp\/v2\/users\/9"}],"replies":[{"embeddable":true,"href":"https:\/\/www.fidesco-international.org\/de\/wp-json\/wp\/v2\/comments?post=236"}],"version-history":[{"count":10,"href":"https:\/\/www.fidesco-international.org\/de\/wp-json\/wp\/v2\/pages\/236\/revisions"}],"predecessor-version":[{"id":6701,"href":"https:\/\/www.fidesco-international.org\/de\/wp-json\/wp\/v2\/pages\/236\/revisions\/6701"}],"wp:featuredmedia":[{"embeddable":true,"href":"https:\/\/www.fidesco-international.org\/de\/wp-json\/wp\/v2\/media\/5390"}],"wp:attachment":[{"href":"https:\/\/www.fidesco-international.org\/de\/wp-json\/wp\/v2\/media?parent=236"}],"curies":[{"name":"wp","href":"https:\/\/api.w.org\/{rel}","templated":true}]}}