{"id":240,"date":"2014-06-17T13:14:45","date_gmt":"2014-06-17T12:14:45","guid":{"rendered":"http:\/\/www.fidesco-international.org\/de\/?page_id=240"},"modified":"2022-09-23T09:44:18","modified_gmt":"2022-09-23T08:44:18","slug":"wer-wir-sind-2","status":"publish","type":"page","link":"https:\/\/www.fidesco-international.org\/de\/wer-wir-sind-2\/","title":{"rendered":"Wir \u00fcber uns &#8211; Br\u00fccken bauen"},"content":{"rendered":"<h1>Wir \u00fcber uns &#8211; Wir bauen Br\u00fccken zwischen Menschen<\/h1>\n<p>Fidesco bietet Fachkr\u00e4ften, die bereit sind, zwei oder ausnahmsweise ein Jahr ihres Lebens zur Verf\u00fcgung zu stellen, die M\u00f6glichkeit, in vielf\u00e4ltigen Projekten mitzuarbeiten. Diese werden normalerweise von unseren Partnern in den jeweiligen L\u00e4ndern geleitet.<\/p>\n<p>Das Rezept f\u00fcr unseren Erfolg ist eigentlich recht einfach:<\/p>\n<p>Unsere mehr als 40-j\u00e4hrige Erfahrung hilft uns dabei, geeignete Volont\u00e4re zu finden und diese gut auf ihren Einsatz vorzubereiten und wir suchen ein Projekt f\u00fcr sie aus, das zu ihnen passt.<\/p>\n<p>An ihrem Einsatzort machen die Volont\u00e4re tiefe menschliche Erfahrungen. Wenn sie nach ihrer Mission zur\u00fcckkehren, berichten sie von ihren Erlebnissen und ihr Beispiel steckt oft andere an.<\/p>\n<p>Wie unsere Volont\u00e4re vor Ort leben und arbeiten k\u00f6nnen Sie <a href=\"https:\/\/www.fidesco-international.org\/de\/fidesco-volontaere\/\" target=\"_blank\" rel=\"noopener\">hier<\/a> nachlesen.<\/p>\n<p>&nbsp;<\/p>\n<p><a href=\"https:\/\/www.fidesco-international.org\/de\/wp-content\/uploads\/sites\/2\/2016\/07\/P1080517.jpg\"><img loading=\"lazy\" decoding=\"async\" class=\"alignnone size-medium wp-image-2612\" src=\"https:\/\/www.fidesco-international.org\/de\/wp-content\/uploads\/sites\/2\/2016\/07\/P1080517-300x200.jpg\" alt=\"\" width=\"300\" height=\"200\" srcset=\"https:\/\/www.fidesco-international.org\/de\/wp-content\/uploads\/sites\/2\/2016\/07\/P1080517-300x200.jpg 300w, https:\/\/www.fidesco-international.org\/de\/wp-content\/uploads\/sites\/2\/2016\/07\/P1080517-1024x683.jpg 1024w, https:\/\/www.fidesco-international.org\/de\/wp-content\/uploads\/sites\/2\/2016\/07\/P1080517-770x514.jpg 770w, https:\/\/www.fidesco-international.org\/de\/wp-content\/uploads\/sites\/2\/2016\/07\/P1080517-1020x680.jpg 1020w, https:\/\/www.fidesco-international.org\/de\/wp-content\/uploads\/sites\/2\/2016\/07\/P1080517-100x67.jpg 100w, https:\/\/www.fidesco-international.org\/de\/wp-content\/uploads\/sites\/2\/2016\/07\/P1080517.jpg 1078w\" sizes=\"auto, (max-width: 300px) 100vw, 300px\" \/><\/a><\/p>\n<p>&nbsp;<\/p>\n<p>Das Ziel von Fidesco ist es, benachteiligten Menschen zu helfen. Vorrangig ist es Hilfe zur Selbsthilfe. Gemeinsam mit unseren einheimischen Partnern vor Ort, streben wir eine dauerhafte Verbesserung der Situation an. Die Projekte sind beispielsweise Krankenh\u00e4user, Fl\u00fcchtlingslager, Jugendzentren, Waisenh\u00e4user oder Schulen.<\/p>\n<p>Unsere Freiwilligen arbeiten als Lehrer, \u00c4rzte, Krankenpflegende, Ingenieure, Projektmanager, Sozialarbeiter, Landwirte oder in handwerklichen Berufen \u2013 es gibt allerdings noch viel mehr Einsatzm\u00f6glichkeiten.<\/p>\n<p>Nat\u00fcrlich bereiten wir unsere Volont\u00e4re gut auf ihrem Einsatz vor.<\/p>\n<p>Wir senden unsere Volont\u00e4re nicht alleine aus, sondern stellen ihnen einen Co-Volont\u00e4r zur Seite.<\/p>\n<p>&nbsp;<\/p>\n<p><a href=\"https:\/\/www.fidesco-international.org\/de\/wp-content\/uploads\/sites\/2\/2015\/09\/Alle-Muetter-des-Centers-nach-den-Life-Project-Plan-Praesentationen-zusammen-mit-den-Coaches-kl-e1663922597891.jpg\"><img loading=\"lazy\" decoding=\"async\" class=\"alignnone wp-image-1668 size-medium\" src=\"https:\/\/www.fidesco-international.org\/de\/wp-content\/uploads\/sites\/2\/2015\/09\/Alle-Muetter-des-Centers-nach-den-Life-Project-Plan-Praesentationen-zusammen-mit-den-Coaches-kl-e1663922597891-300x215.jpg\" alt=\"\" width=\"300\" height=\"215\" srcset=\"https:\/\/www.fidesco-international.org\/de\/wp-content\/uploads\/sites\/2\/2015\/09\/Alle-Muetter-des-Centers-nach-den-Life-Project-Plan-Praesentationen-zusammen-mit-den-Coaches-kl-e1663922597891-300x215.jpg 300w, https:\/\/www.fidesco-international.org\/de\/wp-content\/uploads\/sites\/2\/2015\/09\/Alle-Muetter-des-Centers-nach-den-Life-Project-Plan-Praesentationen-zusammen-mit-den-Coaches-kl-e1663922597891-100x72.jpg 100w, https:\/\/www.fidesco-international.org\/de\/wp-content\/uploads\/sites\/2\/2015\/09\/Alle-Muetter-des-Centers-nach-den-Life-Project-Plan-Praesentationen-zusammen-mit-den-Coaches-kl-e1663922597891.jpg 549w\" sizes=\"auto, (max-width: 300px) 100vw, 300px\" \/><\/a><\/p>\n<p>&nbsp;<\/p>\n<p>Fidesco International<br \/>\nFidesco engagiert sich mit Partnerschaften und Projekten in etwa 25 L\u00e4ndern. In Europa und die USA unterhalten wir zudem sieben Niederlassungen. Seit der Gr\u00fcndung 1981 wurden bereits mehr als 2000 Volont\u00e4re ausgesandt.<\/p>\n<p>Fidesco e.V.<br \/>\nFidesco e.V. wurde im Jahr 1987 gegr\u00fcndet. Wir sehen unsere Hauptaufgabe darin, in Zusammenarbeit mit Fidesco International, Fidesco in Deutschland bekannter zu machen, gute Volont\u00e4re zu finden und Spender, die unser Vorhaben mit ihrem Gebet und ihrer materiellen Zuwendung unterst\u00fctzen. Fidesco e.V. ist rechtlich von Fidesco International unabh\u00e4ngig.<\/p>\n<table style=\"height: 40px\" width=\"765\">\n<tbody>\n<tr>\n<td width=\"349\"><\/td>\n<\/tr>\n<\/tbody>\n<\/table>\n<p>&nbsp;<\/p>\n<p>&nbsp;<\/p>\n","protected":false},"excerpt":{"rendered":"<p>Wir \u00fcber uns &#8211; Wir bauen Br\u00fccken zwischen Menschen Fidesco bietet Fachkr\u00e4ften, die bereit sind, zwei oder ausnahmsweise ein Jahr ihres Lebens zur Verf\u00fcgung zu stellen, die M\u00f6glichkeit, in vielf\u00e4ltigen Projekten mitzuarbeiten. Diese werden normalerweise von unseren Partnern in den jeweiligen L\u00e4ndern geleitet. Das Rezept f\u00fcr unseren Erfolg ist eigentlich recht einfach: Unsere mehr als [&hellip;]<\/p>\n","protected":false},"author":9,"featured_media":5173,"parent":0,"menu_order":0,"comment_status":"closed","ping_status":"open","template":"","meta":{"footnotes":""},"class_list":["post-240","page","type-page","status-publish","has-post-thumbnail","hentry"],"acf":[],"_links":{"self":[{"href":"https:\/\/www.fidesco-international.org\/de\/wp-json\/wp\/v2\/pages\/240","targetHints":{"allow":["GET"]}}],"collection":[{"href":"https:\/\/www.fidesco-international.org\/de\/wp-json\/wp\/v2\/pages"}],"about":[{"href":"https:\/\/www.fidesco-international.org\/de\/wp-json\/wp\/v2\/types\/page"}],"author":[{"embeddable":true,"href":"https:\/\/www.fidesco-international.org\/de\/wp-json\/wp\/v2\/users\/9"}],"replies":[{"embeddable":true,"href":"https:\/\/www.fidesco-international.org\/de\/wp-json\/wp\/v2\/comments?post=240"}],"version-history":[{"count":29,"href":"https:\/\/www.fidesco-international.org\/de\/wp-json\/wp\/v2\/pages\/240\/revisions"}],"predecessor-version":[{"id":6727,"href":"https:\/\/www.fidesco-international.org\/de\/wp-json\/wp\/v2\/pages\/240\/revisions\/6727"}],"wp:featuredmedia":[{"embeddable":true,"href":"https:\/\/www.fidesco-international.org\/de\/wp-json\/wp\/v2\/media\/5173"}],"wp:attachment":[{"href":"https:\/\/www.fidesco-international.org\/de\/wp-json\/wp\/v2\/media?parent=240"}],"curies":[{"name":"wp","href":"https:\/\/api.w.org\/{rel}","templated":true}]}}