{"id":244,"date":"2014-06-17T13:52:49","date_gmt":"2014-06-17T12:52:49","guid":{"rendered":"http:\/\/www.fidesco-international.org\/de\/?page_id=244"},"modified":"2022-11-30T09:00:14","modified_gmt":"2022-11-30T08:00:14","slug":"ausblick-und-geschichte","status":"publish","type":"page","link":"https:\/\/www.fidesco-international.org\/de\/ausblick-und-geschichte\/","title":{"rendered":"Geschichte und Ausblick"},"content":{"rendered":"<h1>Geschichte und Ausblick<img loading=\"lazy\" decoding=\"async\" class=\"alignleft wp-image-245 \" src=\"https:\/\/www.fidesco-international.org\/de\/wp-content\/uploads\/sites\/2\/2014\/06\/Grameen_Yunus_Dec_04-219x300.jpg\" alt=\"Grameen_Yunus_Dec_04\" width=\"145\" height=\"199\" srcset=\"https:\/\/www.fidesco-international.org\/de\/wp-content\/uploads\/sites\/2\/2014\/06\/Grameen_Yunus_Dec_04-219x300.jpg 219w, https:\/\/www.fidesco-international.org\/de\/wp-content\/uploads\/sites\/2\/2014\/06\/Grameen_Yunus_Dec_04-73x100.jpg 73w, https:\/\/www.fidesco-international.org\/de\/wp-content\/uploads\/sites\/2\/2014\/06\/Grameen_Yunus_Dec_04.jpg 233w\" sizes=\"auto, (max-width: 145px) 100vw, 145px\" \/><\/h1>\n<p>&#8222;Der Mensch wird mit allen Anlagen in diese Welt hineingeboren, nicht nur f\u00fcr sich selbst zu sorgen, sondern auch dem Wohl der ganzen Welt zu dienen. Manche haben die Chance, ihr Potenzial vollst\u00e4ndig zu entwickeln und es auf vielerlei Weise zu nutzen. Andere hingegen erhalten ihr ganzes Leben lang niemals die Gelegenheit, ihre besonderen Talente zu entfalten, die ihnen in die Wiege gelegt wurden. Sie sterben und mit ihnen alles, was sie der Welt h\u00e4tten schenken k\u00f6nnen.\u201c<\/p>\n<p>Muhammad Yunus, Gewinner des Friedensnobelpreises<\/p>\n<p>&nbsp;<\/p>\n<p>&nbsp;<\/p>\n<p>&nbsp;<\/p>\n<p><a href=\"https:\/\/www.fidesco-international.org\/de\/wp-content\/uploads\/sites\/2\/2014\/06\/jeanloupdherse.jpg\"><img loading=\"lazy\" decoding=\"async\" class=\" size-full wp-image-1933 alignleft\" src=\"https:\/\/www.fidesco-international.org\/de\/wp-content\/uploads\/sites\/2\/2014\/06\/jeanloupdherse.jpg\" alt=\"jeanloupdherse\" width=\"300\" height=\"210\" srcset=\"https:\/\/www.fidesco-international.org\/de\/wp-content\/uploads\/sites\/2\/2014\/06\/jeanloupdherse.jpg 300w, https:\/\/www.fidesco-international.org\/de\/wp-content\/uploads\/sites\/2\/2014\/06\/jeanloupdherse-100x70.jpg 100w\" sizes=\"auto, (max-width: 300px) 100vw, 300px\" \/><\/a>\u201eArmut und Ablehnung kann sehr unterschiedliche Gesichter annehmen. Sie h\u00e4ngen vom Land und dem politischen System ab, in dem wir leben. Die wirtschaftlichen Bedingungen, die ethnische Herkunft und auch unsere Kultur spielen eine wichtige Rolle. Letztlich finden wir die Antwort darauf tief in unserem Herzen verwurzelt. Wir k\u00f6nnen nicht wirklich Mensch sein, wenn andere neben uns durch ihre Armut entstellt sind. Die Armen brauchen unsere Bereitschaft, mit unseren Idealen wie Geschwisterlichkeit, Freiheit, Demokratie und Frieden wirklich ernst zu machen.\u201c<\/p>\n<p>&nbsp;<\/p>\n<p>Jean-Loup D\u2019herse, fr\u00fcherer Vizepr\u00e4sident der Weltbank<br \/>\nund ehemaliger Pr\u00e4sident von Fidesco (1987-1995)<\/p>\n<p>&nbsp;<\/p>\n<p><strong>1980<\/strong>, im Anschluss an die Familiensynode im Vatikan, bat eine Gruppe von westafrikanischen Bisch\u00f6fen, dass Laien als Volont\u00e4re nach Afrika gesendet werden. Sie sollten dort in Entwicklungsprojekten mitarbeiten und durch ihren Dienst ein Hoffnungszeichnen setzen. Noch im gleichen Jahr wurde dieser Bitte entsprochen und eine Familie in das damalige Zaire (heute Demokratische Republik Kongo) auf eine medizinische Mission geschickt.<\/p>\n<p><strong>1981<\/strong> wurde Fidesco von der Gemeinschaft Emmanuel nach einem Treffen mit afrikanischen Bisch\u00f6fen im Vatikan gegr\u00fcndet.<\/p>\n<p><strong>1987<\/strong> wurde Fidesco e.V. in Deutschland ins Leben gerufen.<\/p>\n<p>Im Jahr <strong>1999<\/strong> z\u00e4hlte Fidesco 90 aktive Volont\u00e4re.<\/p>\n<p>Seit <strong>2007<\/strong> wurden jedes Jahr &#8211; im Fr\u00fchling und im Sommer &#8211; zwei Gruppen von Volont\u00e4ren ausgesendet \u2013 seit <strong>2016<\/strong> findet die Aussendung einmal im Sommer statt.<\/p>\n<p><strong>2017 &#8211;<\/strong> Fidesco Deutschland wird 30 Jahre alt.<\/p>\n<p><strong>2018 &#8211; <\/strong>Fidesco feiert 2000 Jahre Fidesco Mission. Das hei\u00dft: Fidesco Volont\u00e4re haben zusammen mehr als 2000 Jahre in der Mission gearbeitet.<\/p>\n<p><strong>2020 &#8211;<\/strong> Fidesco Frankreich feiert 40 Jahre<\/p>\n<p><strong>\u00a0\u00a0\u00a0\u00a0\u00a0\u00a0\u00a0\u00a0\u00a0 &#8211; <\/strong>Die Corona-Pandemie ver\u00e4ndert die Situation f\u00fcr unsere Volont\u00e4re einschneidend. Ein Teil musste aus Sicherheitsgr\u00fcnden zur\u00fcckkommen, einige entschieden sich f\u00fcr ein vorzeitiges Ende ihrer Mission. Trotz der schwierigen Situation sind etwa <strong>120 Volont\u00e4re derzeit auf Mission in etwa 25 L\u00e4ndern<\/strong>. Neue Volont\u00e4re werden weiterhin ausgebildet und in Projekte entsandt.<\/p>\n<p>In den Jahren vor Corona haben regelm\u00e4\u00dfig ungef\u00e4hr <strong>180 Fidesco-Volont\u00e4re in etwa 25 L\u00e4ndern<\/strong> gearbeitet.<\/p>\n<p>2022 &#8211; Im Herbst 2022 arbeiten 160 Volont\u00e4re f\u00fcr Projekte in 25 L\u00e4ndern weltweit.<\/p>\n<p>&nbsp;<\/p>\n","protected":false},"excerpt":{"rendered":"<p>Geschichte und Ausblick &#8222;Der Mensch wird mit allen Anlagen in diese Welt hineingeboren, nicht nur f\u00fcr sich selbst zu sorgen, sondern auch dem Wohl der ganzen Welt zu dienen. Manche haben die Chance, ihr Potenzial vollst\u00e4ndig zu entwickeln und es auf vielerlei Weise zu nutzen. Andere hingegen erhalten ihr ganzes Leben lang niemals die Gelegenheit, [&hellip;]<\/p>\n","protected":false},"author":9,"featured_media":1701,"parent":0,"menu_order":0,"comment_status":"closed","ping_status":"open","template":"","meta":{"footnotes":""},"class_list":["post-244","page","type-page","status-publish","has-post-thumbnail","hentry"],"acf":[],"_links":{"self":[{"href":"https:\/\/www.fidesco-international.org\/de\/wp-json\/wp\/v2\/pages\/244","targetHints":{"allow":["GET"]}}],"collection":[{"href":"https:\/\/www.fidesco-international.org\/de\/wp-json\/wp\/v2\/pages"}],"about":[{"href":"https:\/\/www.fidesco-international.org\/de\/wp-json\/wp\/v2\/types\/page"}],"author":[{"embeddable":true,"href":"https:\/\/www.fidesco-international.org\/de\/wp-json\/wp\/v2\/users\/9"}],"replies":[{"embeddable":true,"href":"https:\/\/www.fidesco-international.org\/de\/wp-json\/wp\/v2\/comments?post=244"}],"version-history":[{"count":21,"href":"https:\/\/www.fidesco-international.org\/de\/wp-json\/wp\/v2\/pages\/244\/revisions"}],"predecessor-version":[{"id":6936,"href":"https:\/\/www.fidesco-international.org\/de\/wp-json\/wp\/v2\/pages\/244\/revisions\/6936"}],"wp:featuredmedia":[{"embeddable":true,"href":"https:\/\/www.fidesco-international.org\/de\/wp-json\/wp\/v2\/media\/1701"}],"wp:attachment":[{"href":"https:\/\/www.fidesco-international.org\/de\/wp-json\/wp\/v2\/media?parent=244"}],"curies":[{"name":"wp","href":"https:\/\/api.w.org\/{rel}","templated":true}]}}