{"id":2517,"date":"2017-01-09T10:11:28","date_gmt":"2017-01-09T09:11:28","guid":{"rendered":"http:\/\/www.fidesco-international.org\/de\/?page_id=2517"},"modified":"2025-11-28T06:19:19","modified_gmt":"2025-11-28T05:19:19","slug":"bankdaten","status":"publish","type":"page","link":"https:\/\/www.fidesco-international.org\/de\/bankdaten\/","title":{"rendered":"UNSERE BANKDATEN"},"content":{"rendered":"<div class=\"textwidget\">\n<h4><span style=\"color: #ff0000\">SOZIALBANK<br \/>\n<\/span><\/h4>\n<h4><span style=\"color: #ff0000\">IBAN: DE25 3702 0500 0008 6321 00<br \/>\n<\/span><\/h4>\n<h4><span style=\"color: #ff0000\">BIC: BFSWDE33XXX<\/span><\/h4>\n<p><span style=\"color: #ff0000\">Kontoinhaber: Fidesco e.V.<\/span><\/p>\n<p>&nbsp;<\/p>\n<\/div>\n<p>Spenden an Fidesco e.V. sind steuerlich absetzbar.<\/p>\n<p>Bitte geben Sie bei Ihrer Spende Ihre vollst\u00e4ndige Anschrift an. Wir senden Ihnen dann eine Spendenbescheinigung.<\/p>\n<h2><a href=\"https:\/\/secure.spendenbank.de\/form\/1226\/\" target=\"_blank\" rel=\"noopener\"><span style=\"color: #ffffff\">Online k\u00f6nnen Sie hier spenden<\/span><\/a><\/h2>\n<h2>oder \u00fcber QR-Code:<\/h2>\n<p><a href=\"https:\/\/secure.spendenbank.de\/form\/1226\/\" target=\"_blank\" rel=\"noopener noreferrer\"><img loading=\"lazy\" decoding=\"async\" class=\"alignnone wp-image-5313\" src=\"https:\/\/www.fidesco-international.org\/de\/wp-content\/uploads\/sites\/2\/2020\/12\/qr.png\" alt=\"\" width=\"238\" height=\"261\" srcset=\"https:\/\/www.fidesco-international.org\/de\/wp-content\/uploads\/sites\/2\/2020\/12\/qr.png 820w, https:\/\/www.fidesco-international.org\/de\/wp-content\/uploads\/sites\/2\/2020\/12\/qr-273x300.png 273w, https:\/\/www.fidesco-international.org\/de\/wp-content\/uploads\/sites\/2\/2020\/12\/qr-768x843.png 768w, https:\/\/www.fidesco-international.org\/de\/wp-content\/uploads\/sites\/2\/2020\/12\/qr-620x680.png 620w, https:\/\/www.fidesco-international.org\/de\/wp-content\/uploads\/sites\/2\/2020\/12\/qr-91x100.png 91w\" sizes=\"auto, (max-width: 238px) 100vw, 238px\" \/><\/a><\/p>\n<h2>Was bringt mir als Spender das DZI-Siegel?<\/h2>\n<h2>Ihre Spende kommt an!<\/h2>\n<p><a href=\"https:\/\/www.fidesco-international.org\/de\/wp-content\/uploads\/sites\/2\/2015\/11\/Empfohlen-02.jpg\"><img loading=\"lazy\" decoding=\"async\" class=\"alignnone size-full wp-image-1711\" src=\"https:\/\/www.fidesco-international.org\/de\/wp-content\/uploads\/sites\/2\/2015\/11\/Empfohlen-02.jpg\" alt=\"\" width=\"270\" height=\"332\" srcset=\"https:\/\/www.fidesco-international.org\/de\/wp-content\/uploads\/sites\/2\/2015\/11\/Empfohlen-02.jpg 270w, https:\/\/www.fidesco-international.org\/de\/wp-content\/uploads\/sites\/2\/2015\/11\/Empfohlen-02-244x300.jpg 244w, https:\/\/www.fidesco-international.org\/de\/wp-content\/uploads\/sites\/2\/2015\/11\/Empfohlen-02-81x100.jpg 81w\" sizes=\"auto, (max-width: 270px) 100vw, 270px\" \/><\/a><\/p>\n<p>Auch in diesem Jahr wurde Fidesco e.V. wieder das Spendensiegel des &#8222;Deutschen Zentralinstituts f\u00fcr soziale Fragen&#8220; nach intensiver Pr\u00fcfung zuerkannt. Das DZI Spenden-Siegel ist das G\u00fctesiegel f\u00fcr seri\u00f6se Spendenorganisationen. Es belegt, dass wir mit den uns anvertrauten Geldern sorgf\u00e4ltig und verantwortungsvoll umgehen.<\/p>\n<p><a href=\"https:\/\/www.fidesco-international.org\/de\/dzi\/\" target=\"_blank\" rel=\"noopener\">Mehr Informationen zum DZI und Fidesco finden Sie hier<\/a><\/p>\n<p><a href=\"https:\/\/www.dzi.de\/organisation\/fidesco-e-v\/\" target=\"_blank\" rel=\"noopener\">Zur Fidesco-Seite\u00a0 auf der DZI-Website geht es hier entlang<\/a><\/p>\n<p>&nbsp;<\/p>\n<p>&nbsp;<\/p>\n<p>&nbsp;<\/p>\n<p>&nbsp;<\/p>\n","protected":false},"excerpt":{"rendered":"<p>SOZIALBANK IBAN: DE25 3702 0500 0008 6321 00 BIC: BFSWDE33XXX Kontoinhaber: Fidesco e.V. &nbsp; Spenden an Fidesco e.V. sind steuerlich absetzbar. Bitte geben Sie bei Ihrer Spende Ihre vollst\u00e4ndige Anschrift an. Wir senden Ihnen dann eine Spendenbescheinigung. Online k\u00f6nnen Sie hier spenden oder \u00fcber QR-Code: Was bringt mir als Spender das DZI-Siegel? Ihre Spende kommt [&hellip;]<\/p>\n","protected":false},"author":9,"featured_media":1711,"parent":0,"menu_order":0,"comment_status":"closed","ping_status":"open","template":"","meta":{"footnotes":""},"class_list":["post-2517","page","type-page","status-publish","has-post-thumbnail","hentry"],"acf":[],"_links":{"self":[{"href":"https:\/\/www.fidesco-international.org\/de\/wp-json\/wp\/v2\/pages\/2517","targetHints":{"allow":["GET"]}}],"collection":[{"href":"https:\/\/www.fidesco-international.org\/de\/wp-json\/wp\/v2\/pages"}],"about":[{"href":"https:\/\/www.fidesco-international.org\/de\/wp-json\/wp\/v2\/types\/page"}],"author":[{"embeddable":true,"href":"https:\/\/www.fidesco-international.org\/de\/wp-json\/wp\/v2\/users\/9"}],"replies":[{"embeddable":true,"href":"https:\/\/www.fidesco-international.org\/de\/wp-json\/wp\/v2\/comments?post=2517"}],"version-history":[{"count":23,"href":"https:\/\/www.fidesco-international.org\/de\/wp-json\/wp\/v2\/pages\/2517\/revisions"}],"predecessor-version":[{"id":8669,"href":"https:\/\/www.fidesco-international.org\/de\/wp-json\/wp\/v2\/pages\/2517\/revisions\/8669"}],"wp:featuredmedia":[{"embeddable":true,"href":"https:\/\/www.fidesco-international.org\/de\/wp-json\/wp\/v2\/media\/1711"}],"wp:attachment":[{"href":"https:\/\/www.fidesco-international.org\/de\/wp-json\/wp\/v2\/media?parent=2517"}],"curies":[{"name":"wp","href":"https:\/\/api.w.org\/{rel}","templated":true}]}}