{"id":254,"date":"2014-06-17T14:07:19","date_gmt":"2014-06-17T13:07:19","guid":{"rendered":"http:\/\/www.fidesco-international.org\/de\/?page_id=254"},"modified":"2022-11-30T09:21:19","modified_gmt":"2022-11-30T08:21:19","slug":"so-hilft-fidesco","status":"publish","type":"page","link":"https:\/\/www.fidesco-international.org\/de\/so-hilft-fidesco\/","title":{"rendered":"So hilft Fidesco"},"content":{"rendered":"<h1>Fidesco beschreitet zwei Wege, um allen Menschen eine optimale Entwicklung zu erm\u00f6glichen:<\/h1>\n<p>1.) Fidesco bereitet Leute mit entsprechenden beruflichen F\u00e4higkeiten intensiv auf ihren Einsatz vor und sendet sie als Volont\u00e4re aus. Diese stellen ihre Fachkenntnisse in den Dienst unserer Projektpartner und versuchen, ihre Kenntnisse weiterzugeben. Unsere ortsans\u00e4ssigen Partner leiten die jeweiligen Projekte. Im Allgemeinen arbeiten Volont\u00e4re in folgenden Berufszweigen:<\/p>\n<p>In der Medizin und verwandten Gebieten, Erziehung, Sozialarbeit, Management, Landwirtschaft sowie in technischen und handwerklichen Berufen.<\/p>\n<p>2.) Anfangs hat Fidesco nur Volont\u00e4re f\u00fcr die Projekte unserer Partner vermittelt. Sp\u00e4ter, auf etliche Anfragen hin, auch direkte Verantwortung in den Projekten \u00fcbernommen. Nur nach sorgf\u00e4ltigen Nachforschungen und mit konkreten Zusagen von \u00f6rtlicher Seite \u00fcbernimmt Fidesco solche Aufgaben und die Verantwortung.<\/p>\n<p>Fidesco kann eine beeindruckende Erfolgsgeschichte seiner Projekte unter Eigenregie verzeichnen. Immer wieder wird Fidesco von offiziellen Mitarbeitern der Vereinten Nationen oder auch der Regierungen als Musterorganisation ihrer Art angef\u00fchrt. Besondere Beispiele sind das Gesundheitszentrum St. Gabriel in Matoto, Guinea, das Stra\u00dfenkinderprojekt in Kigali, der Hauptstadt Ruandas, das Zentrum f\u00fcr weiterf\u00fchrende Studien und berufliche Ausbildung in Salvador de Bahia, Brasilien und ein landwirtschaftliches Ausbildungszentrum in Madagaskar.<\/p>\n<p>Die direkte Verantwortung dieser Projekte liegt inzwischen l\u00e4ngst bei den Menschen vor Ort. Wir sind den Projekten aber nach wie vor sehr verbunden und senden regelm\u00e4\u00dfig Volont\u00e4re zur Mitarbeit dorthin und unterst\u00fctzen die Arbeit, besonders bei gr\u00f6\u00dferen Investitionen, auch finanziell.<\/p>\n<p>&nbsp;<\/p>\n","protected":false},"excerpt":{"rendered":"<p>Fidesco beschreitet zwei Wege, um allen Menschen eine optimale Entwicklung zu erm\u00f6glichen: 1.) Fidesco bereitet Leute mit entsprechenden beruflichen F\u00e4higkeiten intensiv auf ihren Einsatz vor und sendet sie als Volont\u00e4re aus. Diese stellen ihre Fachkenntnisse in den Dienst unserer Projektpartner und versuchen, ihre Kenntnisse weiterzugeben. Unsere ortsans\u00e4ssigen Partner leiten die jeweiligen Projekte. Im Allgemeinen arbeiten [&hellip;]<\/p>\n","protected":false},"author":9,"featured_media":447,"parent":0,"menu_order":0,"comment_status":"closed","ping_status":"open","template":"","meta":{"footnotes":""},"class_list":["post-254","page","type-page","status-publish","has-post-thumbnail","hentry"],"acf":[],"_links":{"self":[{"href":"https:\/\/www.fidesco-international.org\/de\/wp-json\/wp\/v2\/pages\/254","targetHints":{"allow":["GET"]}}],"collection":[{"href":"https:\/\/www.fidesco-international.org\/de\/wp-json\/wp\/v2\/pages"}],"about":[{"href":"https:\/\/www.fidesco-international.org\/de\/wp-json\/wp\/v2\/types\/page"}],"author":[{"embeddable":true,"href":"https:\/\/www.fidesco-international.org\/de\/wp-json\/wp\/v2\/users\/9"}],"replies":[{"embeddable":true,"href":"https:\/\/www.fidesco-international.org\/de\/wp-json\/wp\/v2\/comments?post=254"}],"version-history":[{"count":13,"href":"https:\/\/www.fidesco-international.org\/de\/wp-json\/wp\/v2\/pages\/254\/revisions"}],"predecessor-version":[{"id":6938,"href":"https:\/\/www.fidesco-international.org\/de\/wp-json\/wp\/v2\/pages\/254\/revisions\/6938"}],"wp:featuredmedia":[{"embeddable":true,"href":"https:\/\/www.fidesco-international.org\/de\/wp-json\/wp\/v2\/media\/447"}],"wp:attachment":[{"href":"https:\/\/www.fidesco-international.org\/de\/wp-json\/wp\/v2\/media?parent=254"}],"curies":[{"name":"wp","href":"https:\/\/api.w.org\/{rel}","templated":true}]}}