{"id":258,"date":"2014-06-17T14:10:35","date_gmt":"2014-06-17T13:10:35","guid":{"rendered":"http:\/\/www.fidesco-international.org\/de\/?page_id=258"},"modified":"2022-11-30T08:24:28","modified_gmt":"2022-11-30T07:24:28","slug":"so-sind-wir-organisiert","status":"publish","type":"page","link":"https:\/\/www.fidesco-international.org\/de\/so-sind-wir-organisiert\/","title":{"rendered":"So sind wir organisiert"},"content":{"rendered":"<h5>Fidesco besteht aus ehrenamtlichen und hauptberuflich t\u00e4tigen Mitarbeitern. In enger Abstimmung betreuen sie die Projekte und Missionen.<\/h5>\n<h5>In der Fidesco-Zentrale in Paris k\u00fcmmert sich ein Team von etwa f\u00fcnfzehn Angestellten um alle internationalen Aktivit\u00e4ten. Das Aufgabenfeld reicht von der Suche und Ausbildung von Volont\u00e4ren bis zur Beschaffung von finanziellen Mitteln. Eine wichtige Aufgabe des Teams besteht in der Beobachtung der politischen Lage in den Projektl\u00e4ndern. Dabei haben die Mitarbeiter besonders die Sicherheit der Einsatzorte unserer Volont\u00e4re im Blick. Nicht zuletzt stellt das Team sicher, dass die Volont\u00e4re rund um die Uhr einen Ansprechpartner erreichen k\u00f6nnen, falls ein unerwarteter Notfall eintritt.<\/h5>\n<h5>Die nationalen B\u00fcros und ihre Mitarbeiter sind f\u00fcr die Suche von Volont\u00e4ren und die Finanzierung der Missionen verantwortlich.<\/h5>\n<h5>Das internationale B\u00fcro betreut die nationalen B\u00fcros. Fidesco-Verantwortliche f\u00fcr Asien, Amerika und Afrika k\u00fcmmern sich um die Belange des jeweiligen Kontinents.<\/h5>\n<h5>Die L\u00e4nderverantwortlichen betreuen alle Volont\u00e4re, die in einer bestimmten Region bzw. einem Land t\u00e4tig sind. Sie kennen sich umfassend am jeweiligen Einsatzort und in den Projekten aus. Die Verantwortlichen stehen in engem Kontakt mit den Projektleitern und den Volont\u00e4ren. Mindestens einmal im Jahr machen sie sich ein Bild \u00fcber den Stand der Projekte und besuchen ihre Volont\u00e4re.<\/h5>\n<h5>Ehrenamtliche L\u00e4nderverantwortliche berichten \u00fcber die Projekte, f\u00fcr die Fidesco selbst federf\u00fchrend ist.<\/h5>\n<h5>Fachleute der unterschiedlichsten Richtungen unterst\u00fctzen Fidesco bei der Ausbildung der Volont\u00e4re im Rahmen der Treffen vor und nach den Missionen.<br \/>\nZum weiteren Kreis der Mitarbeiter kann man auch unsere Partner vor Ort, andere Nichtregierungsorganisationen (NGO), Botschaften, und Regierungsbeh\u00f6rden z\u00e4hlen. Diese unterst\u00fctzen Fidesco vor allem dabei, Chancen und Probleme von zuk\u00fcnftigen Projekten realistisch einzusch\u00e4tzen.<\/h5>\n<h5>Besonders wichtig ist die Mitarbeit und gro\u00dfz\u00fcgige finanzielle Unterst\u00fctzung von \u00fcber 10.000 Spendern auf der ganzen Welt, ohne die unsere Arbeit unm\u00f6glich w\u00e4re.<\/h5>\n","protected":false},"excerpt":{"rendered":"<p>Fidesco besteht aus ehrenamtlichen und hauptberuflich t\u00e4tigen Mitarbeitern. In enger Abstimmung betreuen sie die Projekte und Missionen. In der Fidesco-Zentrale in Paris k\u00fcmmert sich ein Team von etwa f\u00fcnfzehn Angestellten um alle internationalen Aktivit\u00e4ten. Das Aufgabenfeld reicht von der Suche und Ausbildung von Volont\u00e4ren bis zur Beschaffung von finanziellen Mitteln. Eine wichtige Aufgabe des Teams [&hellip;]<\/p>\n","protected":false},"author":9,"featured_media":1527,"parent":0,"menu_order":0,"comment_status":"closed","ping_status":"open","template":"","meta":{"footnotes":""},"class_list":["post-258","page","type-page","status-publish","has-post-thumbnail","hentry"],"acf":[],"_links":{"self":[{"href":"https:\/\/www.fidesco-international.org\/de\/wp-json\/wp\/v2\/pages\/258","targetHints":{"allow":["GET"]}}],"collection":[{"href":"https:\/\/www.fidesco-international.org\/de\/wp-json\/wp\/v2\/pages"}],"about":[{"href":"https:\/\/www.fidesco-international.org\/de\/wp-json\/wp\/v2\/types\/page"}],"author":[{"embeddable":true,"href":"https:\/\/www.fidesco-international.org\/de\/wp-json\/wp\/v2\/users\/9"}],"replies":[{"embeddable":true,"href":"https:\/\/www.fidesco-international.org\/de\/wp-json\/wp\/v2\/comments?post=258"}],"version-history":[{"count":10,"href":"https:\/\/www.fidesco-international.org\/de\/wp-json\/wp\/v2\/pages\/258\/revisions"}],"predecessor-version":[{"id":6935,"href":"https:\/\/www.fidesco-international.org\/de\/wp-json\/wp\/v2\/pages\/258\/revisions\/6935"}],"wp:featuredmedia":[{"embeddable":true,"href":"https:\/\/www.fidesco-international.org\/de\/wp-json\/wp\/v2\/media\/1527"}],"wp:attachment":[{"href":"https:\/\/www.fidesco-international.org\/de\/wp-json\/wp\/v2\/media?parent=258"}],"curies":[{"name":"wp","href":"https:\/\/api.w.org\/{rel}","templated":true}]}}