{"id":3294,"date":"2018-11-07T11:42:18","date_gmt":"2018-11-07T10:42:18","guid":{"rendered":"http:\/\/www.fidesco-international.org\/de\/?page_id=3294"},"modified":"2022-04-05T09:17:37","modified_gmt":"2022-04-05T08:17:37","slug":"fidesco-kids","status":"publish","type":"page","link":"https:\/\/www.fidesco-international.org\/de\/fidesco-kids\/","title":{"rendered":"Fidesco Kids"},"content":{"rendered":"<h3><a href=\"https:\/\/www.fidesco-international.org\/de\/wp-content\/uploads\/sites\/2\/2018\/11\/MAG0003.jpg\"><img loading=\"lazy\" decoding=\"async\" class=\"wp-image-3328 alignleft\" src=\"https:\/\/www.fidesco-international.org\/de\/wp-content\/uploads\/sites\/2\/2018\/11\/MAG0003.jpg\" alt=\"\" width=\"413\" height=\"310\" srcset=\"https:\/\/www.fidesco-international.org\/de\/wp-content\/uploads\/sites\/2\/2018\/11\/MAG0003.jpg 2304w, https:\/\/www.fidesco-international.org\/de\/wp-content\/uploads\/sites\/2\/2018\/11\/MAG0003-300x225.jpg 300w, https:\/\/www.fidesco-international.org\/de\/wp-content\/uploads\/sites\/2\/2018\/11\/MAG0003-768x576.jpg 768w, https:\/\/www.fidesco-international.org\/de\/wp-content\/uploads\/sites\/2\/2018\/11\/MAG0003-1024x768.jpg 1024w, https:\/\/www.fidesco-international.org\/de\/wp-content\/uploads\/sites\/2\/2018\/11\/MAG0003-907x680.jpg 907w, https:\/\/www.fidesco-international.org\/de\/wp-content\/uploads\/sites\/2\/2018\/11\/MAG0003-100x75.jpg 100w\" sizes=\"auto, (max-width: 413px) 100vw, 413px\" \/><\/a>Stell dir einmal vor: Du wohnst in einem kleinen Dorf in Ruanda, das ist ein Land, das mitten in Afrika liegt. Du hast wenig zu essen, wenig Kleidung und fast kein Spielzeug. In eurem kleinen Haus gibt es nur ein Zimmer. Du, deine drei kleinen Br\u00fcder und deine drei Schwestern habt nur ein Bett f\u00fcr euch zusammen. Dein Vater wohnt schon lange nicht mehr bei euch, er ist weggegangen als du noch klein warst. Du kennst ihn gar nicht. Deine Mutter hat wieder einen neuen Freund. Dieser Freund ist \u00fcberhaupt nicht nett zu dir und deinen Geschwistern. Es gibt auch kein Geld, um die Schule f\u00fcr dich zu bezahlen. Du warst einmal dabei, als jemand von der gro\u00dfen Stadt Kigali erz\u00e4hlt hat. Dort gibt es viele reiche Leute, die ein gro\u00dfes Auto, ein Haus und viel Geld haben. Du denkst dir: Vielleicht kann ich dort arbeiten und Essen bekommen, es sind zu Fu\u00df nur f\u00fcnf oder sechs Tage bis dorthin. Dein Traum wird so stark, dass du eines Tages wirklich von zu Hause weggehst. Auf zum Abenteuer. Aber ist es in Kigali wirklich so sch\u00f6n?<\/h3>\n<h3>Was du dir nur vorgestellt hast, ist f\u00fcr viele Kinder in Ruanda die Wirklichkeit. Sie hoffen, dass es ihnen in der Stadt besser geht. Nach einem langen Marsch kommen sie in der gro\u00dfen Stadt an. Meistens kennen sie dort niemanden. Es gibt keinen Schutz. Mit etwas Gl\u00fcck finden sie einen Karton, unter dem sie schlafen k\u00f6nnen. Auf der Stra\u00dfe stehlen die Kinder Essen oder sie k\u00f6nnen manchmal eine kleine Arbeit erledigen, mit der sie etwas Geld verdienen. Manchmal schlie\u00dfen sie sich zu kleinen Gruppen oder Banden zusammen. Ist es hier wirklich besser als zu Hause? Wer einmal auf der Stra\u00dfe gelandet ist, kommt ganz schwer wieder von dort weg.<\/h3>\n<h3><a href=\"https:\/\/www.fidesco-international.org\/de\/wp-content\/uploads\/sites\/2\/2018\/11\/b17.jpg\"><img loading=\"lazy\" decoding=\"async\" class=\"alignnone wp-image-3321\" src=\"https:\/\/www.fidesco-international.org\/de\/wp-content\/uploads\/sites\/2\/2018\/11\/b17.jpg\" alt=\"\" width=\"555\" height=\"416\" srcset=\"https:\/\/www.fidesco-international.org\/de\/wp-content\/uploads\/sites\/2\/2018\/11\/b17.jpg 2304w, https:\/\/www.fidesco-international.org\/de\/wp-content\/uploads\/sites\/2\/2018\/11\/b17-300x225.jpg 300w, https:\/\/www.fidesco-international.org\/de\/wp-content\/uploads\/sites\/2\/2018\/11\/b17-768x576.jpg 768w, https:\/\/www.fidesco-international.org\/de\/wp-content\/uploads\/sites\/2\/2018\/11\/b17-1024x768.jpg 1024w, https:\/\/www.fidesco-international.org\/de\/wp-content\/uploads\/sites\/2\/2018\/11\/b17-907x680.jpg 907w, https:\/\/www.fidesco-international.org\/de\/wp-content\/uploads\/sites\/2\/2018\/11\/b17-100x75.jpg 100w\" sizes=\"auto, (max-width: 555px) 100vw, 555px\" \/><\/a><\/h3>\n<h3>Leute vom Zentrum Ruagamba suchen die Kinder auf der Stra\u00dfe und helfen ihnen wieder nach Hause zu kommen. Ihr k\u00f6nnt den Kindern von Deutschland aus auch helfen, wenn ihr f\u00fcr sie betet und Geld f\u00fcr sie sammelt. Mit dem verdienten Geld k\u00f6nnen dann Kinder in Ruanda essen, zur Schule gehen und bald wieder in ihrer Familie leben. Fidesco ist gespannt, was ihr dazu beitragen k\u00f6nnt. Ihr k\u00f6nnt euch eine Spardose in Form eines afrikanischen Hauses basteln. Wie das geht, seht ihr auf den Bastel- und Spieleseiten.<\/h3>\n<p><a href=\"https:\/\/www.fidesco-international.org\/de\/wp-content\/uploads\/sites\/2\/2018\/11\/RWANDA-1024x685.jpg\"><img loading=\"lazy\" decoding=\"async\" class=\"alignnone wp-image-3324\" src=\"https:\/\/www.fidesco-international.org\/de\/wp-content\/uploads\/sites\/2\/2018\/11\/RWANDA-1024x685.jpg\" alt=\"\" width=\"555\" height=\"371\" srcset=\"https:\/\/www.fidesco-international.org\/de\/wp-content\/uploads\/sites\/2\/2018\/11\/RWANDA-1024x685.jpg 1701w, https:\/\/www.fidesco-international.org\/de\/wp-content\/uploads\/sites\/2\/2018\/11\/RWANDA-1024x685-300x201.jpg 300w, https:\/\/www.fidesco-international.org\/de\/wp-content\/uploads\/sites\/2\/2018\/11\/RWANDA-1024x685-768x514.jpg 768w, https:\/\/www.fidesco-international.org\/de\/wp-content\/uploads\/sites\/2\/2018\/11\/RWANDA-1024x685-1024x685.jpg 1024w, https:\/\/www.fidesco-international.org\/de\/wp-content\/uploads\/sites\/2\/2018\/11\/RWANDA-1024x685-770x514.jpg 770w, https:\/\/www.fidesco-international.org\/de\/wp-content\/uploads\/sites\/2\/2018\/11\/RWANDA-1024x685-1016x680.jpg 1016w, https:\/\/www.fidesco-international.org\/de\/wp-content\/uploads\/sites\/2\/2018\/11\/RWANDA-1024x685-100x67.jpg 100w\" sizes=\"auto, (max-width: 555px) 100vw, 555px\" \/><\/a><\/p>\n<p>&nbsp;<\/p>\n<h2>Und das hier gibt es alles auf eurer Seite:<\/h2>\n<p><strong>Klickt einfach auf die Bilder, dann k\u00f6nnt ihr weiterlesen und die Bastelsachen oder Ausmalbilder herunterladen.<\/strong><\/p>\n<p>&nbsp;<\/p>\n<p><a href=\"https:\/\/www.fidesco-international.org\/de\/kinder-auf-mission-in-fremden-laendern\/\" target=\"_blank\" rel=\"noopener noreferrer\"><img loading=\"lazy\" decoding=\"async\" class=\"alignnone wp-image-3311\" src=\"https:\/\/www.fidesco-international.org\/de\/wp-content\/uploads\/sites\/2\/2018\/11\/CAMEROUN_-_Yaounde_-_Benjamin_et_Mathilde_RICHARD_38.jpg\" alt=\"\" width=\"228\" height=\"152\" srcset=\"https:\/\/www.fidesco-international.org\/de\/wp-content\/uploads\/sites\/2\/2018\/11\/CAMEROUN_-_Yaounde_-_Benjamin_et_Mathilde_RICHARD_38.jpg 3008w, https:\/\/www.fidesco-international.org\/de\/wp-content\/uploads\/sites\/2\/2018\/11\/CAMEROUN_-_Yaounde_-_Benjamin_et_Mathilde_RICHARD_38-300x199.jpg 300w, https:\/\/www.fidesco-international.org\/de\/wp-content\/uploads\/sites\/2\/2018\/11\/CAMEROUN_-_Yaounde_-_Benjamin_et_Mathilde_RICHARD_38-768x511.jpg 768w, https:\/\/www.fidesco-international.org\/de\/wp-content\/uploads\/sites\/2\/2018\/11\/CAMEROUN_-_Yaounde_-_Benjamin_et_Mathilde_RICHARD_38-1024x681.jpg 1024w, https:\/\/www.fidesco-international.org\/de\/wp-content\/uploads\/sites\/2\/2018\/11\/CAMEROUN_-_Yaounde_-_Benjamin_et_Mathilde_RICHARD_38-770x514.jpg 770w, https:\/\/www.fidesco-international.org\/de\/wp-content\/uploads\/sites\/2\/2018\/11\/CAMEROUN_-_Yaounde_-_Benjamin_et_Mathilde_RICHARD_38-1023x680.jpg 1023w, https:\/\/www.fidesco-international.org\/de\/wp-content\/uploads\/sites\/2\/2018\/11\/CAMEROUN_-_Yaounde_-_Benjamin_et_Mathilde_RICHARD_38-100x66.jpg 100w\" sizes=\"auto, (max-width: 228px) 100vw, 228px\" \/><\/a><a href=\"https:\/\/www.fidesco-international.org\/de\/spardose-basteln\/\" target=\"_blank\" rel=\"noopener noreferrer\"><img loading=\"lazy\" decoding=\"async\" class=\"alignnone wp-image-3401\" src=\"https:\/\/www.fidesco-international.org\/de\/wp-content\/uploads\/sites\/2\/2018\/12\/Spardose-mit-Text-mini.jpg\" alt=\"\" width=\"255\" height=\"149\" srcset=\"https:\/\/www.fidesco-international.org\/de\/wp-content\/uploads\/sites\/2\/2018\/12\/Spardose-mit-Text-mini.jpg 265w, https:\/\/www.fidesco-international.org\/de\/wp-content\/uploads\/sites\/2\/2018\/12\/Spardose-mit-Text-mini-100x58.jpg 100w\" sizes=\"auto, (max-width: 255px) 100vw, 255px\" \/><\/a>\u00a0\u00a0 <a href=\"https:\/\/www.fidesco-international.org\/de\/strassenkinderzentrum-kleines-malbuch\/\" target=\"_blank\" rel=\"noopener noreferrer\"><img loading=\"lazy\" decoding=\"async\" class=\"alignnone wp-image-3404\" src=\"https:\/\/www.fidesco-international.org\/de\/wp-content\/uploads\/sites\/2\/2018\/12\/ausmalbild-klein.jpg\" alt=\"\" width=\"228\" height=\"133\" srcset=\"https:\/\/www.fidesco-international.org\/de\/wp-content\/uploads\/sites\/2\/2018\/12\/ausmalbild-klein.jpg 378w, https:\/\/www.fidesco-international.org\/de\/wp-content\/uploads\/sites\/2\/2018\/12\/ausmalbild-klein-300x175.jpg 300w, https:\/\/www.fidesco-international.org\/de\/wp-content\/uploads\/sites\/2\/2018\/12\/ausmalbild-klein-100x58.jpg 100w\" sizes=\"auto, (max-width: 228px) 100vw, 228px\" \/><\/a><\/p>\n<h5>Kinder auf Mission\u00a0\u00a0\u00a0\u00a0\u00a0\u00a0\u00a0\u00a0\u00a0\u00a0\u00a0\u00a0\u00a0\u00a0\u00a0\u00a0\u00a0\u00a0\u00a0\u00a0\u00a0\u00a0\u00a0\u00a0\u00a0\u00a0\u00a0\u00a0 Spardose\u00a0\u00a0\u00a0\u00a0\u00a0\u00a0\u00a0\u00a0\u00a0\u00a0\u00a0\u00a0\u00a0\u00a0\u00a0\u00a0\u00a0\u00a0\u00a0\u00a0\u00a0\u00a0\u00a0\u00a0\u00a0\u00a0\u00a0\u00a0\u00a0\u00a0\u00a0 \u00a0 \u00a0 \u00a0 \u00a0 \u00a0 \u00a0\u00a0 Malbuch<\/h5>\n<p>&nbsp;<\/p>\n<hr \/>\n<p><a href=\"https:\/\/www.fidesco-international.org\/de\/wp-content\/uploads\/sites\/2\/2019\/01\/Tiere-in-Afrika-1.pdf\" target=\"_blank\" rel=\"noopener noreferrer\"><img loading=\"lazy\" decoding=\"async\" class=\"alignnone wp-image-3487\" src=\"https:\/\/www.fidesco-international.org\/de\/wp-content\/uploads\/sites\/2\/2019\/01\/Malbuch-1.jpg\" alt=\"\" width=\"219\" height=\"159\" srcset=\"https:\/\/www.fidesco-international.org\/de\/wp-content\/uploads\/sites\/2\/2019\/01\/Malbuch-1.jpg 7019w, https:\/\/www.fidesco-international.org\/de\/wp-content\/uploads\/sites\/2\/2019\/01\/Malbuch-1-300x218.jpg 300w, https:\/\/www.fidesco-international.org\/de\/wp-content\/uploads\/sites\/2\/2019\/01\/Malbuch-1-768x558.jpg 768w, https:\/\/www.fidesco-international.org\/de\/wp-content\/uploads\/sites\/2\/2019\/01\/Malbuch-1-1024x744.jpg 1024w, https:\/\/www.fidesco-international.org\/de\/wp-content\/uploads\/sites\/2\/2019\/01\/Malbuch-1-936x680.jpg 936w, https:\/\/www.fidesco-international.org\/de\/wp-content\/uploads\/sites\/2\/2019\/01\/Malbuch-1-100x73.jpg 100w\" sizes=\"auto, (max-width: 219px) 100vw, 219px\" \/><\/a><a href=\"https:\/\/www.fidesco-international.org\/de\/wp-content\/uploads\/sites\/2\/2019\/01\/Malbuch-2.jpg\" target=\"_blank\" rel=\"noopener noreferrer\"> \u00a0 \u00a0 <\/a><a href=\"https:\/\/www.fidesco-international.org\/de\/wp-content\/uploads\/sites\/2\/2019\/01\/Tiere-in-Afrika-2.pdf\" target=\"_blank\" rel=\"noopener noreferrer\"><img loading=\"lazy\" decoding=\"async\" class=\"alignnone wp-image-3488\" src=\"https:\/\/www.fidesco-international.org\/de\/wp-content\/uploads\/sites\/2\/2019\/01\/Malbuch-2.jpg\" alt=\"\" width=\"218\" height=\"159\" srcset=\"https:\/\/www.fidesco-international.org\/de\/wp-content\/uploads\/sites\/2\/2019\/01\/Malbuch-2.jpg 3509w, https:\/\/www.fidesco-international.org\/de\/wp-content\/uploads\/sites\/2\/2019\/01\/Malbuch-2-300x218.jpg 300w, https:\/\/www.fidesco-international.org\/de\/wp-content\/uploads\/sites\/2\/2019\/01\/Malbuch-2-768x558.jpg 768w, https:\/\/www.fidesco-international.org\/de\/wp-content\/uploads\/sites\/2\/2019\/01\/Malbuch-2-1024x744.jpg 1024w, https:\/\/www.fidesco-international.org\/de\/wp-content\/uploads\/sites\/2\/2019\/01\/Malbuch-2-936x680.jpg 936w, https:\/\/www.fidesco-international.org\/de\/wp-content\/uploads\/sites\/2\/2019\/01\/Malbuch-2-100x73.jpg 100w\" sizes=\"auto, (max-width: 218px) 100vw, 218px\" \/><\/a> \u00a0 \u00a0 <a href=\"https:\/\/www.fidesco-international.org\/de\/wp-content\/uploads\/sites\/2\/2019\/01\/Tiere-in-Afrika-3.pdf\" target=\"_blank\" rel=\"noopener noreferrer\"><img loading=\"lazy\" decoding=\"async\" class=\"alignnone wp-image-3489\" src=\"https:\/\/www.fidesco-international.org\/de\/wp-content\/uploads\/sites\/2\/2019\/01\/Malbuch-3.jpg\" alt=\"\" width=\"217\" height=\"158\" srcset=\"https:\/\/www.fidesco-international.org\/de\/wp-content\/uploads\/sites\/2\/2019\/01\/Malbuch-3.jpg 3509w, https:\/\/www.fidesco-international.org\/de\/wp-content\/uploads\/sites\/2\/2019\/01\/Malbuch-3-300x218.jpg 300w, https:\/\/www.fidesco-international.org\/de\/wp-content\/uploads\/sites\/2\/2019\/01\/Malbuch-3-768x558.jpg 768w, https:\/\/www.fidesco-international.org\/de\/wp-content\/uploads\/sites\/2\/2019\/01\/Malbuch-3-1024x744.jpg 1024w, https:\/\/www.fidesco-international.org\/de\/wp-content\/uploads\/sites\/2\/2019\/01\/Malbuch-3-936x680.jpg 936w, https:\/\/www.fidesco-international.org\/de\/wp-content\/uploads\/sites\/2\/2019\/01\/Malbuch-3-100x73.jpg 100w\" sizes=\"auto, (max-width: 217px) 100vw, 217px\" \/><\/a><\/p>\n<h5>\u00a0Malbuch Tiere 1\u00a0\u00a0\u00a0\u00a0\u00a0\u00a0\u00a0\u00a0\u00a0\u00a0\u00a0\u00a0\u00a0\u00a0\u00a0\u00a0\u00a0\u00a0\u00a0\u00a0\u00a0\u00a0\u00a0\u00a0\u00a0\u00a0\u00a0 \u00a0 \u00a0 \u00a0\u00a0\u00a0 Malbuch Tiere 2\u00a0\u00a0\u00a0\u00a0\u00a0\u00a0\u00a0\u00a0\u00a0\u00a0\u00a0\u00a0\u00a0\u00a0\u00a0\u00a0\u00a0\u00a0\u00a0\u00a0\u00a0\u00a0 \u00a0 \u00a0\u00a0 \u00a0\u00a0 Malbuch Tiere 3<\/h5>\n<p>&nbsp;<\/p>\n<hr \/>\n<p><a href=\"https:\/\/www.fidesco-international.org\/de\/spardose-basteln\/\" target=\"_blank\" rel=\"noopener noreferrer\">\u00a0\u00a0\u00a0<\/a><a href=\"https:\/\/www.fidesco-international.org\/de\/gebetswuerfel\/\" target=\"_blank\" rel=\"noopener\"><img loading=\"lazy\" decoding=\"async\" class=\"alignnone wp-image-3427\" src=\"https:\/\/www.fidesco-international.org\/de\/wp-content\/uploads\/sites\/2\/2018\/12\/Gebetswuerfel.jpg\" alt=\"\" width=\"222\" height=\"156\" srcset=\"https:\/\/www.fidesco-international.org\/de\/wp-content\/uploads\/sites\/2\/2018\/12\/Gebetswuerfel.jpg 3532w, https:\/\/www.fidesco-international.org\/de\/wp-content\/uploads\/sites\/2\/2018\/12\/Gebetswuerfel-300x211.jpg 300w, https:\/\/www.fidesco-international.org\/de\/wp-content\/uploads\/sites\/2\/2018\/12\/Gebetswuerfel-768x541.jpg 768w, https:\/\/www.fidesco-international.org\/de\/wp-content\/uploads\/sites\/2\/2018\/12\/Gebetswuerfel-1024x722.jpg 1024w, https:\/\/www.fidesco-international.org\/de\/wp-content\/uploads\/sites\/2\/2018\/12\/Gebetswuerfel-965x680.jpg 965w, https:\/\/www.fidesco-international.org\/de\/wp-content\/uploads\/sites\/2\/2018\/12\/Gebetswuerfel-100x70.jpg 100w\" sizes=\"auto, (max-width: 222px) 100vw, 222px\" \/><\/a><a href=\"https:\/\/www.fidesco-international.org\/de\/wp-content\/uploads\/sites\/2\/2019\/01\/Flaggenraetsel-02.jpg\" target=\"_blank\" rel=\"noopener noreferrer\"> \u00a0 \u00a0 \u00a0\u00a0 <\/a><a href=\"https:\/\/www.fidesco-international.org\/de\/flaggenraetsel\/\" target=\"_blank\" rel=\"noopener\"><img loading=\"lazy\" decoding=\"async\" class=\"alignnone wp-image-3499\" src=\"https:\/\/www.fidesco-international.org\/de\/wp-content\/uploads\/sites\/2\/2019\/01\/Flaggenraetsel-02.jpg\" alt=\"\" width=\"111\" height=\"157\" srcset=\"https:\/\/www.fidesco-international.org\/de\/wp-content\/uploads\/sites\/2\/2019\/01\/Flaggenraetsel-02.jpg 836w, https:\/\/www.fidesco-international.org\/de\/wp-content\/uploads\/sites\/2\/2019\/01\/Flaggenraetsel-02-212x300.jpg 212w, https:\/\/www.fidesco-international.org\/de\/wp-content\/uploads\/sites\/2\/2019\/01\/Flaggenraetsel-02-768x1085.jpg 768w, https:\/\/www.fidesco-international.org\/de\/wp-content\/uploads\/sites\/2\/2019\/01\/Flaggenraetsel-02-725x1024.jpg 725w, https:\/\/www.fidesco-international.org\/de\/wp-content\/uploads\/sites\/2\/2019\/01\/Flaggenraetsel-02-481x680.jpg 481w, https:\/\/www.fidesco-international.org\/de\/wp-content\/uploads\/sites\/2\/2019\/01\/Flaggenraetsel-02-71x100.jpg 71w\" sizes=\"auto, (max-width: 111px) 100vw, 111px\" \/><\/a><a href=\"https:\/\/www.fidesco-international.org\/de\/suchsel-2\/\" target=\"_blank\" rel=\"noopener noreferrer\">\u00a0\u00a0\u00a0<\/a><a href=\"https:\/\/www.fidesco-international.org\/de\/suchsel-2\/\" target=\"_blank\" rel=\"noopener noreferrer\"><img loading=\"lazy\" decoding=\"async\" class=\"alignnone wp-image-3498\" src=\"https:\/\/www.fidesco-international.org\/de\/wp-content\/uploads\/sites\/2\/2019\/01\/Suchsel.jpg\" alt=\"\" width=\"111\" height=\"157\" srcset=\"https:\/\/www.fidesco-international.org\/de\/wp-content\/uploads\/sites\/2\/2019\/01\/Suchsel.jpg 1654w, https:\/\/www.fidesco-international.org\/de\/wp-content\/uploads\/sites\/2\/2019\/01\/Suchsel-212x300.jpg 212w, https:\/\/www.fidesco-international.org\/de\/wp-content\/uploads\/sites\/2\/2019\/01\/Suchsel-768x1086.jpg 768w, https:\/\/www.fidesco-international.org\/de\/wp-content\/uploads\/sites\/2\/2019\/01\/Suchsel-724x1024.jpg 724w, https:\/\/www.fidesco-international.org\/de\/wp-content\/uploads\/sites\/2\/2019\/01\/Suchsel-481x680.jpg 481w, https:\/\/www.fidesco-international.org\/de\/wp-content\/uploads\/sites\/2\/2019\/01\/Suchsel-71x100.jpg 71w\" sizes=\"auto, (max-width: 111px) 100vw, 111px\" \/><\/a><a href=\"https:\/\/www.fidesco-international.org\/de\/fidesco-spiel\/\" target=\"_blank\" rel=\"noopener noreferrer\"><img loading=\"lazy\" decoding=\"async\" class=\"alignnone wp-image-3509\" src=\"https:\/\/www.fidesco-international.org\/de\/wp-content\/uploads\/sites\/2\/2019\/01\/Spielplan.jpg\" alt=\"\" width=\"226\" height=\"160\" srcset=\"https:\/\/www.fidesco-international.org\/de\/wp-content\/uploads\/sites\/2\/2019\/01\/Spielplan.jpg 2339w, https:\/\/www.fidesco-international.org\/de\/wp-content\/uploads\/sites\/2\/2019\/01\/Spielplan-300x212.jpg 300w, https:\/\/www.fidesco-international.org\/de\/wp-content\/uploads\/sites\/2\/2019\/01\/Spielplan-768x543.jpg 768w, https:\/\/www.fidesco-international.org\/de\/wp-content\/uploads\/sites\/2\/2019\/01\/Spielplan-1024x724.jpg 1024w, https:\/\/www.fidesco-international.org\/de\/wp-content\/uploads\/sites\/2\/2019\/01\/Spielplan-962x680.jpg 962w, https:\/\/www.fidesco-international.org\/de\/wp-content\/uploads\/sites\/2\/2019\/01\/Spielplan-100x71.jpg 100w\" sizes=\"auto, (max-width: 226px) 100vw, 226px\" \/><\/a><\/p>\n<h5>Gebetsw\u00fcrfel\u00a0\u00a0\u00a0\u00a0\u00a0\u00a0\u00a0\u00a0\u00a0\u00a0\u00a0\u00a0\u00a0\u00a0\u00a0\u00a0\u00a0\u00a0\u00a0\u00a0\u00a0\u00a0\u00a0\u00a0\u00a0\u00a0\u00a0\u00a0\u00a0\u00a0\u00a0\u00a0\u00a0 Flaggenr\u00e4tsel\u00a0\u00a0\u00a0\u00a0\u00a0 \u00a0 \u00a0 \u00a0\u00a0\u00a0 Suchsel\u00a0\u00a0\u00a0\u00a0\u00a0\u00a0\u00a0\u00a0\u00a0\u00a0\u00a0\u00a0\u00a0\u00a0 \u00a0 \u00a0\u00a0 FIDESCO-Spiel<\/h5>\n<p>&nbsp;<\/p>\n","protected":false},"excerpt":{"rendered":"<p>Stell dir einmal vor: Du wohnst in einem kleinen Dorf in Ruanda, das ist ein Land, das mitten in Afrika liegt. Du hast wenig zu essen, wenig Kleidung und fast kein Spielzeug. In eurem kleinen Haus gibt es nur ein Zimmer. Du, deine drei kleinen Br\u00fcder und deine drei Schwestern habt nur ein Bett f\u00fcr [&hellip;]<\/p>\n","protected":false},"author":9,"featured_media":3295,"parent":0,"menu_order":0,"comment_status":"closed","ping_status":"closed","template":"","meta":{"footnotes":""},"class_list":["post-3294","page","type-page","status-publish","has-post-thumbnail","hentry"],"acf":[],"_links":{"self":[{"href":"https:\/\/www.fidesco-international.org\/de\/wp-json\/wp\/v2\/pages\/3294","targetHints":{"allow":["GET"]}}],"collection":[{"href":"https:\/\/www.fidesco-international.org\/de\/wp-json\/wp\/v2\/pages"}],"about":[{"href":"https:\/\/www.fidesco-international.org\/de\/wp-json\/wp\/v2\/types\/page"}],"author":[{"embeddable":true,"href":"https:\/\/www.fidesco-international.org\/de\/wp-json\/wp\/v2\/users\/9"}],"replies":[{"embeddable":true,"href":"https:\/\/www.fidesco-international.org\/de\/wp-json\/wp\/v2\/comments?post=3294"}],"version-history":[{"count":44,"href":"https:\/\/www.fidesco-international.org\/de\/wp-json\/wp\/v2\/pages\/3294\/revisions"}],"predecessor-version":[{"id":6343,"href":"https:\/\/www.fidesco-international.org\/de\/wp-json\/wp\/v2\/pages\/3294\/revisions\/6343"}],"wp:featuredmedia":[{"embeddable":true,"href":"https:\/\/www.fidesco-international.org\/de\/wp-json\/wp\/v2\/media\/3295"}],"wp:attachment":[{"href":"https:\/\/www.fidesco-international.org\/de\/wp-json\/wp\/v2\/media?parent=3294"}],"curies":[{"name":"wp","href":"https:\/\/api.w.org\/{rel}","templated":true}]}}