{"id":3310,"date":"2018-11-14T09:39:37","date_gmt":"2018-11-14T08:39:37","guid":{"rendered":"http:\/\/www.fidesco-international.org\/de\/?page_id=3310"},"modified":"2019-05-13T10:31:52","modified_gmt":"2019-05-13T09:31:52","slug":"kinder-auf-mission-in-fremden-laendern","status":"publish","type":"page","link":"https:\/\/www.fidesco-international.org\/de\/kinder-auf-mission-in-fremden-laendern\/","title":{"rendered":"Kinder auf Mission in fremden L\u00e4ndern"},"content":{"rendered":"<h3>Ihr habt richtig gelesen, auch Kinder sind auf Mission in fernen L\u00e4ndern unterwegs. Nat\u00fcrlich nicht alleine, sondern mit Papa, Mama und den Geschwistern. Manche der Kinder sind noch ganz klein, die \u00e4lteren Kinder sind, wenn sie mit ihrer Familie in das Land kommen, zehn Jahre alt. Sie finden dort sehr schnell neue Freunde, viel schneller als die Gro\u00dfen das k\u00f6nnen.<\/h3>\n<p>&nbsp;<\/p>\n<h4><\/h4>\n<h4>Wir haben einmal ein paar Sachen gesammelt, \u00fcber die sich die Kinder gewundert haben, was ihnen gefallen hat oder auch nicht so sehr:<\/h4>\n<h4><\/h4>\n<h4>\u201eMama, wann werde ich denn schwarz?\u201c Domitille, 3 Jahre, Kamerun.<\/h4>\n<p>&nbsp;<\/p>\n<h4>\u201eDie M\u00e4nner sprechen mich hier oft mit \u201eMa femme \u2013 meine Frau\u201c an und dann \u00e4rgere ich mich manchmal dar\u00fcber und sage, dass ich nicht ihre Frau bin.&#8220; Isaure, 7 Jahre, Guinea.<\/h4>\n<p>&nbsp;<\/p>\n<h4>\u201eSofort bei der Ankunft in Peru ging das Abenteuer los, denn wir haben den Flug nach Lima verpasst und im Flughafen geschlafen.\u201c Valentine, 10 Jahre.<\/h4>\n<p>&nbsp;<\/p>\n<h4>\u201eNutella habe ich in Frankreich gar nicht so arg gemocht, aber in Kongo gab es das selten und es schmeckte so lecker. Jetzt habe ich Sehnsucht nach Lubumbashi.\u201c Pauline 11 Jahre, zur\u00fcck aus Kongo.<\/h4>\n<p>&nbsp;<\/p>\n<h4>Pierre in Ruanda, 18 Monate alt, sagte immer \u201eAswi!\u201c, wenn ihm etwas nicht gepasst hat. Das hei\u00dft in Kinyarwanda, der Sprache von Ruanda, \u201eblo\u00df nicht!\u201c Das hatte er vom Kinderm\u00e4dchen aufgeschnappt.<\/h4>\n<p>&nbsp;<\/p>\n<h4>\u201eIn Peru haben wir viel Zeit zusammen als Familie verbracht. Wir haben uns niemals gelangweilt.\u201c Valentine 10 Jahre.<\/h4>\n<p>&nbsp;<\/p>\n<h4>\u201eAuf dem R\u00fcckweg vom Kindergarten habe ich einen Mann gesehen, der Gras geschnitten hat mit einer Maschine!&#8220; Jean-Baptiste, 5 Jahre, Ruanda. Jean-Baptiste hatte vorher immer in der Stadt gewohnt. Es war das erste mal, dass er jemanden gesehen hatte, der einen Rasen gem\u00e4ht hat.<\/h4>\n<p>&nbsp;<\/p>\n<h4>\u201eWann gehen wir wieder heim nach Kamerun?\u201c fragte H\u00e9lie nachdem er mit seiner Familie wieder in Frankreich war und eine Woche die Schule besucht hatte.<\/h4>\n<p>&nbsp;<\/p>\n<h4>\u201eWarum ist die Messe hier in Frankreich so kurz?\u201c, fragte derselbe H\u00e9lie. In Afrika dauert eine Sonntagsmesse gerne einmal ein paar Stunden.<\/h4>\n<p>&nbsp;<\/p>\n<h4>\u201eAls unsere Eltern uns gesagt haben, dass wir f\u00fcr zwei Jahre nach Kamerun gehen w\u00fcrden, fanden wir das super. Wir dachten, dass wir den &#8218;K\u00f6nig der L\u00f6wen\u2018 pers\u00f6nlich treffen w\u00fcrden, so wie im Film. Und wir haben angefangen jeden Tag f\u00fcr unsere Mission zu beten.\u201c Etienne, 9 Jahre.<\/h4>\n<p>&nbsp;<\/p>\n<h4>\u201eDie M\u00fccken sind bl\u00f6d, denn sie stechen und das juckt. Aber mein Moskitonetz ist toll. Ich f\u00fchle mich wie eine Prinzessin im Himmelbett.\u201c Isaure, 7 Jahre, Guinea.<\/h4>\n<p>&nbsp;<\/p>\n<h4>Ali\u00e9nor hat am Anfang der Misson ihre Verwandten in Frankreich gefragt, ob sie kein warmes Wasser nach Ruanda schicken k\u00f6nnten. In Ruanda gibt es nicht den ganzen Tag warmes Wasser zum Duschen. manchmal ist der Tank leer und es muss erst wieder neues gemacht werden.<\/h4>\n<p>&nbsp;<\/p>\n<h4>\u201eMeine Freundinnen haben mir am Anfang schon arg gefehlt\u201c Pauline, 10 Jahre, Kongo.<\/h4>\n<p>&nbsp;<\/p>\n<h4>\u201eMein Bruder sagt: \u201eHier f\u00fchlt man sich viel n\u00e4her bei Jesus. Die Messen dauern lange, aber sie sind ganz cool: Es gibt eine tolle Atmosph\u00e4re und wir d\u00fcrfen ganz laut singen und in die H\u00e4nde klatschen. Auch in der Familie und mit den anderen Volont\u00e4ren beten wir zusammen.&#8220;<\/h4>\n","protected":false},"excerpt":{"rendered":"<p>Ihr habt richtig gelesen, auch Kinder sind auf Mission in fernen L\u00e4ndern unterwegs. Nat\u00fcrlich nicht alleine, sondern mit Papa, Mama und den Geschwistern. Manche der Kinder sind noch ganz klein, die \u00e4lteren Kinder sind, wenn sie mit ihrer Familie in das Land kommen, zehn Jahre alt. Sie finden dort sehr schnell neue Freunde, viel schneller [&hellip;]<\/p>\n","protected":false},"author":9,"featured_media":3311,"parent":0,"menu_order":0,"comment_status":"closed","ping_status":"closed","template":"","meta":{"footnotes":""},"class_list":["post-3310","page","type-page","status-publish","has-post-thumbnail","hentry"],"acf":[],"_links":{"self":[{"href":"https:\/\/www.fidesco-international.org\/de\/wp-json\/wp\/v2\/pages\/3310","targetHints":{"allow":["GET"]}}],"collection":[{"href":"https:\/\/www.fidesco-international.org\/de\/wp-json\/wp\/v2\/pages"}],"about":[{"href":"https:\/\/www.fidesco-international.org\/de\/wp-json\/wp\/v2\/types\/page"}],"author":[{"embeddable":true,"href":"https:\/\/www.fidesco-international.org\/de\/wp-json\/wp\/v2\/users\/9"}],"replies":[{"embeddable":true,"href":"https:\/\/www.fidesco-international.org\/de\/wp-json\/wp\/v2\/comments?post=3310"}],"version-history":[{"count":8,"href":"https:\/\/www.fidesco-international.org\/de\/wp-json\/wp\/v2\/pages\/3310\/revisions"}],"predecessor-version":[{"id":3777,"href":"https:\/\/www.fidesco-international.org\/de\/wp-json\/wp\/v2\/pages\/3310\/revisions\/3777"}],"wp:featuredmedia":[{"embeddable":true,"href":"https:\/\/www.fidesco-international.org\/de\/wp-json\/wp\/v2\/media\/3311"}],"wp:attachment":[{"href":"https:\/\/www.fidesco-international.org\/de\/wp-json\/wp\/v2\/media?parent=3310"}],"curies":[{"name":"wp","href":"https:\/\/api.w.org\/{rel}","templated":true}]}}