{"id":3396,"date":"2018-12-03T12:26:13","date_gmt":"2018-12-03T11:26:13","guid":{"rendered":"http:\/\/www.fidesco-international.org\/de\/?page_id=3396"},"modified":"2021-09-27T07:18:00","modified_gmt":"2021-09-27T06:18:00","slug":"spardose-basteln","status":"publish","type":"page","link":"https:\/\/www.fidesco-international.org\/de\/spardose-basteln\/","title":{"rendered":"Spardose basteln"},"content":{"rendered":"<h4><span class=\"tlid-translation translation\"><span class=\"\" title=\"\">In dieser Spardose k\u00f6nnt ihr Geld f\u00fcr Kinder in Afrika, Asien oder Lateinamerika sparen, denen es nicht so gut wie uns geht,\u00a0 und dort aufbewahren bis Papa oder Mama euer Erspartes an Fidesco \u00fcberweisen.<\/span> <span class=\"\" title=\"\">Euer gesamtes Geld ist f\u00fcr Fidesco-Projekte bestimmt, in den Kinder sind, z.B. f\u00fcr das Stra\u00dfenkinderzentrum in Ruanda oder unsere Schule in Kongo.\u00a0<\/span> M<span class=\"\" title=\"\">it echtem Stroh wird die Spardose besonders sch\u00f6n. Mit einem Klick auf das Bild k\u00f6nnt ihr euch den bastelbogen anzeigen lassen und herunterladen. Viel Spa\u00df beim Basteln<br \/>\n<\/span><\/span><\/h4>\n<p>&nbsp;<\/p>\n<p><a href=\"https:\/\/www.fidesco-international.org\/de\/wp-content\/uploads\/sites\/2\/2018\/12\/Spardose-mit-Text.jpg\" target=\"_blank\" rel=\"noopener\"><img loading=\"lazy\" decoding=\"async\" class=\"alignnone size-full wp-image-3397\" src=\"https:\/\/www.fidesco-international.org\/de\/wp-content\/uploads\/sites\/2\/2018\/12\/Spardose-mit-Text.jpg\" alt=\"\" width=\"2481\" height=\"1749\" srcset=\"https:\/\/www.fidesco-international.org\/de\/wp-content\/uploads\/sites\/2\/2018\/12\/Spardose-mit-Text.jpg 2481w, https:\/\/www.fidesco-international.org\/de\/wp-content\/uploads\/sites\/2\/2018\/12\/Spardose-mit-Text-300x211.jpg 300w, https:\/\/www.fidesco-international.org\/de\/wp-content\/uploads\/sites\/2\/2018\/12\/Spardose-mit-Text-768x541.jpg 768w, https:\/\/www.fidesco-international.org\/de\/wp-content\/uploads\/sites\/2\/2018\/12\/Spardose-mit-Text-1024x722.jpg 1024w, https:\/\/www.fidesco-international.org\/de\/wp-content\/uploads\/sites\/2\/2018\/12\/Spardose-mit-Text-965x680.jpg 965w, https:\/\/www.fidesco-international.org\/de\/wp-content\/uploads\/sites\/2\/2018\/12\/Spardose-mit-Text-100x70.jpg 100w\" sizes=\"auto, (max-width: 2481px) 100vw, 2481px\" \/><\/a><\/p>\n<p>&nbsp;<\/p>\n<p>F\u00fcr die Spardose braucht ihr folgendes Material:<\/p>\n<p>2 B\u00f6gen Karton DIN A4<\/p>\n<p>oder passende Kartonreste (ein Streifen ca.30x10cm, je ein Quadrat mit mindestens 15x15cm<\/p>\n<p>und mit etwa 10x10cm)<\/p>\n<p>eventuell Stroh f\u00fcr das Dach<\/p>\n<p>Kleber, Schere, Farbe, Zirkel<\/p>\n<p>&nbsp;<\/p>\n<ol>\n<li>Nehmt euch einen Kartonbogen und schneidet ihn l\u00e4ngs durch. Ihr bekommt dann zwei Streifen, die ungef\u00e4hr 30 x 10cm gro\u00df sind. Aus einem Streifen wird die Wand gebastelt, der andere ist f\u00fcr den Boden bestimmt. F\u00fcr den Boden m\u00fcsst ihr einen Kreis mit ca. 10cm Durchmesser ausschneiden. Wenn das zu schwierig ist geht auch ein Quadrat von 10x10cm f\u00fcr den Boden.<\/li>\n<\/ol>\n<p>&nbsp;<\/p>\n<ol start=\"2\">\n<li>Nehmt euch jetzt den zweiten Streifen.<\/li>\n<\/ol>\n<p>&nbsp;<\/p>\n<ol start=\"3\">\n<li>In diesen Streifen schneidet ihr etwa jeden Zentimeter einen 1cm langen Schnitt. Diese kleinen Vierecke, die dabei entstehen, geben sp\u00e4ter die Klebekanten f\u00fcr Dach und Boden.<\/li>\n<\/ol>\n<p>&nbsp;<\/p>\n<ol start=\"4\">\n<li>Im n\u00e4chsten Schritt schneidet ihr aus dem zweiten Kartonbogen einen Kreis von 15cm Durchmesser aus. Zeichnet euch den Kreis mit einem Zirkel auf. Wenn das zu schwierig f\u00fcr euch ist, lasst euch von Papa, Mama oder \u00e4lteren Geschwistern helfen. In diesen Kreis wird nun ein Schnitt gemacht, der vom Rand genau bis zur Mitte geht.<\/li>\n<\/ol>\n<p>&nbsp;<\/p>\n<ol start=\"5\">\n<li>In das Dach oder die Hauswand muss jetzt noch ein Schlitz eingeschnitten werden, durch den M\u00fcnzen durchpassen. Jetzt wird die Wand angemalt. Wenn auf die Klebefl\u00e4chen keine Farbe kommt, klebt es dort sp\u00e4ter besser. Nach dem Trocknen faltet ihr die kleinen Fl\u00e4chen, die durch das Einschneiden entstanden sind, nach hinten um, so wie es auf dem Bild 5 zu sehen ist.<\/li>\n<\/ol>\n<p>&nbsp;<\/p>\n<p style=\"padding-left: 30px\">Die rechte und linke Seite der Wand wird so zusammengeklebt, dass ein Ring dabei entsteht. Die Klebefl\u00e4che k\u00f6nnt ihr mit W\u00e4sche- oder B\u00fcroklammern fixieren.<\/p>\n<p style=\"padding-left: 30px\">Die gro\u00dfe Kreisscheibe mit dem Einschnitt wird so verdreht, dass ein Kegel dabei entsteht. Dieser Kegel muss gr\u00f6\u00dfer als der Ring f\u00fcr die Wand sein, sonst h\u00e4lt euer Dach nicht.<\/p>\n<p style=\"padding-left: 30px\">Wenn der Kleber von Dach und Wand gut getrocknet und fest ist kommt ein schwieriger Schritt. Dach und Wand werden zusammengeklebt. Probiert erst mal ohne Kleber. Jetzt merkt ihr auch, wieso wir am Anfang die vielen Einschnitte gemacht haben. Die Klebefl\u00e4che passt sich so viel besser an das Dach an.<\/p>\n<p style=\"padding-left: 30px\">Ist der Kleber wieder gut getrocknet wird zuletzt noch der Boden angeklebt.<\/p>\n<p>&nbsp;<\/p>\n<ol start=\"6\">\n<li>Malt jetzt noch das Dach an oder klebt Stroh darauf. Denkt daran den M\u00fcnzschlitz freizulassen, falls er auf dem Dach ist.\u00a0 Eure Spardose ist jetzt fertig und ihr k\u00f6nnt mit dem Sparen loslegen.<\/li>\n<\/ol>\n","protected":false},"excerpt":{"rendered":"<p>In dieser Spardose k\u00f6nnt ihr Geld f\u00fcr Kinder in Afrika, Asien oder Lateinamerika sparen, denen es nicht so gut wie uns geht,\u00a0 und dort aufbewahren bis Papa oder Mama euer Erspartes an Fidesco \u00fcberweisen. Euer gesamtes Geld ist f\u00fcr Fidesco-Projekte bestimmt, in den Kinder sind, z.B. f\u00fcr das Stra\u00dfenkinderzentrum in Ruanda oder unsere Schule in [&hellip;]<\/p>\n","protected":false},"author":9,"featured_media":3401,"parent":0,"menu_order":0,"comment_status":"closed","ping_status":"closed","template":"","meta":{"footnotes":""},"class_list":["post-3396","page","type-page","status-publish","has-post-thumbnail","hentry"],"acf":[],"_links":{"self":[{"href":"https:\/\/www.fidesco-international.org\/de\/wp-json\/wp\/v2\/pages\/3396","targetHints":{"allow":["GET"]}}],"collection":[{"href":"https:\/\/www.fidesco-international.org\/de\/wp-json\/wp\/v2\/pages"}],"about":[{"href":"https:\/\/www.fidesco-international.org\/de\/wp-json\/wp\/v2\/types\/page"}],"author":[{"embeddable":true,"href":"https:\/\/www.fidesco-international.org\/de\/wp-json\/wp\/v2\/users\/9"}],"replies":[{"embeddable":true,"href":"https:\/\/www.fidesco-international.org\/de\/wp-json\/wp\/v2\/comments?post=3396"}],"version-history":[{"count":6,"href":"https:\/\/www.fidesco-international.org\/de\/wp-json\/wp\/v2\/pages\/3396\/revisions"}],"predecessor-version":[{"id":5769,"href":"https:\/\/www.fidesco-international.org\/de\/wp-json\/wp\/v2\/pages\/3396\/revisions\/5769"}],"wp:featuredmedia":[{"embeddable":true,"href":"https:\/\/www.fidesco-international.org\/de\/wp-json\/wp\/v2\/media\/3401"}],"wp:attachment":[{"href":"https:\/\/www.fidesco-international.org\/de\/wp-json\/wp\/v2\/media?parent=3396"}],"curies":[{"name":"wp","href":"https:\/\/api.w.org\/{rel}","templated":true}]}}