{"id":340,"date":"2014-07-09T13:11:04","date_gmt":"2014-07-09T12:11:04","guid":{"rendered":"http:\/\/www.fidesco-international.org\/de\/?page_id=340"},"modified":"2025-03-17T09:50:33","modified_gmt":"2025-03-17T08:50:33","slug":"fidesco-volontaere","status":"publish","type":"page","link":"https:\/\/www.fidesco-international.org\/de\/fidesco-volontaere\/","title":{"rendered":"Fidesco-Volont\u00e4re"},"content":{"rendered":"<div class=\"span9\">\n<div id=\"content\" class=\"entry-content content\">\n<h1>235 Volont\u00e4re auf Mission<\/h1>\n<p>Die <strong>Zahl der Volont\u00e4re<\/strong> ist wieder auf 235 Personen<strong> gestiegen.<\/strong> Sie arbeiten in <strong>28<\/strong><strong> L\u00e4ndern weltweit<\/strong>. 38% unserer Volont\u00e4re sind alleinstehend, 23% sind Paare und 39% Familien.<\/p>\n<p><a href=\"https:\/\/www.fidesco-international.org\/de\/wp-content\/uploads\/sites\/2\/2025\/03\/banner-breit-scaled.jpg\"><img loading=\"lazy\" decoding=\"async\" class=\"alignnone wp-image-8198 size-full\" src=\"https:\/\/www.fidesco-international.org\/de\/wp-content\/uploads\/sites\/2\/2025\/03\/banner-breit-scaled.jpg\" alt=\"\" width=\"2560\" height=\"1439\" srcset=\"https:\/\/www.fidesco-international.org\/de\/wp-content\/uploads\/sites\/2\/2025\/03\/banner-breit-scaled.jpg 2560w, https:\/\/www.fidesco-international.org\/de\/wp-content\/uploads\/sites\/2\/2025\/03\/banner-breit-300x169.jpg 300w, https:\/\/www.fidesco-international.org\/de\/wp-content\/uploads\/sites\/2\/2025\/03\/banner-breit-1024x576.jpg 1024w, https:\/\/www.fidesco-international.org\/de\/wp-content\/uploads\/sites\/2\/2025\/03\/banner-breit-768x432.jpg 768w, https:\/\/www.fidesco-international.org\/de\/wp-content\/uploads\/sites\/2\/2025\/03\/banner-breit-1536x863.jpg 1536w, https:\/\/www.fidesco-international.org\/de\/wp-content\/uploads\/sites\/2\/2025\/03\/banner-breit-2048x1151.jpg 2048w, https:\/\/www.fidesco-international.org\/de\/wp-content\/uploads\/sites\/2\/2025\/03\/banner-breit-1210x680.jpg 1210w, https:\/\/www.fidesco-international.org\/de\/wp-content\/uploads\/sites\/2\/2025\/03\/banner-breit-100x56.jpg 100w\" sizes=\"auto, (max-width: 2560px) 100vw, 2560px\" \/><\/a><\/p>\n<p>Die Altersspanne unserer Volont\u00e4re liegt <strong>zwischen 21 und 69 Jahren.<\/strong> Sie kommen aus den verschiedensten Lebenssituationen: <strong>von jungen Leuten am Beginn ihres Berufs, bis zu Pension\u00e4ren.<\/strong> Das Durchschnittsalter betr\u00e4gt 33 Jahre.<\/p>\n<p>&nbsp;<\/p>\n<p><a href=\"https:\/\/www.fidesco-international.org\/de\/wp-content\/uploads\/sites\/2\/2023\/08\/LOGO-D-Voegel-unterschrift-transp.png\"><img loading=\"lazy\" decoding=\"async\" class=\"size-medium wp-image-7252 aligncenter\" src=\"https:\/\/www.fidesco-international.org\/de\/wp-content\/uploads\/sites\/2\/2023\/08\/LOGO-D-Voegel-unterschrift-transp-300x107.png\" alt=\"\" width=\"300\" height=\"107\" srcset=\"https:\/\/www.fidesco-international.org\/de\/wp-content\/uploads\/sites\/2\/2023\/08\/LOGO-D-Voegel-unterschrift-transp-300x107.png 300w, https:\/\/www.fidesco-international.org\/de\/wp-content\/uploads\/sites\/2\/2023\/08\/LOGO-D-Voegel-unterschrift-transp-1024x365.png 1024w, https:\/\/www.fidesco-international.org\/de\/wp-content\/uploads\/sites\/2\/2023\/08\/LOGO-D-Voegel-unterschrift-transp-768x274.png 768w, https:\/\/www.fidesco-international.org\/de\/wp-content\/uploads\/sites\/2\/2023\/08\/LOGO-D-Voegel-unterschrift-transp-1536x548.png 1536w, https:\/\/www.fidesco-international.org\/de\/wp-content\/uploads\/sites\/2\/2023\/08\/LOGO-D-Voegel-unterschrift-transp-100x36.png 100w, https:\/\/www.fidesco-international.org\/de\/wp-content\/uploads\/sites\/2\/2023\/08\/LOGO-D-Voegel-unterschrift-transp.png 1801w\" sizes=\"auto, (max-width: 300px) 100vw, 300px\" \/><\/a><\/p>\n<\/div>\n<div id=\"content\" class=\"entry-content content\">\n<p>&nbsp;<\/p>\n<p>&nbsp;<\/p>\n<\/div>\n<\/div>\n","protected":false},"excerpt":{"rendered":"<p>235 Volont\u00e4re auf Mission Die Zahl der Volont\u00e4re ist wieder auf 235 Personen gestiegen. Sie arbeiten in 28 L\u00e4ndern weltweit. 38% unserer Volont\u00e4re sind alleinstehend, 23% sind Paare und 39% Familien. Die Altersspanne unserer Volont\u00e4re liegt zwischen 21 und 69 Jahren. Sie kommen aus den verschiedensten Lebenssituationen: von jungen Leuten am Beginn ihres Berufs, bis [&hellip;]<\/p>\n","protected":false},"author":9,"featured_media":6541,"parent":0,"menu_order":0,"comment_status":"closed","ping_status":"open","template":"page-templates\/page-vol.php","meta":{"footnotes":""},"class_list":["post-340","page","type-page","status-publish","has-post-thumbnail","hentry"],"acf":[],"_links":{"self":[{"href":"https:\/\/www.fidesco-international.org\/de\/wp-json\/wp\/v2\/pages\/340","targetHints":{"allow":["GET"]}}],"collection":[{"href":"https:\/\/www.fidesco-international.org\/de\/wp-json\/wp\/v2\/pages"}],"about":[{"href":"https:\/\/www.fidesco-international.org\/de\/wp-json\/wp\/v2\/types\/page"}],"author":[{"embeddable":true,"href":"https:\/\/www.fidesco-international.org\/de\/wp-json\/wp\/v2\/users\/9"}],"replies":[{"embeddable":true,"href":"https:\/\/www.fidesco-international.org\/de\/wp-json\/wp\/v2\/comments?post=340"}],"version-history":[{"count":26,"href":"https:\/\/www.fidesco-international.org\/de\/wp-json\/wp\/v2\/pages\/340\/revisions"}],"predecessor-version":[{"id":8200,"href":"https:\/\/www.fidesco-international.org\/de\/wp-json\/wp\/v2\/pages\/340\/revisions\/8200"}],"wp:featuredmedia":[{"embeddable":true,"href":"https:\/\/www.fidesco-international.org\/de\/wp-json\/wp\/v2\/media\/6541"}],"wp:attachment":[{"href":"https:\/\/www.fidesco-international.org\/de\/wp-json\/wp\/v2\/media?parent=340"}],"curies":[{"name":"wp","href":"https:\/\/api.w.org\/{rel}","templated":true}]}}