{"id":3403,"date":"2018-12-03T12:59:20","date_gmt":"2018-12-03T11:59:20","guid":{"rendered":"http:\/\/www.fidesco-international.org\/de\/?page_id=3403"},"modified":"2022-01-18T10:50:09","modified_gmt":"2022-01-18T09:50:09","slug":"strassenkinderzentrum-kleines-malbuch","status":"publish","type":"page","link":"https:\/\/www.fidesco-international.org\/de\/strassenkinderzentrum-kleines-malbuch\/","title":{"rendered":"Malbuch Stra\u00dfenkinderzentrum"},"content":{"rendered":"<h4>Herr Kretz hat f\u00fcr euch Kinder aus Bildern, die im Stra\u00dfenkinderzentrum in Ruanda gemacht wurden, Ausmalbilder gezeichnet. Lieber Herr Kretz vielen Dank daf\u00fcr. Von ihm stammen auch die sch\u00f6nen Malbilder von Tieren in Afrika.<\/h4>\n<h4>Nach und nach werden immer mehr Malb\u00fccher dazukommen. Schreibt uns doch eine Mail an <a href=\"mailto:info@fidesco.de\">info@fidesco.de<\/a>\u00a0, was ihr gerne haben m\u00f6chtet.<\/h4>\n<h4>Wir w\u00fcrden uns auch freuen, wenn ihr ein fertig gemaltes Bild einscannt und an uns schickt. Dann kommt mehr Farbe ins Spiel.<\/h4>\n<h4>Klickt einfach auf das Bild unten und schon geht es zu unserem ersten Ausmalb\u00fcchlein. Viel Spa\u00df beim Malen.<\/h4>\n<p><a href=\"https:\/\/www.fidesco-international.org\/de\/wp-content\/uploads\/sites\/2\/2018\/12\/Malbuch-neu-klein.pdf\" target=\"_blank\" rel=\"noopener noreferrer\"><img loading=\"lazy\" decoding=\"async\" class=\"alignnone wp-image-3404\" src=\"https:\/\/www.fidesco-international.org\/de\/wp-content\/uploads\/sites\/2\/2018\/12\/ausmalbild-klein.jpg\" alt=\"\" width=\"323\" height=\"189\" srcset=\"https:\/\/www.fidesco-international.org\/de\/wp-content\/uploads\/sites\/2\/2018\/12\/ausmalbild-klein.jpg 378w, https:\/\/www.fidesco-international.org\/de\/wp-content\/uploads\/sites\/2\/2018\/12\/ausmalbild-klein-300x175.jpg 300w, https:\/\/www.fidesco-international.org\/de\/wp-content\/uploads\/sites\/2\/2018\/12\/ausmalbild-klein-100x58.jpg 100w\" sizes=\"auto, (max-width: 323px) 100vw, 323px\" \/><\/a><\/p>\n<p>&nbsp;<\/p>\n","protected":false},"excerpt":{"rendered":"<p>Herr Kretz hat f\u00fcr euch Kinder aus Bildern, die im Stra\u00dfenkinderzentrum in Ruanda gemacht wurden, Ausmalbilder gezeichnet. Lieber Herr Kretz vielen Dank daf\u00fcr. Von ihm stammen auch die sch\u00f6nen Malbilder von Tieren in Afrika. Nach und nach werden immer mehr Malb\u00fccher dazukommen. Schreibt uns doch eine Mail an info@fidesco.de\u00a0, was ihr gerne haben m\u00f6chtet. Wir [&hellip;]<\/p>\n","protected":false},"author":9,"featured_media":3404,"parent":0,"menu_order":0,"comment_status":"closed","ping_status":"closed","template":"","meta":{"footnotes":""},"class_list":["post-3403","page","type-page","status-publish","has-post-thumbnail","hentry"],"acf":[],"_links":{"self":[{"href":"https:\/\/www.fidesco-international.org\/de\/wp-json\/wp\/v2\/pages\/3403","targetHints":{"allow":["GET"]}}],"collection":[{"href":"https:\/\/www.fidesco-international.org\/de\/wp-json\/wp\/v2\/pages"}],"about":[{"href":"https:\/\/www.fidesco-international.org\/de\/wp-json\/wp\/v2\/types\/page"}],"author":[{"embeddable":true,"href":"https:\/\/www.fidesco-international.org\/de\/wp-json\/wp\/v2\/users\/9"}],"replies":[{"embeddable":true,"href":"https:\/\/www.fidesco-international.org\/de\/wp-json\/wp\/v2\/comments?post=3403"}],"version-history":[{"count":12,"href":"https:\/\/www.fidesco-international.org\/de\/wp-json\/wp\/v2\/pages\/3403\/revisions"}],"predecessor-version":[{"id":6099,"href":"https:\/\/www.fidesco-international.org\/de\/wp-json\/wp\/v2\/pages\/3403\/revisions\/6099"}],"wp:featuredmedia":[{"embeddable":true,"href":"https:\/\/www.fidesco-international.org\/de\/wp-json\/wp\/v2\/media\/3404"}],"wp:attachment":[{"href":"https:\/\/www.fidesco-international.org\/de\/wp-json\/wp\/v2\/media?parent=3403"}],"curies":[{"name":"wp","href":"https:\/\/api.w.org\/{rel}","templated":true}]}}