{"id":3426,"date":"2018-12-12T09:35:56","date_gmt":"2018-12-12T08:35:56","guid":{"rendered":"http:\/\/www.fidesco-international.org\/de\/?page_id=3426"},"modified":"2021-11-12T10:09:52","modified_gmt":"2021-11-12T09:09:52","slug":"gebetswuerfel","status":"publish","type":"page","link":"https:\/\/www.fidesco-international.org\/de\/gebetswuerfel\/","title":{"rendered":"Gebetsw\u00fcrfel"},"content":{"rendered":"<h4>Liebe Kinder,<\/h4>\n<h4>auf der ganzen Welt leben Kinder, denen es nicht so gut geht wie uns in Deutschland. Wollt ihr f\u00fcr diese Kinder beten? Dabei soll euch der Gebtsw\u00fcrfel helfen, den ihr ganz einfach selbst basteln k\u00f6nnt. Druckt dazu die Datei aus und klebt sie auf einen d\u00fcnnen Karton auf. Wenn der Kleber fest ist, m\u00fcsst ihr nur noch den W\u00fcrfel ausschneiden, falten und zusammenkleben. Kleinere Kinder k\u00f6nnen sich dabei helfen lassen.<\/h4>\n<h4>Auf den Bildern seht ihr Kinder aus Ruanda, Indien, Guinea, Kongo, Kambodscha und Brasilien. Ihr k\u00f6nnt euch auch andere Gebete ausdenken.<\/h4>\n<h4>Viel Spa\u00df beim Basteln.<\/h4>\n<p><a href=\"https:\/\/www.fidesco-international.org\/de\/wp-content\/uploads\/sites\/2\/2019\/06\/Gebetswuerfel02.pdf\" target=\"_blank\" rel=\"noopener noreferrer\"><img loading=\"lazy\" decoding=\"async\" class=\"alignnone wp-image-3427\" src=\"https:\/\/www.fidesco-international.org\/de\/wp-content\/uploads\/sites\/2\/2018\/12\/Gebetswuerfel.jpg\" alt=\"\" width=\"208\" height=\"147\" srcset=\"https:\/\/www.fidesco-international.org\/de\/wp-content\/uploads\/sites\/2\/2018\/12\/Gebetswuerfel.jpg 3532w, https:\/\/www.fidesco-international.org\/de\/wp-content\/uploads\/sites\/2\/2018\/12\/Gebetswuerfel-300x211.jpg 300w, https:\/\/www.fidesco-international.org\/de\/wp-content\/uploads\/sites\/2\/2018\/12\/Gebetswuerfel-768x541.jpg 768w, https:\/\/www.fidesco-international.org\/de\/wp-content\/uploads\/sites\/2\/2018\/12\/Gebetswuerfel-1024x722.jpg 1024w, https:\/\/www.fidesco-international.org\/de\/wp-content\/uploads\/sites\/2\/2018\/12\/Gebetswuerfel-965x680.jpg 965w, https:\/\/www.fidesco-international.org\/de\/wp-content\/uploads\/sites\/2\/2018\/12\/Gebetswuerfel-100x70.jpg 100w\" sizes=\"auto, (max-width: 208px) 100vw, 208px\" \/><\/a><\/p>\n<p>&nbsp;<\/p>\n<p>&nbsp;<\/p>\n","protected":false},"excerpt":{"rendered":"<p>Liebe Kinder, auf der ganzen Welt leben Kinder, denen es nicht so gut geht wie uns in Deutschland. Wollt ihr f\u00fcr diese Kinder beten? Dabei soll euch der Gebtsw\u00fcrfel helfen, den ihr ganz einfach selbst basteln k\u00f6nnt. Druckt dazu die Datei aus und klebt sie auf einen d\u00fcnnen Karton auf. Wenn der Kleber fest ist, [&hellip;]<\/p>\n","protected":false},"author":9,"featured_media":5920,"parent":0,"menu_order":0,"comment_status":"closed","ping_status":"closed","template":"","meta":{"footnotes":""},"class_list":["post-3426","page","type-page","status-publish","has-post-thumbnail","hentry"],"acf":[],"_links":{"self":[{"href":"https:\/\/www.fidesco-international.org\/de\/wp-json\/wp\/v2\/pages\/3426","targetHints":{"allow":["GET"]}}],"collection":[{"href":"https:\/\/www.fidesco-international.org\/de\/wp-json\/wp\/v2\/pages"}],"about":[{"href":"https:\/\/www.fidesco-international.org\/de\/wp-json\/wp\/v2\/types\/page"}],"author":[{"embeddable":true,"href":"https:\/\/www.fidesco-international.org\/de\/wp-json\/wp\/v2\/users\/9"}],"replies":[{"embeddable":true,"href":"https:\/\/www.fidesco-international.org\/de\/wp-json\/wp\/v2\/comments?post=3426"}],"version-history":[{"count":8,"href":"https:\/\/www.fidesco-international.org\/de\/wp-json\/wp\/v2\/pages\/3426\/revisions"}],"predecessor-version":[{"id":3833,"href":"https:\/\/www.fidesco-international.org\/de\/wp-json\/wp\/v2\/pages\/3426\/revisions\/3833"}],"wp:featuredmedia":[{"embeddable":true,"href":"https:\/\/www.fidesco-international.org\/de\/wp-json\/wp\/v2\/media\/5920"}],"wp:attachment":[{"href":"https:\/\/www.fidesco-international.org\/de\/wp-json\/wp\/v2\/media?parent=3426"}],"curies":[{"name":"wp","href":"https:\/\/api.w.org\/{rel}","templated":true}]}}