{"id":3466,"date":"2019-01-10T09:31:03","date_gmt":"2019-01-10T08:31:03","guid":{"rendered":"http:\/\/www.fidesco-international.org\/de\/?page_id=3466"},"modified":"2021-08-25T06:55:54","modified_gmt":"2021-08-25T05:55:54","slug":"flaggenraetsel","status":"publish","type":"page","link":"https:\/\/www.fidesco-international.org\/de\/flaggenraetsel\/","title":{"rendered":"Flaggenr\u00e4tsel &#8211; Spa\u00df mit Flaggen"},"content":{"rendered":"<h4>Ein kleines R\u00e4tsel f\u00fcr Erdkundeexperten:<\/h4>\n<p>Kennt ihr euch in Erdkunde aus? Dann sucht doch mal die L\u00e4nder zu den Flaggen, findet die Hauptstadt dazu und tragt den passenden Buchstaben in die Liste ein. Als Beispiel: Angenommen ihr habt BERLIN herausgefunden und es steht 1= in der Buchstabenspalte, dann m\u00fcsst ihr ein B eintragen, oder wennn dort 3= steht, w\u00e4re die L\u00f6sung R. Alles klar? Noch ein Tipp: Ein Land in unserem R\u00e4tsel hat sogar gleich drei Hauptst\u00e4dte. Nur eine passt. Du findest bestimmt die richtige.<\/p>\n<p>Eine Haupstadt will so gar nicht dazu passen. In welchem Land liegt sie?<\/p>\n<p>Dann viel Spa\u00df beim R\u00e4tseln.<\/p>\n<p><a href=\"https:\/\/www.fidesco-international.org\/de\/wp-content\/uploads\/sites\/2\/2019\/06\/Flaggenraetsel-03.pdf\" target=\"_blank\" rel=\"noopener noreferrer\"><img loading=\"lazy\" decoding=\"async\" class=\"alignnone wp-image-3499\" src=\"https:\/\/www.fidesco-international.org\/de\/wp-content\/uploads\/sites\/2\/2019\/01\/Flaggenraetsel-02.jpg\" alt=\"\" width=\"309\" height=\"436\" srcset=\"https:\/\/www.fidesco-international.org\/de\/wp-content\/uploads\/sites\/2\/2019\/01\/Flaggenraetsel-02.jpg 836w, https:\/\/www.fidesco-international.org\/de\/wp-content\/uploads\/sites\/2\/2019\/01\/Flaggenraetsel-02-212x300.jpg 212w, https:\/\/www.fidesco-international.org\/de\/wp-content\/uploads\/sites\/2\/2019\/01\/Flaggenraetsel-02-768x1085.jpg 768w, https:\/\/www.fidesco-international.org\/de\/wp-content\/uploads\/sites\/2\/2019\/01\/Flaggenraetsel-02-725x1024.jpg 725w, https:\/\/www.fidesco-international.org\/de\/wp-content\/uploads\/sites\/2\/2019\/01\/Flaggenraetsel-02-481x680.jpg 481w, https:\/\/www.fidesco-international.org\/de\/wp-content\/uploads\/sites\/2\/2019\/01\/Flaggenraetsel-02-71x100.jpg 71w\" sizes=\"auto, (max-width: 309px) 100vw, 309px\" \/><\/a><\/p>\n","protected":false},"excerpt":{"rendered":"<p>Ein kleines R\u00e4tsel f\u00fcr Erdkundeexperten: Kennt ihr euch in Erdkunde aus? Dann sucht doch mal die L\u00e4nder zu den Flaggen, findet die Hauptstadt dazu und tragt den passenden Buchstaben in die Liste ein. Als Beispiel: Angenommen ihr habt BERLIN herausgefunden und es steht 1= in der Buchstabenspalte, dann m\u00fcsst ihr ein B eintragen, oder wennn [&hellip;]<\/p>\n","protected":false},"author":9,"featured_media":3499,"parent":0,"menu_order":0,"comment_status":"closed","ping_status":"closed","template":"","meta":{"footnotes":""},"class_list":["post-3466","page","type-page","status-publish","has-post-thumbnail","hentry"],"acf":[],"_links":{"self":[{"href":"https:\/\/www.fidesco-international.org\/de\/wp-json\/wp\/v2\/pages\/3466","targetHints":{"allow":["GET"]}}],"collection":[{"href":"https:\/\/www.fidesco-international.org\/de\/wp-json\/wp\/v2\/pages"}],"about":[{"href":"https:\/\/www.fidesco-international.org\/de\/wp-json\/wp\/v2\/types\/page"}],"author":[{"embeddable":true,"href":"https:\/\/www.fidesco-international.org\/de\/wp-json\/wp\/v2\/users\/9"}],"replies":[{"embeddable":true,"href":"https:\/\/www.fidesco-international.org\/de\/wp-json\/wp\/v2\/comments?post=3466"}],"version-history":[{"count":8,"href":"https:\/\/www.fidesco-international.org\/de\/wp-json\/wp\/v2\/pages\/3466\/revisions"}],"predecessor-version":[{"id":5570,"href":"https:\/\/www.fidesco-international.org\/de\/wp-json\/wp\/v2\/pages\/3466\/revisions\/5570"}],"wp:featuredmedia":[{"embeddable":true,"href":"https:\/\/www.fidesco-international.org\/de\/wp-json\/wp\/v2\/media\/3499"}],"wp:attachment":[{"href":"https:\/\/www.fidesco-international.org\/de\/wp-json\/wp\/v2\/media?parent=3466"}],"curies":[{"name":"wp","href":"https:\/\/api.w.org\/{rel}","templated":true}]}}