{"id":3470,"date":"2019-01-10T10:11:56","date_gmt":"2019-01-10T09:11:56","guid":{"rendered":"http:\/\/www.fidesco-international.org\/de\/?page_id=3470"},"modified":"2022-01-18T11:36:39","modified_gmt":"2022-01-18T10:36:39","slug":"suchsel-2","status":"publish","type":"page","link":"https:\/\/www.fidesco-international.org\/de\/suchsel-2\/","title":{"rendered":"Suchsel"},"content":{"rendered":"<h4>In diesem Suchsel sind W\u00f6rter versteckt, die mit Fidesco, L\u00e4ndern und der Mission unserer Helfer zu tun haben. Die W\u00f6rter sind sind waage- und senkrecht und vor- und r\u00fcckw\u00e4rts im Suchsel versteckt. Viel Spa\u00df beim Suchen.<\/h4>\n<h4><strong><a href=\"https:\/\/www.fidesco-international.org\/de\/wp-content\/uploads\/sites\/2\/2019\/01\/Suchsel.pdf\" target=\"_blank\" rel=\"noopener noreferrer\">Und wenn ihr hier klickt kommt ihr zum Suchsel<\/a><\/strong><\/h4>\n","protected":false},"excerpt":{"rendered":"<p>In diesem Suchsel sind W\u00f6rter versteckt, die mit Fidesco, L\u00e4ndern und der Mission unserer Helfer zu tun haben. Die W\u00f6rter sind sind waage- und senkrecht und vor- und r\u00fcckw\u00e4rts im Suchsel versteckt. Viel Spa\u00df beim Suchen. Und wenn ihr hier klickt kommt ihr zum Suchsel<\/p>\n","protected":false},"author":9,"featured_media":0,"parent":0,"menu_order":0,"comment_status":"closed","ping_status":"closed","template":"","meta":{"footnotes":""},"class_list":["post-3470","page","type-page","status-publish","hentry"],"acf":[],"_links":{"self":[{"href":"https:\/\/www.fidesco-international.org\/de\/wp-json\/wp\/v2\/pages\/3470","targetHints":{"allow":["GET"]}}],"collection":[{"href":"https:\/\/www.fidesco-international.org\/de\/wp-json\/wp\/v2\/pages"}],"about":[{"href":"https:\/\/www.fidesco-international.org\/de\/wp-json\/wp\/v2\/types\/page"}],"author":[{"embeddable":true,"href":"https:\/\/www.fidesco-international.org\/de\/wp-json\/wp\/v2\/users\/9"}],"replies":[{"embeddable":true,"href":"https:\/\/www.fidesco-international.org\/de\/wp-json\/wp\/v2\/comments?post=3470"}],"version-history":[{"count":7,"href":"https:\/\/www.fidesco-international.org\/de\/wp-json\/wp\/v2\/pages\/3470\/revisions"}],"predecessor-version":[{"id":6108,"href":"https:\/\/www.fidesco-international.org\/de\/wp-json\/wp\/v2\/pages\/3470\/revisions\/6108"}],"wp:attachment":[{"href":"https:\/\/www.fidesco-international.org\/de\/wp-json\/wp\/v2\/media?parent=3470"}],"curies":[{"name":"wp","href":"https:\/\/api.w.org\/{rel}","templated":true}]}}