{"id":3506,"date":"2019-01-30T09:21:10","date_gmt":"2019-01-30T08:21:10","guid":{"rendered":"http:\/\/www.fidesco-international.org\/de\/?page_id=3506"},"modified":"2021-09-27T07:58:28","modified_gmt":"2021-09-27T06:58:28","slug":"fidesco-spiel","status":"publish","type":"page","link":"https:\/\/www.fidesco-international.org\/de\/fidesco-spiel\/","title":{"rendered":"Fidesco-Spiel"},"content":{"rendered":"<h1>Unser Fidesco-Spiel<\/h1>\n<h4>ist f\u00fcr Kinder und Erwachsene geeignet. Wir w\u00fcnschen euch viel Spa\u00df beim Spielen.<\/h4>\n<h4>Druckt erst einmal den Spielplan und die Spielregeln aus. Dort ist genau erkl\u00e4rt wie das Spiel funktioniert. Zum Download einfach auf die Bilder klicken:<\/h4>\n<p>&nbsp;<\/p>\n<hr \/>\n<p>&nbsp;<\/p>\n<h4>Spielplan<\/h4>\n<p><a href=\"https:\/\/www.fidesco-international.org\/de\/wp-content\/uploads\/sites\/2\/2019\/01\/Spielplan.pdf\" target=\"_blank\" rel=\"noopener noreferrer\"><img loading=\"lazy\" decoding=\"async\" class=\"alignnone size-full wp-image-3509\" src=\"https:\/\/www.fidesco-international.org\/de\/wp-content\/uploads\/sites\/2\/2019\/01\/Spielplan.jpg\" alt=\"\" width=\"2339\" height=\"1654\" srcset=\"https:\/\/www.fidesco-international.org\/de\/wp-content\/uploads\/sites\/2\/2019\/01\/Spielplan.jpg 2339w, https:\/\/www.fidesco-international.org\/de\/wp-content\/uploads\/sites\/2\/2019\/01\/Spielplan-300x212.jpg 300w, https:\/\/www.fidesco-international.org\/de\/wp-content\/uploads\/sites\/2\/2019\/01\/Spielplan-768x543.jpg 768w, https:\/\/www.fidesco-international.org\/de\/wp-content\/uploads\/sites\/2\/2019\/01\/Spielplan-1024x724.jpg 1024w, https:\/\/www.fidesco-international.org\/de\/wp-content\/uploads\/sites\/2\/2019\/01\/Spielplan-962x680.jpg 962w, https:\/\/www.fidesco-international.org\/de\/wp-content\/uploads\/sites\/2\/2019\/01\/Spielplan-100x71.jpg 100w\" sizes=\"auto, (max-width: 2339px) 100vw, 2339px\" \/><\/a><\/p>\n<h4>Spielanleitung:<\/h4>\n<p><a href=\"https:\/\/www.fidesco-international.org\/de\/wp-content\/uploads\/sites\/2\/2019\/01\/Spielanleitung.pdf\" target=\"_blank\" rel=\"noopener noreferrer\"><img loading=\"lazy\" decoding=\"async\" class=\"alignnone size-full wp-image-3519\" src=\"https:\/\/www.fidesco-international.org\/de\/wp-content\/uploads\/sites\/2\/2019\/01\/Spielanleitung.jpg\" alt=\"\" width=\"1654\" height=\"940\" srcset=\"https:\/\/www.fidesco-international.org\/de\/wp-content\/uploads\/sites\/2\/2019\/01\/Spielanleitung.jpg 1654w, https:\/\/www.fidesco-international.org\/de\/wp-content\/uploads\/sites\/2\/2019\/01\/Spielanleitung-300x170.jpg 300w, https:\/\/www.fidesco-international.org\/de\/wp-content\/uploads\/sites\/2\/2019\/01\/Spielanleitung-768x436.jpg 768w, https:\/\/www.fidesco-international.org\/de\/wp-content\/uploads\/sites\/2\/2019\/01\/Spielanleitung-1024x582.jpg 1024w, https:\/\/www.fidesco-international.org\/de\/wp-content\/uploads\/sites\/2\/2019\/01\/Spielanleitung-1197x680.jpg 1197w, https:\/\/www.fidesco-international.org\/de\/wp-content\/uploads\/sites\/2\/2019\/01\/Spielanleitung-100x57.jpg 100w\" sizes=\"auto, (max-width: 1654px) 100vw, 1654px\" \/><\/a><\/p>\n<p>&nbsp;<\/p>\n<p>&nbsp;<\/p>\n","protected":false},"excerpt":{"rendered":"<p>Unser Fidesco-Spiel ist f\u00fcr Kinder und Erwachsene geeignet. Wir w\u00fcnschen euch viel Spa\u00df beim Spielen. Druckt erst einmal den Spielplan und die Spielregeln aus. Dort ist genau erkl\u00e4rt wie das Spiel funktioniert. Zum Download einfach auf die Bilder klicken: &nbsp; &nbsp; Spielplan Spielanleitung: &nbsp; &nbsp;<\/p>\n","protected":false},"author":9,"featured_media":3509,"parent":0,"menu_order":0,"comment_status":"closed","ping_status":"closed","template":"","meta":{"footnotes":""},"class_list":["post-3506","page","type-page","status-publish","has-post-thumbnail","hentry"],"acf":[],"_links":{"self":[{"href":"https:\/\/www.fidesco-international.org\/de\/wp-json\/wp\/v2\/pages\/3506","targetHints":{"allow":["GET"]}}],"collection":[{"href":"https:\/\/www.fidesco-international.org\/de\/wp-json\/wp\/v2\/pages"}],"about":[{"href":"https:\/\/www.fidesco-international.org\/de\/wp-json\/wp\/v2\/types\/page"}],"author":[{"embeddable":true,"href":"https:\/\/www.fidesco-international.org\/de\/wp-json\/wp\/v2\/users\/9"}],"replies":[{"embeddable":true,"href":"https:\/\/www.fidesco-international.org\/de\/wp-json\/wp\/v2\/comments?post=3506"}],"version-history":[{"count":14,"href":"https:\/\/www.fidesco-international.org\/de\/wp-json\/wp\/v2\/pages\/3506\/revisions"}],"predecessor-version":[{"id":5771,"href":"https:\/\/www.fidesco-international.org\/de\/wp-json\/wp\/v2\/pages\/3506\/revisions\/5771"}],"wp:featuredmedia":[{"embeddable":true,"href":"https:\/\/www.fidesco-international.org\/de\/wp-json\/wp\/v2\/media\/3509"}],"wp:attachment":[{"href":"https:\/\/www.fidesco-international.org\/de\/wp-json\/wp\/v2\/media?parent=3506"}],"curies":[{"name":"wp","href":"https:\/\/api.w.org\/{rel}","templated":true}]}}