{"id":3801,"date":"2019-06-03T07:05:12","date_gmt":"2019-06-03T06:05:12","guid":{"rendered":"http:\/\/www.fidesco-international.org\/de\/?page_id=3801"},"modified":"2021-11-12T09:53:19","modified_gmt":"2021-11-12T08:53:19","slug":"daphrose-und","status":"publish","type":"page","link":"https:\/\/www.fidesco-international.org\/de\/daphrose-und\/","title":{"rendered":"Daphrose und Cyprien Rugamba"},"content":{"rendered":"<h1>Die Geschichte von Cyprien (1935 \u2013 1994) und Daphrose Rugamba (1944 \u2013 1994)<\/h1>\n<h5>Ihr habt noch nie von den Daphrose und Cyprien Rugamba geh\u00f6rt oder kennt die beiden noch nicht so gut? Daf\u00fcr hat euch Marlene die Geschichte von Daphrose und Cyprien zusammengefasst und aufgeschrieben. Herr Kretz hat wieder ein sch\u00f6nes Ausmalbild f\u00fcr euch gemacht.<\/h5>\n<h5>Daphrose und Cyprien haben sich in ihrem Leben so verhalten, wie wir es uns bei Heiligen vorstellen. Sie hatten zum Beispiel die Idee f\u00fcr das Zentrum f\u00fcr Stra\u00dfenkinder in Ruanda\u00a0 Deswegen untersuchen Frauen und M\u00e4nner gerade, ob sie von der Kirche zu Seligen erkl\u00e4rt werden. Daf\u00fcr d\u00fcrft ihr beten. Ein passendes Gebet ist auf dem <a href=\"https:\/\/www.fidesco-international.org\/de\/wp-content\/uploads\/sites\/2\/2019\/06\/Ausmalbild-mit-Gebet-02.pdf\" target=\"_blank\" rel=\"noopener noreferrer\">Ausmalbild<\/a>.<\/h5>\n<p><a title=\"Ausmalbild Daphrose und Cyprien\" href=\"https:\/\/www.fidesco-international.org\/de\/wp-content\/uploads\/sites\/2\/2019\/06\/Ausmalbild-mit-Gebet-02.pdf\" target=\"_blank\" rel=\"noopener noreferrer\"><img loading=\"lazy\" decoding=\"async\" class=\"alignnone wp-image-3802\" src=\"https:\/\/www.fidesco-international.org\/de\/wp-content\/uploads\/sites\/2\/2019\/06\/Ausmalbild-Rugamba.jpg\" alt=\"\" width=\"352\" height=\"256\" srcset=\"https:\/\/www.fidesco-international.org\/de\/wp-content\/uploads\/sites\/2\/2019\/06\/Ausmalbild-Rugamba.jpg 3509w, https:\/\/www.fidesco-international.org\/de\/wp-content\/uploads\/sites\/2\/2019\/06\/Ausmalbild-Rugamba-300x218.jpg 300w, https:\/\/www.fidesco-international.org\/de\/wp-content\/uploads\/sites\/2\/2019\/06\/Ausmalbild-Rugamba-768x558.jpg 768w, https:\/\/www.fidesco-international.org\/de\/wp-content\/uploads\/sites\/2\/2019\/06\/Ausmalbild-Rugamba-1024x744.jpg 1024w, https:\/\/www.fidesco-international.org\/de\/wp-content\/uploads\/sites\/2\/2019\/06\/Ausmalbild-Rugamba-936x680.jpg 936w, https:\/\/www.fidesco-international.org\/de\/wp-content\/uploads\/sites\/2\/2019\/06\/Ausmalbild-Rugamba-100x73.jpg 100w\" sizes=\"auto, (max-width: 352px) 100vw, 352px\" \/><\/a><\/p>\n<p>&nbsp;<\/p>\n<ol>\n<li>Als junger Mann trat Cyprien in das Priesterseminar ein. Seine Zeit dort war sehr schwierig. Erschrocken von Skandalen verlie\u00df er das Seminar und fiel vom Glauben ab.<\/li>\n<li>Cyprien wurde erfolgreich in der Kunst und arbeitete als Dichter, Buchautor und Komponist. Er wurde ein einflussreicher Regierungsbeamter, der dazu beitrug, die traditionelle ruandische Kunst zu sch\u00fctzen und zu f\u00f6rdern.<\/li>\n<li>Als seine Verlobte 1963 get\u00f6tet wurde, bat er deren Cousine Daphrose, ihn zu heiraten. Nicht aus Liebe, sondern aus Gef\u00e4lligkeit ihrer verstorbenen Cousine wegen. Daphrose war eine gl\u00e4ubige Katholikin.<\/li>\n<li>1965 heirateten sie. Die Ehe war schwer und steinig. An einem Punkt f\u00fchrten die Probleme sie zu einer 8-monatigen Trennung. Auch nach der Vers\u00f6hnung war Cyprien seiner Frau gegen\u00fcber immer wieder untreu und zeugte ein uneheliches Kind. Er verspottete auch die Hingabe seiner Frau an das Gebet und die katholische Kirche.<\/li>\n<li>Daphrose blieb jedoch unbeirrt in ihrem Glauben und entschlossen in ihrem Glauben an die Heiligkeit der Ehe. Sie betete st\u00e4ndig f\u00fcr die Bekehrung ihres Mannes und zog ihre 10 Kinder im Glauben auf und nahm sie mit zur Messe.<\/li>\n<li>1982 wurde Cyprien schwer krank. Die \u00c4rzte konnten die Ursache seiner Krankheit nicht feststellen. Aus Angst vor dem Tod hatte Cyprien einen starken Moment der Bekehrung und glaubte an Gottes Existenz und Liebe zu ihm. Diese Erfahrung f\u00fchrte zu einer vollst\u00e4ndigen Ver\u00e4nderung seines Lebens. Die Gebete seiner Frau wurden wunderbar erh\u00f6rt.<\/li>\n<li>Nach 17 Jahren schwieriger Ehe wurde die Beziehung zwischen Cyprien und Daphrose erneuert. Sie lebten in einer neuen Treue zueinander, vereint im Glauben und in der Freude. Das vertiefte ihre Ehe. Cyprien vertraut von da an auf Gottes Plan f\u00fcr sein Leben.<\/li>\n<li>1989 trafen Cyprien und Daphrose auf die Gemeinschaft Emmanuel. Sie f\u00fchlten, dass hier ihr Platz war und gr\u00fcndeten die Gemeinschaft\u00a0 in Ruanda. In den n\u00e4chsten 4 Jahren widmeten sie ihre Zeit der schnell wachsenden Gruppe. 1992 hatten Daphrose und Cyprien die Idee, den Stra\u00dfenkindern in der Hauptstadt Kigali zu helfen. Nach vielen Gespr\u00e4chen mit den Kindern war klar, dass ein Zentrum f\u00fcr sie\u00a0 ihre Not lindern w\u00fcrde.<\/li>\n<li>Aber w\u00e4hrend die Ehe der Rugambas von Freude und Frieden erf\u00fcllt war, war die Lage im Land sehr schwierig geworden. Jahrzehntelange Spannungen zwischen den verschiedenen Volksgruppen in Ruanda begannen zu Gewaltaufrufen zu f\u00fchren.<\/li>\n<li>Im April 1994 brachen die Spannungen in hektisches Blutvergie\u00dfen aus. In dem anschlie\u00dfenden 100-t\u00e4gigen V\u00f6lkermord wurden sch\u00e4tzungsweise 1 Million Menschen get\u00f6tet.<\/li>\n<li>Cyprien, der im Land bekannt und einflussreich war, verurteilte die gewaltt\u00e4tigen und spaltenden Radiosendungen. In der Gemeinschaft Emmanuel waren ebenfalls beide Volksst\u00e4mme willkommen, sowohl Hutus als auch Tutsis.<\/li>\n<li>Aber seine freim\u00fctige Kritik an den Gewaltt\u00e4tern, hatte deren Aufmerksamkeit erregt und so war seine Familie zur Zielscheibe ihrer Wut geworden. Am Morgen des 7. April, dem Beginn des V\u00f6lkermords, wurden Cyprien und Daphrose in ihrem Haus zusammen mit sechs ihrer zehn Kinder nach einer Nacht, in der sie Jesus in der Hostie angebetet hatten, ermordet.<\/li>\n<li>Ihre Pl\u00e4ne f\u00fcr das Stra\u00dfenkinderzentrum wurde von den Mitgliedern der Gemeinschaft Emmanuel Ende 1994 umgesetzt. So konnten bis jetzt unz\u00e4hligen Stra\u00dfenkindern geholfen werden und die Hilfe geht weiter. Fidesco, die Initiative der Gemeinschaft Emmanuel f\u00fcr die notleidenden Menschen in der Welt, sorgt daf\u00fcr, dass diese Arbeit auch weiterhin m\u00f6glich ist.<\/li>\n<\/ol>\n","protected":false},"excerpt":{"rendered":"<p>Die Geschichte von Cyprien (1935 \u2013 1994) und Daphrose Rugamba (1944 \u2013 1994) Ihr habt noch nie von den Daphrose und Cyprien Rugamba geh\u00f6rt oder kennt die beiden noch nicht so gut? Daf\u00fcr hat euch Marlene die Geschichte von Daphrose und Cyprien zusammengefasst und aufgeschrieben. Herr Kretz hat wieder ein sch\u00f6nes Ausmalbild f\u00fcr euch gemacht. [&hellip;]<\/p>\n","protected":false},"author":9,"featured_media":3802,"parent":0,"menu_order":0,"comment_status":"closed","ping_status":"closed","template":"","meta":{"footnotes":""},"class_list":["post-3801","page","type-page","status-publish","has-post-thumbnail","hentry"],"acf":[],"_links":{"self":[{"href":"https:\/\/www.fidesco-international.org\/de\/wp-json\/wp\/v2\/pages\/3801","targetHints":{"allow":["GET"]}}],"collection":[{"href":"https:\/\/www.fidesco-international.org\/de\/wp-json\/wp\/v2\/pages"}],"about":[{"href":"https:\/\/www.fidesco-international.org\/de\/wp-json\/wp\/v2\/types\/page"}],"author":[{"embeddable":true,"href":"https:\/\/www.fidesco-international.org\/de\/wp-json\/wp\/v2\/users\/9"}],"replies":[{"embeddable":true,"href":"https:\/\/www.fidesco-international.org\/de\/wp-json\/wp\/v2\/comments?post=3801"}],"version-history":[{"count":7,"href":"https:\/\/www.fidesco-international.org\/de\/wp-json\/wp\/v2\/pages\/3801\/revisions"}],"predecessor-version":[{"id":5919,"href":"https:\/\/www.fidesco-international.org\/de\/wp-json\/wp\/v2\/pages\/3801\/revisions\/5919"}],"wp:featuredmedia":[{"embeddable":true,"href":"https:\/\/www.fidesco-international.org\/de\/wp-json\/wp\/v2\/media\/3802"}],"wp:attachment":[{"href":"https:\/\/www.fidesco-international.org\/de\/wp-json\/wp\/v2\/media?parent=3801"}],"curies":[{"name":"wp","href":"https:\/\/api.w.org\/{rel}","templated":true}]}}