{"id":386,"date":"2014-07-09T15:27:26","date_gmt":"2014-07-09T14:27:26","guid":{"rendered":"http:\/\/www.fidesco-international.org\/de\/?page_id=386"},"modified":"2026-01-08T07:13:24","modified_gmt":"2026-01-08T06:13:24","slug":"werden-sie-volontaer-2","status":"publish","type":"page","link":"https:\/\/www.fidesco-international.org\/de\/werden-sie-volontaer-2\/","title":{"rendered":"Volont\u00e4r werden"},"content":{"rendered":"<h2>Wenn Sie sich schon einmal Gedanken gemacht haben,<\/h2>\n<p>f\u00fcr l\u00e4ngere Zeit als Volont\u00e4r (freiwilliger Helfer) in einem Entwicklungsprojekt der katholischen Kirche mitzuarbeiten oder sich die Arbeit in diesem Umfeld vorstellen k\u00f6nnen, sind Sie hier genau richtig.<\/p>\n<p><strong>Was m\u00fcssen Sie daf\u00fcr mitbringen? <\/strong><\/p>\n<ul>\n<li><strong>Ihre Verf\u00fcgbarkeit f\u00fcr ein oder zwei Jahre<\/strong><\/li>\n<li><strong>Die Zugeh\u00f6rigkeit zur katholischen Kirche oder die Offenheit f\u00fcr katholische Werte<\/strong><\/li>\n<li><strong>Mindestalter 21 Jahre<\/strong><\/li>\n<li><strong>Eine abgeschlossene Ausbildung, <\/strong>oder, in Ausnahmef\u00e4llen, fundierte F\u00e4higkeiten, die sich nicht durch einen Abschluss nachweisen lassen. <strong>Erste Berufserfahrung sind von Vorteil, aber keine Bedingung<\/strong><\/li>\n<li><strong>Gute physische Gesundheit und seelische Stabilit\u00e4t<\/strong><\/li>\n<li><strong>Die Teilnahme an einem unserer <\/strong><a href=\"https:\/\/www.fidesco-international.org\/de\/evt\/testevent-2\/\" target=\"_blank\" rel=\"noopener\"><strong>Infotage<\/strong><\/a><strong> oder Webinare in Deutschland, einem viert\u00e4gigen Einf\u00fchrungskurs, einem Wochenendkurs und einem abschlie\u00dfenden Wochenkurs. Die Kurse finden in Frankreich statt<\/strong><\/li>\n<li><strong>Sie sind alleinstehend oder verheiratet (eventuell mit kleinen Kindern), jung oder am Beginn des Ruhestandes<\/strong><\/li>\n<li><strong>Sprachkenntnisse in Englisch oder\/und Franz\u00f6sisch<\/strong><\/li>\n<\/ul>\n<p><strong>Der\u00a0Freiwilligendienst selbst ist f\u00fcr Sie kostenlos. Hin- und R\u00fcckflug \u00fcbernehmen wir. Sie bekommen ein Taschengeld, das etwa dem Durchschnittseinkommen eines Angestellten in Ihrem Einsatzland entspricht. F\u00fcr Ihre Unterkunft und Kost wird ebenfalls gesorgt. Sie sind kranken-, unfall- und rentenversichert.\u00a0<\/strong><\/p>\n<p>Unsere Volont\u00e4re verlassen ihr Zuhause und schenken ihre Zeit und ihr Wissen. Sie kommen aber reich beschenkt wieder zur\u00fcck, denn die Erfahrung, mit anderen Menschen in einer fremden Kultur gelebt zu haben, kann ihnen keiner mehr nehmen.<\/p>\n<p>Volont\u00e4re m\u00fcssen bereit und offen daf\u00fcr sein, sich auf die Mentalit\u00e4t ihrer Arbeitgeber und auf die anderen kulturellen Gegebenheiten einzulassen. Fidesco ist eine Schule f\u00fcr das Leben.<\/p>\n<p>Volont\u00e4re haben eine abgeschlossene Ausbildung oder fundierte F\u00e4higkeiten, die sich nicht durch einen Abschluss nachweisen lassen. Im Gespr\u00e4ch sehen wir, welche geeignete Einsatzstelle wir f\u00fcr Sie haben. Der Einsatz vor Ort dauert ein bis zwei Jahre, nach Absprache auch bis maximal f\u00fcnf Jahren. Sie stehen in dieser Zeit ganz im Dienst ihrer Mission, im Dienst der Menschen. So kann und wird ihr Einsatz Fr\u00fcchte tragen. Kurzeins\u00e4tze von wenigen Monaten oder ein freiwilliges soziales Jahr bieten wir nicht an. Unser Freiwilligendienst leistet echte Entwicklungszusammenarbeit.<\/p>\n<p>Die meisten unserer Volont\u00e4re arbeiten im Gesundheits- und Sozialwesen, im Bereich der Ausbildung und im landwirtschaftlichen Sektor. Dies sind zwar die Schwerpunkte der Arbeit, aber immer wieder werden auch Anfragen nach ungew\u00f6hnlichen Berufen an uns herangetragen. Auch wer denkt, dass sein Beruf oder seine F\u00e4higkeiten nicht dem klassischen Muster des Entwicklungshelfers entspricht, wird gebraucht.<\/p>\n<div class=\"su-custom-gallery su-custom-gallery-align-left su-custom-gallery-title-never\"><div class=\"su-custom-gallery-slide\" style=\"width:200px;height:300px\"><a><img loading=\"lazy\" decoding=\"async\" src=\"https:\/\/www.fidesco-international.org\/de\/wp-content\/uploads\/sites\/2\/2014\/07\/Enugu.jpg\" alt=\"PENTAX DIGITAL CAMERA\" width=\"200\" height=\"300\" \/><span class=\"su-custom-gallery-title\">PENTAX DIGITAL CAMERA<\/span><\/a><\/div><div class=\"su-custom-gallery-slide\" style=\"width:200px;height:300px\"><a><img loading=\"lazy\" decoding=\"async\" src=\"https:\/\/www.fidesco-international.org\/de\/wp-content\/uploads\/sites\/2\/2014\/07\/Maria-01.jpg\" alt=\"Maria-01\" width=\"200\" height=\"300\" \/><span class=\"su-custom-gallery-title\">Maria-01<\/span><\/a><\/div><div class=\"su-custom-gallery-slide\" style=\"width:200px;height:300px\"><a><img loading=\"lazy\" decoding=\"async\" src=\"https:\/\/www.fidesco-international.org\/de\/wp-content\/uploads\/sites\/2\/2025\/06\/Nadine.jpg\" alt=\"Nadine\" width=\"200\" height=\"300\" \/><span class=\"su-custom-gallery-title\">Nadine<\/span><\/a><\/div><div class=\"su-custom-gallery-slide\" style=\"width:200px;height:300px\"><a><img loading=\"lazy\" decoding=\"async\" src=\"https:\/\/www.fidesco-international.org\/de\/wp-content\/uploads\/sites\/2\/2014\/07\/David.jpg\" alt=\"David\" width=\"200\" height=\"300\" \/><span class=\"su-custom-gallery-title\">David<\/span><\/a><\/div><div class=\"su-custom-gallery-slide\" style=\"width:200px;height:300px\"><a><img loading=\"lazy\" decoding=\"async\" src=\"https:\/\/www.fidesco-international.org\/de\/wp-content\/uploads\/sites\/2\/2025\/06\/Eva-scaled.jpg\" alt=\"Eva\" width=\"200\" height=\"300\" \/><span class=\"su-custom-gallery-title\">Eva<\/span><\/a><\/div><div class=\"su-custom-gallery-slide\" style=\"width:200px;height:300px\"><a><img loading=\"lazy\" decoding=\"async\" src=\"https:\/\/www.fidesco-international.org\/de\/wp-content\/uploads\/sites\/2\/2025\/06\/de-Fouchier.jpg\" alt=\"de Fouchier\" width=\"200\" height=\"300\" \/><span class=\"su-custom-gallery-title\">de Fouchier<\/span><\/a><\/div><div class=\"su-custom-gallery-slide\" style=\"width:200px;height:300px\"><a><img loading=\"lazy\" decoding=\"async\" src=\"https:\/\/www.fidesco-international.org\/de\/wp-content\/uploads\/sites\/2\/2025\/06\/Johanna2.jpg\" alt=\"Johanna2\" width=\"200\" height=\"300\" \/><span class=\"su-custom-gallery-title\">Johanna2<\/span><\/a><\/div><div class=\"su-custom-gallery-slide\" style=\"width:200px;height:300px\"><a><img loading=\"lazy\" decoding=\"async\" src=\"https:\/\/www.fidesco-international.org\/de\/wp-content\/uploads\/sites\/2\/2025\/06\/Juana-scaled.jpg\" alt=\"Juana\" width=\"200\" height=\"300\" \/><span class=\"su-custom-gallery-title\">Juana<\/span><\/a><\/div><div class=\"su-custom-gallery-slide\" style=\"width:200px;height:300px\"><a><img loading=\"lazy\" decoding=\"async\" src=\"https:\/\/www.fidesco-international.org\/de\/wp-content\/uploads\/sites\/2\/2025\/06\/Martin-scaled.jpg\" alt=\"Martin\" width=\"200\" height=\"300\" \/><span class=\"su-custom-gallery-title\">Martin<\/span><\/a><\/div><div class=\"su-clear\"><\/div><\/div>\n<p>&nbsp;<\/p>\n<h3>Ein Klick auf die \u00dcberschriften zeigt Ihnen weitere Informationen an<\/h3>\n<div class=\"su-spoiler su-spoiler-style-default su-spoiler-icon-plus su-spoiler-closed\" data-scroll-offset=\"0\" data-anchor-in-url=\"no\"><div class=\"su-spoiler-title\" tabindex=\"0\" role=\"button\"><span class=\"su-spoiler-icon\"><\/span>In den vergangenen Jahren wurden beispielsweise folgende Berufe angefragt<\/div><div class=\"su-spoiler-content su-u-clearfix su-u-trim\">\n<p>Apotheker in Afrika<\/p>\n<p>Dozent f\u00fcr Englisch an einer Hochschule in Asien<\/p>\n<p>Universit\u00e4tsdozent f\u00fcr Elektrotechnik in Afrika<\/p>\n<p>Mitarbeiter einer Baumschule in Afrika<\/p>\n<p>Krankenschwester im Mittleren Osten<\/p>\n<p>Projektleiter in Afrika Lehrer f\u00fcr Informatik in Afrika<\/p>\n<p>Facharzt f\u00fcr Geriatrie in S\u00fcdamerika<\/p>\n<p>Landmaschinenmechaniker in Afrika<\/p>\n<p>Allgemeinarzt in Afrika<\/p>\n<p>Bauleiter f\u00fcr eine Di\u00f6zese in Afrika<\/p>\n<p>Grundschullehrer in S\u00fcdamerika<\/p>\n<p>Steinmetz in Afrika Kommunikatonsexperte in Afrika <\/div><\/div>\n<div class=\"su-spoiler su-spoiler-style-default su-spoiler-icon-plus su-spoiler-closed\" data-scroll-offset=\"0\" data-anchor-in-url=\"no\"><div class=\"su-spoiler-title\" tabindex=\"0\" role=\"button\"><span class=\"su-spoiler-icon\"><\/span>Anforderungen an die Volont\u00e4re<\/div><div class=\"su-spoiler-content su-u-clearfix su-u-trim\">\n<p>Fidesco sendet Alleinstehende, Ehepaare und Familien zu ganz verschiedenen Missionen. Dabei ist der berufliche Aspekt nur ein Teil des Ganzen. Ebenso wichtig sind die Einstellung und die Aktivit\u00e4ten unserer Mitarbeiter au\u00dferhalb der Arbeit. In den \u00fcber 40 Jahren haben unsere Volont\u00e4re mit dazu beigetragen, dass Fidesco als Organisation bekannt wurde, in der engagierte Menschen leben und arbeiten. Die Basis bildet die katholische Glaubens- und Soziallehre. F\u00fcr viele Di\u00f6zesen und Kongregationen ist dies der wichtigste Grund, sich mit ihren Anfragen an Fidesco zu wenden. Von unseren Volont\u00e4ren erwarten wir deshalb, dass sie der katholischen Glaubens- und Soziallehre zustimmen und sich nicht scheuen, daf\u00fcr einzustehen. Angehende Volont\u00e4re m\u00fcssen eine abgeschlossene Berufs- oder Schulausbildung haben oder entsprechende Erfahrungen mitbringen. <\/div><\/div>\n<div class=\"su-spoiler su-spoiler-style-default su-spoiler-icon-plus su-spoiler-closed\" data-scroll-offset=\"0\" data-anchor-in-url=\"no\"><div class=\"su-spoiler-title\" tabindex=\"0\" role=\"button\"><span class=\"su-spoiler-icon\"><\/span>Bewerben - wie geht das?<\/div><div class=\"su-spoiler-content su-u-clearfix su-u-trim\">\n<p>Die Bewerbung um ein Volontariat mit Fidesco l\u00e4uft in vier Schritten ab.<\/p>\n<p><strong>Erster Schritt<\/strong> \u2013 Informationsveranstaltung und Bewerbung<\/p>\n<p>Ganz zu Beginn steht das gegenseitige Kennenlernen. Daf\u00fcr veranstalten wir mindestens zwei Mal im Jahr einen Infotag oder ein Infowebinar. Hier k\u00f6nnen Sie viel \u00fcber Fidesco, seine Projekte und Arbeitsweise erfahren. In einem ca. einst\u00fcndigen Gespr\u00e4ch erz\u00e4hlen Sie uns \u00fcber sich, Ihrer Ausbildung und beruflichem Werdegang. Etwa zwei Wochen nach diesem Termin, wenn Sie Ihren Weg mit Fidesco weiter gehen m\u00f6chten, bewerben Sie sich schriftlich. In einem Brief, dem Motivationsschreiben, nennen Sie uns die Gr\u00fcnde, weshalb Sie gerne zwei Jahre oder ein Jahr als Volont\u00e4r in einer Mission arbeiten und gerade speziell mit Fidesco ausreisen m\u00f6chten. Zu diesem Brief geh\u00f6rt auch Ihr Lebenslauf.<\/p>\n<p><strong>Zweiter Schritt<\/strong> \u2013 Unterscheidung und erster Teil der Ausbildung<\/p>\n<p>Wenn Sie als Kandidat ausgew\u00e4hlt werden, bekommen Sie die Einladung zu einer Unterscheidungskurs von Freitag bis Dienstag. Hier bekommen Sie viele weitere Informationen, die Ihnen bei der Entscheidung helfen, ob eine Mission mit Fidesco das Richtige f\u00fcr Sie ist. In einem weiteren Gespr\u00e4ch werden wir uns \u00fcber Ihre Ausbildung, Ihre Begabungen und Erfahrungen, die Beweggr\u00fcnde und Ihre Erwartungen unterhalten. Die erste Ausbildungseinheit wird zweimal in Frankreich im Fr\u00fchjahr angeboten, einmal in englischer Sprache (bzw. mit englischer \u00dcbersetzung) und einmal auf Franz\u00f6sisch. Nach dem Wochenende lassen sich der Kandidat und Fidesco etwa zwei Wochen Zeit, um sich endg\u00fcltig f\u00fcr oder gegen ein Volontariat zu entscheiden.<\/p>\n<p><strong>Dritter Schritt<\/strong> &#8211; Projektauswahl<\/p>\n<p>Wenn sich der Kandidat und Fidesco dazu entscheiden, die Ausbildung weiterzuf\u00fchren, schlie\u00dft sich der zweite und dritte Teil des Programms an. Der Kandidat erh\u00e4lt einige Ausbildungsbriefe oder Onlinevortr\u00e4ge, die sich besonders mit den \u00e4u\u00dferen Umst\u00e4nden eines Volontariats besch\u00e4ftigen z.B.: Impfungen, Versicherungen, Gesundheits- und Verhaltenstipps im Einsatz usw. Zu dieser Zeit erfahren Sie auch, wohin Sie als Volont\u00e4r ausreisen werden, dazu wird das Profil des Kandidaten mit den Stellenbeschreibungen unserer Partner abgeglichen und den am meisten geeigneten Einsatzort ausgesucht. Die Bewerber k\u00f6nnen W\u00fcnsche \u00e4u\u00dfern, etwa nach dem Missionsland oder der Art des Projektes \u2013 das Hauptanliegen bleibt aber, Sie dort einzusetzen, wo Sie am dringlichsten gebraucht werden. Parallel dazu wird nach einem Co-Volont\u00e4r gesucht, also einem Volont\u00e4r, der am gleichen Einsatzort arbeitet, eine gemeinsame Sprache mit Ihnen spricht, mit dem Sie sich austauschen k\u00f6nnen und der auch sonst gut zu Ihnen passt. Viele Mosaiksteine, die also zusammengef\u00fcgt werden m\u00fcssen. Eine direkte Bewerbung auf eine Einsatzstelle ist daher nicht m\u00f6glich.<\/p>\n<p><strong>Vierter Schritt<\/strong> \u2013 Abschluss der Ausbildung<\/p>\n<p>Eine Woche, im Sommer, in Paray le Monial. Dort kommen Volont\u00e4re aus der ganzen Welt zusammen, und schlie\u00dfen ihre Ausbildung ab. Ziel ist es, den zuk\u00fcnftigen Volont\u00e4r an die praktischen, sozialen und geistlichen Aspekte seiner Mission heranzuf\u00fchren. Der H\u00f6hepunkt in Paray ist die gro\u00dfe Aussendungsmesse, bei der die Volont\u00e4re offiziell und mit Gottes Segen ausgesandt werden. <\/div><\/div>\n<div class=\"su-spoiler su-spoiler-style-default su-spoiler-icon-plus su-spoiler-closed\" data-scroll-offset=\"0\" data-anchor-in-url=\"no\"><div class=\"su-spoiler-title\" tabindex=\"0\" role=\"button\"><span class=\"su-spoiler-icon\"><\/span>Leben als Volont\u00e4r<\/div><div class=\"su-spoiler-content su-u-clearfix su-u-trim\">\n<p>Volont\u00e4re werden nicht alleine auf eine Mission geschickt. Sie leben mit anderen Volont\u00e4ren zusammen. Auch wenn die Kollegen oft aus einem anderen Land stammen, verbindet sie doch alle ein \u00e4hnlicher Hintergrund und der Wunsch, in einem Entwicklungsland zu leben und zu arbeiten. Jeder Volont\u00e4r kann sich t\u00e4glich mit seinen Mitbewohnern \u00fcber die Arbeit, das eigene Befinden und die kulturellen Besonderheiten im Land austauschen. Wenn es einmal nicht so gut l\u00e4uft, was auch vorkommen kann, st\u00fctzen sich die Volont\u00e4re gegenseitig.<\/p>\n<p>Vor Ort leben die Volont\u00e4re in einfachen aber fairen Verh\u00e4ltnissen, denn sie wollen am Leben der Menschen im Missionsland teilhaben. Prinzipiell sendet Fidesco niemanden in ein Land, in dem Krieg herrscht. Erfahrungsberichte und interessante Geschichten unserer Volont\u00e4re finden sie, <a href=\"https:\/\/www.fidesco-international.org\/de\/fidesco-volontaere\/\" target=\"_blank\" rel=\"noopener\">wenn sie hier klicken<\/a>.<\/p>\n<p>Fidesco garantiert seinen Volont\u00e4ren die Zahlung von Sozialversicherungbeitr\u00e4gen. Volont\u00e4re sind immer versichert. Die meisten haben den sogenannten VSI-Status (Volunteers of international Solidarity). Der franz\u00f6sische Staat spricht diesen Status jedem zu, der seine beruflichen F\u00e4higkeiten in selbstloser Absicht f\u00fcr mindestens ein Jahr in den Dienst einer Mission der internationalen Solidarit\u00e4t stellt. Die Staatsangeh\u00f6rigkeit spielt keine Rolle. Der VSI-Status birgt eine Vielzahl von Verg\u00fcnstigungen vor, w\u00e4hrend und nach dem Missionseinsatz. <\/div><\/div>\n<div class=\"su-spoiler su-spoiler-style-default su-spoiler-icon-plus su-spoiler-closed\" data-scroll-offset=\"0\" data-anchor-in-url=\"no\"><div class=\"su-spoiler-title\" tabindex=\"0\" role=\"button\"><span class=\"su-spoiler-icon\"><\/span>Heimkommen<\/div><div class=\"su-spoiler-content su-u-clearfix su-u-trim\">\n<p>Nach zwei Jahren in einer fremden Welt kann einem die eigene Kultur bereits ungewohnt vorkommen. Es braucht einige Zeit und M\u00fche, sich wieder einzuleben und zurechtzufinden. Aus diesen Gr\u00fcnden bietet Fidesco den Volont\u00e4ren, die wieder nach Hause zur\u00fcckkehren Hilfe an. Wir wollen unsere Volont\u00e4re mit ihren Eindr\u00fccken und Problemen nicht alleine lassen. W\u00e4hrend eines Wochenendes in Frankreich, das speziell f\u00fcr die R\u00fcckkehrer veranstaltet wird, k\u00f6nnen sich diese mit Volont\u00e4ren der Vorjahre unterhalten, die bereits wieder ihren Platz gefunden haben. Sie k\u00f6nnen von deren Erfahrungen profitieren. Im Durchschnitt findet jeder Volont\u00e4r innerhalb von drei Monaten einen neuen Arbeitsplatz. Die Erfahrung hat gezeigt, dass ein Volontariat dem beruflichen Fortkommen eher n\u00fctzt. <\/div><\/div>\n<p>&nbsp;<\/p>\n","protected":false},"excerpt":{"rendered":"<p>Wenn Sie sich schon einmal Gedanken gemacht haben, f\u00fcr l\u00e4ngere Zeit als Volont\u00e4r (freiwilliger Helfer) in einem Entwicklungsprojekt der katholischen Kirche mitzuarbeiten oder sich die Arbeit in diesem Umfeld vorstellen k\u00f6nnen, sind Sie hier genau richtig. Was m\u00fcssen Sie daf\u00fcr mitbringen? Ihre Verf\u00fcgbarkeit f\u00fcr ein oder zwei Jahre Die Zugeh\u00f6rigkeit zur katholischen Kirche oder die [&hellip;]<\/p>\n","protected":false},"author":9,"featured_media":5351,"parent":0,"menu_order":0,"comment_status":"closed","ping_status":"open","template":"","meta":{"footnotes":""},"class_list":["post-386","page","type-page","status-publish","has-post-thumbnail","hentry"],"acf":[],"_links":{"self":[{"href":"https:\/\/www.fidesco-international.org\/de\/wp-json\/wp\/v2\/pages\/386","targetHints":{"allow":["GET"]}}],"collection":[{"href":"https:\/\/www.fidesco-international.org\/de\/wp-json\/wp\/v2\/pages"}],"about":[{"href":"https:\/\/www.fidesco-international.org\/de\/wp-json\/wp\/v2\/types\/page"}],"author":[{"embeddable":true,"href":"https:\/\/www.fidesco-international.org\/de\/wp-json\/wp\/v2\/users\/9"}],"replies":[{"embeddable":true,"href":"https:\/\/www.fidesco-international.org\/de\/wp-json\/wp\/v2\/comments?post=386"}],"version-history":[{"count":73,"href":"https:\/\/www.fidesco-international.org\/de\/wp-json\/wp\/v2\/pages\/386\/revisions"}],"predecessor-version":[{"id":8689,"href":"https:\/\/www.fidesco-international.org\/de\/wp-json\/wp\/v2\/pages\/386\/revisions\/8689"}],"wp:featuredmedia":[{"embeddable":true,"href":"https:\/\/www.fidesco-international.org\/de\/wp-json\/wp\/v2\/media\/5351"}],"wp:attachment":[{"href":"https:\/\/www.fidesco-international.org\/de\/wp-json\/wp\/v2\/media?parent=386"}],"curies":[{"name":"wp","href":"https:\/\/api.w.org\/{rel}","templated":true}]}}