{"id":4982,"date":"2020-08-28T06:39:35","date_gmt":"2020-08-28T05:39:35","guid":{"rendered":"http:\/\/www.fidesco-international.org\/de\/?page_id=4982"},"modified":"2022-02-15T10:46:29","modified_gmt":"2022-02-15T09:46:29","slug":"etienne-arzt-in-indien-1982-1984","status":"publish","type":"page","link":"https:\/\/www.fidesco-international.org\/de\/etienne-arzt-in-indien-1982-1984\/","title":{"rendered":"Etienne &#8211; Arzt in Indien &#8211; 1982-1984"},"content":{"rendered":"<h4>Eine Mission, die immer noch andauert<\/h4>\n<h5>Ich war als Arzt in Indien, um dort Lepraerkrankungen in den D\u00f6rfern zu diagnostizieren. Dabei entdeckte ich, dass wir vor den Armen, insbesondere den Leprakranken, wahrhaftig sind und uns besonders freuen, wenn wir sie treffen. Ich lernte wunderbare Menschen kennen und entdeckte auch meine Leidenschaft f\u00fcr die Handchirurgie.<\/h5>\n<p>&nbsp;<\/p>\n<p><a href=\"https:\/\/www.fidesco-international.org\/de\/wp-content\/uploads\/sites\/2\/2020\/08\/Gaisne-berbeitet.jpg\"><img loading=\"lazy\" decoding=\"async\" class=\"alignnone size-full wp-image-4983\" src=\"https:\/\/www.fidesco-international.org\/de\/wp-content\/uploads\/sites\/2\/2020\/08\/Gaisne-berbeitet.jpg\" alt=\"\" width=\"671\" height=\"670\" srcset=\"https:\/\/www.fidesco-international.org\/de\/wp-content\/uploads\/sites\/2\/2020\/08\/Gaisne-berbeitet.jpg 671w, https:\/\/www.fidesco-international.org\/de\/wp-content\/uploads\/sites\/2\/2020\/08\/Gaisne-berbeitet-300x300.jpg 300w, https:\/\/www.fidesco-international.org\/de\/wp-content\/uploads\/sites\/2\/2020\/08\/Gaisne-berbeitet-150x150.jpg 150w, https:\/\/www.fidesco-international.org\/de\/wp-content\/uploads\/sites\/2\/2020\/08\/Gaisne-berbeitet-270x270.jpg 270w, https:\/\/www.fidesco-international.org\/de\/wp-content\/uploads\/sites\/2\/2020\/08\/Gaisne-berbeitet-100x100.jpg 100w\" sizes=\"auto, (max-width: 671px) 100vw, 671px\" \/><\/a><\/p>\n<p>&nbsp;<\/p>\n<h5>Seit nunmehr zw\u00f6lf Jahren f\u00fchren meine Kollegen und ich freiwillige Lepra-Operationseins\u00e4tze in Indien durch: Mehr als 350 Patienten wurden bei diesen Eins\u00e4tzen schon operiert!<\/h5>\n<h5>Eine Mission mit Fidesco ist f\u00fcr mich eine \u00d6ffnung zur Welt, die unser Leben und unser Engagement zutiefst pr\u00e4gt.<\/h5>\n","protected":false},"excerpt":{"rendered":"<p>Eine Mission, die immer noch andauert Ich war als Arzt in Indien, um dort Lepraerkrankungen in den D\u00f6rfern zu diagnostizieren. Dabei entdeckte ich, dass wir vor den Armen, insbesondere den Leprakranken, wahrhaftig sind und uns besonders freuen, wenn wir sie treffen. Ich lernte wunderbare Menschen kennen und entdeckte auch meine Leidenschaft f\u00fcr die Handchirurgie. &nbsp; [&hellip;]<\/p>\n","protected":false},"author":9,"featured_media":0,"parent":0,"menu_order":0,"comment_status":"closed","ping_status":"closed","template":"","meta":{"footnotes":""},"class_list":["post-4982","page","type-page","status-publish","hentry"],"acf":[],"_links":{"self":[{"href":"https:\/\/www.fidesco-international.org\/de\/wp-json\/wp\/v2\/pages\/4982","targetHints":{"allow":["GET"]}}],"collection":[{"href":"https:\/\/www.fidesco-international.org\/de\/wp-json\/wp\/v2\/pages"}],"about":[{"href":"https:\/\/www.fidesco-international.org\/de\/wp-json\/wp\/v2\/types\/page"}],"author":[{"embeddable":true,"href":"https:\/\/www.fidesco-international.org\/de\/wp-json\/wp\/v2\/users\/9"}],"replies":[{"embeddable":true,"href":"https:\/\/www.fidesco-international.org\/de\/wp-json\/wp\/v2\/comments?post=4982"}],"version-history":[{"count":6,"href":"https:\/\/www.fidesco-international.org\/de\/wp-json\/wp\/v2\/pages\/4982\/revisions"}],"predecessor-version":[{"id":6187,"href":"https:\/\/www.fidesco-international.org\/de\/wp-json\/wp\/v2\/pages\/4982\/revisions\/6187"}],"wp:attachment":[{"href":"https:\/\/www.fidesco-international.org\/de\/wp-json\/wp\/v2\/media?parent=4982"}],"curies":[{"name":"wp","href":"https:\/\/api.w.org\/{rel}","templated":true}]}}