{"id":4993,"date":"2020-08-28T07:12:10","date_gmt":"2020-08-28T06:12:10","guid":{"rendered":"http:\/\/www.fidesco-international.org\/de\/?page_id=4993"},"modified":"2022-02-15T11:11:53","modified_gmt":"2022-02-15T10:11:53","slug":"pater-dominique-manager-zaire-1987-1988","status":"publish","type":"page","link":"https:\/\/www.fidesco-international.org\/de\/pater-dominique-manager-zaire-1987-1988\/","title":{"rendered":"Pater Dominique &#8211; Manager &#8211; Zaire &#8211; 1987-1988"},"content":{"rendered":"<h4>Bei mir zu Hause, 10.000 Kilometer vom Eiffelturm entfernt&#8230;<\/h4>\n<h5>Bei meiner Mission in Lubumbashi wurde mir bewusst, dass ich auch 10.000 km vom Eiffelturm entfernt zu Hause sein kann! Ich ging fort, um zu versuchen, den Willen des Herrn zu tun, und ich fand, dass mich das gl\u00fccklich macht und dass ich von \u00dcberraschung zu \u00dcberraschung stolperte.<\/h5>\n<p><a href=\"https:\/\/www.fidesco-international.org\/de\/wp-content\/uploads\/sites\/2\/2020\/08\/Pere-Dominique-Janthial.jpg\"><img loading=\"lazy\" decoding=\"async\" class=\"alignnone size-full wp-image-4986\" src=\"https:\/\/www.fidesco-international.org\/de\/wp-content\/uploads\/sites\/2\/2020\/08\/Pere-Dominique-Janthial.jpg\" alt=\"\" width=\"1017\" height=\"1017\" srcset=\"https:\/\/www.fidesco-international.org\/de\/wp-content\/uploads\/sites\/2\/2020\/08\/Pere-Dominique-Janthial.jpg 1017w, https:\/\/www.fidesco-international.org\/de\/wp-content\/uploads\/sites\/2\/2020\/08\/Pere-Dominique-Janthial-300x300.jpg 300w, https:\/\/www.fidesco-international.org\/de\/wp-content\/uploads\/sites\/2\/2020\/08\/Pere-Dominique-Janthial-150x150.jpg 150w, https:\/\/www.fidesco-international.org\/de\/wp-content\/uploads\/sites\/2\/2020\/08\/Pere-Dominique-Janthial-768x768.jpg 768w, https:\/\/www.fidesco-international.org\/de\/wp-content\/uploads\/sites\/2\/2020\/08\/Pere-Dominique-Janthial-270x270.jpg 270w, https:\/\/www.fidesco-international.org\/de\/wp-content\/uploads\/sites\/2\/2020\/08\/Pere-Dominique-Janthial-680x680.jpg 680w, https:\/\/www.fidesco-international.org\/de\/wp-content\/uploads\/sites\/2\/2020\/08\/Pere-Dominique-Janthial-100x100.jpg 100w\" sizes=\"auto, (max-width: 1017px) 100vw, 1017px\" \/><\/a><\/p>\n<p>\u201eIch war erst vor kurzem an meinem Missionsort in Lubumbashi angekommen und nahm an den Aktivit\u00e4ten einer Gebetsgruppe in der Gemeinschaft Emmanuel teil (obwohl diese Gemeinschaft damals im Kongo &#8211; Zaire noch nicht existierte). In Verbindung mit dieser Gebetsgruppe hatte man ein Einkehrwochenende organisiert. Es fand in einem Schulgeb\u00e4ude statt, das etwa zehn Kilometer vom Stadtzentrum entfernt lag.<\/p>\n<p>Da der Transport f\u00fcr die jungen Leute, die zum Wochenende kamen, unsicher und oft zu teuer war, erkl\u00e4rte ich mich bereit, den Lastwagen des Sojaprogramms, f\u00fcr das ich verantwortlich war, zur Verf\u00fcgung zu stellen (obwohl ich damals h\u00f6chstens 21 Jahre alt war&#8230;).<\/p>\n<p>Am Ende des Wochenendes lud ich gut drei\u00dfig junge Leute auf die Ladefl\u00e4che des Lastwagens und fuhr zur\u00fcck in die Stadt. Etwa auf halbem Weg begegneten uns andere Jugendliche, die auch beim Wochenende dabei gewesen waren und schon zu Fu\u00df losgelaufen waren. Kaum hatte ich den Lastwagen angehalten, st\u00fcrzten sich die jungen Leute wie wild darauf und brachten so die Sto\u00dfd\u00e4mpfer und sogar meine Achsen in Gefahr. Dieses im Land so \u00fcbliche Gedr\u00e4ngel, wenn endlich ein Transportmittel eintrifft, schockierte mich total, denn diese jungen Leute hatten doch gerade ein Wochenende des Gebets und der N\u00e4chstenliebe erlebt. Ein solcher Mangel an R\u00fccksicht und Achtung f\u00fcreinander machte mich w\u00fctend, ich stieg aus der Fahrerkabine und schrie sie an. Bald herrschte Stille und ich h\u00e4tte zufrieden sein k\u00f6nnen. Aber die Blicke sprachen B\u00e4nde \u00fcber den Schock, den mein Ausbruch und meine harten Worte ausgel\u00f6st hatten&#8230; Die R\u00fcckfahrt erfolgte, ohne dass jemand den Mund aufmachte.<\/p>\n<p>Am n\u00e4chsten Tag kam ein alter Missionarsvater, ein Mann voller Weisheit, und erkl\u00e4rte mir wie unangemessen meine Reaktion gewesen war. Wenn ich als Muzungu (Wei\u00dfer) br\u00fcderliche Beziehungen zu den Zairern aufbauen wollte, musste ich das herrschs\u00fcchtige Verhalten der vielen Kolonisten sein lassen, das diese in der Vergangenheit an den Tag gelegt hatten. Diese Vergangenheit lag damals noch nicht so weit zur\u00fcck. Trotz seiner Liebensw\u00fcrdigkeit, die man auf seinem Gesicht ablesen konnte, sagte er mir sogar, dass meiner Mission vorzeitig beendet werden k\u00f6nnte, sollte sich ein solches Verhalten wiederholen.<\/p>\n<p>Ich hatte meine Lektion verstanden: Beim n\u00e4chsten Treffen der Gebetsgruppe machte ich es wieder gut und vor allem begriff ich, dass ich als Missionar des Herzens Jesu (da ich diese Mission in Paray empfangen hatte) ein sanftm\u00fctiges und dem\u00fctiges Herz wie seines haben musste&#8230; Diese Lektion hat mir im Nachhinein und vor allem in meinem Dienst als Priester, den ich seit mehr als 25 Jahren aus\u00fcbe, enorm geholfen!\u201c<\/p>\n","protected":false},"excerpt":{"rendered":"<p>Bei mir zu Hause, 10.000 Kilometer vom Eiffelturm entfernt&#8230; Bei meiner Mission in Lubumbashi wurde mir bewusst, dass ich auch 10.000 km vom Eiffelturm entfernt zu Hause sein kann! Ich ging fort, um zu versuchen, den Willen des Herrn zu tun, und ich fand, dass mich das gl\u00fccklich macht und dass ich von \u00dcberraschung zu [&hellip;]<\/p>\n","protected":false},"author":9,"featured_media":0,"parent":0,"menu_order":0,"comment_status":"closed","ping_status":"closed","template":"","meta":{"footnotes":""},"class_list":["post-4993","page","type-page","status-publish","hentry"],"acf":[],"_links":{"self":[{"href":"https:\/\/www.fidesco-international.org\/de\/wp-json\/wp\/v2\/pages\/4993","targetHints":{"allow":["GET"]}}],"collection":[{"href":"https:\/\/www.fidesco-international.org\/de\/wp-json\/wp\/v2\/pages"}],"about":[{"href":"https:\/\/www.fidesco-international.org\/de\/wp-json\/wp\/v2\/types\/page"}],"author":[{"embeddable":true,"href":"https:\/\/www.fidesco-international.org\/de\/wp-json\/wp\/v2\/users\/9"}],"replies":[{"embeddable":true,"href":"https:\/\/www.fidesco-international.org\/de\/wp-json\/wp\/v2\/comments?post=4993"}],"version-history":[{"count":5,"href":"https:\/\/www.fidesco-international.org\/de\/wp-json\/wp\/v2\/pages\/4993\/revisions"}],"predecessor-version":[{"id":6189,"href":"https:\/\/www.fidesco-international.org\/de\/wp-json\/wp\/v2\/pages\/4993\/revisions\/6189"}],"wp:attachment":[{"href":"https:\/\/www.fidesco-international.org\/de\/wp-json\/wp\/v2\/media?parent=4993"}],"curies":[{"name":"wp","href":"https:\/\/api.w.org\/{rel}","templated":true}]}}