{"id":4996,"date":"2020-08-28T07:15:42","date_gmt":"2020-08-28T06:15:42","guid":{"rendered":"http:\/\/www.fidesco-international.org\/de\/?page_id=4996"},"modified":"2021-11-16T09:14:25","modified_gmt":"2021-11-16T08:14:25","slug":"anthony-sozialarbeiter-tunesien-1992-1994","status":"publish","type":"page","link":"https:\/\/www.fidesco-international.org\/de\/anthony-sozialarbeiter-tunesien-1992-1994\/","title":{"rendered":"Anthony &#8211; Sozialarbeiter &#8211; Tunesien &#8211; 1992-1994"},"content":{"rendered":"<h4>Vertrauen auf Lebenszeit<\/h4>\n<p>Im Einsatz war Anthony als Betreuer t\u00e4tig.<\/p>\n<p>&nbsp;<\/p>\n<p><a href=\"https:\/\/www.fidesco-international.org\/de\/wp-content\/uploads\/sites\/2\/2020\/08\/Anthony-Giroud.png\"><img loading=\"lazy\" decoding=\"async\" class=\"alignnone size-full wp-image-4989\" src=\"https:\/\/www.fidesco-international.org\/de\/wp-content\/uploads\/sites\/2\/2020\/08\/Anthony-Giroud.png\" alt=\"\" width=\"573\" height=\"573\" srcset=\"https:\/\/www.fidesco-international.org\/de\/wp-content\/uploads\/sites\/2\/2020\/08\/Anthony-Giroud.png 573w, https:\/\/www.fidesco-international.org\/de\/wp-content\/uploads\/sites\/2\/2020\/08\/Anthony-Giroud-300x300.png 300w, https:\/\/www.fidesco-international.org\/de\/wp-content\/uploads\/sites\/2\/2020\/08\/Anthony-Giroud-150x150.png 150w, https:\/\/www.fidesco-international.org\/de\/wp-content\/uploads\/sites\/2\/2020\/08\/Anthony-Giroud-270x270.png 270w, https:\/\/www.fidesco-international.org\/de\/wp-content\/uploads\/sites\/2\/2020\/08\/Anthony-Giroud-100x100.png 100w\" sizes=\"auto, (max-width: 573px) 100vw, 573px\" \/><\/a><\/p>\n<p>&nbsp;<\/p>\n<p>&#8222;Wenn ich diese zwei Jahre, die ich in Tunesien, in Sfax verbracht habe, zusammenfassen m\u00fcsste, w\u00fcrde ich sagen: Vertrauen! Ich habe gelernt, mir selbst zu vertrauen, meinen Talenten, meiner Reiselust, meiner Geschichte, meiner Einsamkeit; ich habe gelernt, auch anderen zu vertrauen, unabh\u00e4ngig vom Alter, der Religion, der Nationalit\u00e4t, dem sozialem Hintergrund; und ich habe gelernt, auf Gott zu vertrauen, auf sein Wort, das unser Leben verwandelt. Das Fidesco-Abenteuer ist Vertrauen f\u00fcr ein Leben lang!<\/p>\n<p>Ich erinnere mich an einen Konflikt, den wir mit einem Co-Volont\u00e4r aus unserer Wohngemeinschaft hatten. Wir erkl\u00e4rten den Priestern der Pfarrei unser Problem. Sie haben nicht f\u00fcr uns entschieden, aber sie sagten uns, dass sie uns begleiten w\u00fcrden. Es war eine wunderbare Freundlichkeit, uns einzuladen, dass wir uns die Zeit nehmen, uns gegenseitig kennen zu lernen, um unsere Schwierigkeiten selbst zu l\u00f6sen. Noch heute sind wir alle br\u00fcderlich mit unserem Co-Volont\u00e4r verbunden!<\/p>\n<p>Durch den Kontakt mit unseren protestantischen, muslimischen und j\u00fcdischen Br\u00fcdern und dank der Vielfalt der Beziehungen zwischen den Generationen, habe ich meine Neigungen und meine berufliche Berufung entdeckt. Heute leite ich ein B\u00fcro f\u00fcr Bibelreisen, das ich gegr\u00fcndet habe!&#8220;<\/p>\n","protected":false},"excerpt":{"rendered":"<p>Vertrauen auf Lebenszeit Im Einsatz war Anthony als Betreuer t\u00e4tig. &nbsp; &nbsp; &#8222;Wenn ich diese zwei Jahre, die ich in Tunesien, in Sfax verbracht habe, zusammenfassen m\u00fcsste, w\u00fcrde ich sagen: Vertrauen! Ich habe gelernt, mir selbst zu vertrauen, meinen Talenten, meiner Reiselust, meiner Geschichte, meiner Einsamkeit; ich habe gelernt, auch anderen zu vertrauen, unabh\u00e4ngig vom [&hellip;]<\/p>\n","protected":false},"author":9,"featured_media":0,"parent":0,"menu_order":0,"comment_status":"closed","ping_status":"closed","template":"","meta":{"footnotes":""},"class_list":["post-4996","page","type-page","status-publish","hentry"],"acf":[],"_links":{"self":[{"href":"https:\/\/www.fidesco-international.org\/de\/wp-json\/wp\/v2\/pages\/4996","targetHints":{"allow":["GET"]}}],"collection":[{"href":"https:\/\/www.fidesco-international.org\/de\/wp-json\/wp\/v2\/pages"}],"about":[{"href":"https:\/\/www.fidesco-international.org\/de\/wp-json\/wp\/v2\/types\/page"}],"author":[{"embeddable":true,"href":"https:\/\/www.fidesco-international.org\/de\/wp-json\/wp\/v2\/users\/9"}],"replies":[{"embeddable":true,"href":"https:\/\/www.fidesco-international.org\/de\/wp-json\/wp\/v2\/comments?post=4996"}],"version-history":[{"count":6,"href":"https:\/\/www.fidesco-international.org\/de\/wp-json\/wp\/v2\/pages\/4996\/revisions"}],"predecessor-version":[{"id":5999,"href":"https:\/\/www.fidesco-international.org\/de\/wp-json\/wp\/v2\/pages\/4996\/revisions\/5999"}],"wp:attachment":[{"href":"https:\/\/www.fidesco-international.org\/de\/wp-json\/wp\/v2\/media?parent=4996"}],"curies":[{"name":"wp","href":"https:\/\/api.w.org\/{rel}","templated":true}]}}