{"id":5015,"date":"2020-08-28T07:48:53","date_gmt":"2020-08-28T06:48:53","guid":{"rendered":"http:\/\/www.fidesco-international.org\/de\/?page_id=5015"},"modified":"2020-08-28T08:03:49","modified_gmt":"2020-08-28T07:03:49","slug":"astrid-bildungsberaterin-philippinen-2000-2002","status":"publish","type":"page","link":"https:\/\/www.fidesco-international.org\/de\/astrid-bildungsberaterin-philippinen-2000-2002\/","title":{"rendered":"Astrid &#8211; Bildungsberaterin &#8211; Philippinen &#8211; 2000-2002"},"content":{"rendered":"<h4>Aus Vergebung entsteht Freude<\/h4>\n<p><a href=\"https:\/\/www.fidesco-international.org\/de\/wp-content\/uploads\/sites\/2\/2020\/08\/Astrid-Halley.jpg\"><img loading=\"lazy\" decoding=\"async\" class=\"alignnone size-full wp-image-5011\" src=\"https:\/\/www.fidesco-international.org\/de\/wp-content\/uploads\/sites\/2\/2020\/08\/Astrid-Halley.jpg\" alt=\"\" width=\"480\" height=\"480\" srcset=\"https:\/\/www.fidesco-international.org\/de\/wp-content\/uploads\/sites\/2\/2020\/08\/Astrid-Halley.jpg 480w, https:\/\/www.fidesco-international.org\/de\/wp-content\/uploads\/sites\/2\/2020\/08\/Astrid-Halley-300x300.jpg 300w, https:\/\/www.fidesco-international.org\/de\/wp-content\/uploads\/sites\/2\/2020\/08\/Astrid-Halley-150x150.jpg 150w, https:\/\/www.fidesco-international.org\/de\/wp-content\/uploads\/sites\/2\/2020\/08\/Astrid-Halley-270x270.jpg 270w, https:\/\/www.fidesco-international.org\/de\/wp-content\/uploads\/sites\/2\/2020\/08\/Astrid-Halley-100x100.jpg 100w\" sizes=\"auto, (max-width: 480px) 100vw, 480px\" \/><\/a><\/p>\n<p>&#8222;Das Wagnis eingehen, losgehen, entdecken, begegnen, lieben, mit Freude zur\u00fcckkommen und teilen! So w\u00fcrde ich Fidesco nach meiner zweij\u00e4hrigen Mission im Dienst der Anak-TNK-Stiftung in Manila charakterisieren. Dort habe ich gelernt, dass Freude nicht davon abh\u00e4ngt, was du besitzt. Es ist eine Beziehung zum anderen, eine f\u00fcrsorgliche und liebevolle Gegenwart. Aus Vergebung entsteht wahre Freude!&#8220;<\/p>\n","protected":false},"excerpt":{"rendered":"<p>Aus Vergebung entsteht Freude &#8222;Das Wagnis eingehen, losgehen, entdecken, begegnen, lieben, mit Freude zur\u00fcckkommen und teilen! So w\u00fcrde ich Fidesco nach meiner zweij\u00e4hrigen Mission im Dienst der Anak-TNK-Stiftung in Manila charakterisieren. Dort habe ich gelernt, dass Freude nicht davon abh\u00e4ngt, was du besitzt. Es ist eine Beziehung zum anderen, eine f\u00fcrsorgliche und liebevolle Gegenwart. Aus [&hellip;]<\/p>\n","protected":false},"author":9,"featured_media":0,"parent":0,"menu_order":0,"comment_status":"closed","ping_status":"closed","template":"","meta":{"footnotes":""},"class_list":["post-5015","page","type-page","status-publish","hentry"],"acf":[],"_links":{"self":[{"href":"https:\/\/www.fidesco-international.org\/de\/wp-json\/wp\/v2\/pages\/5015","targetHints":{"allow":["GET"]}}],"collection":[{"href":"https:\/\/www.fidesco-international.org\/de\/wp-json\/wp\/v2\/pages"}],"about":[{"href":"https:\/\/www.fidesco-international.org\/de\/wp-json\/wp\/v2\/types\/page"}],"author":[{"embeddable":true,"href":"https:\/\/www.fidesco-international.org\/de\/wp-json\/wp\/v2\/users\/9"}],"replies":[{"embeddable":true,"href":"https:\/\/www.fidesco-international.org\/de\/wp-json\/wp\/v2\/comments?post=5015"}],"version-history":[{"count":2,"href":"https:\/\/www.fidesco-international.org\/de\/wp-json\/wp\/v2\/pages\/5015\/revisions"}],"predecessor-version":[{"id":5032,"href":"https:\/\/www.fidesco-international.org\/de\/wp-json\/wp\/v2\/pages\/5015\/revisions\/5032"}],"wp:attachment":[{"href":"https:\/\/www.fidesco-international.org\/de\/wp-json\/wp\/v2\/media?parent=5015"}],"curies":[{"name":"wp","href":"https:\/\/api.w.org\/{rel}","templated":true}]}}