{"id":5021,"date":"2020-08-28T07:55:07","date_gmt":"2020-08-28T06:55:07","guid":{"rendered":"http:\/\/www.fidesco-international.org\/de\/?page_id=5021"},"modified":"2020-08-28T08:00:39","modified_gmt":"2020-08-28T07:00:39","slug":"celine-gefaengnispastorel-chile-204-2006","status":"publish","type":"page","link":"https:\/\/www.fidesco-international.org\/de\/celine-gefaengnispastorel-chile-204-2006\/","title":{"rendered":"Celine &#8211; Gef\u00e4ngnispastoral &#8211; Chile &#8211; 2004-2006"},"content":{"rendered":"<h4>Lasst euch vom Herrn \u00fcberraschen!<\/h4>\n<p>&nbsp;<\/p>\n<p><a href=\"https:\/\/www.fidesco-international.org\/de\/wp-content\/uploads\/sites\/2\/2020\/08\/Celine-Marion.jpg\"><img loading=\"lazy\" decoding=\"async\" class=\"alignnone size-full wp-image-5013\" src=\"https:\/\/www.fidesco-international.org\/de\/wp-content\/uploads\/sites\/2\/2020\/08\/Celine-Marion.jpg\" alt=\"\" width=\"483\" height=\"483\" srcset=\"https:\/\/www.fidesco-international.org\/de\/wp-content\/uploads\/sites\/2\/2020\/08\/Celine-Marion.jpg 483w, https:\/\/www.fidesco-international.org\/de\/wp-content\/uploads\/sites\/2\/2020\/08\/Celine-Marion-300x300.jpg 300w, https:\/\/www.fidesco-international.org\/de\/wp-content\/uploads\/sites\/2\/2020\/08\/Celine-Marion-150x150.jpg 150w, https:\/\/www.fidesco-international.org\/de\/wp-content\/uploads\/sites\/2\/2020\/08\/Celine-Marion-270x270.jpg 270w, https:\/\/www.fidesco-international.org\/de\/wp-content\/uploads\/sites\/2\/2020\/08\/Celine-Marion-100x100.jpg 100w\" sizes=\"auto, (max-width: 483px) 100vw, 483px\" \/><\/a><\/p>\n<p>&#8222;Als ich f\u00fcr zwei Jahre in Santiago ging, wollte ich in eine andere Kultur eintauchen, etwas Zeit geben und eine starke und gemeinsame Erfahrung als Paar machen. Durch diese Mission habe ich gelernt, dass Gott wirklich dort gegenw\u00e4rtig ist, wo die Schwachen, die S\u00fcnder sind. Seine Anwesenheit ist sichtbar. Mein Glaube ist durch unsere Mission, die im Wesentlichen aus der pastoralen Begleitung bestand, wirklich in Kontakt mit den Chilenen gewachsen.<\/p>\n<p>Bei unserer R\u00fcckkehr nach Frankreich begannen wir einen Weg in der Gemeinschaft Emmanuel und wurden Billings-Berater, um Paare auszubilden und zu unterst\u00fctzen. Ich wurde zum Krankenhausseelsorger berufen, wo ich seit drei Jahren angestellt bin, und seit einem Jahr sind wir f\u00fcr den di\u00f6zesanen Dienst der Weltmission verantwortlich. Dieser Einsatz ist nat\u00fcrlich mit unserer Begeisterung f\u00fcr die Mission aus unserer Fidesco-Erfahrung verbunden. Und ich war \u00fcberrascht von den verschiedenen Anrufen, die auf unterschiedlichen Gebieten stattgefunden haben, aber der Herr \u00fcberrascht uns oft!&#8220;<\/p>\n","protected":false},"excerpt":{"rendered":"<p>Lasst euch vom Herrn \u00fcberraschen! &nbsp; &#8222;Als ich f\u00fcr zwei Jahre in Santiago ging, wollte ich in eine andere Kultur eintauchen, etwas Zeit geben und eine starke und gemeinsame Erfahrung als Paar machen. Durch diese Mission habe ich gelernt, dass Gott wirklich dort gegenw\u00e4rtig ist, wo die Schwachen, die S\u00fcnder sind. Seine Anwesenheit ist sichtbar. [&hellip;]<\/p>\n","protected":false},"author":9,"featured_media":0,"parent":0,"menu_order":0,"comment_status":"closed","ping_status":"closed","template":"","meta":{"footnotes":""},"class_list":["post-5021","page","type-page","status-publish","hentry"],"acf":[],"_links":{"self":[{"href":"https:\/\/www.fidesco-international.org\/de\/wp-json\/wp\/v2\/pages\/5021","targetHints":{"allow":["GET"]}}],"collection":[{"href":"https:\/\/www.fidesco-international.org\/de\/wp-json\/wp\/v2\/pages"}],"about":[{"href":"https:\/\/www.fidesco-international.org\/de\/wp-json\/wp\/v2\/types\/page"}],"author":[{"embeddable":true,"href":"https:\/\/www.fidesco-international.org\/de\/wp-json\/wp\/v2\/users\/9"}],"replies":[{"embeddable":true,"href":"https:\/\/www.fidesco-international.org\/de\/wp-json\/wp\/v2\/comments?post=5021"}],"version-history":[{"count":5,"href":"https:\/\/www.fidesco-international.org\/de\/wp-json\/wp\/v2\/pages\/5021\/revisions"}],"predecessor-version":[{"id":5027,"href":"https:\/\/www.fidesco-international.org\/de\/wp-json\/wp\/v2\/pages\/5021\/revisions\/5027"}],"wp:attachment":[{"href":"https:\/\/www.fidesco-international.org\/de\/wp-json\/wp\/v2\/media?parent=5021"}],"curies":[{"name":"wp","href":"https:\/\/api.w.org\/{rel}","templated":true}]}}