{"id":5037,"date":"2020-08-28T08:13:10","date_gmt":"2020-08-28T07:13:10","guid":{"rendered":"http:\/\/www.fidesco-international.org\/de\/?page_id=5037"},"modified":"2020-08-28T08:13:10","modified_gmt":"2020-08-28T07:13:10","slug":"eric-manager-dominikanische-republik-2004-2005","status":"publish","type":"page","link":"https:\/\/www.fidesco-international.org\/de\/eric-manager-dominikanische-republik-2004-2005\/","title":{"rendered":"Eric &#8211; Manager &#8211; Dominikanische Republik &#8211; 2004-2005"},"content":{"rendered":"<h4>Die Bedeutung des Geschenks<\/h4>\n<p><a href=\"https:\/\/www.fidesco-international.org\/de\/wp-content\/uploads\/sites\/2\/2020\/08\/Eric-Nicolas.jpg\"><img loading=\"lazy\" decoding=\"async\" class=\"alignnone size-full wp-image-5034\" src=\"https:\/\/www.fidesco-international.org\/de\/wp-content\/uploads\/sites\/2\/2020\/08\/Eric-Nicolas.jpg\" alt=\"\" width=\"1704\" height=\"1704\" srcset=\"https:\/\/www.fidesco-international.org\/de\/wp-content\/uploads\/sites\/2\/2020\/08\/Eric-Nicolas.jpg 1704w, https:\/\/www.fidesco-international.org\/de\/wp-content\/uploads\/sites\/2\/2020\/08\/Eric-Nicolas-300x300.jpg 300w, https:\/\/www.fidesco-international.org\/de\/wp-content\/uploads\/sites\/2\/2020\/08\/Eric-Nicolas-1024x1024.jpg 1024w, https:\/\/www.fidesco-international.org\/de\/wp-content\/uploads\/sites\/2\/2020\/08\/Eric-Nicolas-150x150.jpg 150w, https:\/\/www.fidesco-international.org\/de\/wp-content\/uploads\/sites\/2\/2020\/08\/Eric-Nicolas-768x768.jpg 768w, https:\/\/www.fidesco-international.org\/de\/wp-content\/uploads\/sites\/2\/2020\/08\/Eric-Nicolas-1536x1536.jpg 1536w, https:\/\/www.fidesco-international.org\/de\/wp-content\/uploads\/sites\/2\/2020\/08\/Eric-Nicolas-270x270.jpg 270w, https:\/\/www.fidesco-international.org\/de\/wp-content\/uploads\/sites\/2\/2020\/08\/Eric-Nicolas-680x680.jpg 680w, https:\/\/www.fidesco-international.org\/de\/wp-content\/uploads\/sites\/2\/2020\/08\/Eric-Nicolas-100x100.jpg 100w\" sizes=\"auto, (max-width: 1704px) 100vw, 1704px\" \/><\/a><\/p>\n<p>&nbsp;<\/p>\n<p>&#8222;Als Volont\u00e4r wollte ich denjenigen etwas geben, die nicht das gleiche Gl\u00fcck haben wie ich. Dieses Jahr in der Kongregation der T\u00f6chter Mariens in der Dominikanischen Republik zu verbringen, hat mir die Freude bereitet, unglaubliche Menschen zu treffen, ein unglaubliches Leben zu f\u00fchren und unermessliches Teilen zu erfahren.<\/p>\n<p>Das Fidesco-Abenteuer hat mich durch das freie Tun, ohne dabei eine Gegenleistung zu erwarten, mit meinem Glauben vers\u00f6hnt.&#8220;<\/p>\n","protected":false},"excerpt":{"rendered":"<p>Die Bedeutung des Geschenks &nbsp; &#8222;Als Volont\u00e4r wollte ich denjenigen etwas geben, die nicht das gleiche Gl\u00fcck haben wie ich. Dieses Jahr in der Kongregation der T\u00f6chter Mariens in der Dominikanischen Republik zu verbringen, hat mir die Freude bereitet, unglaubliche Menschen zu treffen, ein unglaubliches Leben zu f\u00fchren und unermessliches Teilen zu erfahren. Das Fidesco-Abenteuer [&hellip;]<\/p>\n","protected":false},"author":9,"featured_media":0,"parent":0,"menu_order":0,"comment_status":"closed","ping_status":"closed","template":"","meta":{"footnotes":""},"class_list":["post-5037","page","type-page","status-publish","hentry"],"acf":[],"_links":{"self":[{"href":"https:\/\/www.fidesco-international.org\/de\/wp-json\/wp\/v2\/pages\/5037","targetHints":{"allow":["GET"]}}],"collection":[{"href":"https:\/\/www.fidesco-international.org\/de\/wp-json\/wp\/v2\/pages"}],"about":[{"href":"https:\/\/www.fidesco-international.org\/de\/wp-json\/wp\/v2\/types\/page"}],"author":[{"embeddable":true,"href":"https:\/\/www.fidesco-international.org\/de\/wp-json\/wp\/v2\/users\/9"}],"replies":[{"embeddable":true,"href":"https:\/\/www.fidesco-international.org\/de\/wp-json\/wp\/v2\/comments?post=5037"}],"version-history":[{"count":1,"href":"https:\/\/www.fidesco-international.org\/de\/wp-json\/wp\/v2\/pages\/5037\/revisions"}],"predecessor-version":[{"id":5038,"href":"https:\/\/www.fidesco-international.org\/de\/wp-json\/wp\/v2\/pages\/5037\/revisions\/5038"}],"wp:attachment":[{"href":"https:\/\/www.fidesco-international.org\/de\/wp-json\/wp\/v2\/media?parent=5037"}],"curies":[{"name":"wp","href":"https:\/\/api.w.org\/{rel}","templated":true}]}}