{"id":5040,"date":"2020-08-28T08:17:12","date_gmt":"2020-08-28T07:17:12","guid":{"rendered":"http:\/\/www.fidesco-international.org\/de\/?page_id=5040"},"modified":"2020-08-28T08:17:12","modified_gmt":"2020-08-28T07:17:12","slug":"maylis-krankenschwester-kamerun-2005-2007","status":"publish","type":"page","link":"https:\/\/www.fidesco-international.org\/de\/maylis-krankenschwester-kamerun-2005-2007\/","title":{"rendered":"Maylis &#8211; Krankenschwester &#8211; Kamerun &#8211; 2005-2007"},"content":{"rendered":"<h4>\u00d6ffne dich anderen!<\/h4>\n<p><a href=\"https:\/\/www.fidesco-international.org\/de\/wp-content\/uploads\/sites\/2\/2020\/08\/Maylis-de-Franqueville-2048x2048-1.jpg\"><img loading=\"lazy\" decoding=\"async\" class=\"alignnone size-full wp-image-5033\" src=\"https:\/\/www.fidesco-international.org\/de\/wp-content\/uploads\/sites\/2\/2020\/08\/Maylis-de-Franqueville-2048x2048-1.jpg\" alt=\"\" width=\"2048\" height=\"2048\" srcset=\"https:\/\/www.fidesco-international.org\/de\/wp-content\/uploads\/sites\/2\/2020\/08\/Maylis-de-Franqueville-2048x2048-1.jpg 2048w, https:\/\/www.fidesco-international.org\/de\/wp-content\/uploads\/sites\/2\/2020\/08\/Maylis-de-Franqueville-2048x2048-1-300x300.jpg 300w, https:\/\/www.fidesco-international.org\/de\/wp-content\/uploads\/sites\/2\/2020\/08\/Maylis-de-Franqueville-2048x2048-1-1024x1024.jpg 1024w, https:\/\/www.fidesco-international.org\/de\/wp-content\/uploads\/sites\/2\/2020\/08\/Maylis-de-Franqueville-2048x2048-1-150x150.jpg 150w, https:\/\/www.fidesco-international.org\/de\/wp-content\/uploads\/sites\/2\/2020\/08\/Maylis-de-Franqueville-2048x2048-1-768x768.jpg 768w, https:\/\/www.fidesco-international.org\/de\/wp-content\/uploads\/sites\/2\/2020\/08\/Maylis-de-Franqueville-2048x2048-1-1536x1536.jpg 1536w, https:\/\/www.fidesco-international.org\/de\/wp-content\/uploads\/sites\/2\/2020\/08\/Maylis-de-Franqueville-2048x2048-1-270x270.jpg 270w, https:\/\/www.fidesco-international.org\/de\/wp-content\/uploads\/sites\/2\/2020\/08\/Maylis-de-Franqueville-2048x2048-1-680x680.jpg 680w, https:\/\/www.fidesco-international.org\/de\/wp-content\/uploads\/sites\/2\/2020\/08\/Maylis-de-Franqueville-2048x2048-1-100x100.jpg 100w\" sizes=\"auto, (max-width: 2048px) 100vw, 2048px\" \/><\/a><\/p>\n<p>&#8222;Als Krankenschwester aus Frankreich habe ich meinen Beruf im psychiatrischen Dienst bei den Hospitalschwestern des Heiligen Herzens Jesu in Douala ausge\u00fcbt. W\u00e4hrend dieser Mission entdeckte ich Br\u00fcder in Christus, Freunde, ein wundersch\u00f6nes Land, Talente und meine F\u00e4higkeit, mich selbst zu \u00fcbertreffen. Durch ausf\u00fchrliche Gespr\u00e4che mit meinen Pflegekollegen und mit Patienten im Zentrum habe ich gelernt, allen zuzuh\u00f6ren und f\u00fcr sie zu sorgen, mit ihrer Kultur, ihren Traditionen und ihrer Sichtweise.<br \/>\nBeim Fidesco-Abenteuer geht es darum, zu lieben, sich lieben zu lassen und sich anderen zu \u00f6ffnen!&#8220;<\/p>\n","protected":false},"excerpt":{"rendered":"<p>\u00d6ffne dich anderen! &#8222;Als Krankenschwester aus Frankreich habe ich meinen Beruf im psychiatrischen Dienst bei den Hospitalschwestern des Heiligen Herzens Jesu in Douala ausge\u00fcbt. W\u00e4hrend dieser Mission entdeckte ich Br\u00fcder in Christus, Freunde, ein wundersch\u00f6nes Land, Talente und meine F\u00e4higkeit, mich selbst zu \u00fcbertreffen. Durch ausf\u00fchrliche Gespr\u00e4che mit meinen Pflegekollegen und mit Patienten im Zentrum [&hellip;]<\/p>\n","protected":false},"author":9,"featured_media":0,"parent":0,"menu_order":0,"comment_status":"closed","ping_status":"closed","template":"","meta":{"footnotes":""},"class_list":["post-5040","page","type-page","status-publish","hentry"],"acf":[],"_links":{"self":[{"href":"https:\/\/www.fidesco-international.org\/de\/wp-json\/wp\/v2\/pages\/5040","targetHints":{"allow":["GET"]}}],"collection":[{"href":"https:\/\/www.fidesco-international.org\/de\/wp-json\/wp\/v2\/pages"}],"about":[{"href":"https:\/\/www.fidesco-international.org\/de\/wp-json\/wp\/v2\/types\/page"}],"author":[{"embeddable":true,"href":"https:\/\/www.fidesco-international.org\/de\/wp-json\/wp\/v2\/users\/9"}],"replies":[{"embeddable":true,"href":"https:\/\/www.fidesco-international.org\/de\/wp-json\/wp\/v2\/comments?post=5040"}],"version-history":[{"count":1,"href":"https:\/\/www.fidesco-international.org\/de\/wp-json\/wp\/v2\/pages\/5040\/revisions"}],"predecessor-version":[{"id":5041,"href":"https:\/\/www.fidesco-international.org\/de\/wp-json\/wp\/v2\/pages\/5040\/revisions\/5041"}],"wp:attachment":[{"href":"https:\/\/www.fidesco-international.org\/de\/wp-json\/wp\/v2\/media?parent=5040"}],"curies":[{"name":"wp","href":"https:\/\/api.w.org\/{rel}","templated":true}]}}