{"id":5043,"date":"2020-08-28T08:20:25","date_gmt":"2020-08-28T07:20:25","guid":{"rendered":"http:\/\/www.fidesco-international.org\/de\/?page_id=5043"},"modified":"2020-08-28T08:22:46","modified_gmt":"2020-08-28T07:22:46","slug":"ludivine-sozialarbeiterin-haiti-2006-2008","status":"publish","type":"page","link":"https:\/\/www.fidesco-international.org\/de\/ludivine-sozialarbeiterin-haiti-2006-2008\/","title":{"rendered":"Ludivine &#8211; Sozialarbeiterin &#8211; Haiti &#8211; 2006-2008"},"content":{"rendered":"<h4>Sein und nicht tun<\/p>\n<p><a href=\"https:\/\/www.fidesco-international.org\/de\/wp-content\/uploads\/sites\/2\/2020\/08\/Ludivine-Raimond.jpg\"><img loading=\"lazy\" decoding=\"async\" class=\"alignnone size-full wp-image-5035\" src=\"https:\/\/www.fidesco-international.org\/de\/wp-content\/uploads\/sites\/2\/2020\/08\/Ludivine-Raimond.jpg\" alt=\"\" width=\"1920\" height=\"1920\" srcset=\"https:\/\/www.fidesco-international.org\/de\/wp-content\/uploads\/sites\/2\/2020\/08\/Ludivine-Raimond.jpg 1920w, https:\/\/www.fidesco-international.org\/de\/wp-content\/uploads\/sites\/2\/2020\/08\/Ludivine-Raimond-300x300.jpg 300w, https:\/\/www.fidesco-international.org\/de\/wp-content\/uploads\/sites\/2\/2020\/08\/Ludivine-Raimond-1024x1024.jpg 1024w, https:\/\/www.fidesco-international.org\/de\/wp-content\/uploads\/sites\/2\/2020\/08\/Ludivine-Raimond-150x150.jpg 150w, https:\/\/www.fidesco-international.org\/de\/wp-content\/uploads\/sites\/2\/2020\/08\/Ludivine-Raimond-768x768.jpg 768w, https:\/\/www.fidesco-international.org\/de\/wp-content\/uploads\/sites\/2\/2020\/08\/Ludivine-Raimond-1536x1536.jpg 1536w, https:\/\/www.fidesco-international.org\/de\/wp-content\/uploads\/sites\/2\/2020\/08\/Ludivine-Raimond-270x270.jpg 270w, https:\/\/www.fidesco-international.org\/de\/wp-content\/uploads\/sites\/2\/2020\/08\/Ludivine-Raimond-680x680.jpg 680w, https:\/\/www.fidesco-international.org\/de\/wp-content\/uploads\/sites\/2\/2020\/08\/Ludivine-Raimond-100x100.jpg 100w\" sizes=\"auto, (max-width: 1920px) 100vw, 1920px\" \/><\/a><\/h4>\n<p>&#8222;Die Mission in Port-au-Prince hat mir gezeigt, dass es wichtiger ist, zu sein und nicht zu tun: dass meine haitianischen Freunde sich daran erinnern, wer ich bin und nicht an das, was ich w\u00e4hrend meiner Mission getan habe. Ich habe dort echte Freunde gefunden, eine Wahlheimat und Geduld! Fidesco ist ein unglaubliches menschliches Abenteuer und die Erfahrung der Freude des Herzens!<\/p>\n<p>Heute bin ich Sozialarbeiterin in einem Departementsrat. Ich setze die Mission fort, indem ich den Besuchern durch meine Arbeit den Zugang zu ihren Rechte erm\u00f6gliche und mir Zeit nehme, ihnen zuzuh\u00f6ren. Au\u00dferdem setze ich das Gebet mit meiner ehemaligen Co-Volont\u00e4rin einmal pro Woche telefonisch fort.&#8220;<\/p>\n","protected":false},"excerpt":{"rendered":"<p>Sein und nicht tun &#8222;Die Mission in Port-au-Prince hat mir gezeigt, dass es wichtiger ist, zu sein und nicht zu tun: dass meine haitianischen Freunde sich daran erinnern, wer ich bin und nicht an das, was ich w\u00e4hrend meiner Mission getan habe. Ich habe dort echte Freunde gefunden, eine Wahlheimat und Geduld! Fidesco ist ein [&hellip;]<\/p>\n","protected":false},"author":9,"featured_media":0,"parent":0,"menu_order":0,"comment_status":"closed","ping_status":"closed","template":"","meta":{"footnotes":""},"class_list":["post-5043","page","type-page","status-publish","hentry"],"acf":[],"_links":{"self":[{"href":"https:\/\/www.fidesco-international.org\/de\/wp-json\/wp\/v2\/pages\/5043","targetHints":{"allow":["GET"]}}],"collection":[{"href":"https:\/\/www.fidesco-international.org\/de\/wp-json\/wp\/v2\/pages"}],"about":[{"href":"https:\/\/www.fidesco-international.org\/de\/wp-json\/wp\/v2\/types\/page"}],"author":[{"embeddable":true,"href":"https:\/\/www.fidesco-international.org\/de\/wp-json\/wp\/v2\/users\/9"}],"replies":[{"embeddable":true,"href":"https:\/\/www.fidesco-international.org\/de\/wp-json\/wp\/v2\/comments?post=5043"}],"version-history":[{"count":3,"href":"https:\/\/www.fidesco-international.org\/de\/wp-json\/wp\/v2\/pages\/5043\/revisions"}],"predecessor-version":[{"id":5046,"href":"https:\/\/www.fidesco-international.org\/de\/wp-json\/wp\/v2\/pages\/5043\/revisions\/5046"}],"wp:attachment":[{"href":"https:\/\/www.fidesco-international.org\/de\/wp-json\/wp\/v2\/media?parent=5043"}],"curies":[{"name":"wp","href":"https:\/\/api.w.org\/{rel}","templated":true}]}}