{"id":5052,"date":"2020-08-28T08:34:39","date_gmt":"2020-08-28T07:34:39","guid":{"rendered":"http:\/\/www.fidesco-international.org\/de\/?page_id=5052"},"modified":"2020-08-28T08:34:39","modified_gmt":"2020-08-28T07:34:39","slug":"roger-gartenbautechniker-dr-kongo-2007-2009","status":"publish","type":"page","link":"https:\/\/www.fidesco-international.org\/de\/roger-gartenbautechniker-dr-kongo-2007-2009\/","title":{"rendered":"Roger &#8211; Gartenbautechniker &#8211; DR Kongo &#8211; 2007-2009"},"content":{"rendered":"<h4>Brauchen Sie eine tiefe Bekehrung?<\/p>\n<p><a href=\"https:\/\/www.fidesco-international.org\/de\/wp-content\/uploads\/sites\/2\/2020\/08\/Roger-Gamblin.jpg\"><img loading=\"lazy\" decoding=\"async\" class=\"alignnone size-full wp-image-5048\" src=\"https:\/\/www.fidesco-international.org\/de\/wp-content\/uploads\/sites\/2\/2020\/08\/Roger-Gamblin.jpg\" alt=\"\" width=\"1536\" height=\"1536\" srcset=\"https:\/\/www.fidesco-international.org\/de\/wp-content\/uploads\/sites\/2\/2020\/08\/Roger-Gamblin.jpg 1536w, https:\/\/www.fidesco-international.org\/de\/wp-content\/uploads\/sites\/2\/2020\/08\/Roger-Gamblin-300x300.jpg 300w, https:\/\/www.fidesco-international.org\/de\/wp-content\/uploads\/sites\/2\/2020\/08\/Roger-Gamblin-1024x1024.jpg 1024w, https:\/\/www.fidesco-international.org\/de\/wp-content\/uploads\/sites\/2\/2020\/08\/Roger-Gamblin-150x150.jpg 150w, https:\/\/www.fidesco-international.org\/de\/wp-content\/uploads\/sites\/2\/2020\/08\/Roger-Gamblin-768x768.jpg 768w, https:\/\/www.fidesco-international.org\/de\/wp-content\/uploads\/sites\/2\/2020\/08\/Roger-Gamblin-270x270.jpg 270w, https:\/\/www.fidesco-international.org\/de\/wp-content\/uploads\/sites\/2\/2020\/08\/Roger-Gamblin-680x680.jpg 680w, https:\/\/www.fidesco-international.org\/de\/wp-content\/uploads\/sites\/2\/2020\/08\/Roger-Gamblin-100x100.jpg 100w\" sizes=\"auto, (max-width: 1536px) 100vw, 1536px\" \/><\/a><\/h4>\n<p>&#8222;Meine zwei Jahre in Jacaranda im Dienst der Kongregation der Salesianer Don Bosco waren vielleicht die zwei sch\u00f6nsten Jahre meines Lebens. Was ich aus dieser Erfahrung der Armut lernte, ist, dass die Erde voll mit deiner Liebe ist. Danke, Herr, f\u00fcr diese zwei Lebensjahre, die ausschlie\u00dflich der Mission gewidmet waren, denn im Gegenzug habe ich hundertmal mehr bekommen! Als ich ging, brauchte ich eine tiefe Bekehrung. Ich hatte den Wunsch, der Kirche zu dienen und mich an der humanit\u00e4ren Arbeit zu beteiligen. In der Demokratischen Republik Kongo fand ich ein ganz anderes Leben: einfach, arm, authentischer angesichts realerer Probleme im Alltag. Sicher gab es Leid (aber im Westen auch auf unterschiedliche Weise). Am wichtigsten sind die Hoffnung und die F\u00e4higkeit, sich \u00fcber das kleinste Ereignis zu freuen. Ich entdeckte die Br\u00fcderlichkeit, die Sch\u00f6nheit der Menschen.<\/p>\n<p>Als ich zur\u00fcckkam, wollte ich der Kirche in einem geweihten Leben weiter dienen. Ich habe f\u00fcnf Jahre im Foyer de Charit\u00e9 in Naves verbracht. Es war eine sch\u00f6ne Erfahrung, aber es war nicht dort, wo der Herr mich haben wollte. Ich bin derzeit Laienmitglied der Jean-Marie Vianney-Gesellschaft im Dienst des Foyer Sacerdotale Jean Paul II in Ars.&#8220;<\/p>\n","protected":false},"excerpt":{"rendered":"<p>Brauchen Sie eine tiefe Bekehrung? &#8222;Meine zwei Jahre in Jacaranda im Dienst der Kongregation der Salesianer Don Bosco waren vielleicht die zwei sch\u00f6nsten Jahre meines Lebens. Was ich aus dieser Erfahrung der Armut lernte, ist, dass die Erde voll mit deiner Liebe ist. Danke, Herr, f\u00fcr diese zwei Lebensjahre, die ausschlie\u00dflich der Mission gewidmet waren, [&hellip;]<\/p>\n","protected":false},"author":9,"featured_media":0,"parent":0,"menu_order":0,"comment_status":"closed","ping_status":"closed","template":"","meta":{"footnotes":""},"class_list":["post-5052","page","type-page","status-publish","hentry"],"acf":[],"_links":{"self":[{"href":"https:\/\/www.fidesco-international.org\/de\/wp-json\/wp\/v2\/pages\/5052","targetHints":{"allow":["GET"]}}],"collection":[{"href":"https:\/\/www.fidesco-international.org\/de\/wp-json\/wp\/v2\/pages"}],"about":[{"href":"https:\/\/www.fidesco-international.org\/de\/wp-json\/wp\/v2\/types\/page"}],"author":[{"embeddable":true,"href":"https:\/\/www.fidesco-international.org\/de\/wp-json\/wp\/v2\/users\/9"}],"replies":[{"embeddable":true,"href":"https:\/\/www.fidesco-international.org\/de\/wp-json\/wp\/v2\/comments?post=5052"}],"version-history":[{"count":1,"href":"https:\/\/www.fidesco-international.org\/de\/wp-json\/wp\/v2\/pages\/5052\/revisions"}],"predecessor-version":[{"id":5053,"href":"https:\/\/www.fidesco-international.org\/de\/wp-json\/wp\/v2\/pages\/5052\/revisions\/5053"}],"wp:attachment":[{"href":"https:\/\/www.fidesco-international.org\/de\/wp-json\/wp\/v2\/media?parent=5052"}],"curies":[{"name":"wp","href":"https:\/\/api.w.org\/{rel}","templated":true}]}}