{"id":5055,"date":"2020-08-28T08:37:19","date_gmt":"2020-08-28T07:37:19","guid":{"rendered":"http:\/\/www.fidesco-international.org\/de\/?page_id=5055"},"modified":"2020-08-28T08:37:19","modified_gmt":"2020-08-28T07:37:19","slug":"helene-krankenschwester-tansania-2007-2009","status":"publish","type":"page","link":"https:\/\/www.fidesco-international.org\/de\/helene-krankenschwester-tansania-2007-2009\/","title":{"rendered":"Helene &#8211; Krankenschwester &#8211; Tansania &#8211; 2007-2009"},"content":{"rendered":"<h4>Geben ohne zu rechnen<\/p>\n<p><a href=\"https:\/\/www.fidesco-international.org\/de\/wp-content\/uploads\/sites\/2\/2020\/08\/Helene-Jeanson-2048x2048-1.jpg\"><img loading=\"lazy\" decoding=\"async\" class=\"alignnone size-full wp-image-5049\" src=\"https:\/\/www.fidesco-international.org\/de\/wp-content\/uploads\/sites\/2\/2020\/08\/Helene-Jeanson-2048x2048-1.jpg\" alt=\"\" width=\"2048\" height=\"2048\" srcset=\"https:\/\/www.fidesco-international.org\/de\/wp-content\/uploads\/sites\/2\/2020\/08\/Helene-Jeanson-2048x2048-1.jpg 2048w, https:\/\/www.fidesco-international.org\/de\/wp-content\/uploads\/sites\/2\/2020\/08\/Helene-Jeanson-2048x2048-1-300x300.jpg 300w, https:\/\/www.fidesco-international.org\/de\/wp-content\/uploads\/sites\/2\/2020\/08\/Helene-Jeanson-2048x2048-1-1024x1024.jpg 1024w, https:\/\/www.fidesco-international.org\/de\/wp-content\/uploads\/sites\/2\/2020\/08\/Helene-Jeanson-2048x2048-1-150x150.jpg 150w, https:\/\/www.fidesco-international.org\/de\/wp-content\/uploads\/sites\/2\/2020\/08\/Helene-Jeanson-2048x2048-1-768x768.jpg 768w, https:\/\/www.fidesco-international.org\/de\/wp-content\/uploads\/sites\/2\/2020\/08\/Helene-Jeanson-2048x2048-1-1536x1536.jpg 1536w, https:\/\/www.fidesco-international.org\/de\/wp-content\/uploads\/sites\/2\/2020\/08\/Helene-Jeanson-2048x2048-1-270x270.jpg 270w, https:\/\/www.fidesco-international.org\/de\/wp-content\/uploads\/sites\/2\/2020\/08\/Helene-Jeanson-2048x2048-1-680x680.jpg 680w, https:\/\/www.fidesco-international.org\/de\/wp-content\/uploads\/sites\/2\/2020\/08\/Helene-Jeanson-2048x2048-1-100x100.jpg 100w\" sizes=\"auto, (max-width: 2048px) 100vw, 2048px\" \/><\/a><\/h4>\n<p>&#8222;Ich bin Krankenschwester und wollte mich auf das Fidesco-Abenteuer einlassen, indem ich meine beruflichen F\u00e4higkeiten einsetzte und dabei eine andere Kultur entdeckte. W\u00e4hrend dieser zwei Jahre in Tansania habe ich gelernt, mir Zeit zu nehmen, mit den vorhandenen Mitteln umzugehen, geduldig und dem\u00fctig zu sein. Ich entdeckte meine Freude an einfachen Dingen.<\/p>\n<p>Auf Mission waren im Krankenhaus, in dem ich arbeitete, acht station\u00e4re Patienten pro Zimmer. Ein Mitglied ihrer Familie blieb Tag und Nacht an ihrem Bett. Eines Tages konnte ein Patient nicht begleitet werden und war w\u00e4hrend seines Aufenthalts allein. Nat\u00fcrlich k\u00fcmmerte sich der Begleiter seines Nachbarn im Bett um ihn: Er half ihm, sich anzuziehen, bereitete seine Mahlzeiten zu und half ihm zu essen, unterst\u00fctzte ihn beim Aufstehen usw. \u00a0Was f\u00fcr ein sch\u00f6nes Beispiel f\u00fcr N\u00e4chstenliebe!&#8220;<\/p>\n","protected":false},"excerpt":{"rendered":"<p>Geben ohne zu rechnen &#8222;Ich bin Krankenschwester und wollte mich auf das Fidesco-Abenteuer einlassen, indem ich meine beruflichen F\u00e4higkeiten einsetzte und dabei eine andere Kultur entdeckte. W\u00e4hrend dieser zwei Jahre in Tansania habe ich gelernt, mir Zeit zu nehmen, mit den vorhandenen Mitteln umzugehen, geduldig und dem\u00fctig zu sein. Ich entdeckte meine Freude an einfachen [&hellip;]<\/p>\n","protected":false},"author":9,"featured_media":0,"parent":0,"menu_order":0,"comment_status":"closed","ping_status":"closed","template":"","meta":{"footnotes":""},"class_list":["post-5055","page","type-page","status-publish","hentry"],"acf":[],"_links":{"self":[{"href":"https:\/\/www.fidesco-international.org\/de\/wp-json\/wp\/v2\/pages\/5055","targetHints":{"allow":["GET"]}}],"collection":[{"href":"https:\/\/www.fidesco-international.org\/de\/wp-json\/wp\/v2\/pages"}],"about":[{"href":"https:\/\/www.fidesco-international.org\/de\/wp-json\/wp\/v2\/types\/page"}],"author":[{"embeddable":true,"href":"https:\/\/www.fidesco-international.org\/de\/wp-json\/wp\/v2\/users\/9"}],"replies":[{"embeddable":true,"href":"https:\/\/www.fidesco-international.org\/de\/wp-json\/wp\/v2\/comments?post=5055"}],"version-history":[{"count":1,"href":"https:\/\/www.fidesco-international.org\/de\/wp-json\/wp\/v2\/pages\/5055\/revisions"}],"predecessor-version":[{"id":5056,"href":"https:\/\/www.fidesco-international.org\/de\/wp-json\/wp\/v2\/pages\/5055\/revisions\/5056"}],"wp:attachment":[{"href":"https:\/\/www.fidesco-international.org\/de\/wp-json\/wp\/v2\/media?parent=5055"}],"curies":[{"name":"wp","href":"https:\/\/api.w.org\/{rel}","templated":true}]}}