{"id":5058,"date":"2020-08-28T08:40:09","date_gmt":"2020-08-28T07:40:09","guid":{"rendered":"http:\/\/www.fidesco-international.org\/de\/?page_id=5058"},"modified":"2020-08-28T08:40:09","modified_gmt":"2020-08-28T07:40:09","slug":"stephanie-projektmanagerin-madagaskar-2008-2010","status":"publish","type":"page","link":"https:\/\/www.fidesco-international.org\/de\/stephanie-projektmanagerin-madagaskar-2008-2010\/","title":{"rendered":"Stephanie &#8211; Projektmanagerin &#8211; Madagaskar &#8211; 2008-2010"},"content":{"rendered":"<h4>Ein Treffen mit der Vorsehung<\/p>\n<p><a href=\"https:\/\/www.fidesco-international.org\/de\/wp-content\/uploads\/sites\/2\/2020\/08\/Stephanie-de-Vanssay.jpg\"><img loading=\"lazy\" decoding=\"async\" class=\"alignnone size-full wp-image-5050\" src=\"https:\/\/www.fidesco-international.org\/de\/wp-content\/uploads\/sites\/2\/2020\/08\/Stephanie-de-Vanssay.jpg\" alt=\"\" width=\"1920\" height=\"1920\" srcset=\"https:\/\/www.fidesco-international.org\/de\/wp-content\/uploads\/sites\/2\/2020\/08\/Stephanie-de-Vanssay.jpg 1920w, https:\/\/www.fidesco-international.org\/de\/wp-content\/uploads\/sites\/2\/2020\/08\/Stephanie-de-Vanssay-300x300.jpg 300w, https:\/\/www.fidesco-international.org\/de\/wp-content\/uploads\/sites\/2\/2020\/08\/Stephanie-de-Vanssay-1024x1024.jpg 1024w, https:\/\/www.fidesco-international.org\/de\/wp-content\/uploads\/sites\/2\/2020\/08\/Stephanie-de-Vanssay-150x150.jpg 150w, https:\/\/www.fidesco-international.org\/de\/wp-content\/uploads\/sites\/2\/2020\/08\/Stephanie-de-Vanssay-768x768.jpg 768w, https:\/\/www.fidesco-international.org\/de\/wp-content\/uploads\/sites\/2\/2020\/08\/Stephanie-de-Vanssay-1536x1536.jpg 1536w, https:\/\/www.fidesco-international.org\/de\/wp-content\/uploads\/sites\/2\/2020\/08\/Stephanie-de-Vanssay-270x270.jpg 270w, https:\/\/www.fidesco-international.org\/de\/wp-content\/uploads\/sites\/2\/2020\/08\/Stephanie-de-Vanssay-680x680.jpg 680w, https:\/\/www.fidesco-international.org\/de\/wp-content\/uploads\/sites\/2\/2020\/08\/Stephanie-de-Vanssay-100x100.jpg 100w\" sizes=\"auto, (max-width: 1920px) 100vw, 1920px\" \/><\/a><\/h4>\n<p>&#8222;Fidesco ist f\u00fcr mich das Zusammentreffen von Vorsehung und Freude in Schwierigkeiten. W\u00e4hrend der zweij\u00e4hrigen Mission in Madagaskar freute ich mich sehr \u00fcber ein einfaches Leben. Ich fand &#8222;die Freude der Armen&#8220; und ich habe gelernt, auch in Zeiten der Pr\u00fcfung das Positive zu sehen. Die Vorsehung ist in jedem Augenblick eine St\u00fctze, aber wir m\u00fcssen ihr die M\u00f6glichkeit geben, uns zu helfen.<\/p>\n<p>Jedes Quartal, wenn wir den Missionsbericht schreiben mussten, standen wir vor Schwierigkeiten: Zwei \u00dcberschwemmungen, Schwierigkeiten mit Partnern oder sogar mit Volont\u00e4ren. Aber wir haben uns nie alleine gef\u00fchlt. Die Vorsehung, die Gebete unserer Angeh\u00f6rigen, die verschiedenen Helfer umgaben uns st\u00e4ndig, wenn wir an unsere Grenzen stie\u00dfen.&#8220;<\/p>\n","protected":false},"excerpt":{"rendered":"<p>Ein Treffen mit der Vorsehung &#8222;Fidesco ist f\u00fcr mich das Zusammentreffen von Vorsehung und Freude in Schwierigkeiten. W\u00e4hrend der zweij\u00e4hrigen Mission in Madagaskar freute ich mich sehr \u00fcber ein einfaches Leben. Ich fand &#8222;die Freude der Armen&#8220; und ich habe gelernt, auch in Zeiten der Pr\u00fcfung das Positive zu sehen. Die Vorsehung ist in jedem [&hellip;]<\/p>\n","protected":false},"author":9,"featured_media":0,"parent":0,"menu_order":0,"comment_status":"closed","ping_status":"closed","template":"","meta":{"footnotes":""},"class_list":["post-5058","page","type-page","status-publish","hentry"],"acf":[],"_links":{"self":[{"href":"https:\/\/www.fidesco-international.org\/de\/wp-json\/wp\/v2\/pages\/5058","targetHints":{"allow":["GET"]}}],"collection":[{"href":"https:\/\/www.fidesco-international.org\/de\/wp-json\/wp\/v2\/pages"}],"about":[{"href":"https:\/\/www.fidesco-international.org\/de\/wp-json\/wp\/v2\/types\/page"}],"author":[{"embeddable":true,"href":"https:\/\/www.fidesco-international.org\/de\/wp-json\/wp\/v2\/users\/9"}],"replies":[{"embeddable":true,"href":"https:\/\/www.fidesco-international.org\/de\/wp-json\/wp\/v2\/comments?post=5058"}],"version-history":[{"count":1,"href":"https:\/\/www.fidesco-international.org\/de\/wp-json\/wp\/v2\/pages\/5058\/revisions"}],"predecessor-version":[{"id":5059,"href":"https:\/\/www.fidesco-international.org\/de\/wp-json\/wp\/v2\/pages\/5058\/revisions\/5059"}],"wp:attachment":[{"href":"https:\/\/www.fidesco-international.org\/de\/wp-json\/wp\/v2\/media?parent=5058"}],"curies":[{"name":"wp","href":"https:\/\/api.w.org\/{rel}","templated":true}]}}