{"id":5070,"date":"2020-08-28T09:07:18","date_gmt":"2020-08-28T08:07:18","guid":{"rendered":"http:\/\/www.fidesco-international.org\/de\/?page_id=5070"},"modified":"2020-08-28T09:12:21","modified_gmt":"2020-08-28T08:12:21","slug":"rosemary-kinderbetreuerin-rumanien-2009-2011","status":"publish","type":"page","link":"https:\/\/www.fidesco-international.org\/de\/rosemary-kinderbetreuerin-rumanien-2009-2011\/","title":{"rendered":"Rosemary &#8211; Kinderbetreuerin &#8211; Rumanien &#8211; 2009-2011"},"content":{"rendered":"<h4>Unsere blo\u00dfe Anwesenheit ber\u00fchrte sie<\/h4>\n<p><a href=\"https:\/\/www.fidesco-international.org\/de\/wp-content\/uploads\/sites\/2\/2020\/08\/Rosemary-Leblond.jpg\"><img loading=\"lazy\" decoding=\"async\" class=\"alignnone size-full wp-image-5071\" src=\"https:\/\/www.fidesco-international.org\/de\/wp-content\/uploads\/sites\/2\/2020\/08\/Rosemary-Leblond.jpg\" alt=\"\" width=\"1663\" height=\"1664\" srcset=\"https:\/\/www.fidesco-international.org\/de\/wp-content\/uploads\/sites\/2\/2020\/08\/Rosemary-Leblond.jpg 1663w, https:\/\/www.fidesco-international.org\/de\/wp-content\/uploads\/sites\/2\/2020\/08\/Rosemary-Leblond-300x300.jpg 300w, https:\/\/www.fidesco-international.org\/de\/wp-content\/uploads\/sites\/2\/2020\/08\/Rosemary-Leblond-1024x1024.jpg 1024w, https:\/\/www.fidesco-international.org\/de\/wp-content\/uploads\/sites\/2\/2020\/08\/Rosemary-Leblond-150x150.jpg 150w, https:\/\/www.fidesco-international.org\/de\/wp-content\/uploads\/sites\/2\/2020\/08\/Rosemary-Leblond-768x768.jpg 768w, https:\/\/www.fidesco-international.org\/de\/wp-content\/uploads\/sites\/2\/2020\/08\/Rosemary-Leblond-1536x1536.jpg 1536w, https:\/\/www.fidesco-international.org\/de\/wp-content\/uploads\/sites\/2\/2020\/08\/Rosemary-Leblond-270x270.jpg 270w, https:\/\/www.fidesco-international.org\/de\/wp-content\/uploads\/sites\/2\/2020\/08\/Rosemary-Leblond-680x680.jpg 680w, https:\/\/www.fidesco-international.org\/de\/wp-content\/uploads\/sites\/2\/2020\/08\/Rosemary-Leblond-100x100.jpg 100w\" sizes=\"auto, (max-width: 1663px) 100vw, 1663px\" \/><\/a><\/p>\n<p>&#8222;Wir sind aus den USA und wurden zu den Rum\u00e4nen nach Bukarest geschickt. Wir haben f\u00fcr den Verein Casa Valentina Romania gearbeitet. Es ist eine Kindertagesst\u00e4tte, in der Kinder eine normale Ausbildung erhalten, damit sie eine gute Zukunft haben k\u00f6nnen.<\/p>\n<p>Von den Leuten, mit denen wir zusammengearbeitet haben, habe ich wirklich gelernt, dass unsere blo\u00dfe Anwesenheit sie mehr ber\u00fchrte als das, was wir durch &#8222;Know-how&#8220; einbrachten. Wir haben die Rum\u00e4nen als K\u00e4mpfer kennengelernt. Sie sind ein Volk, das versucht, aus den Schmerzen der Vergangenheit herauszukommen.<\/p>\n<p>Heute arbeite ich f\u00fcr Fidesco. Ich bin verantwortlich f\u00fcr die Volont\u00e4re der Vereinigten Staaten.&#8220;<\/p>\n","protected":false},"excerpt":{"rendered":"<p>Unsere blo\u00dfe Anwesenheit ber\u00fchrte sie &#8222;Wir sind aus den USA und wurden zu den Rum\u00e4nen nach Bukarest geschickt. Wir haben f\u00fcr den Verein Casa Valentina Romania gearbeitet. Es ist eine Kindertagesst\u00e4tte, in der Kinder eine normale Ausbildung erhalten, damit sie eine gute Zukunft haben k\u00f6nnen. Von den Leuten, mit denen wir zusammengearbeitet haben, habe ich [&hellip;]<\/p>\n","protected":false},"author":9,"featured_media":0,"parent":0,"menu_order":0,"comment_status":"closed","ping_status":"closed","template":"","meta":{"footnotes":""},"class_list":["post-5070","page","type-page","status-publish","hentry"],"acf":[],"_links":{"self":[{"href":"https:\/\/www.fidesco-international.org\/de\/wp-json\/wp\/v2\/pages\/5070","targetHints":{"allow":["GET"]}}],"collection":[{"href":"https:\/\/www.fidesco-international.org\/de\/wp-json\/wp\/v2\/pages"}],"about":[{"href":"https:\/\/www.fidesco-international.org\/de\/wp-json\/wp\/v2\/types\/page"}],"author":[{"embeddable":true,"href":"https:\/\/www.fidesco-international.org\/de\/wp-json\/wp\/v2\/users\/9"}],"replies":[{"embeddable":true,"href":"https:\/\/www.fidesco-international.org\/de\/wp-json\/wp\/v2\/comments?post=5070"}],"version-history":[{"count":3,"href":"https:\/\/www.fidesco-international.org\/de\/wp-json\/wp\/v2\/pages\/5070\/revisions"}],"predecessor-version":[{"id":5074,"href":"https:\/\/www.fidesco-international.org\/de\/wp-json\/wp\/v2\/pages\/5070\/revisions\/5074"}],"wp:attachment":[{"href":"https:\/\/www.fidesco-international.org\/de\/wp-json\/wp\/v2\/media?parent=5070"}],"curies":[{"name":"wp","href":"https:\/\/api.w.org\/{rel}","templated":true}]}}