{"id":5075,"date":"2020-08-28T09:15:09","date_gmt":"2020-08-28T08:15:09","guid":{"rendered":"http:\/\/www.fidesco-international.org\/de\/?page_id=5075"},"modified":"2020-08-28T09:15:09","modified_gmt":"2020-08-28T08:15:09","slug":"maelys-franzoesischlehrerin-madagaskar-2009-2010","status":"publish","type":"page","link":"https:\/\/www.fidesco-international.org\/de\/maelys-franzoesischlehrerin-madagaskar-2009-2010\/","title":{"rendered":"Maelys &#8211; Franz\u00f6sischlehrerin &#8211; Madagaskar &#8211; 2009-2010"},"content":{"rendered":"<h4>Endloses L\u00e4cheln<\/h4>\n<p><a href=\"https:\/\/www.fidesco-international.org\/de\/wp-content\/uploads\/sites\/2\/2020\/08\/Maelys-de-Fouchier.jpg\"><img loading=\"lazy\" decoding=\"async\" class=\"alignnone size-full wp-image-5076\" src=\"https:\/\/www.fidesco-international.org\/de\/wp-content\/uploads\/sites\/2\/2020\/08\/Maelys-de-Fouchier.jpg\" alt=\"\" width=\"1200\" height=\"1200\" srcset=\"https:\/\/www.fidesco-international.org\/de\/wp-content\/uploads\/sites\/2\/2020\/08\/Maelys-de-Fouchier.jpg 1200w, https:\/\/www.fidesco-international.org\/de\/wp-content\/uploads\/sites\/2\/2020\/08\/Maelys-de-Fouchier-300x300.jpg 300w, https:\/\/www.fidesco-international.org\/de\/wp-content\/uploads\/sites\/2\/2020\/08\/Maelys-de-Fouchier-1024x1024.jpg 1024w, https:\/\/www.fidesco-international.org\/de\/wp-content\/uploads\/sites\/2\/2020\/08\/Maelys-de-Fouchier-150x150.jpg 150w, https:\/\/www.fidesco-international.org\/de\/wp-content\/uploads\/sites\/2\/2020\/08\/Maelys-de-Fouchier-768x768.jpg 768w, https:\/\/www.fidesco-international.org\/de\/wp-content\/uploads\/sites\/2\/2020\/08\/Maelys-de-Fouchier-270x270.jpg 270w, https:\/\/www.fidesco-international.org\/de\/wp-content\/uploads\/sites\/2\/2020\/08\/Maelys-de-Fouchier-680x680.jpg 680w, https:\/\/www.fidesco-international.org\/de\/wp-content\/uploads\/sites\/2\/2020\/08\/Maelys-de-Fouchier-100x100.jpg 100w\" sizes=\"auto, (max-width: 1200px) 100vw, 1200px\" \/><\/a><\/p>\n<p>&#8222;Ich wollte als Volont\u00e4rin bei den T\u00f6chtern der N\u00e4chstenliebe in Madagaskar helfen. W\u00e4hrend meiner Mission habe ich gelernt, dass man sehr einfach (in allem!) leben und gl\u00fccklich sein kann. Ich fand dort Leute, die bereit waren, mir zu helfen, endloses L\u00e4cheln, Lachen, Freude und Glauben! Dieses Jahr war ein Abenteuer, das weit \u00fcber das hinausgeht, was ich mir h\u00e4tte vorstellen k\u00f6nnen.&#8220;<\/p>\n","protected":false},"excerpt":{"rendered":"<p>Endloses L\u00e4cheln &#8222;Ich wollte als Volont\u00e4rin bei den T\u00f6chtern der N\u00e4chstenliebe in Madagaskar helfen. W\u00e4hrend meiner Mission habe ich gelernt, dass man sehr einfach (in allem!) leben und gl\u00fccklich sein kann. Ich fand dort Leute, die bereit waren, mir zu helfen, endloses L\u00e4cheln, Lachen, Freude und Glauben! Dieses Jahr war ein Abenteuer, das weit \u00fcber [&hellip;]<\/p>\n","protected":false},"author":9,"featured_media":0,"parent":0,"menu_order":0,"comment_status":"closed","ping_status":"closed","template":"","meta":{"footnotes":""},"class_list":["post-5075","page","type-page","status-publish","hentry"],"acf":[],"_links":{"self":[{"href":"https:\/\/www.fidesco-international.org\/de\/wp-json\/wp\/v2\/pages\/5075","targetHints":{"allow":["GET"]}}],"collection":[{"href":"https:\/\/www.fidesco-international.org\/de\/wp-json\/wp\/v2\/pages"}],"about":[{"href":"https:\/\/www.fidesco-international.org\/de\/wp-json\/wp\/v2\/types\/page"}],"author":[{"embeddable":true,"href":"https:\/\/www.fidesco-international.org\/de\/wp-json\/wp\/v2\/users\/9"}],"replies":[{"embeddable":true,"href":"https:\/\/www.fidesco-international.org\/de\/wp-json\/wp\/v2\/comments?post=5075"}],"version-history":[{"count":2,"href":"https:\/\/www.fidesco-international.org\/de\/wp-json\/wp\/v2\/pages\/5075\/revisions"}],"predecessor-version":[{"id":5078,"href":"https:\/\/www.fidesco-international.org\/de\/wp-json\/wp\/v2\/pages\/5075\/revisions\/5078"}],"wp:attachment":[{"href":"https:\/\/www.fidesco-international.org\/de\/wp-json\/wp\/v2\/media?parent=5075"}],"curies":[{"name":"wp","href":"https:\/\/api.w.org\/{rel}","templated":true}]}}